{"id":108794,"date":"2020-04-22T03:08:39","date_gmt":"2020-04-22T03:08:39","guid":{"rendered":"https:\/\/aerocool.io\/about-aerocool\/"},"modified":"2025-04-30T10:06:51","modified_gmt":"2025-04-30T02:06:51","slug":"about-aerocool","status":"publish","type":"page","link":"https:\/\/aerocool.io\/la\/about-aerocool\/","title":{"rendered":"Acerca de Aerocool"},"content":{"rendered":"<section class=\"l-section wpb_row acio-nosmall height_auto width_full with_img parallax_ver\"><div class=\"l-section-img\" role=\"img\" aria-label=\"Image\" data-img-width=\"2200\" data-img-height=\"1000\" style=\"background-image: url(https:\/\/aerocool.io\/wp-content\/uploads\/2025\/04\/new-logo-image-1.webp);background-repeat: no-repeat;\"><\/div><div class=\"l-section-h i-cf\"><div class=\"g-cols vc_row via_flex valign_middle type_default stacking_default\"><div class=\"vc_col-sm-6 wpb_column vc_column_container\"><div class=\"vc_column-inner\"><div class=\"wpb_wrapper\"><div class=\"wpb_text_column\"><div class=\"wpb_wrapper\"><h2 style=\"text-align: center;\"><span style=\"font-weight: 400; color: #cccccc; font-size: 60px; font-family: Oswald;\">EMPRESA<\/span><\/h2>\n<\/div><\/div><\/div><\/div><\/div><div class=\"vc_col-sm-6 wpb_column vc_column_container\"><div class=\"vc_column-inner\"><div class=\"wpb_wrapper\"><div class=\"ult-spacer spacer-69d6236789d60\" data-id=\"69d6236789d60\" data-height=\"500\" data-height-mobile=\"500\" data-height-tab=\"500\" data-height-tab-portrait=\"\" data-height-mobile-landscape=\"\" style=\"clear:both;display:block;\"><\/div><\/div><\/div><\/div><\/div><\/div><\/section><section class=\"l-section wpb_row acio-nobig height_auto width_full with_img\"><div class=\"l-section-img\" role=\"img\" aria-label=\"Image\" data-img-width=\"2200\" data-img-height=\"1000\" style=\"background-image: url(https:\/\/aerocool.io\/wp-content\/uploads\/2025\/04\/new-logo-image-1.webp);background-repeat: no-repeat;\"><\/div><div class=\"l-section-h i-cf\"><div class=\"g-cols vc_row via_flex valign_middle type_default stacking_default\"><div class=\"vc_col-sm-12 wpb_column vc_column_container\"><div class=\"vc_column-inner\"><div class=\"wpb_wrapper\"><div class=\"ult-spacer spacer-69d623678a26f\" data-id=\"69d623678a26f\" data-height=\"500\" data-height-mobile=\"500\" data-height-tab=\"500\" data-height-tab-portrait=\"\" data-height-mobile-landscape=\"\" style=\"clear:both;display:block;\"><\/div><\/div><\/div><\/div><\/div><\/div><\/section><section class=\"l-section wpb_row height_medium\"><div class=\"l-section-h i-cf\"><div class=\"g-cols vc_row via_flex valign_top type_default stacking_default\"><div class=\"vc_col-sm-1 wpb_column vc_column_container\"><div class=\"vc_column-inner\"><div class=\"wpb_wrapper\"><\/div><\/div><\/div><div class=\"vc_col-sm-10 wpb_column vc_column_container\"><div class=\"vc_column-inner\"><div class=\"wpb_wrapper\"><div class=\"wpb_text_column\"><div class=\"wpb_wrapper\"><h5 style=\"text-align: left;\"><strong><span style=\"color: #000000;\">EL COMIENZO<\/span><\/strong><\/h5>\n<p style=\"text-align: left;\"><span style=\"color: #333333;\">En la etapa m\u00e1s temprana de la operaci\u00f3n, est\u00e1bamos comprometidos a compartir nuestra experiencia t\u00e9cnica y el dise\u00f1o innovador en el suministro de soluci\u00f3n total para la gesti\u00f3n t\u00e9rmica en ordenadores industriales y personales.<\/span><\/p>\n<\/div><\/div><div class=\"wpb_text_column\"><div class=\"wpb_wrapper\"><h5 style=\"text-align: left;\"><strong><span style=\"color: #000000;\">HACIENDO PROGRESO<\/span><\/strong><\/h5>\n<p style=\"text-align: left;\">Con nuestra s\u00f3lida experiencia en dise\u00f1o e innovacion en ingenier\u00eda t\u00e9rmica, AAT fue la primera empresa de adaptarse tubo de calor en forma de U y la columna de calor (1&#8243; de di\u00e1metro en tubo de calor) tecnolog\u00edas para refrigeracion de CPU para computadora de escritorio.<\/p>\n<p style=\"text-align: left;\">Estas nuevas aplicaciones se convirtieron en una tendencia y liderando el mercado en la solicitud de tubo de calor en la industria de la computadora de escritorio. Nuestro dise\u00f1o \u00fanico e innovador tambi\u00e9n hizo &#8220;AEROCOOL&#8221; como una de la marca favorita de (Do-It-Yourself) mercado over-clocking y PC DIY.<\/p>\n<\/div><\/div><div class=\"wpb_text_column\"><div class=\"wpb_wrapper\"><h5 style=\"text-align: left;\"><strong><span style=\"color: #000000;\">EXPANSI\u00d3N<\/span><\/strong><\/h5>\n<p style=\"text-align: left;\"><span style=\"color: #333333;\">Con esta exitosa experiencia en productos t\u00e9rmicos, AAT ha ampliado sus l\u00edneas de productos a los perif\u00e9ricos inform\u00e1ticos tales como gabinetes de computadora, ventiladores , paneles de control mutli-funci\u00f3n y fuente de alimentaci\u00f3n, etc.<\/span><\/p>\n<p>Con nuestro pensamiento creativo e innovador dise\u00f1o, que se hab\u00edan puesto en marcha algunos casos exitosos de PC y paneles de control multi-funci\u00f3n (por ejemplo, fuimos la primera compa\u00f1\u00eda en introducir &#8220;Double-Bay&#8221; (2 est\u00e1ndar de 5-1 \/ 4 &#8220;bah\u00eda) controladores del panel frontal).<\/p>\n<\/div><\/div><div class=\"wpb_text_column\"><div class=\"wpb_wrapper\"><h5 style=\"text-align: left;\"><strong><span style=\"color: #000000;\">ACTUALIDAD<\/span><\/strong><\/h5>\n<p style=\"text-align: left;\">Hoy, Aerocool es uno de los l\u00edderes del mercado en el &#8220;mercado de juegos&#8221;. Nuestra s\u00f3lida imagen de marca y de producto son bien recibidos por los aficionados y jugadores en todo el mundo.Ofrecemos una l\u00ednea completa de productos de alto rendimiento, incluyendo gabinetes gamers, fuentes de alimentaci\u00f3n gamers, rat\u00f3nes gamers, auriculares gamers, teclado gamers, Paneles y ventiladores Multi-funcionales.<\/p>\n<div class=\"com1 span3\">\n<p>Aerocool continuar\u00e1 innovando y ofreciendo la mejor experiencia de usuario a los jugadores de todo el mundo.<\/p>\n<\/div>\n<\/div><\/div><div class=\"wpb_text_column\"><div class=\"wpb_wrapper\"><h5 style=\"text-align: center;\"><strong><span style=\"color: #000000;\">Be Cool. Get AeroCool.<\/span><\/strong><\/h5>\n<\/div><\/div><\/div><\/div><\/div><div class=\"vc_col-sm-1 wpb_column vc_column_container\"><div class=\"vc_column-inner\"><div class=\"wpb_wrapper\"><\/div><\/div><\/div><\/div><\/div><\/section>\n","protected":false},"excerpt":{"rendered":"EMPRESA EL COMIENZO En la etapa m\u00e1s temprana de la operaci\u00f3n, est\u00e1bamos comprometidos a compartir nuestra experiencia t\u00e9cnica y el dise\u00f1o innovador en el suministro de soluci\u00f3n total para la gesti\u00f3n t\u00e9rmica en ordenadores industriales y personales. HACIENDO PROGRESO Con nuestra s\u00f3lida experiencia en dise\u00f1o e innovacion en ingenier\u00eda t\u00e9rmica, AAT fue la primera empresa...","protected":false},"author":23,"featured_media":0,"parent":0,"menu_order":0,"comment_status":"closed","ping_status":"closed","template":"","meta":{"_acf_changed":false,"footnotes":""},"class_list":["post-108794","page","type-page","status-publish","hentry"],"acf":[],"yoast_head":"<!-- This site is optimized with the Yoast SEO plugin v25.6 - https:\/\/yoast.com\/wordpress\/plugins\/seo\/ -->\n<title>Acerca de Aerocool - AeroCool<\/title>\n<meta name=\"robots\" content=\"index, follow, max-snippet:-1, max-image-preview:large, max-video-preview:-1\" \/>\n<link rel=\"canonical\" href=\"https:\/\/aerocool.io\/la\/wp-json\/wp\/v2\/pages\/108794\/\" \/>\n<meta property=\"og:locale\" content=\"en_US\" \/>\n<meta property=\"og:type\" content=\"article\" \/>\n<meta property=\"og:title\" content=\"Acerca de Aerocool - AeroCool\" \/>\n<meta property=\"og:url\" content=\"https:\/\/aerocool.io\/la\/wp-json\/wp\/v2\/pages\/108794\/\" \/>\n<meta property=\"og:site_name\" content=\"AeroCool\" \/>\n<meta property=\"article:modified_time\" content=\"2025-04-30T02:06:51+00:00\" \/>\n<meta name=\"twitter:card\" content=\"summary_large_image\" \/>\n<meta name=\"twitter:label1\" content=\"Est. reading time\" \/>\n\t<meta name=\"twitter:data1\" content=\"2 minutes\" \/>\n<script type=\"application\/ld+json\" class=\"yoast-schema-graph\">{\"@context\":\"https:\/\/schema.org\",\"@graph\":[{\"@type\":\"WebPage\",\"@id\":\"https:\/\/aerocool.io\/la\/wp-json\/wp\/v2\/pages\/108794\/\",\"url\":\"https:\/\/aerocool.io\/la\/wp-json\/wp\/v2\/pages\/108794\/\",\"name\":\"Acerca de Aerocool - AeroCool\",\"isPartOf\":{\"@id\":\"https:\/\/aerocool.io\/#website\"},\"datePublished\":\"2020-04-22T03:08:39+00:00\",\"dateModified\":\"2025-04-30T02:06:51+00:00\",\"breadcrumb\":{\"@id\":\"https:\/\/aerocool.io\/la\/about-aerocool\/#breadcrumb\"},\"inLanguage\":\"la-LA\",\"potentialAction\":[{\"@type\":\"ReadAction\",\"target\":[\"https:\/\/aerocool.io\/la\/about-aerocool\/\"]}]},{\"@type\":\"BreadcrumbList\",\"@id\":\"https:\/\/aerocool.io\/la\/about-aerocool\/#breadcrumb\",\"itemListElement\":[{\"@type\":\"ListItem\",\"position\":1,\"name\":\"Home\",\"item\":\"https:\/\/aerocool.io\/la\/\"},{\"@type\":\"ListItem\",\"position\":2,\"name\":\"Acerca de Aerocool\"}]},{\"@type\":\"WebSite\",\"@id\":\"https:\/\/aerocool.io\/#website\",\"url\":\"https:\/\/aerocool.io\/\",\"name\":\"AeroCool\",\"description\":\"Be Cool. Get AeroCool.\",\"publisher\":{\"@id\":\"https:\/\/aerocool.io\/#organization\"},\"potentialAction\":[{\"@type\":\"SearchAction\",\"target\":{\"@type\":\"EntryPoint\",\"urlTemplate\":\"https:\/\/aerocool.io\/?s={search_term_string}\"},\"query-input\":{\"@type\":\"PropertyValueSpecification\",\"valueRequired\":true,\"valueName\":\"search_term_string\"}}],\"inLanguage\":\"la-LA\"},{\"@type\":\"Organization\",\"@id\":\"https:\/\/aerocool.io\/#organization\",\"name\":\"Aerocool\",\"url\":\"https:\/\/aerocool.io\/\",\"logo\":{\"@type\":\"ImageObject\",\"inLanguage\":\"la-LA\",\"@id\":\"https:\/\/aerocool.io\/#\/schema\/logo\/image\/\",\"url\":\"https:\/\/aerocool.io\/wp-content\/uploads\/2018\/03\/AeroCool-Web-White-Logo.png\",\"contentUrl\":\"https:\/\/aerocool.io\/wp-content\/uploads\/2018\/03\/AeroCool-Web-White-Logo.png\",\"width\":500,\"height\":291,\"caption\":\"Aerocool\"},\"image\":{\"@id\":\"https:\/\/aerocool.io\/#\/schema\/logo\/image\/\"}}]}<\/script>\n<!-- \/ Yoast SEO plugin. -->","yoast_head_json":{"title":"Acerca de Aerocool - AeroCool","robots":{"index":"index","follow":"follow","max-snippet":"max-snippet:-1","max-image-preview":"max-image-preview:large","max-video-preview":"max-video-preview:-1"},"canonical":"https:\/\/aerocool.io\/la\/wp-json\/wp\/v2\/pages\/108794\/","og_locale":"en_US","og_type":"article","og_title":"Acerca de Aerocool - AeroCool","og_url":"https:\/\/aerocool.io\/la\/wp-json\/wp\/v2\/pages\/108794\/","og_site_name":"AeroCool","article_modified_time":"2025-04-30T02:06:51+00:00","twitter_card":"summary_large_image","twitter_misc":{"Est. reading time":"2 minutes"},"schema":{"@context":"https:\/\/schema.org","@graph":[{"@type":"WebPage","@id":"https:\/\/aerocool.io\/la\/wp-json\/wp\/v2\/pages\/108794\/","url":"https:\/\/aerocool.io\/la\/wp-json\/wp\/v2\/pages\/108794\/","name":"Acerca de Aerocool - AeroCool","isPartOf":{"@id":"https:\/\/aerocool.io\/#website"},"datePublished":"2020-04-22T03:08:39+00:00","dateModified":"2025-04-30T02:06:51+00:00","breadcrumb":{"@id":"https:\/\/aerocool.io\/la\/about-aerocool\/#breadcrumb"},"inLanguage":"la-LA","potentialAction":[{"@type":"ReadAction","target":["https:\/\/aerocool.io\/la\/about-aerocool\/"]}]},{"@type":"BreadcrumbList","@id":"https:\/\/aerocool.io\/la\/about-aerocool\/#breadcrumb","itemListElement":[{"@type":"ListItem","position":1,"name":"Home","item":"https:\/\/aerocool.io\/la\/"},{"@type":"ListItem","position":2,"name":"Acerca de Aerocool"}]},{"@type":"WebSite","@id":"https:\/\/aerocool.io\/#website","url":"https:\/\/aerocool.io\/","name":"AeroCool","description":"Be Cool. Get AeroCool.","publisher":{"@id":"https:\/\/aerocool.io\/#organization"},"potentialAction":[{"@type":"SearchAction","target":{"@type":"EntryPoint","urlTemplate":"https:\/\/aerocool.io\/?s={search_term_string}"},"query-input":{"@type":"PropertyValueSpecification","valueRequired":true,"valueName":"search_term_string"}}],"inLanguage":"la-LA"},{"@type":"Organization","@id":"https:\/\/aerocool.io\/#organization","name":"Aerocool","url":"https:\/\/aerocool.io\/","logo":{"@type":"ImageObject","inLanguage":"la-LA","@id":"https:\/\/aerocool.io\/#\/schema\/logo\/image\/","url":"https:\/\/aerocool.io\/wp-content\/uploads\/2018\/03\/AeroCool-Web-White-Logo.png","contentUrl":"https:\/\/aerocool.io\/wp-content\/uploads\/2018\/03\/AeroCool-Web-White-Logo.png","width":500,"height":291,"caption":"Aerocool"},"image":{"@id":"https:\/\/aerocool.io\/#\/schema\/logo\/image\/"}}]}},"_links":{"self":[{"href":"https:\/\/aerocool.io\/la\/wp-json\/wp\/v2\/pages\/108794"}],"collection":[{"href":"https:\/\/aerocool.io\/la\/wp-json\/wp\/v2\/pages"}],"about":[{"href":"https:\/\/aerocool.io\/la\/wp-json\/wp\/v2\/types\/page"}],"author":[{"embeddable":true,"href":"https:\/\/aerocool.io\/la\/wp-json\/wp\/v2\/users\/23"}],"replies":[{"embeddable":true,"href":"https:\/\/aerocool.io\/la\/wp-json\/wp\/v2\/comments?post=108794"}],"version-history":[{"count":0,"href":"https:\/\/aerocool.io\/la\/wp-json\/wp\/v2\/pages\/108794\/revisions"}],"wp:attachment":[{"href":"https:\/\/aerocool.io\/la\/wp-json\/wp\/v2\/media?parent=108794"}],"curies":[{"name":"wp","href":"https:\/\/api.w.org\/{rel}","templated":true}]}}