{"id":108797,"date":"2020-04-22T03:13:19","date_gmt":"2020-04-22T03:13:19","guid":{"rendered":"https:\/\/aerocool.io\/privacy-policy\/"},"modified":"2024-07-19T14:32:19","modified_gmt":"2024-07-19T06:32:19","slug":"privacy-policy","status":"publish","type":"page","link":"https:\/\/aerocool.io\/la\/privacy-policy\/","title":{"rendered":"Pol\u00edtica De Privacidad"},"content":{"rendered":"<section class=\"l-section wpb_row height_medium\"><div class=\"l-section-h i-cf\"><div class=\"g-cols vc_row via_flex valign_top type_default stacking_default\"><div class=\"vc_col-sm-1 wpb_column vc_column_container\"><div class=\"vc_column-inner\"><div class=\"wpb_wrapper\"><\/div><\/div><\/div><div class=\"vc_col-sm-10 wpb_column vc_column_container\"><div class=\"vc_column-inner\"><div class=\"wpb_wrapper\"><div class=\"wpb_text_column\"><div class=\"wpb_wrapper\"><p style=\"text-align: left;\">Aerocool toma en serio su privacidad.<br \/>\nLea lo siguiente para obtener m\u00e1s informaci\u00f3n sobre nuestra pol\u00edtica de privacidad.<\/p>\n<h5><strong>Qu\u00e9 cubre esta pol\u00edtica de privacidad<\/strong><\/h5>\n<ul style=\"list-style-type: disc;\">\n<li>Esta pol\u00edtica cubre c\u00f3mo Aerocool trata la informaci\u00f3n personal que Aerocool recoge y recibe, incluida informaci\u00f3n relacionada con su uso anterior de los productos y servicios de Aerocool. La informaci\u00f3n personal es informaci\u00f3n personal que se identifica como su nombre, direcci\u00f3n, direcci\u00f3n de correo electr\u00f3nico o n\u00famero de tel\u00e9fono, y que no est\u00e1 p\u00fablicamente disponible.<\/li>\n<li>Esta pol\u00edtica no se aplica a las pr\u00e1cticas de las compa\u00f1\u00edas que Aerocool no posee o controla, oa las personas que Aerocool no emplea ni maneja. Adem\u00e1s, algunas compa\u00f1\u00edas asociadas de Aerocool pueden tener sus propias declaraciones de privacidad.<\/li>\n<\/ul>\n<h5><strong>Recopilaci\u00f3n y uso de informaci\u00f3n<\/strong><\/h5>\n<ul>\n<li>Aerocool recopilar\u00e1 y almacenar\u00e1 su informaci\u00f3n personal cuando se registre en Aerocool, cuando utilice productos o servicios de Aerocool, visite las p\u00e1ginas de Aerocool o las p\u00e1ginas de ciertos socios de Aerocool, e ingrese promociones o sorteos.<\/li>\n<li>Aerocool le pedir\u00e1 que rellene algunos datos personales como su nombre, direcci\u00f3n, direcci\u00f3n de correo electr\u00f3nico, fecha de nacimiento, sexo, c\u00f3digo postal, ocupaci\u00f3n, industria, intereses personales y otra informaci\u00f3n sobre sus activos cuando se registra en nuestro sitio web y en el mencionado La informaci\u00f3n ser\u00e1 revelada a Aerocool, almacenada y utilizada por Aerocool bas\u00e1ndose en su consentimiento. Se considerar\u00e1 que tiene una confirmaci\u00f3n de su consentimiento si se registra con \u00e9xito en nuestro sitio web. Cuando se registra en nuestro sitio web y se conecta a nuestros servicios, dejar\u00e1 de ser un usuario an\u00f3nimo de Aerocool.<\/li>\n<li>Para mejorar el servicio y mantener una comunicaci\u00f3n excelente con los clientes, Aerocool utilizar\u00e1 la informaci\u00f3n antes mencionada para los siguientes prop\u00f3sitos generales:\n<ul style=\"list-style-type: circle;\">\n<li>Para personalizar la publicidad y el contenido, satisfaga sus solicitudes de productos y servicios, mejore nuestros servicios, contacte con usted, realice investigaciones y proporcione un informe an\u00f3nimo para clientes internos y externos.<\/li>\n<li>Recopilar, almacenar y combinar la informaci\u00f3n y compartir con los afiliados de Aerocool y los socios de confianza que trabajan en nombre de Aerocool o en virtud de acuerdos de confidencialidad para establecer el sistema de gesti\u00f3n p\u00fablica de los clientes. Estas compa\u00f1\u00edas pueden usar su informaci\u00f3n personal para ayudar a Aerocool a comunicarse con usted sobre las ofertas de Aerocool y de nuestros socios de marketing. Sin embargo, estas empresas no tienen ning\u00fan derecho independiente a compartir esta informaci\u00f3n.<\/li>\n<li>Comunicarse con usted o confirmar su solicitud mediante cuestionarios en l\u00ednea al utilizar la informaci\u00f3n de los socios comerciales o subcontratistas de Aerocool para recomendar o introducir la informaci\u00f3n de productos, servicios y ventas de Aerocool.<\/li>\n<\/ul>\n<\/li>\n<\/ul>\n<p>Se considerar\u00e1 que usted est\u00e1 de acuerdo en autorizar a Aerocool a recopilar y utilizar la informaci\u00f3n mencionada en base a esta Pol\u00edtica de Privacidad, sin embargo, usted todav\u00eda tiene el derecho de retirar la informaci\u00f3n que ha proporcionado a Aerocool. Para proteger sus derechos, puede enviar una solicitud de retirada a Aerocool por correo con su firma en. Su solicitud ser\u00e1 procesada dentro de siete (7) d\u00edas h\u00e1biles. Aerocool procesar\u00e1 su informaci\u00f3n de acuerdo con la Ley y Reglamento de la Rep\u00fablica de China (Taiw\u00e1n).<\/p>\n<h5><strong>Galletas<\/strong><\/h5>\n<p>Las cookies son peque\u00f1os archivos que un sitio o su proveedor de servicios transfiere al disco duro de su computadora a trav\u00e9s de su navegador web (si lo permite) que permite a los sistemas del sitio o del proveedor de servicios reconocer su navegador y capturar y retener cierta informaci\u00f3n. Por ejemplo, usamos cookies para ayudarnos a recopilar y procesar los art\u00edculos en su carrito de compras. Tambi\u00e9n se utilizan para ayudarnos a entender sus preferencias en funci\u00f3n de la actividad anterior o actual del sitio, lo que nos permite ofrecerle servicios mejorados. Tambi\u00e9n usamos cookies para ayudarnos a compilar datos agregados sobre el tr\u00e1fico del sitio y la interacci\u00f3n del sitio para que podamos ofrecer mejores experiencias y herramientas en el futuro.<\/p>\n<h5><strong>Utilizamos cookies para:<\/strong><\/h5>\n<ul>\n<li>Comprender y guardar las preferencias del usuario para futuras visitas.<\/li>\n<li>Lleve un registro de los anuncios.<\/li>\n<\/ul>\n<p>Puede elegir que su computadora le avise cada vez que se env\u00eda una cookie o puede optar por desactivar todas las cookies. Puede hacerlo a trav\u00e9s de la configuraci\u00f3n de su navegador (por ejemplo: Internet Explorer). Cada navegador tiene diferentes configuraciones, as\u00ed que mira el men\u00fa Ayuda de tu navegador para aprender la forma correcta de modificar tus cookies.<br \/>\nSi deshabilita las cookies, es posible que algunas funciones no hagan que su sitio sea tan eficiente y que algunos de nuestros servicios no funcionen correctamente.<\/p>\n<h5><strong>No responsabilidad<\/strong><\/h5>\n<p>Este sitio web es propiedad de Aerocool, pero Aerocool no garantiza ninguna seguridad, privacidad u otros contenidos relevantes de los otros sitios web enlazados por este sitio web y ning\u00fan v\u00ednculo de empleado, agencia, representante o asociaci\u00f3n fue creado por los enlaces.<\/p>\n<h5><strong>Confidencialidad y seguridad<\/strong><\/h5>\n<ul>\n<li>Con el fin de proteger su seguridad y privacidad, su informaci\u00f3n en la cuenta de Aerocool estar\u00e1 protegida por una contrase\u00f1a.<\/li>\n<li>En algunas ocasiones Aerocool utilizar\u00e1 el sistema de seguridad SSL para proteger la informaci\u00f3n durante la transmisi\u00f3n.<\/li>\n<li>Limitamos el acceso a la informaci\u00f3n personal sobre usted a los empleados que creemos que razonablemente necesitan ponerse en contacto con esa informaci\u00f3n para proporcionar productos o servicios a usted o para cumplir con sus deberes.<\/li>\n<li>Tenemos salvaguardas f\u00edsicas, electr\u00f3nicas y de procedimiento que cumplen con las regulaciones federales para proteger la informaci\u00f3n personal sobre usted.<\/li>\n<\/ul>\n<h5><strong>Cambios a esta Pol\u00edtica de Privacidad<\/strong><\/h5>\n<p>Aerocool se reserva el derecho de modificar o revocar esta pol\u00edtica para manejar cualquier condici\u00f3n m\u00e1s reciente de vez en cuando. Le sugerimos que lea esta pol\u00edtica cuidadosamente cuando sea necesario para manejar cualquier condici\u00f3n nueva. Anunciaremos un aviso sobre cualquier cambio significativo en este sitio web.<\/p>\n<h5><strong>Preguntas y Sugerencias<\/strong><\/h5>\n<p>Si tiene alguna pregunta o sugerencia, puede ponerse en contacto con nosotros de la siguiente manera:<\/p>\n<ol style=\"list-style-type: upper-roman;\">\n<li>Por correo electr\u00f3nico:<a href=\"mailto:info@aerocool.com.tw\">info@aerocool.com.tw<\/a><\/li>\n<li>Por correo:<br \/>\nReceptor &#8211; Aerocool Advanced Technologies Corp.<br \/>\nDirecci\u00f3n de correo &#8211; 3F., No. 508, Sec. 7, Zhongxiao E. Rd., Nangang Dist.,Taipei City 115011, Taiwan (R.O.C.)<\/li>\n<li><span lang=\"EN-US\">Por tel\u00e9fono: + 886-2- 8698-1088<\/span><\/li>\n<li><span lang=\"EN-US\">Por fax: + 886-2- 8698-1082<\/span><\/li>\n<\/ol>\n<\/div><\/div><div class=\"wpb_text_column\"><div class=\"wpb_wrapper\"><h5 style=\"text-align: center;\"><span style=\"color: #000000;\">Be Cool !! Be Aerocool !!!<\/span><\/h5>\n<\/div><\/div><\/div><\/div><\/div><div class=\"vc_col-sm-1 wpb_column vc_column_container\"><div class=\"vc_column-inner\"><div class=\"wpb_wrapper\"><\/div><\/div><\/div><\/div><\/div><\/section>\n","protected":false},"excerpt":{"rendered":"Aerocool toma en serio su privacidad. Lea lo siguiente para obtener m\u00e1s informaci\u00f3n sobre nuestra pol\u00edtica de privacidad. Qu\u00e9 cubre esta pol\u00edtica de privacidad Esta pol\u00edtica cubre c\u00f3mo Aerocool trata la informaci\u00f3n personal que Aerocool recoge y recibe, incluida informaci\u00f3n relacionada con su uso anterior de los productos y servicios de Aerocool. La informaci\u00f3n personal...","protected":false},"author":23,"featured_media":0,"parent":0,"menu_order":0,"comment_status":"closed","ping_status":"closed","template":"","meta":{"_acf_changed":false,"footnotes":""},"class_list":["post-108797","page","type-page","status-publish","hentry"],"acf":[],"yoast_head":"<!-- This site is optimized with the Yoast SEO plugin v25.6 - https:\/\/yoast.com\/wordpress\/plugins\/seo\/ -->\n<title>Pol\u00edtica De Privacidad - AeroCool<\/title>\n<meta name=\"robots\" content=\"index, follow, max-snippet:-1, max-image-preview:large, max-video-preview:-1\" \/>\n<link rel=\"canonical\" href=\"https:\/\/aerocool.io\/la\/wp-json\/wp\/v2\/pages\/108797\/\" \/>\n<meta property=\"og:locale\" content=\"en_US\" \/>\n<meta property=\"og:type\" content=\"article\" \/>\n<meta property=\"og:title\" content=\"Pol\u00edtica De Privacidad - AeroCool\" \/>\n<meta property=\"og:url\" content=\"https:\/\/aerocool.io\/la\/wp-json\/wp\/v2\/pages\/108797\/\" \/>\n<meta property=\"og:site_name\" content=\"AeroCool\" \/>\n<meta property=\"article:modified_time\" content=\"2024-07-19T06:32:19+00:00\" \/>\n<meta name=\"twitter:card\" content=\"summary_large_image\" \/>\n<meta name=\"twitter:label1\" content=\"Est. reading time\" \/>\n\t<meta name=\"twitter:data1\" content=\"5 minutes\" \/>\n<script type=\"application\/ld+json\" class=\"yoast-schema-graph\">{\"@context\":\"https:\/\/schema.org\",\"@graph\":[{\"@type\":\"WebPage\",\"@id\":\"https:\/\/aerocool.io\/la\/wp-json\/wp\/v2\/pages\/108797\/\",\"url\":\"https:\/\/aerocool.io\/la\/wp-json\/wp\/v2\/pages\/108797\/\",\"name\":\"Pol\u00edtica De Privacidad - AeroCool\",\"isPartOf\":{\"@id\":\"https:\/\/aerocool.io\/#website\"},\"datePublished\":\"2020-04-22T03:13:19+00:00\",\"dateModified\":\"2024-07-19T06:32:19+00:00\",\"breadcrumb\":{\"@id\":\"https:\/\/aerocool.io\/la\/privacy-policy\/#breadcrumb\"},\"inLanguage\":\"la-LA\",\"potentialAction\":[{\"@type\":\"ReadAction\",\"target\":[\"https:\/\/aerocool.io\/la\/privacy-policy\/\"]}]},{\"@type\":\"BreadcrumbList\",\"@id\":\"https:\/\/aerocool.io\/la\/privacy-policy\/#breadcrumb\",\"itemListElement\":[{\"@type\":\"ListItem\",\"position\":1,\"name\":\"Home\",\"item\":\"https:\/\/aerocool.io\/la\/\"},{\"@type\":\"ListItem\",\"position\":2,\"name\":\"Pol\u00edtica De Privacidad\"}]},{\"@type\":\"WebSite\",\"@id\":\"https:\/\/aerocool.io\/#website\",\"url\":\"https:\/\/aerocool.io\/\",\"name\":\"AeroCool\",\"description\":\"Be Cool. Get AeroCool.\",\"publisher\":{\"@id\":\"https:\/\/aerocool.io\/#organization\"},\"potentialAction\":[{\"@type\":\"SearchAction\",\"target\":{\"@type\":\"EntryPoint\",\"urlTemplate\":\"https:\/\/aerocool.io\/?s={search_term_string}\"},\"query-input\":{\"@type\":\"PropertyValueSpecification\",\"valueRequired\":true,\"valueName\":\"search_term_string\"}}],\"inLanguage\":\"la-LA\"},{\"@type\":\"Organization\",\"@id\":\"https:\/\/aerocool.io\/#organization\",\"name\":\"Aerocool\",\"url\":\"https:\/\/aerocool.io\/\",\"logo\":{\"@type\":\"ImageObject\",\"inLanguage\":\"la-LA\",\"@id\":\"https:\/\/aerocool.io\/#\/schema\/logo\/image\/\",\"url\":\"https:\/\/aerocool.io\/wp-content\/uploads\/2018\/03\/AeroCool-Web-White-Logo.png\",\"contentUrl\":\"https:\/\/aerocool.io\/wp-content\/uploads\/2018\/03\/AeroCool-Web-White-Logo.png\",\"width\":500,\"height\":291,\"caption\":\"Aerocool\"},\"image\":{\"@id\":\"https:\/\/aerocool.io\/#\/schema\/logo\/image\/\"}}]}<\/script>\n<!-- \/ Yoast SEO plugin. -->","yoast_head_json":{"title":"Pol\u00edtica De Privacidad - AeroCool","robots":{"index":"index","follow":"follow","max-snippet":"max-snippet:-1","max-image-preview":"max-image-preview:large","max-video-preview":"max-video-preview:-1"},"canonical":"https:\/\/aerocool.io\/la\/wp-json\/wp\/v2\/pages\/108797\/","og_locale":"en_US","og_type":"article","og_title":"Pol\u00edtica De Privacidad - AeroCool","og_url":"https:\/\/aerocool.io\/la\/wp-json\/wp\/v2\/pages\/108797\/","og_site_name":"AeroCool","article_modified_time":"2024-07-19T06:32:19+00:00","twitter_card":"summary_large_image","twitter_misc":{"Est. reading time":"5 minutes"},"schema":{"@context":"https:\/\/schema.org","@graph":[{"@type":"WebPage","@id":"https:\/\/aerocool.io\/la\/wp-json\/wp\/v2\/pages\/108797\/","url":"https:\/\/aerocool.io\/la\/wp-json\/wp\/v2\/pages\/108797\/","name":"Pol\u00edtica De Privacidad - AeroCool","isPartOf":{"@id":"https:\/\/aerocool.io\/#website"},"datePublished":"2020-04-22T03:13:19+00:00","dateModified":"2024-07-19T06:32:19+00:00","breadcrumb":{"@id":"https:\/\/aerocool.io\/la\/privacy-policy\/#breadcrumb"},"inLanguage":"la-LA","potentialAction":[{"@type":"ReadAction","target":["https:\/\/aerocool.io\/la\/privacy-policy\/"]}]},{"@type":"BreadcrumbList","@id":"https:\/\/aerocool.io\/la\/privacy-policy\/#breadcrumb","itemListElement":[{"@type":"ListItem","position":1,"name":"Home","item":"https:\/\/aerocool.io\/la\/"},{"@type":"ListItem","position":2,"name":"Pol\u00edtica De Privacidad"}]},{"@type":"WebSite","@id":"https:\/\/aerocool.io\/#website","url":"https:\/\/aerocool.io\/","name":"AeroCool","description":"Be Cool. Get AeroCool.","publisher":{"@id":"https:\/\/aerocool.io\/#organization"},"potentialAction":[{"@type":"SearchAction","target":{"@type":"EntryPoint","urlTemplate":"https:\/\/aerocool.io\/?s={search_term_string}"},"query-input":{"@type":"PropertyValueSpecification","valueRequired":true,"valueName":"search_term_string"}}],"inLanguage":"la-LA"},{"@type":"Organization","@id":"https:\/\/aerocool.io\/#organization","name":"Aerocool","url":"https:\/\/aerocool.io\/","logo":{"@type":"ImageObject","inLanguage":"la-LA","@id":"https:\/\/aerocool.io\/#\/schema\/logo\/image\/","url":"https:\/\/aerocool.io\/wp-content\/uploads\/2018\/03\/AeroCool-Web-White-Logo.png","contentUrl":"https:\/\/aerocool.io\/wp-content\/uploads\/2018\/03\/AeroCool-Web-White-Logo.png","width":500,"height":291,"caption":"Aerocool"},"image":{"@id":"https:\/\/aerocool.io\/#\/schema\/logo\/image\/"}}]}},"_links":{"self":[{"href":"https:\/\/aerocool.io\/la\/wp-json\/wp\/v2\/pages\/108797"}],"collection":[{"href":"https:\/\/aerocool.io\/la\/wp-json\/wp\/v2\/pages"}],"about":[{"href":"https:\/\/aerocool.io\/la\/wp-json\/wp\/v2\/types\/page"}],"author":[{"embeddable":true,"href":"https:\/\/aerocool.io\/la\/wp-json\/wp\/v2\/users\/23"}],"replies":[{"embeddable":true,"href":"https:\/\/aerocool.io\/la\/wp-json\/wp\/v2\/comments?post=108797"}],"version-history":[{"count":0,"href":"https:\/\/aerocool.io\/la\/wp-json\/wp\/v2\/pages\/108797\/revisions"}],"wp:attachment":[{"href":"https:\/\/aerocool.io\/la\/wp-json\/wp\/v2\/media?parent=108797"}],"curies":[{"name":"wp","href":"https:\/\/api.w.org\/{rel}","templated":true}]}}