{"id":101579,"date":"2018-12-19T06:53:01","date_gmt":"2018-12-19T06:53:01","guid":{"rendered":"https:\/\/aerocool.io\/product\/ac100-air\/"},"modified":"2021-05-21T12:11:01","modified_gmt":"2021-05-21T04:11:01","slug":"ac100-air","status":"publish","type":"product","link":"https:\/\/aerocool.io\/la\/product\/ac100-air\/","title":{"rendered":"AC100 AIR"},"content":{"rendered":"","protected":false},"excerpt":{"rendered":"<h3><span style=\"font-weight: 400;\">SILLA GAMING<\/span><\/h3>\n<p><span style=\"font-weight: 400;\">Inspirada por los coches deportivos, la AC100 AIR cuenta con un incre\u00edble estilo que lleva la sensaci\u00f3n de velocidad directa a tu estudio gaming. Dise\u00f1ada con cuero sint\u00e9tico premium y un acabado de tipo fibra de carbono, esta silla gaming cuenta con un look moderno orientado a los eSports.<\/span><\/p>\n<p>La tecnolog\u00eda AIR en la superficie de su asiento y su respaldo incrementan la transpirabilidad y la circulaci\u00f3n del aire, asegur\u00e1ndose de que est\u00e9s c\u00f3modo y fresco mientras juegas.<\/p>\n<p><span style=\"font-weight: 400; color: #000000;\">\u2022 Tecnolog\u00eda AIR <\/span>&#8211; Incrementa la transpiraci\u00f3n y te mantiene fresco<br \/>\n<span style=\"font-weight: 400; color: #000000;\">\u2022 Dise\u00f1o ergon\u00f3mico que proporciona un amplio soporte lumbar<\/span><br \/>\n<span style=\"font-weight: 400; color: #000000;\">\u2022 D<\/span>ise\u00f1o inspirado por los coches deportivos con un incre\u00edble acabado de tipo fibra de carbono<br \/>\n<span style=\"font-weight: 400; color: #000000;\">\u2022 Asiento reclinable<\/span><br \/>\n<span style=\"font-weight: 400; color: #000000;\">\u2022 Pist\u00f3n hidr\u00e1ulico de Clase 3 que soporta hasta 150kg<\/span><br \/>\n<span style=\"font-weight: 400; color: #000000;\">\u2022 Equipada con cojines accesorios para la cabeza y la espalda<\/span><\/p>\n<p><em>Las especificaciones pueden variar sin previo aviso.<br \/>\nLos productos y los modelos pueden variar dependiendo de tu regi\u00f3n.<br \/>\nContacta con tu distribuidor para m\u00e1s informaci\u00f3n.<\/em><\/p>\n","protected":false},"featured_media":97107,"template":"","meta":{"_acf_changed":false,"footnotes":""},"product_brand":[],"product_cat":[1643,1655,1648,1632,1650,1653,1641,1638,1647,1630],"product_tag":[],"class_list":{"0":"post-101579","1":"product","2":"type-product","3":"status-publish","4":"has-post-thumbnail","6":"product_cat-50mm-la","7":"product_cat-ac-la","8":"product_cat-head-la","9":"product_cat-fixed-la","10":"product_cat-metal-la","11":"product_cat-none-led-lighting-gaming-chairs-la","12":"product_cat-nylon-la","13":"product_cat-reclining-la","14":"product_cat-back-la","15":"product_cat-gaming-chairs-la","17":"first","18":"instock","19":"shipping-taxable","20":"product-type-simple"},"acf":[],"yoast_head":"<!-- This site is optimized with the Yoast SEO plugin v25.6 - https:\/\/yoast.com\/wordpress\/plugins\/seo\/ -->\n<title>AC100 AIR - AeroCool<\/title>\n<meta name=\"robots\" content=\"index, follow, max-snippet:-1, max-image-preview:large, max-video-preview:-1\" \/>\n<link rel=\"canonical\" href=\"https:\/\/aerocool.io\/la\/wp-json\/wp\/v2\/product\/101579\/\" \/>\n<meta property=\"og:locale\" content=\"en_US\" \/>\n<meta property=\"og:type\" content=\"article\" \/>\n<meta property=\"og:title\" content=\"AC100 AIR - AeroCool\" \/>\n<meta property=\"og:description\" content=\"SILLA GAMING Inspirada por los coches deportivos, la AC100 AIR cuenta con un incre\u00edble estilo que lleva la sensaci\u00f3n de velocidad directa a tu estudio gaming. Dise\u00f1ada con cuero sint\u00e9tico premium y un acabado de tipo fibra de carbono, esta silla gaming cuenta con un look moderno orientado a los eSports.  La tecnolog\u00eda AIR en la superficie de su asiento y su respaldo incrementan la transpirabilidad y la circulaci\u00f3n del aire, asegur\u00e1ndose de que est\u00e9s c\u00f3modo y fresco mientras juegas.  \u2022 Tecnolog\u00eda AIR - Incrementa la transpiraci\u00f3n y te mantiene fresco \u2022 Dise\u00f1o ergon\u00f3mico que proporciona un amplio soporte lumbar \u2022 Dise\u00f1o inspirado por los coches deportivos con un incre\u00edble acabado de tipo fibra de carbono \u2022 Asiento reclinable \u2022 Pist\u00f3n hidr\u00e1ulico de Clase 3 que soporta hasta 150kg \u2022 Equipada con cojines accesorios para la cabeza y la espalda  Las especificaciones pueden variar sin previo aviso. Los productos y los modelos pueden variar dependiendo de tu regi\u00f3n. Contacta con tu distribuidor para m\u00e1s informaci\u00f3n.\" \/>\n<meta property=\"og:url\" content=\"https:\/\/aerocool.io\/la\/wp-json\/wp\/v2\/product\/101579\/\" \/>\n<meta property=\"og:site_name\" content=\"AeroCool\" \/>\n<meta property=\"article:modified_time\" content=\"2021-05-21T04:11:01+00:00\" \/>\n<meta property=\"og:image\" content=\"https:\/\/aerocool.io\/wp-content\/uploads\/2018\/12\/AC100-Air-Infographic700x700px-01-BR.jpg\" \/>\n\t<meta property=\"og:image:width\" content=\"700\" \/>\n\t<meta property=\"og:image:height\" content=\"700\" \/>\n\t<meta property=\"og:image:type\" content=\"image\/jpeg\" \/>\n<meta name=\"twitter:card\" content=\"summary_large_image\" \/>\n<meta name=\"twitter:label1\" content=\"Est. reading time\" \/>\n\t<meta name=\"twitter:data1\" content=\"4 minutes\" \/>\n<script type=\"application\/ld+json\" class=\"yoast-schema-graph\">{\"@context\":\"https:\/\/schema.org\",\"@graph\":[{\"@type\":\"WebPage\",\"@id\":\"https:\/\/aerocool.io\/la\/wp-json\/wp\/v2\/product\/101579\/\",\"url\":\"https:\/\/aerocool.io\/la\/wp-json\/wp\/v2\/product\/101579\/\",\"name\":\"AC100 AIR - AeroCool\",\"isPartOf\":{\"@id\":\"https:\/\/aerocool.io\/#website\"},\"primaryImageOfPage\":{\"@id\":\"https:\/\/aerocool.io\/la\/product\/ac100-air\/#primaryimage\"},\"image\":{\"@id\":\"https:\/\/aerocool.io\/la\/product\/ac100-air\/#primaryimage\"},\"thumbnailUrl\":\"https:\/\/aerocool.io\/wp-content\/uploads\/2018\/12\/AC100-Air-Infographic700x700px-01-BR.jpg\",\"datePublished\":\"2018-12-19T06:53:01+00:00\",\"dateModified\":\"2021-05-21T04:11:01+00:00\",\"breadcrumb\":{\"@id\":\"https:\/\/aerocool.io\/la\/product\/ac100-air\/#breadcrumb\"},\"inLanguage\":\"la-LA\",\"potentialAction\":[{\"@type\":\"ReadAction\",\"target\":[\"https:\/\/aerocool.io\/la\/product\/ac100-air\/\"]}]},{\"@type\":\"ImageObject\",\"inLanguage\":\"la-LA\",\"@id\":\"https:\/\/aerocool.io\/la\/product\/ac100-air\/#primaryimage\",\"url\":\"https:\/\/aerocool.io\/wp-content\/uploads\/2018\/12\/AC100-Air-Infographic700x700px-01-BR.jpg\",\"contentUrl\":\"https:\/\/aerocool.io\/wp-content\/uploads\/2018\/12\/AC100-Air-Infographic700x700px-01-BR.jpg\",\"width\":700,\"height\":700},{\"@type\":\"BreadcrumbList\",\"@id\":\"https:\/\/aerocool.io\/la\/product\/ac100-air\/#breadcrumb\",\"itemListElement\":[{\"@type\":\"ListItem\",\"position\":1,\"name\":\"Home\",\"item\":\"https:\/\/aerocool.io\/la\/\"},{\"@type\":\"ListItem\",\"position\":2,\"name\":\"Shop\",\"item\":\"https:\/\/aerocool.io\/shop\/\"},{\"@type\":\"ListItem\",\"position\":3,\"name\":\"AC100 AIR\"}]},{\"@type\":\"WebSite\",\"@id\":\"https:\/\/aerocool.io\/#website\",\"url\":\"https:\/\/aerocool.io\/\",\"name\":\"AeroCool\",\"description\":\"Be Cool. Get AeroCool.\",\"publisher\":{\"@id\":\"https:\/\/aerocool.io\/#organization\"},\"potentialAction\":[{\"@type\":\"SearchAction\",\"target\":{\"@type\":\"EntryPoint\",\"urlTemplate\":\"https:\/\/aerocool.io\/?s={search_term_string}\"},\"query-input\":{\"@type\":\"PropertyValueSpecification\",\"valueRequired\":true,\"valueName\":\"search_term_string\"}}],\"inLanguage\":\"la-LA\"},{\"@type\":\"Organization\",\"@id\":\"https:\/\/aerocool.io\/#organization\",\"name\":\"Aerocool\",\"url\":\"https:\/\/aerocool.io\/\",\"logo\":{\"@type\":\"ImageObject\",\"inLanguage\":\"la-LA\",\"@id\":\"https:\/\/aerocool.io\/#\/schema\/logo\/image\/\",\"url\":\"https:\/\/aerocool.io\/wp-content\/uploads\/2018\/03\/AeroCool-Web-White-Logo.png\",\"contentUrl\":\"https:\/\/aerocool.io\/wp-content\/uploads\/2018\/03\/AeroCool-Web-White-Logo.png\",\"width\":500,\"height\":291,\"caption\":\"Aerocool\"},\"image\":{\"@id\":\"https:\/\/aerocool.io\/#\/schema\/logo\/image\/\"}}]}<\/script>\n<!-- \/ Yoast SEO plugin. -->","yoast_head_json":{"title":"AC100 AIR - AeroCool","robots":{"index":"index","follow":"follow","max-snippet":"max-snippet:-1","max-image-preview":"max-image-preview:large","max-video-preview":"max-video-preview:-1"},"canonical":"https:\/\/aerocool.io\/la\/wp-json\/wp\/v2\/product\/101579\/","og_locale":"en_US","og_type":"article","og_title":"AC100 AIR - AeroCool","og_description":"SILLA GAMING Inspirada por los coches deportivos, la AC100 AIR cuenta con un incre\u00edble estilo que lleva la sensaci\u00f3n de velocidad directa a tu estudio gaming. Dise\u00f1ada con cuero sint\u00e9tico premium y un acabado de tipo fibra de carbono, esta silla gaming cuenta con un look moderno orientado a los eSports.  La tecnolog\u00eda AIR en la superficie de su asiento y su respaldo incrementan la transpirabilidad y la circulaci\u00f3n del aire, asegur\u00e1ndose de que est\u00e9s c\u00f3modo y fresco mientras juegas.  \u2022 Tecnolog\u00eda AIR - Incrementa la transpiraci\u00f3n y te mantiene fresco \u2022 Dise\u00f1o ergon\u00f3mico que proporciona un amplio soporte lumbar \u2022 Dise\u00f1o inspirado por los coches deportivos con un incre\u00edble acabado de tipo fibra de carbono \u2022 Asiento reclinable \u2022 Pist\u00f3n hidr\u00e1ulico de Clase 3 que soporta hasta 150kg \u2022 Equipada con cojines accesorios para la cabeza y la espalda  Las especificaciones pueden variar sin previo aviso. Los productos y los modelos pueden variar dependiendo de tu regi\u00f3n. Contacta con tu distribuidor para m\u00e1s informaci\u00f3n.","og_url":"https:\/\/aerocool.io\/la\/wp-json\/wp\/v2\/product\/101579\/","og_site_name":"AeroCool","article_modified_time":"2021-05-21T04:11:01+00:00","og_image":[{"width":700,"height":700,"url":"https:\/\/aerocool.io\/wp-content\/uploads\/2018\/12\/AC100-Air-Infographic700x700px-01-BR.jpg","type":"image\/jpeg"}],"twitter_card":"summary_large_image","twitter_misc":{"Est. reading time":"4 minutes"},"schema":{"@context":"https:\/\/schema.org","@graph":[{"@type":"WebPage","@id":"https:\/\/aerocool.io\/la\/wp-json\/wp\/v2\/product\/101579\/","url":"https:\/\/aerocool.io\/la\/wp-json\/wp\/v2\/product\/101579\/","name":"AC100 AIR - AeroCool","isPartOf":{"@id":"https:\/\/aerocool.io\/#website"},"primaryImageOfPage":{"@id":"https:\/\/aerocool.io\/la\/product\/ac100-air\/#primaryimage"},"image":{"@id":"https:\/\/aerocool.io\/la\/product\/ac100-air\/#primaryimage"},"thumbnailUrl":"https:\/\/aerocool.io\/wp-content\/uploads\/2018\/12\/AC100-Air-Infographic700x700px-01-BR.jpg","datePublished":"2018-12-19T06:53:01+00:00","dateModified":"2021-05-21T04:11:01+00:00","breadcrumb":{"@id":"https:\/\/aerocool.io\/la\/product\/ac100-air\/#breadcrumb"},"inLanguage":"la-LA","potentialAction":[{"@type":"ReadAction","target":["https:\/\/aerocool.io\/la\/product\/ac100-air\/"]}]},{"@type":"ImageObject","inLanguage":"la-LA","@id":"https:\/\/aerocool.io\/la\/product\/ac100-air\/#primaryimage","url":"https:\/\/aerocool.io\/wp-content\/uploads\/2018\/12\/AC100-Air-Infographic700x700px-01-BR.jpg","contentUrl":"https:\/\/aerocool.io\/wp-content\/uploads\/2018\/12\/AC100-Air-Infographic700x700px-01-BR.jpg","width":700,"height":700},{"@type":"BreadcrumbList","@id":"https:\/\/aerocool.io\/la\/product\/ac100-air\/#breadcrumb","itemListElement":[{"@type":"ListItem","position":1,"name":"Home","item":"https:\/\/aerocool.io\/la\/"},{"@type":"ListItem","position":2,"name":"Shop","item":"https:\/\/aerocool.io\/shop\/"},{"@type":"ListItem","position":3,"name":"AC100 AIR"}]},{"@type":"WebSite","@id":"https:\/\/aerocool.io\/#website","url":"https:\/\/aerocool.io\/","name":"AeroCool","description":"Be Cool. Get AeroCool.","publisher":{"@id":"https:\/\/aerocool.io\/#organization"},"potentialAction":[{"@type":"SearchAction","target":{"@type":"EntryPoint","urlTemplate":"https:\/\/aerocool.io\/?s={search_term_string}"},"query-input":{"@type":"PropertyValueSpecification","valueRequired":true,"valueName":"search_term_string"}}],"inLanguage":"la-LA"},{"@type":"Organization","@id":"https:\/\/aerocool.io\/#organization","name":"Aerocool","url":"https:\/\/aerocool.io\/","logo":{"@type":"ImageObject","inLanguage":"la-LA","@id":"https:\/\/aerocool.io\/#\/schema\/logo\/image\/","url":"https:\/\/aerocool.io\/wp-content\/uploads\/2018\/03\/AeroCool-Web-White-Logo.png","contentUrl":"https:\/\/aerocool.io\/wp-content\/uploads\/2018\/03\/AeroCool-Web-White-Logo.png","width":500,"height":291,"caption":"Aerocool"},"image":{"@id":"https:\/\/aerocool.io\/#\/schema\/logo\/image\/"}}]}},"_links":{"self":[{"href":"https:\/\/aerocool.io\/la\/wp-json\/wp\/v2\/product\/101579"}],"collection":[{"href":"https:\/\/aerocool.io\/la\/wp-json\/wp\/v2\/product"}],"about":[{"href":"https:\/\/aerocool.io\/la\/wp-json\/wp\/v2\/types\/product"}],"version-history":[{"count":0,"href":"https:\/\/aerocool.io\/la\/wp-json\/wp\/v2\/product\/101579\/revisions"}],"wp:featuredmedia":[{"embeddable":true,"href":"https:\/\/aerocool.io\/la\/wp-json\/wp\/v2\/media\/97107"}],"wp:attachment":[{"href":"https:\/\/aerocool.io\/la\/wp-json\/wp\/v2\/media?parent=101579"}],"wp:term":[{"taxonomy":"product_brand","embeddable":true,"href":"https:\/\/aerocool.io\/la\/wp-json\/wp\/v2\/product_brand?post=101579"},{"taxonomy":"product_cat","embeddable":true,"href":"https:\/\/aerocool.io\/la\/wp-json\/wp\/v2\/product_cat?post=101579"},{"taxonomy":"product_tag","embeddable":true,"href":"https:\/\/aerocool.io\/la\/wp-json\/wp\/v2\/product_tag?post=101579"}],"curies":[{"name":"wp","href":"https:\/\/api.w.org\/{rel}","templated":true}]}}