{"id":101585,"date":"2018-12-19T08:55:48","date_gmt":"2018-12-19T08:55:48","guid":{"rendered":"https:\/\/aerocool.io\/product\/ac110-air\/"},"modified":"2021-05-21T15:12:11","modified_gmt":"2021-05-21T07:12:11","slug":"ac110-air","status":"publish","type":"product","link":"https:\/\/aerocool.io\/la\/product\/ac110-air\/","title":{"rendered":"AC110 AIR"},"content":{"rendered":"","protected":false},"excerpt":{"rendered":"<h3>SILLA GAMING<\/h3>\n<p>Inspirada por los coches deportivos, la AC110 AIR cuenta con un incre\u00edble estilo que lleva la sensaci\u00f3n de velocidad directa a tu estudio gaming. Dise\u00f1ada con cuero sint\u00e9tico premium y un acabado de tipo fibra de carbono, esta silla gaming cuenta con un look moderno orientado a los eSports.<\/p>\n<p>La tecnolog\u00eda AIR en la superficie de su asiento y su respaldo incrementan la transpirabilidad y la circulaci\u00f3n del aire, asegur\u00e1ndose de que est\u00e9s c\u00f3modo y fresco mientras juegas.<\/p>\n<ul>\n<li><span style=\"font-weight: 400; color: #000000;\">Tecnolog\u00eda AIR \u2013 Incrementa la transpiraci\u00f3n y te mantiene fresco<\/span><\/li>\n<li><span style=\"font-weight: 400; color: #000000;\">Dise\u00f1o ergon\u00f3mico que proporciona un amplio soporte lumbar<\/span><\/li>\n<li><span style=\"font-weight: 400; color: #000000;\">Dise\u00f1o inspirado por los coches deportivos con un incre\u00edble acabado de tipo fibra de carbono<\/span><\/li>\n<li><span style=\"font-weight: 400; color: #000000;\">Asiento reclinable<\/span><\/li>\n<li><span style=\"font-weight: 400; color: #000000;\">Pist\u00f3n hidr\u00e1ulico de Clase 4 que soporta hasta 150kg<\/span><\/li>\n<li><span style=\"font-weight: 400; color: #000000;\">Equipada con cojines accesorios para la cabeza y la espalda<\/span><\/li>\n<\/ul>\n<p><em>Specifications are subject to change without notice.<br \/>\nProducts and models may vary depending on your region.<br \/>\nContact your local retailer for more information.<\/em><\/p>\n","protected":false},"featured_media":97142,"template":"","meta":{"_acf_changed":false,"footnotes":""},"product_brand":[],"product_cat":[1643,1655,1648,1632,1650,1653,1641,1638,1647,1630],"product_tag":[],"class_list":{"0":"post-101585","1":"product","2":"type-product","3":"status-publish","4":"has-post-thumbnail","6":"product_cat-50mm-la","7":"product_cat-ac-la","8":"product_cat-head-la","9":"product_cat-fixed-la","10":"product_cat-metal-la","11":"product_cat-none-led-lighting-gaming-chairs-la","12":"product_cat-nylon-la","13":"product_cat-reclining-la","14":"product_cat-back-la","15":"product_cat-gaming-chairs-la","17":"first","18":"instock","19":"shipping-taxable","20":"product-type-simple"},"acf":[],"yoast_head":"<!-- This site is optimized with the Yoast SEO plugin v25.6 - https:\/\/yoast.com\/wordpress\/plugins\/seo\/ -->\n<title>AC110 AIR - AeroCool<\/title>\n<meta name=\"robots\" content=\"index, follow, max-snippet:-1, max-image-preview:large, max-video-preview:-1\" \/>\n<link rel=\"canonical\" href=\"https:\/\/aerocool.io\/la\/wp-json\/wp\/v2\/product\/101585\/\" \/>\n<meta property=\"og:locale\" content=\"en_US\" \/>\n<meta property=\"og:type\" content=\"article\" \/>\n<meta property=\"og:title\" content=\"AC110 AIR - AeroCool\" \/>\n<meta property=\"og:description\" content=\"SILLA GAMING Inspirada por los coches deportivos, la AC110 AIR cuenta con un incre\u00edble estilo que lleva la sensaci\u00f3n de velocidad directa a tu estudio gaming. Dise\u00f1ada con cuero sint\u00e9tico premium y un acabado de tipo fibra de carbono, esta silla gaming cuenta con un look moderno orientado a los eSports.  La tecnolog\u00eda AIR en la superficie de su asiento y su respaldo incrementan la transpirabilidad y la circulaci\u00f3n del aire, asegur\u00e1ndose de que est\u00e9s c\u00f3modo y fresco mientras juegas.   Tecnolog\u00eda AIR \u2013 Incrementa la transpiraci\u00f3n y te mantiene fresco  Dise\u00f1o ergon\u00f3mico que proporciona un amplio soporte lumbar  Dise\u00f1o inspirado por los coches deportivos con un incre\u00edble acabado de tipo fibra de carbono  Asiento reclinable  Pist\u00f3n hidr\u00e1ulico de Clase 4 que soporta hasta 150kg  Equipada con cojines accesorios para la cabeza y la espalda  Specifications are subject to change without notice. Products and models may vary depending on your region. Contact your local retailer for more information.\" \/>\n<meta property=\"og:url\" content=\"https:\/\/aerocool.io\/la\/wp-json\/wp\/v2\/product\/101585\/\" \/>\n<meta property=\"og:site_name\" content=\"AeroCool\" \/>\n<meta property=\"article:modified_time\" content=\"2021-05-21T07:12:11+00:00\" \/>\n<meta property=\"og:image\" content=\"https:\/\/aerocool.io\/wp-content\/uploads\/2018\/12\/AC110-Air-Infographic700x700px-01-BR.jpg\" \/>\n\t<meta property=\"og:image:width\" content=\"700\" \/>\n\t<meta property=\"og:image:height\" content=\"700\" \/>\n\t<meta property=\"og:image:type\" content=\"image\/jpeg\" \/>\n<meta name=\"twitter:card\" content=\"summary_large_image\" \/>\n<meta name=\"twitter:label1\" content=\"Est. reading time\" \/>\n\t<meta name=\"twitter:data1\" content=\"5 minutes\" \/>\n<script type=\"application\/ld+json\" class=\"yoast-schema-graph\">{\"@context\":\"https:\/\/schema.org\",\"@graph\":[{\"@type\":\"WebPage\",\"@id\":\"https:\/\/aerocool.io\/la\/wp-json\/wp\/v2\/product\/101585\/\",\"url\":\"https:\/\/aerocool.io\/la\/wp-json\/wp\/v2\/product\/101585\/\",\"name\":\"AC110 AIR - AeroCool\",\"isPartOf\":{\"@id\":\"https:\/\/aerocool.io\/#website\"},\"primaryImageOfPage\":{\"@id\":\"https:\/\/aerocool.io\/la\/product\/ac110-air\/#primaryimage\"},\"image\":{\"@id\":\"https:\/\/aerocool.io\/la\/product\/ac110-air\/#primaryimage\"},\"thumbnailUrl\":\"https:\/\/aerocool.io\/wp-content\/uploads\/2018\/12\/AC110-Air-Infographic700x700px-01-BR.jpg\",\"datePublished\":\"2018-12-19T08:55:48+00:00\",\"dateModified\":\"2021-05-21T07:12:11+00:00\",\"breadcrumb\":{\"@id\":\"https:\/\/aerocool.io\/la\/product\/ac110-air\/#breadcrumb\"},\"inLanguage\":\"la-LA\",\"potentialAction\":[{\"@type\":\"ReadAction\",\"target\":[\"https:\/\/aerocool.io\/la\/product\/ac110-air\/\"]}]},{\"@type\":\"ImageObject\",\"inLanguage\":\"la-LA\",\"@id\":\"https:\/\/aerocool.io\/la\/product\/ac110-air\/#primaryimage\",\"url\":\"https:\/\/aerocool.io\/wp-content\/uploads\/2018\/12\/AC110-Air-Infographic700x700px-01-BR.jpg\",\"contentUrl\":\"https:\/\/aerocool.io\/wp-content\/uploads\/2018\/12\/AC110-Air-Infographic700x700px-01-BR.jpg\",\"width\":700,\"height\":700},{\"@type\":\"BreadcrumbList\",\"@id\":\"https:\/\/aerocool.io\/la\/product\/ac110-air\/#breadcrumb\",\"itemListElement\":[{\"@type\":\"ListItem\",\"position\":1,\"name\":\"Home\",\"item\":\"https:\/\/aerocool.io\/la\/\"},{\"@type\":\"ListItem\",\"position\":2,\"name\":\"Shop\",\"item\":\"https:\/\/aerocool.io\/shop\/\"},{\"@type\":\"ListItem\",\"position\":3,\"name\":\"AC110 AIR\"}]},{\"@type\":\"WebSite\",\"@id\":\"https:\/\/aerocool.io\/#website\",\"url\":\"https:\/\/aerocool.io\/\",\"name\":\"AeroCool\",\"description\":\"Be Cool. Get AeroCool.\",\"publisher\":{\"@id\":\"https:\/\/aerocool.io\/#organization\"},\"potentialAction\":[{\"@type\":\"SearchAction\",\"target\":{\"@type\":\"EntryPoint\",\"urlTemplate\":\"https:\/\/aerocool.io\/?s={search_term_string}\"},\"query-input\":{\"@type\":\"PropertyValueSpecification\",\"valueRequired\":true,\"valueName\":\"search_term_string\"}}],\"inLanguage\":\"la-LA\"},{\"@type\":\"Organization\",\"@id\":\"https:\/\/aerocool.io\/#organization\",\"name\":\"Aerocool\",\"url\":\"https:\/\/aerocool.io\/\",\"logo\":{\"@type\":\"ImageObject\",\"inLanguage\":\"la-LA\",\"@id\":\"https:\/\/aerocool.io\/#\/schema\/logo\/image\/\",\"url\":\"https:\/\/aerocool.io\/wp-content\/uploads\/2018\/03\/AeroCool-Web-White-Logo.png\",\"contentUrl\":\"https:\/\/aerocool.io\/wp-content\/uploads\/2018\/03\/AeroCool-Web-White-Logo.png\",\"width\":500,\"height\":291,\"caption\":\"Aerocool\"},\"image\":{\"@id\":\"https:\/\/aerocool.io\/#\/schema\/logo\/image\/\"}}]}<\/script>\n<!-- \/ Yoast SEO plugin. -->","yoast_head_json":{"title":"AC110 AIR - AeroCool","robots":{"index":"index","follow":"follow","max-snippet":"max-snippet:-1","max-image-preview":"max-image-preview:large","max-video-preview":"max-video-preview:-1"},"canonical":"https:\/\/aerocool.io\/la\/wp-json\/wp\/v2\/product\/101585\/","og_locale":"en_US","og_type":"article","og_title":"AC110 AIR - AeroCool","og_description":"SILLA GAMING Inspirada por los coches deportivos, la AC110 AIR cuenta con un incre\u00edble estilo que lleva la sensaci\u00f3n de velocidad directa a tu estudio gaming. Dise\u00f1ada con cuero sint\u00e9tico premium y un acabado de tipo fibra de carbono, esta silla gaming cuenta con un look moderno orientado a los eSports.  La tecnolog\u00eda AIR en la superficie de su asiento y su respaldo incrementan la transpirabilidad y la circulaci\u00f3n del aire, asegur\u00e1ndose de que est\u00e9s c\u00f3modo y fresco mientras juegas.   Tecnolog\u00eda AIR \u2013 Incrementa la transpiraci\u00f3n y te mantiene fresco  Dise\u00f1o ergon\u00f3mico que proporciona un amplio soporte lumbar  Dise\u00f1o inspirado por los coches deportivos con un incre\u00edble acabado de tipo fibra de carbono  Asiento reclinable  Pist\u00f3n hidr\u00e1ulico de Clase 4 que soporta hasta 150kg  Equipada con cojines accesorios para la cabeza y la espalda  Specifications are subject to change without notice. Products and models may vary depending on your region. Contact your local retailer for more information.","og_url":"https:\/\/aerocool.io\/la\/wp-json\/wp\/v2\/product\/101585\/","og_site_name":"AeroCool","article_modified_time":"2021-05-21T07:12:11+00:00","og_image":[{"width":700,"height":700,"url":"https:\/\/aerocool.io\/wp-content\/uploads\/2018\/12\/AC110-Air-Infographic700x700px-01-BR.jpg","type":"image\/jpeg"}],"twitter_card":"summary_large_image","twitter_misc":{"Est. reading time":"5 minutes"},"schema":{"@context":"https:\/\/schema.org","@graph":[{"@type":"WebPage","@id":"https:\/\/aerocool.io\/la\/wp-json\/wp\/v2\/product\/101585\/","url":"https:\/\/aerocool.io\/la\/wp-json\/wp\/v2\/product\/101585\/","name":"AC110 AIR - AeroCool","isPartOf":{"@id":"https:\/\/aerocool.io\/#website"},"primaryImageOfPage":{"@id":"https:\/\/aerocool.io\/la\/product\/ac110-air\/#primaryimage"},"image":{"@id":"https:\/\/aerocool.io\/la\/product\/ac110-air\/#primaryimage"},"thumbnailUrl":"https:\/\/aerocool.io\/wp-content\/uploads\/2018\/12\/AC110-Air-Infographic700x700px-01-BR.jpg","datePublished":"2018-12-19T08:55:48+00:00","dateModified":"2021-05-21T07:12:11+00:00","breadcrumb":{"@id":"https:\/\/aerocool.io\/la\/product\/ac110-air\/#breadcrumb"},"inLanguage":"la-LA","potentialAction":[{"@type":"ReadAction","target":["https:\/\/aerocool.io\/la\/product\/ac110-air\/"]}]},{"@type":"ImageObject","inLanguage":"la-LA","@id":"https:\/\/aerocool.io\/la\/product\/ac110-air\/#primaryimage","url":"https:\/\/aerocool.io\/wp-content\/uploads\/2018\/12\/AC110-Air-Infographic700x700px-01-BR.jpg","contentUrl":"https:\/\/aerocool.io\/wp-content\/uploads\/2018\/12\/AC110-Air-Infographic700x700px-01-BR.jpg","width":700,"height":700},{"@type":"BreadcrumbList","@id":"https:\/\/aerocool.io\/la\/product\/ac110-air\/#breadcrumb","itemListElement":[{"@type":"ListItem","position":1,"name":"Home","item":"https:\/\/aerocool.io\/la\/"},{"@type":"ListItem","position":2,"name":"Shop","item":"https:\/\/aerocool.io\/shop\/"},{"@type":"ListItem","position":3,"name":"AC110 AIR"}]},{"@type":"WebSite","@id":"https:\/\/aerocool.io\/#website","url":"https:\/\/aerocool.io\/","name":"AeroCool","description":"Be Cool. Get AeroCool.","publisher":{"@id":"https:\/\/aerocool.io\/#organization"},"potentialAction":[{"@type":"SearchAction","target":{"@type":"EntryPoint","urlTemplate":"https:\/\/aerocool.io\/?s={search_term_string}"},"query-input":{"@type":"PropertyValueSpecification","valueRequired":true,"valueName":"search_term_string"}}],"inLanguage":"la-LA"},{"@type":"Organization","@id":"https:\/\/aerocool.io\/#organization","name":"Aerocool","url":"https:\/\/aerocool.io\/","logo":{"@type":"ImageObject","inLanguage":"la-LA","@id":"https:\/\/aerocool.io\/#\/schema\/logo\/image\/","url":"https:\/\/aerocool.io\/wp-content\/uploads\/2018\/03\/AeroCool-Web-White-Logo.png","contentUrl":"https:\/\/aerocool.io\/wp-content\/uploads\/2018\/03\/AeroCool-Web-White-Logo.png","width":500,"height":291,"caption":"Aerocool"},"image":{"@id":"https:\/\/aerocool.io\/#\/schema\/logo\/image\/"}}]}},"_links":{"self":[{"href":"https:\/\/aerocool.io\/la\/wp-json\/wp\/v2\/product\/101585"}],"collection":[{"href":"https:\/\/aerocool.io\/la\/wp-json\/wp\/v2\/product"}],"about":[{"href":"https:\/\/aerocool.io\/la\/wp-json\/wp\/v2\/types\/product"}],"version-history":[{"count":0,"href":"https:\/\/aerocool.io\/la\/wp-json\/wp\/v2\/product\/101585\/revisions"}],"wp:featuredmedia":[{"embeddable":true,"href":"https:\/\/aerocool.io\/la\/wp-json\/wp\/v2\/media\/97142"}],"wp:attachment":[{"href":"https:\/\/aerocool.io\/la\/wp-json\/wp\/v2\/media?parent=101585"}],"wp:term":[{"taxonomy":"product_brand","embeddable":true,"href":"https:\/\/aerocool.io\/la\/wp-json\/wp\/v2\/product_brand?post=101585"},{"taxonomy":"product_cat","embeddable":true,"href":"https:\/\/aerocool.io\/la\/wp-json\/wp\/v2\/product_cat?post=101585"},{"taxonomy":"product_tag","embeddable":true,"href":"https:\/\/aerocool.io\/la\/wp-json\/wp\/v2\/product_tag?post=101585"}],"curies":[{"name":"wp","href":"https:\/\/api.w.org\/{rel}","templated":true}]}}