{"id":101589,"date":"2018-05-23T09:12:34","date_gmt":"2018-05-23T09:12:34","guid":{"rendered":"https:\/\/aerocool.io\/product\/ac120-air\/"},"modified":"2022-11-29T16:45:22","modified_gmt":"2022-11-29T08:45:22","slug":"ac120-air","status":"publish","type":"product","link":"https:\/\/aerocool.io\/la\/product\/ac120-air\/","title":{"rendered":"AC120 AIR"},"content":{"rendered":"","protected":false},"excerpt":{"rendered":"<h3><span style=\"font-weight: 400;\">Silla Gaming<\/span><\/h3>\n<p><span style=\"font-weight: 400;\">Constru\u00edda con un elegante dise\u00f1o de asiento de carreras, la AC120 AIR ofrece la apariencia de un jugador profesional. Con la tecnolog\u00eda AIR incorporada en la superficie para sentarse de la silla, te sentir\u00e1s c\u00f3modo y fresco incluso despu\u00e9s de largas horas de uso. <\/span><\/p>\n<p>El respaldo totalmente ajustable y los reposabrazos bidireccionales te permiten ajustar tu silla de la manera que desees. Viene con una almohada para el cuello ajustable y un coj\u00edn para la espalda para brindar apoyo adicional.<\/p>\n<p><span style=\"font-weight: 400; color: #000000;\">\u2022 <\/span>La tecnolog\u00eda AIR aumenta la transpirabilidad, manteni\u00e9ndote agradable y fresco<br \/>\n<span style=\"font-weight: 400; color: #000000;\">\u2022 <\/span>El dise\u00f1o ergon\u00f3mico te mantiene c\u00f3modo y relajado<br \/>\n<span style=\"font-weight: 400; color: #000000;\">\u2022 <\/span>La mezcla \u00fanica de fibra de carbono agrega un toque extra a su silla<br \/>\n<span style=\"font-weight: 400; color: #000000;\">\u2022 <\/span>Respaldo reclinable ajustable<br \/>\n<span style=\"font-weight: 400; color: #000000;\">\u2022 <\/span>La almohada ajustable para el cuello y el coj\u00edn para la espalda brindan soporte adicional<br \/>\n<span style=\"font-weight: 400; color: #000000;\">\u2022 <\/span>Elevador de gas hidr\u00e1ulico clase 4<br \/>\n<span style=\"font-weight: 400; color: #000000;\">\u2022 <\/span>Mecanismo de balanceo de 3 &#8211; 18\u00b0<\/p>\n<p><em>Las especificaciones pueden variar sin previo aviso.<br \/>\nLos productos y los modelos pueden variar dependiendo de tu regi\u00f3n.<br \/>\nContacta con tu distribuidor para m\u00e1s informaci\u00f3n.<\/em><\/p>\n","protected":false},"featured_media":97252,"template":"","meta":{"_acf_changed":false,"footnotes":""},"product_brand":[],"product_cat":[1644,1655,1635,1648,1650,1640,1653,1638,1647,1630],"product_tag":[],"class_list":{"0":"post-101589","1":"product","2":"type-product","3":"status-publish","4":"has-post-thumbnail","6":"product_cat-65mm-la","7":"product_cat-ac-la","8":"product_cat-two-directional-la","9":"product_cat-head-la","10":"product_cat-metal-la","11":"product_cat-metal-base-type-la","12":"product_cat-none-led-lighting-gaming-chairs-la","13":"product_cat-reclining-la","14":"product_cat-back-la","15":"product_cat-gaming-chairs-la","17":"first","18":"instock","19":"shipping-taxable","20":"product-type-simple"},"acf":[],"yoast_head":"<!-- This site is optimized with the Yoast SEO plugin v25.6 - https:\/\/yoast.com\/wordpress\/plugins\/seo\/ -->\n<title>AC120 AIR - AeroCool<\/title>\n<meta name=\"robots\" content=\"index, follow, max-snippet:-1, max-image-preview:large, max-video-preview:-1\" \/>\n<link rel=\"canonical\" href=\"https:\/\/aerocool.io\/la\/wp-json\/wp\/v2\/product\/101589\/\" \/>\n<meta property=\"og:locale\" content=\"en_US\" \/>\n<meta property=\"og:type\" content=\"article\" \/>\n<meta property=\"og:title\" content=\"AC120 AIR - AeroCool\" \/>\n<meta property=\"og:description\" content=\"Silla Gaming Constru\u00edda con un elegante dise\u00f1o de asiento de carreras, la AC120 AIR ofrece la apariencia de un jugador profesional. Con la tecnolog\u00eda AIR incorporada en la superficie para sentarse de la silla, te sentir\u00e1s c\u00f3modo y fresco incluso despu\u00e9s de largas horas de uso.   El respaldo totalmente ajustable y los reposabrazos bidireccionales te permiten ajustar tu silla de la manera que desees. Viene con una almohada para el cuello ajustable y un coj\u00edn para la espalda para brindar apoyo adicional.  \u2022 La tecnolog\u00eda AIR aumenta la transpirabilidad, manteni\u00e9ndote agradable y fresco \u2022 El dise\u00f1o ergon\u00f3mico te mantiene c\u00f3modo y relajado \u2022 La mezcla \u00fanica de fibra de carbono agrega un toque extra a su silla \u2022 Respaldo reclinable ajustable  \u2022 La almohada ajustable para el cuello y el coj\u00edn para la espalda brindan soporte adicional \u2022 Elevador de gas hidr\u00e1ulico clase 4 \u2022 Mecanismo de balanceo de 3 - 18\u00b0  Las especificaciones pueden variar sin previo aviso. Los productos y los modelos pueden variar dependiendo de tu regi\u00f3n. Contacta con tu distribuidor para m\u00e1s informaci\u00f3n.\" \/>\n<meta property=\"og:url\" content=\"https:\/\/aerocool.io\/la\/wp-json\/wp\/v2\/product\/101589\/\" \/>\n<meta property=\"og:site_name\" content=\"AeroCool\" \/>\n<meta property=\"article:modified_time\" content=\"2022-11-29T08:45:22+00:00\" \/>\n<meta property=\"og:image\" content=\"https:\/\/aerocool.io\/wp-content\/uploads\/2018\/05\/AC120-Air-Infographic700x700px-BR-01.jpg\" \/>\n\t<meta property=\"og:image:width\" content=\"700\" \/>\n\t<meta property=\"og:image:height\" content=\"700\" \/>\n\t<meta property=\"og:image:type\" content=\"image\/jpeg\" \/>\n<meta name=\"twitter:card\" content=\"summary_large_image\" \/>\n<script type=\"application\/ld+json\" class=\"yoast-schema-graph\">{\"@context\":\"https:\/\/schema.org\",\"@graph\":[{\"@type\":\"WebPage\",\"@id\":\"https:\/\/aerocool.io\/la\/wp-json\/wp\/v2\/product\/101589\/\",\"url\":\"https:\/\/aerocool.io\/la\/wp-json\/wp\/v2\/product\/101589\/\",\"name\":\"AC120 AIR - AeroCool\",\"isPartOf\":{\"@id\":\"https:\/\/aerocool.io\/#website\"},\"primaryImageOfPage\":{\"@id\":\"https:\/\/aerocool.io\/la\/product\/ac120-air\/#primaryimage\"},\"image\":{\"@id\":\"https:\/\/aerocool.io\/la\/product\/ac120-air\/#primaryimage\"},\"thumbnailUrl\":\"https:\/\/aerocool.io\/wp-content\/uploads\/2018\/05\/AC120-Air-Infographic700x700px-BR-01.jpg\",\"datePublished\":\"2018-05-23T09:12:34+00:00\",\"dateModified\":\"2022-11-29T08:45:22+00:00\",\"breadcrumb\":{\"@id\":\"https:\/\/aerocool.io\/la\/product\/ac120-air\/#breadcrumb\"},\"inLanguage\":\"la-LA\",\"potentialAction\":[{\"@type\":\"ReadAction\",\"target\":[\"https:\/\/aerocool.io\/la\/product\/ac120-air\/\"]}]},{\"@type\":\"ImageObject\",\"inLanguage\":\"la-LA\",\"@id\":\"https:\/\/aerocool.io\/la\/product\/ac120-air\/#primaryimage\",\"url\":\"https:\/\/aerocool.io\/wp-content\/uploads\/2018\/05\/AC120-Air-Infographic700x700px-BR-01.jpg\",\"contentUrl\":\"https:\/\/aerocool.io\/wp-content\/uploads\/2018\/05\/AC120-Air-Infographic700x700px-BR-01.jpg\",\"width\":700,\"height\":700},{\"@type\":\"BreadcrumbList\",\"@id\":\"https:\/\/aerocool.io\/la\/product\/ac120-air\/#breadcrumb\",\"itemListElement\":[{\"@type\":\"ListItem\",\"position\":1,\"name\":\"Home\",\"item\":\"https:\/\/aerocool.io\/la\/\"},{\"@type\":\"ListItem\",\"position\":2,\"name\":\"Shop\",\"item\":\"https:\/\/aerocool.io\/shop\/\"},{\"@type\":\"ListItem\",\"position\":3,\"name\":\"AC120 AIR\"}]},{\"@type\":\"WebSite\",\"@id\":\"https:\/\/aerocool.io\/#website\",\"url\":\"https:\/\/aerocool.io\/\",\"name\":\"AeroCool\",\"description\":\"Be Cool. Get AeroCool.\",\"publisher\":{\"@id\":\"https:\/\/aerocool.io\/#organization\"},\"potentialAction\":[{\"@type\":\"SearchAction\",\"target\":{\"@type\":\"EntryPoint\",\"urlTemplate\":\"https:\/\/aerocool.io\/?s={search_term_string}\"},\"query-input\":{\"@type\":\"PropertyValueSpecification\",\"valueRequired\":true,\"valueName\":\"search_term_string\"}}],\"inLanguage\":\"la-LA\"},{\"@type\":\"Organization\",\"@id\":\"https:\/\/aerocool.io\/#organization\",\"name\":\"Aerocool\",\"url\":\"https:\/\/aerocool.io\/\",\"logo\":{\"@type\":\"ImageObject\",\"inLanguage\":\"la-LA\",\"@id\":\"https:\/\/aerocool.io\/#\/schema\/logo\/image\/\",\"url\":\"https:\/\/aerocool.io\/wp-content\/uploads\/2018\/03\/AeroCool-Web-White-Logo.png\",\"contentUrl\":\"https:\/\/aerocool.io\/wp-content\/uploads\/2018\/03\/AeroCool-Web-White-Logo.png\",\"width\":500,\"height\":291,\"caption\":\"Aerocool\"},\"image\":{\"@id\":\"https:\/\/aerocool.io\/#\/schema\/logo\/image\/\"}}]}<\/script>\n<!-- \/ Yoast SEO plugin. -->","yoast_head_json":{"title":"AC120 AIR - AeroCool","robots":{"index":"index","follow":"follow","max-snippet":"max-snippet:-1","max-image-preview":"max-image-preview:large","max-video-preview":"max-video-preview:-1"},"canonical":"https:\/\/aerocool.io\/la\/wp-json\/wp\/v2\/product\/101589\/","og_locale":"en_US","og_type":"article","og_title":"AC120 AIR - AeroCool","og_description":"Silla Gaming Constru\u00edda con un elegante dise\u00f1o de asiento de carreras, la AC120 AIR ofrece la apariencia de un jugador profesional. Con la tecnolog\u00eda AIR incorporada en la superficie para sentarse de la silla, te sentir\u00e1s c\u00f3modo y fresco incluso despu\u00e9s de largas horas de uso.   El respaldo totalmente ajustable y los reposabrazos bidireccionales te permiten ajustar tu silla de la manera que desees. Viene con una almohada para el cuello ajustable y un coj\u00edn para la espalda para brindar apoyo adicional.  \u2022 La tecnolog\u00eda AIR aumenta la transpirabilidad, manteni\u00e9ndote agradable y fresco \u2022 El dise\u00f1o ergon\u00f3mico te mantiene c\u00f3modo y relajado \u2022 La mezcla \u00fanica de fibra de carbono agrega un toque extra a su silla \u2022 Respaldo reclinable ajustable  \u2022 La almohada ajustable para el cuello y el coj\u00edn para la espalda brindan soporte adicional \u2022 Elevador de gas hidr\u00e1ulico clase 4 \u2022 Mecanismo de balanceo de 3 - 18\u00b0  Las especificaciones pueden variar sin previo aviso. Los productos y los modelos pueden variar dependiendo de tu regi\u00f3n. Contacta con tu distribuidor para m\u00e1s informaci\u00f3n.","og_url":"https:\/\/aerocool.io\/la\/wp-json\/wp\/v2\/product\/101589\/","og_site_name":"AeroCool","article_modified_time":"2022-11-29T08:45:22+00:00","og_image":[{"width":700,"height":700,"url":"https:\/\/aerocool.io\/wp-content\/uploads\/2018\/05\/AC120-Air-Infographic700x700px-BR-01.jpg","type":"image\/jpeg"}],"twitter_card":"summary_large_image","schema":{"@context":"https:\/\/schema.org","@graph":[{"@type":"WebPage","@id":"https:\/\/aerocool.io\/la\/wp-json\/wp\/v2\/product\/101589\/","url":"https:\/\/aerocool.io\/la\/wp-json\/wp\/v2\/product\/101589\/","name":"AC120 AIR - AeroCool","isPartOf":{"@id":"https:\/\/aerocool.io\/#website"},"primaryImageOfPage":{"@id":"https:\/\/aerocool.io\/la\/product\/ac120-air\/#primaryimage"},"image":{"@id":"https:\/\/aerocool.io\/la\/product\/ac120-air\/#primaryimage"},"thumbnailUrl":"https:\/\/aerocool.io\/wp-content\/uploads\/2018\/05\/AC120-Air-Infographic700x700px-BR-01.jpg","datePublished":"2018-05-23T09:12:34+00:00","dateModified":"2022-11-29T08:45:22+00:00","breadcrumb":{"@id":"https:\/\/aerocool.io\/la\/product\/ac120-air\/#breadcrumb"},"inLanguage":"la-LA","potentialAction":[{"@type":"ReadAction","target":["https:\/\/aerocool.io\/la\/product\/ac120-air\/"]}]},{"@type":"ImageObject","inLanguage":"la-LA","@id":"https:\/\/aerocool.io\/la\/product\/ac120-air\/#primaryimage","url":"https:\/\/aerocool.io\/wp-content\/uploads\/2018\/05\/AC120-Air-Infographic700x700px-BR-01.jpg","contentUrl":"https:\/\/aerocool.io\/wp-content\/uploads\/2018\/05\/AC120-Air-Infographic700x700px-BR-01.jpg","width":700,"height":700},{"@type":"BreadcrumbList","@id":"https:\/\/aerocool.io\/la\/product\/ac120-air\/#breadcrumb","itemListElement":[{"@type":"ListItem","position":1,"name":"Home","item":"https:\/\/aerocool.io\/la\/"},{"@type":"ListItem","position":2,"name":"Shop","item":"https:\/\/aerocool.io\/shop\/"},{"@type":"ListItem","position":3,"name":"AC120 AIR"}]},{"@type":"WebSite","@id":"https:\/\/aerocool.io\/#website","url":"https:\/\/aerocool.io\/","name":"AeroCool","description":"Be Cool. Get AeroCool.","publisher":{"@id":"https:\/\/aerocool.io\/#organization"},"potentialAction":[{"@type":"SearchAction","target":{"@type":"EntryPoint","urlTemplate":"https:\/\/aerocool.io\/?s={search_term_string}"},"query-input":{"@type":"PropertyValueSpecification","valueRequired":true,"valueName":"search_term_string"}}],"inLanguage":"la-LA"},{"@type":"Organization","@id":"https:\/\/aerocool.io\/#organization","name":"Aerocool","url":"https:\/\/aerocool.io\/","logo":{"@type":"ImageObject","inLanguage":"la-LA","@id":"https:\/\/aerocool.io\/#\/schema\/logo\/image\/","url":"https:\/\/aerocool.io\/wp-content\/uploads\/2018\/03\/AeroCool-Web-White-Logo.png","contentUrl":"https:\/\/aerocool.io\/wp-content\/uploads\/2018\/03\/AeroCool-Web-White-Logo.png","width":500,"height":291,"caption":"Aerocool"},"image":{"@id":"https:\/\/aerocool.io\/#\/schema\/logo\/image\/"}}]}},"_links":{"self":[{"href":"https:\/\/aerocool.io\/la\/wp-json\/wp\/v2\/product\/101589"}],"collection":[{"href":"https:\/\/aerocool.io\/la\/wp-json\/wp\/v2\/product"}],"about":[{"href":"https:\/\/aerocool.io\/la\/wp-json\/wp\/v2\/types\/product"}],"version-history":[{"count":0,"href":"https:\/\/aerocool.io\/la\/wp-json\/wp\/v2\/product\/101589\/revisions"}],"wp:featuredmedia":[{"embeddable":true,"href":"https:\/\/aerocool.io\/la\/wp-json\/wp\/v2\/media\/97252"}],"wp:attachment":[{"href":"https:\/\/aerocool.io\/la\/wp-json\/wp\/v2\/media?parent=101589"}],"wp:term":[{"taxonomy":"product_brand","embeddable":true,"href":"https:\/\/aerocool.io\/la\/wp-json\/wp\/v2\/product_brand?post=101589"},{"taxonomy":"product_cat","embeddable":true,"href":"https:\/\/aerocool.io\/la\/wp-json\/wp\/v2\/product_cat?post=101589"},{"taxonomy":"product_tag","embeddable":true,"href":"https:\/\/aerocool.io\/la\/wp-json\/wp\/v2\/product_tag?post=101589"}],"curies":[{"name":"wp","href":"https:\/\/api.w.org\/{rel}","templated":true}]}}