{"id":101593,"date":"2018-05-23T09:06:38","date_gmt":"2018-05-23T09:06:38","guid":{"rendered":"https:\/\/aerocool.io\/product\/ac220-air-rgb\/"},"modified":"2022-11-29T17:39:54","modified_gmt":"2022-11-29T09:39:54","slug":"ac220-air-rgb","status":"publish","type":"product","link":"https:\/\/aerocool.io\/la\/product\/ac220-air-rgb\/","title":{"rendered":"AC220 AIR RGB"},"content":{"rendered":"","protected":false},"excerpt":{"rendered":"<h3>SILLA GAMING RGB<\/h3>\n<p>Con iluminaci\u00f3n LED RGB a lo largo del borde de la silla, el AC220 AIR RGB te da un toque de emoci\u00f3n mientras juegas. La silla AC220 AIR RGB proporciona un estilo incre\u00edble a tu setup, gracias a un dise\u00f1o inspirado en los asientos de los coches deportivos con una fusi\u00f3n de cuero sint\u00e9tico premium con acabado de tipo fibra de carbono.<\/p>\n<p>La tecnolog\u00eda AIR en la superficie de su asiento y su respaldo incrementan la transpirabilidad y la circulaci\u00f3n del aire, asegur\u00e1ndose de que est\u00e9s c\u00f3modo y fresco mientras juegas.<\/p>\n<ul>\n<li>Equipado con iluminaci\u00f3n LED RGB con dise\u00f1o de fibra \u00f3ptica<\/li>\n<li>Tecnolog\u00eda AIR \u2013 Incrementa la transpiraci\u00f3n y te mantiene fresco<\/li>\n<li>Dise\u00f1o ergon\u00f3mico con acolchado de alta calidad<\/li>\n<li>La piel sint\u00e9tica con patr\u00f3n de fibra de carbono entrega un aire estilizado y futurista<\/li>\n<li>Respaldo reclinable<\/li>\n<li>Cojines cervical y lumbar extra\u00edbles<\/li>\n<li>Pist\u00f3n hidr\u00e1ulico de Clase 4 que soporta hasta 150kg<\/li>\n<\/ul>\n<p><em>Las especificaciones est\u00e1n sujetas a cambios sin previo aviso.<br \/>\nLos productos y modelos pueden variar seg\u00fan la regi\u00f3n.<br \/>\nP\u00f3ngase en contacto con su Hub local para obtener m\u00e1s informaci\u00f3n.<\/em><\/p>\n","protected":false},"featured_media":97261,"template":"","meta":{"_acf_changed":false,"footnotes":""},"product_brand":[],"product_cat":[1644,1655,1635,1648,1650,1640,1638,1647,1654,1630],"product_tag":[],"class_list":{"0":"post-101593","1":"product","2":"type-product","3":"status-publish","4":"has-post-thumbnail","6":"product_cat-65mm-la","7":"product_cat-ac-la","8":"product_cat-two-directional-la","9":"product_cat-head-la","10":"product_cat-metal-la","11":"product_cat-metal-base-type-la","12":"product_cat-reclining-la","13":"product_cat-back-la","14":"product_cat-rgb-led-lighting-gaming-chairs-la","15":"product_cat-gaming-chairs-la","17":"first","18":"instock","19":"shipping-taxable","20":"product-type-simple"},"acf":[],"yoast_head":"<!-- This site is optimized with the Yoast SEO plugin v25.6 - https:\/\/yoast.com\/wordpress\/plugins\/seo\/ -->\n<title>AC220 AIR RGB - AeroCool<\/title>\n<meta name=\"robots\" content=\"index, follow, max-snippet:-1, max-image-preview:large, max-video-preview:-1\" \/>\n<link rel=\"canonical\" href=\"https:\/\/aerocool.io\/la\/wp-json\/wp\/v2\/product\/101593\/\" \/>\n<meta property=\"og:locale\" content=\"en_US\" \/>\n<meta property=\"og:type\" content=\"article\" \/>\n<meta property=\"og:title\" content=\"AC220 AIR RGB - AeroCool\" \/>\n<meta property=\"og:description\" content=\"SILLA GAMING RGB Con iluminaci\u00f3n LED RGB a lo largo del borde de la silla, el AC220 AIR RGB te da un toque de emoci\u00f3n mientras juegas. La silla AC220 AIR RGB proporciona un estilo incre\u00edble a tu setup, gracias a un dise\u00f1o inspirado en los asientos de los coches deportivos con una fusi\u00f3n de cuero sint\u00e9tico premium con acabado de tipo fibra de carbono.  La tecnolog\u00eda AIR en la superficie de su asiento y su respaldo incrementan la transpirabilidad y la circulaci\u00f3n del aire, asegur\u00e1ndose de que est\u00e9s c\u00f3modo y fresco mientras juegas.   Equipado con iluminaci\u00f3n LED RGB con dise\u00f1o de fibra \u00f3ptica  Tecnolog\u00eda AIR \u2013 Incrementa la transpiraci\u00f3n y te mantiene fresco  Dise\u00f1o ergon\u00f3mico con acolchado de alta calidad  La piel sint\u00e9tica con patr\u00f3n de fibra de carbono entrega un aire estilizado y futurista  Respaldo reclinable  Cojines cervical y lumbar extra\u00edbles  Pist\u00f3n hidr\u00e1ulico de Clase 4 que soporta hasta 150kg  Las especificaciones est\u00e1n sujetas a cambios sin previo aviso. Los productos y modelos pueden variar seg\u00fan la regi\u00f3n. P\u00f3ngase en contacto con su Hub local para obtener m\u00e1s informaci\u00f3n.\" \/>\n<meta property=\"og:url\" content=\"https:\/\/aerocool.io\/la\/wp-json\/wp\/v2\/product\/101593\/\" \/>\n<meta property=\"og:site_name\" content=\"AeroCool\" \/>\n<meta property=\"article:modified_time\" content=\"2022-11-29T09:39:54+00:00\" \/>\n<meta property=\"og:image\" content=\"https:\/\/aerocool.io\/wp-content\/uploads\/2018\/05\/AC220-AIR-RGB-Infographic700x700px-RGB-01.jpg\" \/>\n\t<meta property=\"og:image:width\" content=\"700\" \/>\n\t<meta property=\"og:image:height\" content=\"700\" \/>\n\t<meta property=\"og:image:type\" content=\"image\/jpeg\" \/>\n<meta name=\"twitter:card\" content=\"summary_large_image\" \/>\n<script type=\"application\/ld+json\" class=\"yoast-schema-graph\">{\"@context\":\"https:\/\/schema.org\",\"@graph\":[{\"@type\":\"WebPage\",\"@id\":\"https:\/\/aerocool.io\/la\/wp-json\/wp\/v2\/product\/101593\/\",\"url\":\"https:\/\/aerocool.io\/la\/wp-json\/wp\/v2\/product\/101593\/\",\"name\":\"AC220 AIR RGB - AeroCool\",\"isPartOf\":{\"@id\":\"https:\/\/aerocool.io\/#website\"},\"primaryImageOfPage\":{\"@id\":\"https:\/\/aerocool.io\/la\/product\/ac220-air-rgb\/#primaryimage\"},\"image\":{\"@id\":\"https:\/\/aerocool.io\/la\/product\/ac220-air-rgb\/#primaryimage\"},\"thumbnailUrl\":\"https:\/\/aerocool.io\/wp-content\/uploads\/2018\/05\/AC220-AIR-RGB-Infographic700x700px-RGB-01.jpg\",\"datePublished\":\"2018-05-23T09:06:38+00:00\",\"dateModified\":\"2022-11-29T09:39:54+00:00\",\"breadcrumb\":{\"@id\":\"https:\/\/aerocool.io\/la\/product\/ac220-air-rgb\/#breadcrumb\"},\"inLanguage\":\"la-LA\",\"potentialAction\":[{\"@type\":\"ReadAction\",\"target\":[\"https:\/\/aerocool.io\/la\/product\/ac220-air-rgb\/\"]}]},{\"@type\":\"ImageObject\",\"inLanguage\":\"la-LA\",\"@id\":\"https:\/\/aerocool.io\/la\/product\/ac220-air-rgb\/#primaryimage\",\"url\":\"https:\/\/aerocool.io\/wp-content\/uploads\/2018\/05\/AC220-AIR-RGB-Infographic700x700px-RGB-01.jpg\",\"contentUrl\":\"https:\/\/aerocool.io\/wp-content\/uploads\/2018\/05\/AC220-AIR-RGB-Infographic700x700px-RGB-01.jpg\",\"width\":700,\"height\":700},{\"@type\":\"BreadcrumbList\",\"@id\":\"https:\/\/aerocool.io\/la\/product\/ac220-air-rgb\/#breadcrumb\",\"itemListElement\":[{\"@type\":\"ListItem\",\"position\":1,\"name\":\"Home\",\"item\":\"https:\/\/aerocool.io\/la\/\"},{\"@type\":\"ListItem\",\"position\":2,\"name\":\"Shop\",\"item\":\"https:\/\/aerocool.io\/shop\/\"},{\"@type\":\"ListItem\",\"position\":3,\"name\":\"AC220 AIR RGB\"}]},{\"@type\":\"WebSite\",\"@id\":\"https:\/\/aerocool.io\/#website\",\"url\":\"https:\/\/aerocool.io\/\",\"name\":\"AeroCool\",\"description\":\"Be Cool. Get AeroCool.\",\"publisher\":{\"@id\":\"https:\/\/aerocool.io\/#organization\"},\"potentialAction\":[{\"@type\":\"SearchAction\",\"target\":{\"@type\":\"EntryPoint\",\"urlTemplate\":\"https:\/\/aerocool.io\/?s={search_term_string}\"},\"query-input\":{\"@type\":\"PropertyValueSpecification\",\"valueRequired\":true,\"valueName\":\"search_term_string\"}}],\"inLanguage\":\"la-LA\"},{\"@type\":\"Organization\",\"@id\":\"https:\/\/aerocool.io\/#organization\",\"name\":\"Aerocool\",\"url\":\"https:\/\/aerocool.io\/\",\"logo\":{\"@type\":\"ImageObject\",\"inLanguage\":\"la-LA\",\"@id\":\"https:\/\/aerocool.io\/#\/schema\/logo\/image\/\",\"url\":\"https:\/\/aerocool.io\/wp-content\/uploads\/2018\/03\/AeroCool-Web-White-Logo.png\",\"contentUrl\":\"https:\/\/aerocool.io\/wp-content\/uploads\/2018\/03\/AeroCool-Web-White-Logo.png\",\"width\":500,\"height\":291,\"caption\":\"Aerocool\"},\"image\":{\"@id\":\"https:\/\/aerocool.io\/#\/schema\/logo\/image\/\"}}]}<\/script>\n<!-- \/ Yoast SEO plugin. -->","yoast_head_json":{"title":"AC220 AIR RGB - AeroCool","robots":{"index":"index","follow":"follow","max-snippet":"max-snippet:-1","max-image-preview":"max-image-preview:large","max-video-preview":"max-video-preview:-1"},"canonical":"https:\/\/aerocool.io\/la\/wp-json\/wp\/v2\/product\/101593\/","og_locale":"en_US","og_type":"article","og_title":"AC220 AIR RGB - AeroCool","og_description":"SILLA GAMING RGB Con iluminaci\u00f3n LED RGB a lo largo del borde de la silla, el AC220 AIR RGB te da un toque de emoci\u00f3n mientras juegas. La silla AC220 AIR RGB proporciona un estilo incre\u00edble a tu setup, gracias a un dise\u00f1o inspirado en los asientos de los coches deportivos con una fusi\u00f3n de cuero sint\u00e9tico premium con acabado de tipo fibra de carbono.  La tecnolog\u00eda AIR en la superficie de su asiento y su respaldo incrementan la transpirabilidad y la circulaci\u00f3n del aire, asegur\u00e1ndose de que est\u00e9s c\u00f3modo y fresco mientras juegas.   Equipado con iluminaci\u00f3n LED RGB con dise\u00f1o de fibra \u00f3ptica  Tecnolog\u00eda AIR \u2013 Incrementa la transpiraci\u00f3n y te mantiene fresco  Dise\u00f1o ergon\u00f3mico con acolchado de alta calidad  La piel sint\u00e9tica con patr\u00f3n de fibra de carbono entrega un aire estilizado y futurista  Respaldo reclinable  Cojines cervical y lumbar extra\u00edbles  Pist\u00f3n hidr\u00e1ulico de Clase 4 que soporta hasta 150kg  Las especificaciones est\u00e1n sujetas a cambios sin previo aviso. Los productos y modelos pueden variar seg\u00fan la regi\u00f3n. P\u00f3ngase en contacto con su Hub local para obtener m\u00e1s informaci\u00f3n.","og_url":"https:\/\/aerocool.io\/la\/wp-json\/wp\/v2\/product\/101593\/","og_site_name":"AeroCool","article_modified_time":"2022-11-29T09:39:54+00:00","og_image":[{"width":700,"height":700,"url":"https:\/\/aerocool.io\/wp-content\/uploads\/2018\/05\/AC220-AIR-RGB-Infographic700x700px-RGB-01.jpg","type":"image\/jpeg"}],"twitter_card":"summary_large_image","schema":{"@context":"https:\/\/schema.org","@graph":[{"@type":"WebPage","@id":"https:\/\/aerocool.io\/la\/wp-json\/wp\/v2\/product\/101593\/","url":"https:\/\/aerocool.io\/la\/wp-json\/wp\/v2\/product\/101593\/","name":"AC220 AIR RGB - AeroCool","isPartOf":{"@id":"https:\/\/aerocool.io\/#website"},"primaryImageOfPage":{"@id":"https:\/\/aerocool.io\/la\/product\/ac220-air-rgb\/#primaryimage"},"image":{"@id":"https:\/\/aerocool.io\/la\/product\/ac220-air-rgb\/#primaryimage"},"thumbnailUrl":"https:\/\/aerocool.io\/wp-content\/uploads\/2018\/05\/AC220-AIR-RGB-Infographic700x700px-RGB-01.jpg","datePublished":"2018-05-23T09:06:38+00:00","dateModified":"2022-11-29T09:39:54+00:00","breadcrumb":{"@id":"https:\/\/aerocool.io\/la\/product\/ac220-air-rgb\/#breadcrumb"},"inLanguage":"la-LA","potentialAction":[{"@type":"ReadAction","target":["https:\/\/aerocool.io\/la\/product\/ac220-air-rgb\/"]}]},{"@type":"ImageObject","inLanguage":"la-LA","@id":"https:\/\/aerocool.io\/la\/product\/ac220-air-rgb\/#primaryimage","url":"https:\/\/aerocool.io\/wp-content\/uploads\/2018\/05\/AC220-AIR-RGB-Infographic700x700px-RGB-01.jpg","contentUrl":"https:\/\/aerocool.io\/wp-content\/uploads\/2018\/05\/AC220-AIR-RGB-Infographic700x700px-RGB-01.jpg","width":700,"height":700},{"@type":"BreadcrumbList","@id":"https:\/\/aerocool.io\/la\/product\/ac220-air-rgb\/#breadcrumb","itemListElement":[{"@type":"ListItem","position":1,"name":"Home","item":"https:\/\/aerocool.io\/la\/"},{"@type":"ListItem","position":2,"name":"Shop","item":"https:\/\/aerocool.io\/shop\/"},{"@type":"ListItem","position":3,"name":"AC220 AIR RGB"}]},{"@type":"WebSite","@id":"https:\/\/aerocool.io\/#website","url":"https:\/\/aerocool.io\/","name":"AeroCool","description":"Be Cool. Get AeroCool.","publisher":{"@id":"https:\/\/aerocool.io\/#organization"},"potentialAction":[{"@type":"SearchAction","target":{"@type":"EntryPoint","urlTemplate":"https:\/\/aerocool.io\/?s={search_term_string}"},"query-input":{"@type":"PropertyValueSpecification","valueRequired":true,"valueName":"search_term_string"}}],"inLanguage":"la-LA"},{"@type":"Organization","@id":"https:\/\/aerocool.io\/#organization","name":"Aerocool","url":"https:\/\/aerocool.io\/","logo":{"@type":"ImageObject","inLanguage":"la-LA","@id":"https:\/\/aerocool.io\/#\/schema\/logo\/image\/","url":"https:\/\/aerocool.io\/wp-content\/uploads\/2018\/03\/AeroCool-Web-White-Logo.png","contentUrl":"https:\/\/aerocool.io\/wp-content\/uploads\/2018\/03\/AeroCool-Web-White-Logo.png","width":500,"height":291,"caption":"Aerocool"},"image":{"@id":"https:\/\/aerocool.io\/#\/schema\/logo\/image\/"}}]}},"_links":{"self":[{"href":"https:\/\/aerocool.io\/la\/wp-json\/wp\/v2\/product\/101593"}],"collection":[{"href":"https:\/\/aerocool.io\/la\/wp-json\/wp\/v2\/product"}],"about":[{"href":"https:\/\/aerocool.io\/la\/wp-json\/wp\/v2\/types\/product"}],"version-history":[{"count":0,"href":"https:\/\/aerocool.io\/la\/wp-json\/wp\/v2\/product\/101593\/revisions"}],"wp:featuredmedia":[{"embeddable":true,"href":"https:\/\/aerocool.io\/la\/wp-json\/wp\/v2\/media\/97261"}],"wp:attachment":[{"href":"https:\/\/aerocool.io\/la\/wp-json\/wp\/v2\/media?parent=101593"}],"wp:term":[{"taxonomy":"product_brand","embeddable":true,"href":"https:\/\/aerocool.io\/la\/wp-json\/wp\/v2\/product_brand?post=101593"},{"taxonomy":"product_cat","embeddable":true,"href":"https:\/\/aerocool.io\/la\/wp-json\/wp\/v2\/product_cat?post=101593"},{"taxonomy":"product_tag","embeddable":true,"href":"https:\/\/aerocool.io\/la\/wp-json\/wp\/v2\/product_tag?post=101593"}],"curies":[{"name":"wp","href":"https:\/\/api.w.org\/{rel}","templated":true}]}}