{"id":101605,"date":"2018-12-11T08:47:26","date_gmt":"2018-12-11T08:47:26","guid":{"rendered":"https:\/\/aerocool.io\/product\/aero-2-alpha\/"},"modified":"2020-06-03T04:28:06","modified_gmt":"2020-06-03T04:28:06","slug":"aero-2-alpha","status":"publish","type":"product","link":"https:\/\/aerocool.io\/la\/product\/aero-2-alpha\/","title":{"rendered":"AERO 2 Alpha"},"content":{"rendered":"","protected":false},"excerpt":{"rendered":"<h3>SILLA GAMING<\/h3>\n<p><span style=\"font-weight: 400;\">La AERO 2 Alpha est\u00e1 dise\u00f1ada para transformar tu estudio en una sala gaming elegante y ultraconfortable. La tecnolog\u00eda AIR MESH presenta un dise\u00f1o innovador en el cual se incorporan materiales transpirables entretejidos en la superficie de asiento de la silla. Construida con un dise\u00f1o amigable con la ergonom\u00eda, esta silla para juegos te mantiene c\u00f3modo y relajado durante largas sesiones de juego.<\/span><\/p>\n<ul>\n<li><span style=\"font-weight: 400; color: #000000;\">Tecnolog\u00eda AIR Mesh: materiales transpirables entretejidos<br \/>\n<\/span><\/li>\n<li><span style=\"font-weight: 400; color: #000000;\">Dise\u00f1o ergon\u00f3mico con acolchado de alta calidad<\/span><\/li>\n<li><span style=\"font-weight: 400; color: #000000;\">La piel sint\u00e9tica con patr\u00f3n de fibra de carbono entrega un aire estilizado y futurista<\/span><\/li>\n<li><span style=\"font-weight: 400; color: #000000;\">Reposabrazos fijos acolchados<\/span><\/li>\n<li><span style=\"font-weight: 400; color: #000000;\">Pist\u00f3n hidr\u00e1ulico de Clase 4 que soporta hasta 150kg<\/span><\/li>\n<li><span style=\"font-weight: 400; color: #000000;\">El mecanismo de mariposa permite un balanceo de hasta 18\u00ba<br \/>\n<\/span><\/li>\n<\/ul>\n<p><em>Las especificaciones est\u00e1n sujetas a cambios sin previo aviso.<br \/>\nLos productos y modelos pueden variar seg\u00fan la regi\u00f3n.<br \/>\nP\u00f3ngase en contacto con su Hub local para obtener m\u00e1s informaci\u00f3n.<\/em><\/p>\n","protected":false},"featured_media":97246,"template":"","meta":{"_acf_changed":false,"footnotes":""},"product_brand":[],"product_cat":[1644,1651,1632,1637,1653,1630],"product_tag":[],"class_list":{"0":"post-101605","1":"product","2":"type-product","3":"status-publish","4":"has-post-thumbnail","6":"product_cat-65mm-la","7":"product_cat-plywood-la","8":"product_cat-fixed-la","9":"product_cat-fixed-backrest-la","10":"product_cat-none-led-lighting-gaming-chairs-la","11":"product_cat-gaming-chairs-la","13":"first","14":"instock","15":"shipping-taxable","16":"product-type-simple"},"acf":[],"yoast_head":"<!-- This site is optimized with the Yoast SEO plugin v25.6 - https:\/\/yoast.com\/wordpress\/plugins\/seo\/ -->\n<title>AERO 2 Alpha - AeroCool<\/title>\n<meta name=\"robots\" content=\"index, follow, max-snippet:-1, max-image-preview:large, max-video-preview:-1\" \/>\n<link rel=\"canonical\" href=\"https:\/\/aerocool.io\/la\/wp-json\/wp\/v2\/product\/101605\/\" \/>\n<meta property=\"og:locale\" content=\"en_US\" \/>\n<meta property=\"og:type\" content=\"article\" \/>\n<meta property=\"og:title\" content=\"AERO 2 Alpha - AeroCool\" \/>\n<meta property=\"og:description\" content=\"SILLA GAMING La AERO 2 Alpha est\u00e1 dise\u00f1ada para transformar tu estudio en una sala gaming elegante y ultraconfortable. La tecnolog\u00eda AIR MESH presenta un dise\u00f1o innovador en el cual se incorporan materiales transpirables entretejidos en la superficie de asiento de la silla. Construida con un dise\u00f1o amigable con la ergonom\u00eda, esta silla para juegos te mantiene c\u00f3modo y relajado durante largas sesiones de juego.   Tecnolog\u00eda AIR Mesh: materiales transpirables entretejidos   Dise\u00f1o ergon\u00f3mico con acolchado de alta calidad  La piel sint\u00e9tica con patr\u00f3n de fibra de carbono entrega un aire estilizado y futurista  Reposabrazos fijos acolchados  Pist\u00f3n hidr\u00e1ulico de Clase 4 que soporta hasta 150kg  El mecanismo de mariposa permite un balanceo de hasta 18\u00ba   Las especificaciones est\u00e1n sujetas a cambios sin previo aviso. Los productos y modelos pueden variar seg\u00fan la regi\u00f3n. P\u00f3ngase en contacto con su Hub local para obtener m\u00e1s informaci\u00f3n.\" \/>\n<meta property=\"og:url\" content=\"https:\/\/aerocool.io\/la\/wp-json\/wp\/v2\/product\/101605\/\" \/>\n<meta property=\"og:site_name\" content=\"AeroCool\" \/>\n<meta property=\"article:modified_time\" content=\"2020-06-03T04:28:06+00:00\" \/>\n<meta property=\"og:image\" content=\"https:\/\/aerocool.io\/wp-content\/uploads\/2018\/12\/Aero-2-Alpha-Infographic700x700px-BR-01.jpg\" \/>\n\t<meta property=\"og:image:width\" content=\"700\" \/>\n\t<meta property=\"og:image:height\" content=\"700\" \/>\n\t<meta property=\"og:image:type\" content=\"image\/jpeg\" \/>\n<meta name=\"twitter:card\" content=\"summary_large_image\" \/>\n<script type=\"application\/ld+json\" class=\"yoast-schema-graph\">{\"@context\":\"https:\/\/schema.org\",\"@graph\":[{\"@type\":\"WebPage\",\"@id\":\"https:\/\/aerocool.io\/la\/wp-json\/wp\/v2\/product\/101605\/\",\"url\":\"https:\/\/aerocool.io\/la\/wp-json\/wp\/v2\/product\/101605\/\",\"name\":\"AERO 2 Alpha - AeroCool\",\"isPartOf\":{\"@id\":\"https:\/\/aerocool.io\/#website\"},\"primaryImageOfPage\":{\"@id\":\"https:\/\/aerocool.io\/la\/product\/aero-2-alpha\/#primaryimage\"},\"image\":{\"@id\":\"https:\/\/aerocool.io\/la\/product\/aero-2-alpha\/#primaryimage\"},\"thumbnailUrl\":\"https:\/\/aerocool.io\/wp-content\/uploads\/2018\/12\/Aero-2-Alpha-Infographic700x700px-BR-01.jpg\",\"datePublished\":\"2018-12-11T08:47:26+00:00\",\"dateModified\":\"2020-06-03T04:28:06+00:00\",\"breadcrumb\":{\"@id\":\"https:\/\/aerocool.io\/la\/product\/aero-2-alpha\/#breadcrumb\"},\"inLanguage\":\"la-LA\",\"potentialAction\":[{\"@type\":\"ReadAction\",\"target\":[\"https:\/\/aerocool.io\/la\/product\/aero-2-alpha\/\"]}]},{\"@type\":\"ImageObject\",\"inLanguage\":\"la-LA\",\"@id\":\"https:\/\/aerocool.io\/la\/product\/aero-2-alpha\/#primaryimage\",\"url\":\"https:\/\/aerocool.io\/wp-content\/uploads\/2018\/12\/Aero-2-Alpha-Infographic700x700px-BR-01.jpg\",\"contentUrl\":\"https:\/\/aerocool.io\/wp-content\/uploads\/2018\/12\/Aero-2-Alpha-Infographic700x700px-BR-01.jpg\",\"width\":700,\"height\":700},{\"@type\":\"BreadcrumbList\",\"@id\":\"https:\/\/aerocool.io\/la\/product\/aero-2-alpha\/#breadcrumb\",\"itemListElement\":[{\"@type\":\"ListItem\",\"position\":1,\"name\":\"Home\",\"item\":\"https:\/\/aerocool.io\/la\/\"},{\"@type\":\"ListItem\",\"position\":2,\"name\":\"Shop\",\"item\":\"https:\/\/aerocool.io\/shop\/\"},{\"@type\":\"ListItem\",\"position\":3,\"name\":\"AERO 2 Alpha\"}]},{\"@type\":\"WebSite\",\"@id\":\"https:\/\/aerocool.io\/#website\",\"url\":\"https:\/\/aerocool.io\/\",\"name\":\"AeroCool\",\"description\":\"Be Cool. Get AeroCool.\",\"publisher\":{\"@id\":\"https:\/\/aerocool.io\/#organization\"},\"potentialAction\":[{\"@type\":\"SearchAction\",\"target\":{\"@type\":\"EntryPoint\",\"urlTemplate\":\"https:\/\/aerocool.io\/?s={search_term_string}\"},\"query-input\":{\"@type\":\"PropertyValueSpecification\",\"valueRequired\":true,\"valueName\":\"search_term_string\"}}],\"inLanguage\":\"la-LA\"},{\"@type\":\"Organization\",\"@id\":\"https:\/\/aerocool.io\/#organization\",\"name\":\"Aerocool\",\"url\":\"https:\/\/aerocool.io\/\",\"logo\":{\"@type\":\"ImageObject\",\"inLanguage\":\"la-LA\",\"@id\":\"https:\/\/aerocool.io\/#\/schema\/logo\/image\/\",\"url\":\"https:\/\/aerocool.io\/wp-content\/uploads\/2018\/03\/AeroCool-Web-White-Logo.png\",\"contentUrl\":\"https:\/\/aerocool.io\/wp-content\/uploads\/2018\/03\/AeroCool-Web-White-Logo.png\",\"width\":500,\"height\":291,\"caption\":\"Aerocool\"},\"image\":{\"@id\":\"https:\/\/aerocool.io\/#\/schema\/logo\/image\/\"}}]}<\/script>\n<!-- \/ Yoast SEO plugin. -->","yoast_head_json":{"title":"AERO 2 Alpha - AeroCool","robots":{"index":"index","follow":"follow","max-snippet":"max-snippet:-1","max-image-preview":"max-image-preview:large","max-video-preview":"max-video-preview:-1"},"canonical":"https:\/\/aerocool.io\/la\/wp-json\/wp\/v2\/product\/101605\/","og_locale":"en_US","og_type":"article","og_title":"AERO 2 Alpha - AeroCool","og_description":"SILLA GAMING La AERO 2 Alpha est\u00e1 dise\u00f1ada para transformar tu estudio en una sala gaming elegante y ultraconfortable. La tecnolog\u00eda AIR MESH presenta un dise\u00f1o innovador en el cual se incorporan materiales transpirables entretejidos en la superficie de asiento de la silla. Construida con un dise\u00f1o amigable con la ergonom\u00eda, esta silla para juegos te mantiene c\u00f3modo y relajado durante largas sesiones de juego.   Tecnolog\u00eda AIR Mesh: materiales transpirables entretejidos   Dise\u00f1o ergon\u00f3mico con acolchado de alta calidad  La piel sint\u00e9tica con patr\u00f3n de fibra de carbono entrega un aire estilizado y futurista  Reposabrazos fijos acolchados  Pist\u00f3n hidr\u00e1ulico de Clase 4 que soporta hasta 150kg  El mecanismo de mariposa permite un balanceo de hasta 18\u00ba   Las especificaciones est\u00e1n sujetas a cambios sin previo aviso. Los productos y modelos pueden variar seg\u00fan la regi\u00f3n. P\u00f3ngase en contacto con su Hub local para obtener m\u00e1s informaci\u00f3n.","og_url":"https:\/\/aerocool.io\/la\/wp-json\/wp\/v2\/product\/101605\/","og_site_name":"AeroCool","article_modified_time":"2020-06-03T04:28:06+00:00","og_image":[{"width":700,"height":700,"url":"https:\/\/aerocool.io\/wp-content\/uploads\/2018\/12\/Aero-2-Alpha-Infographic700x700px-BR-01.jpg","type":"image\/jpeg"}],"twitter_card":"summary_large_image","schema":{"@context":"https:\/\/schema.org","@graph":[{"@type":"WebPage","@id":"https:\/\/aerocool.io\/la\/wp-json\/wp\/v2\/product\/101605\/","url":"https:\/\/aerocool.io\/la\/wp-json\/wp\/v2\/product\/101605\/","name":"AERO 2 Alpha - AeroCool","isPartOf":{"@id":"https:\/\/aerocool.io\/#website"},"primaryImageOfPage":{"@id":"https:\/\/aerocool.io\/la\/product\/aero-2-alpha\/#primaryimage"},"image":{"@id":"https:\/\/aerocool.io\/la\/product\/aero-2-alpha\/#primaryimage"},"thumbnailUrl":"https:\/\/aerocool.io\/wp-content\/uploads\/2018\/12\/Aero-2-Alpha-Infographic700x700px-BR-01.jpg","datePublished":"2018-12-11T08:47:26+00:00","dateModified":"2020-06-03T04:28:06+00:00","breadcrumb":{"@id":"https:\/\/aerocool.io\/la\/product\/aero-2-alpha\/#breadcrumb"},"inLanguage":"la-LA","potentialAction":[{"@type":"ReadAction","target":["https:\/\/aerocool.io\/la\/product\/aero-2-alpha\/"]}]},{"@type":"ImageObject","inLanguage":"la-LA","@id":"https:\/\/aerocool.io\/la\/product\/aero-2-alpha\/#primaryimage","url":"https:\/\/aerocool.io\/wp-content\/uploads\/2018\/12\/Aero-2-Alpha-Infographic700x700px-BR-01.jpg","contentUrl":"https:\/\/aerocool.io\/wp-content\/uploads\/2018\/12\/Aero-2-Alpha-Infographic700x700px-BR-01.jpg","width":700,"height":700},{"@type":"BreadcrumbList","@id":"https:\/\/aerocool.io\/la\/product\/aero-2-alpha\/#breadcrumb","itemListElement":[{"@type":"ListItem","position":1,"name":"Home","item":"https:\/\/aerocool.io\/la\/"},{"@type":"ListItem","position":2,"name":"Shop","item":"https:\/\/aerocool.io\/shop\/"},{"@type":"ListItem","position":3,"name":"AERO 2 Alpha"}]},{"@type":"WebSite","@id":"https:\/\/aerocool.io\/#website","url":"https:\/\/aerocool.io\/","name":"AeroCool","description":"Be Cool. Get AeroCool.","publisher":{"@id":"https:\/\/aerocool.io\/#organization"},"potentialAction":[{"@type":"SearchAction","target":{"@type":"EntryPoint","urlTemplate":"https:\/\/aerocool.io\/?s={search_term_string}"},"query-input":{"@type":"PropertyValueSpecification","valueRequired":true,"valueName":"search_term_string"}}],"inLanguage":"la-LA"},{"@type":"Organization","@id":"https:\/\/aerocool.io\/#organization","name":"Aerocool","url":"https:\/\/aerocool.io\/","logo":{"@type":"ImageObject","inLanguage":"la-LA","@id":"https:\/\/aerocool.io\/#\/schema\/logo\/image\/","url":"https:\/\/aerocool.io\/wp-content\/uploads\/2018\/03\/AeroCool-Web-White-Logo.png","contentUrl":"https:\/\/aerocool.io\/wp-content\/uploads\/2018\/03\/AeroCool-Web-White-Logo.png","width":500,"height":291,"caption":"Aerocool"},"image":{"@id":"https:\/\/aerocool.io\/#\/schema\/logo\/image\/"}}]}},"_links":{"self":[{"href":"https:\/\/aerocool.io\/la\/wp-json\/wp\/v2\/product\/101605"}],"collection":[{"href":"https:\/\/aerocool.io\/la\/wp-json\/wp\/v2\/product"}],"about":[{"href":"https:\/\/aerocool.io\/la\/wp-json\/wp\/v2\/types\/product"}],"version-history":[{"count":0,"href":"https:\/\/aerocool.io\/la\/wp-json\/wp\/v2\/product\/101605\/revisions"}],"wp:featuredmedia":[{"embeddable":true,"href":"https:\/\/aerocool.io\/la\/wp-json\/wp\/v2\/media\/97246"}],"wp:attachment":[{"href":"https:\/\/aerocool.io\/la\/wp-json\/wp\/v2\/media?parent=101605"}],"wp:term":[{"taxonomy":"product_brand","embeddable":true,"href":"https:\/\/aerocool.io\/la\/wp-json\/wp\/v2\/product_brand?post=101605"},{"taxonomy":"product_cat","embeddable":true,"href":"https:\/\/aerocool.io\/la\/wp-json\/wp\/v2\/product_cat?post=101605"},{"taxonomy":"product_tag","embeddable":true,"href":"https:\/\/aerocool.io\/la\/wp-json\/wp\/v2\/product_tag?post=101605"}],"curies":[{"name":"wp","href":"https:\/\/api.w.org\/{rel}","templated":true}]}}