{"id":101607,"date":"2019-10-16T03:39:36","date_gmt":"2019-10-16T03:39:36","guid":{"rendered":"https:\/\/aerocool.io\/product\/baron\/"},"modified":"2021-05-18T16:36:36","modified_gmt":"2021-05-18T08:36:36","slug":"baron","status":"publish","type":"product","link":"https:\/\/aerocool.io\/la\/product\/baron\/","title":{"rendered":"BARON"},"content":{"rendered":"<section class=\"l-section wpb_row height_medium\"><div class=\"l-section-h i-cf\"><div class=\"g-cols vc_row via_flex valign_top type_default stacking_default\"><div class=\"vc_col-sm-12 wpb_column vc_column_container\"><div class=\"vc_column-inner\"><div class=\"wpb_wrapper\"><div class=\"g-cols wpb_row via_flex valign_top type_default stacking_default\"><div class=\"vc_col-sm-2 wpb_column vc_column_container acio-nosmall\"><div class=\"vc_column-inner\"><div class=\"wpb_wrapper\"><div class=\"ult_pricing_table_wrap ult_info_table ult_design_5  ult-cs-black  \">\n\t\t\t\t\t<div class=\"ult_pricing_table \" style=\" \"><div id=\"Info-table-wrap-1227\" class=\"ult_pricing_heading\" style=\"\">\n\t\t\t\t\t\t\t<h3 class=\"ult-responsive\"  data-ultimate-target='#Info-table-wrap-1227 h3'  data-responsive-json-new='{\"font-size\":\"\",\"line-height\":\"\"}'  style=\"font-weight:normal;\">Model<\/h3><\/div><!--ult_pricing_heading--><div class=\"ult_price_body_block\" style=\"\">\n\t\t\t\t\t\t\t<div class=\"ult_price_body\">\n\t\t\t\t\t\t\t\t<div class=\"ult_price\">\n\t\t\t\t\t\t\t\t\t<div class=\"ult-just-icon-wrapper  \"><div class=\"align-icon\" style=\"text-align:center;\"><\/div><\/div>\n\t\t\t\t\t\t\t\t<\/div>\n\t\t\t\t\t\t\t<\/div>\n\t\t\t\t\t\t<\/div><!--ult_price_body_block--><div id=\"info_table_features_wrap-8562\"  data-ultimate-target='#info_table_features_wrap-8562.ult_price_features'  data-responsive-json-new='{\"font-size\":\"\",\"line-height\":\"\"}'  class=\"ult-responsive ult_price_features\" style=\"font-weight:normal;\">\n\t\t\t\t\t\t\t<p style=\"text-align: center;\"><span style=\"font-weight: 400;\">Fabric Technology<\/span><\/p>\n<p style=\"text-align: center;\"><span style=\"font-weight: 400;\">Frame Type <\/span><\/p>\n<p style=\"text-align: center;\"><span style=\"font-weight: 400;\">Adjustable Armrests <\/span><\/p>\n<p style=\"text-align: center;\"><span style=\"font-weight: 400;\">Adjustable Backrest <\/span><\/p>\n<p style=\"text-align: center;\"><span style=\"font-weight: 400;\">Gas Lift Class<\/span><\/p>\n<p style=\"text-align: center;\"><span style=\"font-weight: 400;\">Caster Size &amp; Material<\/span><\/p>\n\n\t\t\t\t\t\t<\/div><!--ult_price_features--><div class=\"ult_clr\"><\/div>\n\t\t\t<\/div><!--pricing_table-->\n\t\t<\/div><!--pricing_table_wrap--><\/div><\/div><\/div><div class=\"vc_col-sm-2 vc_col-xs-4 wpb_column vc_column_container\"><div class=\"vc_column-inner\"><div class=\"wpb_wrapper\"><div class=\"ult_pricing_table_wrap ult_info_table ult_design_5  ult-cs-black  \">\n\t\t\t\t\t<div class=\"ult_pricing_table \" style=\" \"><div id=\"Info-table-wrap-8085\" class=\"ult_pricing_heading\" style=\"\">\n\t\t\t\t\t\t\t<h3 class=\"ult-responsive\"  data-ultimate-target='#Info-table-wrap-8085 h3'  data-responsive-json-new='{\"font-size\":\"\",\"line-height\":\"\"}'  style=\"font-weight:normal;\">EARL<\/h3><\/div><!--ult_pricing_heading--><div class=\"ult_price_body_block\" style=\"\">\n\t\t\t\t\t\t\t<div class=\"ult_price_body\">\n\t\t\t\t\t\t\t\t<div class=\"ult_price\">\n\t\t\t\t\t\t\t\t\t<div class=\"ult-just-icon-wrapper  \"><div class=\"align-icon\" style=\"text-align:center;\"><\/div><\/div>\n\t\t\t\t\t\t\t\t<\/div>\n\t\t\t\t\t\t\t<\/div>\n\t\t\t\t\t\t<\/div><!--ult_price_body_block--><div id=\"info_table_features_wrap-2313\"  data-ultimate-target='#info_table_features_wrap-2313.ult_price_features'  data-responsive-json-new='{\"font-size\":\"\",\"line-height\":\"\"}'  class=\"ult-responsive ult_price_features\" style=\"font-weight:normal;\">\n\t\t\t\t\t\t\t<p style=\"text-align: center;\"><span style=\"font-weight: 400;\">AeroSuede, Breathable mesh<\/span><\/p>\n<p style=\"text-align: center;\"><span style=\"font-weight: 400;\">Steel<\/span><\/p>\n<p style=\"text-align: center;\"><span style=\"font-weight: 400;\">No, Fixed<\/span><\/p>\n<p style=\"text-align: center;\"><span style=\"font-weight: 400;\">Yes<\/span><\/p>\n<p style=\"text-align: center;\"><span style=\"font-weight: 400;\">Class 4<\/span><\/p>\n<p style=\"text-align: center;\"><span style=\"font-weight: 400;\">50mm nylon caster<\/span><\/p>\n\n\t\t\t\t\t\t<\/div><!--ult_price_features--><div id=\"info_table_btn_wrap-6159\"  class=\"ult_price_link\" style=\"\">\n\t\t\t\t\t\t\t<a href=\"https:\/\/aerocool.io\/product\/earl\/\" target=\"_blank\" rel=\"noopener\"    data-ultimate-target='#info_table_btn_wrap-6159 .ult_price_action_button'  data-responsive-json-new='{\"font-size\":\"\",\"line-height\":\"\"}'  class=\"ult-responsive ult_price_action_button\" style=\" font-weight:normal;\">Learn More<\/a>\n\t\t\t\t\t\t<\/div><!--ult_price_link--><div class=\"ult_clr\"><\/div>\n\t\t\t<\/div><!--pricing_table-->\n\t\t<\/div><!--pricing_table_wrap--><\/div><\/div><\/div><div class=\"vc_col-sm-2 vc_col-xs-4 wpb_column vc_column_container\"><div class=\"vc_column-inner\"><div class=\"wpb_wrapper\"><div class=\"ult_pricing_table_wrap ult_info_table ult_design_5  ult-cs-black  \">\n\t\t\t\t\t<div class=\"ult_pricing_table \" style=\" \"><div id=\"Info-table-wrap-9328\" class=\"ult_pricing_heading\" style=\"\">\n\t\t\t\t\t\t\t<h3 class=\"ult-responsive\"  data-ultimate-target='#Info-table-wrap-9328 h3'  data-responsive-json-new='{\"font-size\":\"\",\"line-height\":\"\"}'  style=\"font-weight:normal;\">COUNT<\/h3><\/div><!--ult_pricing_heading--><div class=\"ult_price_body_block\" style=\"\">\n\t\t\t\t\t\t\t<div class=\"ult_price_body\">\n\t\t\t\t\t\t\t\t<div class=\"ult_price\">\n\t\t\t\t\t\t\t\t\t<div class=\"ult-just-icon-wrapper  \"><div class=\"align-icon\" style=\"text-align:center;\"><\/div><\/div>\n\t\t\t\t\t\t\t\t<\/div>\n\t\t\t\t\t\t\t<\/div>\n\t\t\t\t\t\t<\/div><!--ult_price_body_block--><div id=\"info_table_features_wrap-3519\"  data-ultimate-target='#info_table_features_wrap-3519.ult_price_features'  data-responsive-json-new='{\"font-size\":\"\",\"line-height\":\"\"}'  class=\"ult-responsive ult_price_features\" style=\"font-weight:normal;\">\n\t\t\t\t\t\t\t<p style=\"text-align: center;\"><span style=\"font-weight: 400;\">AeroSuede, Breathable mesh<\/span><\/p>\n<p style=\"text-align: center;\"><span style=\"font-weight: 400;\">Steel<\/span><\/p>\n<p style=\"text-align: center;\"><span style=\"font-weight: 400;\">No, Fixed<\/span><\/p>\n<p style=\"text-align: center;\"><span style=\"font-weight: 400;\">Yes<\/span><\/p>\n<p style=\"text-align: center;\"><span style=\"font-weight: 400;\">Class 4<\/span><\/p>\n<p style=\"text-align: center;\"><span style=\"font-weight: 400;\">50mm nylon caster<\/span><\/p>\n\n\t\t\t\t\t\t<\/div><!--ult_price_features--><div id=\"info_table_btn_wrap-3948\"  class=\"ult_price_link\" style=\"\">\n\t\t\t\t\t\t\t<a href=\"https:\/\/aerocool.io\/product\/count\" target=\"_blank\" rel=\"noopener\"    data-ultimate-target='#info_table_btn_wrap-3948 .ult_price_action_button'  data-responsive-json-new='{\"font-size\":\"\",\"line-height\":\"\"}'  class=\"ult-responsive ult_price_action_button\" style=\" font-weight:normal;\">Learn More<\/a>\n\t\t\t\t\t\t<\/div><!--ult_price_link--><div class=\"ult_clr\"><\/div>\n\t\t\t<\/div><!--pricing_table-->\n\t\t<\/div><!--pricing_table_wrap--><\/div><\/div><\/div><div class=\"vc_col-sm-2 vc_col-xs-4 wpb_column vc_column_container\"><div class=\"vc_column-inner\"><div class=\"wpb_wrapper\"><div class=\"ult_pricing_table_wrap ult_info_table ult_design_5  ult-cs-black  \">\n\t\t\t\t\t<div class=\"ult_pricing_table \" style=\" \"><div id=\"Info-table-wrap-1165\" class=\"ult_pricing_heading\" style=\"\">\n\t\t\t\t\t\t\t<h3 class=\"ult-responsive\"  data-ultimate-target='#Info-table-wrap-1165 h3'  data-responsive-json-new='{\"font-size\":\"\",\"line-height\":\"\"}'  style=\"font-weight:normal;\">KNIGHT<\/h3><\/div><!--ult_pricing_heading--><div class=\"ult_price_body_block\" style=\"\">\n\t\t\t\t\t\t\t<div class=\"ult_price_body\">\n\t\t\t\t\t\t\t\t<div class=\"ult_price\">\n\t\t\t\t\t\t\t\t\t<div class=\"ult-just-icon-wrapper  \"><div class=\"align-icon\" style=\"text-align:center;\"><\/div><\/div>\n\t\t\t\t\t\t\t\t<\/div>\n\t\t\t\t\t\t\t<\/div>\n\t\t\t\t\t\t<\/div><!--ult_price_body_block--><div id=\"info_table_features_wrap-3512\"  data-ultimate-target='#info_table_features_wrap-3512.ult_price_features'  data-responsive-json-new='{\"font-size\":\"\",\"line-height\":\"\"}'  class=\"ult-responsive ult_price_features\" style=\"font-weight:normal;\">\n\t\t\t\t\t\t\t<p style=\"text-align: center;\"><span style=\"font-weight: 400;\">AeroSuede, Premium leatherette<\/span><\/p>\n<p style=\"text-align: center;\"><span style=\"font-weight: 400;\">Steel<\/span><\/p>\n<p style=\"text-align: center;\"><span style=\"font-weight: 400;\">Yes, Two-directional<\/span><\/p>\n<p style=\"text-align: center;\"><span style=\"font-weight: 400;\">Yes<\/span><\/p>\n<p style=\"text-align: center;\"><span style=\"font-weight: 400;\">Class 4<\/span><\/p>\n<p style=\"text-align: center;\"><span style=\"font-weight: 400;\">60mm nylon caster<\/span><\/p>\n\n\t\t\t\t\t\t<\/div><!--ult_price_features--><div id=\"info_table_btn_wrap-2438\"  class=\"ult_price_link\" style=\"\">\n\t\t\t\t\t\t\t<a href=\"https:\/\/aerocool.io\/product\/knight\/\" title=\"KNIGHT\" target=\"_blank\" rel=\"noopener\"    data-ultimate-target='#info_table_btn_wrap-2438 .ult_price_action_button'  data-responsive-json-new='{\"font-size\":\"\",\"line-height\":\"\"}'  class=\"ult-responsive ult_price_action_button\" style=\" font-weight:normal;\">Learn More<\/a>\n\t\t\t\t\t\t<\/div><!--ult_price_link--><div class=\"ult_clr\"><\/div>\n\t\t\t<\/div><!--pricing_table-->\n\t\t<\/div><!--pricing_table_wrap--><\/div><\/div><\/div><div class=\"vc_col-sm-2 vc_col-xs-4 wpb_column vc_column_container\"><div class=\"vc_column-inner\"><div class=\"wpb_wrapper\"><div class=\"ult_pricing_table_wrap ult_info_table ult_design_5  ult-cs-black  \">\n\t\t\t\t\t<div class=\"ult_pricing_table \" style=\" \"><div id=\"Info-table-wrap-3469\" class=\"ult_pricing_heading\" style=\"\">\n\t\t\t\t\t\t\t<h3 class=\"ult-responsive\"  data-ultimate-target='#Info-table-wrap-3469 h3'  data-responsive-json-new='{\"font-size\":\"\",\"line-height\":\"\"}'  style=\"font-weight:normal;\">BARON<\/h3><\/div><!--ult_pricing_heading--><div class=\"ult_price_body_block\" style=\"\">\n\t\t\t\t\t\t\t<div class=\"ult_price_body\">\n\t\t\t\t\t\t\t\t<div class=\"ult_price\">\n\t\t\t\t\t\t\t\t\t<div class=\"ult-just-icon-wrapper  \"><div class=\"align-icon\" style=\"text-align:center;\"><\/div><\/div>\n\t\t\t\t\t\t\t\t<\/div>\n\t\t\t\t\t\t\t<\/div>\n\t\t\t\t\t\t<\/div><!--ult_price_body_block--><div id=\"info_table_features_wrap-5679\"  data-ultimate-target='#info_table_features_wrap-5679.ult_price_features'  data-responsive-json-new='{\"font-size\":\"\",\"line-height\":\"\"}'  class=\"ult-responsive ult_price_features\" style=\"font-weight:normal;\">\n\t\t\t\t\t\t\t<p style=\"text-align: center;\"><span style=\"font-weight: 400;\">AeroSuede, Premium leatherette<\/span><\/p>\n<p style=\"text-align: center;\"><span style=\"font-weight: 400;\">Steel<\/span><\/p>\n<p style=\"text-align: center;\"><span style=\"font-weight: 400;\">Yes, Two-directional<\/span><\/p>\n<p style=\"text-align: center;\"><span style=\"font-weight: 400;\">Yes<\/span><\/p>\n<p style=\"text-align: center;\"><span style=\"font-weight: 400;\">Class 4<\/span><\/p>\n<p style=\"text-align: center;\"><span style=\"font-weight: 400;\">60mm nylon caster<\/span><\/p>\n\n\t\t\t\t\t\t<\/div><!--ult_price_features--><div id=\"info_table_btn_wrap-8143\"  class=\"ult_price_link\" style=\"\">\n\t\t\t\t\t\t\t<a href=\"https:\/\/aerocool.io\/product\/baron\" title=\"BARON\" target=\"_blank\" rel=\"noopener\"    data-ultimate-target='#info_table_btn_wrap-8143 .ult_price_action_button'  data-responsive-json-new='{\"font-size\":\"\",\"line-height\":\"\"}'  class=\"ult-responsive ult_price_action_button\" style=\" font-weight:normal;\">Learn More<\/a>\n\t\t\t\t\t\t<\/div><!--ult_price_link--><div class=\"ult_clr\"><\/div>\n\t\t\t<\/div><!--pricing_table-->\n\t\t<\/div><!--pricing_table_wrap--><\/div><\/div><\/div><div class=\"vc_col-sm-2 vc_col-xs-4 wpb_column vc_column_container\"><div class=\"vc_column-inner\"><div class=\"wpb_wrapper\"><div class=\"ult_pricing_table_wrap ult_info_table ult_design_5  ult-cs-black  \">\n\t\t\t\t\t<div class=\"ult_pricing_table \" style=\" \"><div id=\"Info-table-wrap-6213\" class=\"ult_pricing_heading\" style=\"\">\n\t\t\t\t\t\t\t<h3 class=\"ult-responsive\"  data-ultimate-target='#Info-table-wrap-6213 h3'  data-responsive-json-new='{\"font-size\":\"\",\"line-height\":\"\"}'  style=\"font-weight:normal;\">DUKE<\/h3><\/div><!--ult_pricing_heading--><div class=\"ult_price_body_block\" style=\"\">\n\t\t\t\t\t\t\t<div class=\"ult_price_body\">\n\t\t\t\t\t\t\t\t<div class=\"ult_price\">\n\t\t\t\t\t\t\t\t\t<div class=\"ult-just-icon-wrapper  \"><div class=\"align-icon\" style=\"text-align:center;\"><\/div><\/div>\n\t\t\t\t\t\t\t\t<\/div>\n\t\t\t\t\t\t\t<\/div>\n\t\t\t\t\t\t<\/div><!--ult_price_body_block--><div id=\"info_table_features_wrap-4675\"  data-ultimate-target='#info_table_features_wrap-4675.ult_price_features'  data-responsive-json-new='{\"font-size\":\"\",\"line-height\":\"\"}'  class=\"ult-responsive ult_price_features\" style=\"font-weight:normal;\">\n\t\t\t\t\t\t\t<p style=\"text-align: center;\"><span style=\"font-weight: 400;\">AeroSuede, Premium leatherette<\/span><\/p>\n<p style=\"text-align: center;\"><span style=\"font-weight: 400;\">Steel<\/span><\/p>\n<p style=\"text-align: center;\"><span style=\"font-weight: 400;\">Yes, Two-directional<\/span><\/p>\n<p style=\"text-align: center;\"><span style=\"font-weight: 400;\">Yes<\/span><\/p>\n<p style=\"text-align: center;\"><span style=\"font-weight: 400;\">Class 4<\/span><\/p>\n<p style=\"text-align: center;\"><span style=\"font-weight: 400;\">60mm nylon caster<\/span><\/p>\n\n\t\t\t\t\t\t<\/div><!--ult_price_features--><div id=\"info_table_btn_wrap-2285\"  class=\"ult_price_link\" style=\"\">\n\t\t\t\t\t\t\t<a href=\"https:\/\/aerocool.io\/product\/duke\" title=\"DUKE\" target=\"_blank\" rel=\"noopener\"    data-ultimate-target='#info_table_btn_wrap-2285 .ult_price_action_button'  data-responsive-json-new='{\"font-size\":\"\",\"line-height\":\"\"}'  class=\"ult-responsive ult_price_action_button\" style=\" font-weight:normal;\">Learn More<\/a>\n\t\t\t\t\t\t<\/div><!--ult_price_link--><div class=\"ult_clr\"><\/div>\n\t\t\t<\/div><!--pricing_table-->\n\t\t<\/div><!--pricing_table_wrap--><\/div><\/div><\/div><\/div><\/div><\/div><\/div><\/div><\/div><\/section>\n","protected":false},"excerpt":{"rendered":"<h3>SILLA GAMING AEROSUEDE<\/h3>\n<p>Usando una combinaci\u00f3n de telas premium no tejidas y microfibras, AeroSuede proporciona una imagen y sensaci\u00f3n suave y lujosa a la vez que proporcionan transpirabilidad m\u00e1xima. Construida con un dise\u00f1o amigable con la ergonom\u00eda, esta silla para juegos te mantiene c\u00f3modo y relajado durante largas sesiones de juego. La piel sint\u00e9tica con patr\u00f3n de fibra de carbono entrega un aire estilizado y futurista.<\/p>\n<ul>\n<li>Tecnolog\u00eda AeroSuede: tejidos suaves y transpirables<\/li>\n<li>Dise\u00f1o ergon\u00f3mico con acolchado de alta calidad<\/li>\n<li>Dise\u00f1o futurista con acabados especial<\/li>\n<li>Espuma de alta densidad y patr\u00f3n de diamante<\/li>\n<li>2 cojines accesorios para apoyo lumbar y cervical<\/li>\n<li>Pist\u00f3n de gas de Clase 4<\/li>\n<li>4 colores disponibles<\/li>\n<\/ul>\n<p><em>Las especificaciones est\u00e1n sujetas a cambios sin previo aviso.<br \/>\nLos productos y modelos pueden variar seg\u00fan la regi\u00f3n.<br \/>\nP\u00f3ngase en contacto con su Hub local para obtener m\u00e1s informaci\u00f3n.<\/em><br \/>\n[us_btn label=\"Donde comprar\" link=\"url:https%3A%2F%2Faerocool.io%2Fwhere-to-buy%2F|title:Where%20to%20Buy|target:%20_blank|\" text=\"Download\"]<\/p>\n","protected":false},"featured_media":101608,"template":"","meta":{"_acf_changed":false,"footnotes":""},"product_brand":[],"product_cat":[1635,1648,1650,1640,1653,1638,1647,1630],"product_tag":[],"class_list":{"0":"post-101607","1":"product","2":"type-product","3":"status-publish","4":"has-post-thumbnail","6":"product_cat-two-directional-la","7":"product_cat-head-la","8":"product_cat-metal-la","9":"product_cat-metal-base-type-la","10":"product_cat-none-led-lighting-gaming-chairs-la","11":"product_cat-reclining-la","12":"product_cat-back-la","13":"product_cat-gaming-chairs-la","15":"first","16":"instock","17":"shipping-taxable","18":"product-type-simple"},"acf":[],"yoast_head":"<!-- This site is optimized with the Yoast SEO plugin v25.6 - https:\/\/yoast.com\/wordpress\/plugins\/seo\/ -->\n<title>BARON - AeroCool<\/title>\n<meta name=\"robots\" content=\"index, follow, max-snippet:-1, max-image-preview:large, max-video-preview:-1\" \/>\n<link rel=\"canonical\" href=\"https:\/\/aerocool.io\/la\/wp-json\/wp\/v2\/product\/101607\/\" \/>\n<meta property=\"og:locale\" content=\"en_US\" \/>\n<meta property=\"og:type\" content=\"article\" \/>\n<meta property=\"og:title\" content=\"BARON - AeroCool\" \/>\n<meta property=\"og:description\" content=\"SILLA GAMING AEROSUEDE Usando una combinaci\u00f3n de telas premium no tejidas y microfibras, AeroSuede proporciona una imagen y sensaci\u00f3n suave y lujosa a la vez que proporcionan transpirabilidad m\u00e1xima. Construida con un dise\u00f1o amigable con la ergonom\u00eda, esta silla para juegos te mantiene c\u00f3modo y relajado durante largas sesiones de juego. La piel sint\u00e9tica con patr\u00f3n de fibra de carbono entrega un aire estilizado y futurista.   Tecnolog\u00eda AeroSuede: tejidos suaves y transpirables  Dise\u00f1o ergon\u00f3mico con acolchado de alta calidad  Dise\u00f1o futurista con acabados especial  Espuma de alta densidad y patr\u00f3n de diamante  2 cojines accesorios para apoyo lumbar y cervical  Pist\u00f3n de gas de Clase 4  4 colores disponibles  Las especificaciones est\u00e1n sujetas a cambios sin previo aviso. Los productos y modelos pueden variar seg\u00fan la regi\u00f3n. P\u00f3ngase en contacto con su Hub local para obtener m\u00e1s informaci\u00f3n.\" \/>\n<meta property=\"og:url\" content=\"https:\/\/aerocool.io\/la\/wp-json\/wp\/v2\/product\/101607\/\" \/>\n<meta property=\"og:site_name\" content=\"AeroCool\" \/>\n<meta property=\"article:modified_time\" content=\"2021-05-18T08:36:36+00:00\" \/>\n<meta property=\"og:image\" content=\"https:\/\/aerocool.io\/wp-content\/uploads\/2019\/10\/BARON-Infographic700x700px-01.jpg\" \/>\n\t<meta property=\"og:image:width\" content=\"700\" \/>\n\t<meta property=\"og:image:height\" content=\"700\" \/>\n\t<meta property=\"og:image:type\" content=\"image\/jpeg\" \/>\n<meta name=\"twitter:card\" content=\"summary_large_image\" \/>\n<meta name=\"twitter:label1\" content=\"Est. reading time\" \/>\n\t<meta name=\"twitter:data1\" content=\"4 minutes\" \/>\n<script type=\"application\/ld+json\" class=\"yoast-schema-graph\">{\"@context\":\"https:\/\/schema.org\",\"@graph\":[{\"@type\":\"WebPage\",\"@id\":\"https:\/\/aerocool.io\/la\/wp-json\/wp\/v2\/product\/101607\/\",\"url\":\"https:\/\/aerocool.io\/la\/wp-json\/wp\/v2\/product\/101607\/\",\"name\":\"BARON - AeroCool\",\"isPartOf\":{\"@id\":\"https:\/\/aerocool.io\/#website\"},\"primaryImageOfPage\":{\"@id\":\"https:\/\/aerocool.io\/la\/product\/baron\/#primaryimage\"},\"image\":{\"@id\":\"https:\/\/aerocool.io\/la\/product\/baron\/#primaryimage\"},\"thumbnailUrl\":\"https:\/\/aerocool.io\/wp-content\/uploads\/2019\/10\/BARON-Infographic700x700px-01.jpg\",\"datePublished\":\"2019-10-16T03:39:36+00:00\",\"dateModified\":\"2021-05-18T08:36:36+00:00\",\"breadcrumb\":{\"@id\":\"https:\/\/aerocool.io\/la\/product\/baron\/#breadcrumb\"},\"inLanguage\":\"la-LA\",\"potentialAction\":[{\"@type\":\"ReadAction\",\"target\":[\"https:\/\/aerocool.io\/la\/product\/baron\/\"]}]},{\"@type\":\"ImageObject\",\"inLanguage\":\"la-LA\",\"@id\":\"https:\/\/aerocool.io\/la\/product\/baron\/#primaryimage\",\"url\":\"https:\/\/aerocool.io\/wp-content\/uploads\/2019\/10\/BARON-Infographic700x700px-01.jpg\",\"contentUrl\":\"https:\/\/aerocool.io\/wp-content\/uploads\/2019\/10\/BARON-Infographic700x700px-01.jpg\",\"width\":700,\"height\":700},{\"@type\":\"BreadcrumbList\",\"@id\":\"https:\/\/aerocool.io\/la\/product\/baron\/#breadcrumb\",\"itemListElement\":[{\"@type\":\"ListItem\",\"position\":1,\"name\":\"Home\",\"item\":\"https:\/\/aerocool.io\/la\/\"},{\"@type\":\"ListItem\",\"position\":2,\"name\":\"Shop\",\"item\":\"https:\/\/aerocool.io\/shop\/\"},{\"@type\":\"ListItem\",\"position\":3,\"name\":\"BARON\"}]},{\"@type\":\"WebSite\",\"@id\":\"https:\/\/aerocool.io\/#website\",\"url\":\"https:\/\/aerocool.io\/\",\"name\":\"AeroCool\",\"description\":\"Be Cool. Get AeroCool.\",\"publisher\":{\"@id\":\"https:\/\/aerocool.io\/#organization\"},\"potentialAction\":[{\"@type\":\"SearchAction\",\"target\":{\"@type\":\"EntryPoint\",\"urlTemplate\":\"https:\/\/aerocool.io\/?s={search_term_string}\"},\"query-input\":{\"@type\":\"PropertyValueSpecification\",\"valueRequired\":true,\"valueName\":\"search_term_string\"}}],\"inLanguage\":\"la-LA\"},{\"@type\":\"Organization\",\"@id\":\"https:\/\/aerocool.io\/#organization\",\"name\":\"Aerocool\",\"url\":\"https:\/\/aerocool.io\/\",\"logo\":{\"@type\":\"ImageObject\",\"inLanguage\":\"la-LA\",\"@id\":\"https:\/\/aerocool.io\/#\/schema\/logo\/image\/\",\"url\":\"https:\/\/aerocool.io\/wp-content\/uploads\/2018\/03\/AeroCool-Web-White-Logo.png\",\"contentUrl\":\"https:\/\/aerocool.io\/wp-content\/uploads\/2018\/03\/AeroCool-Web-White-Logo.png\",\"width\":500,\"height\":291,\"caption\":\"Aerocool\"},\"image\":{\"@id\":\"https:\/\/aerocool.io\/#\/schema\/logo\/image\/\"}}]}<\/script>\n<!-- \/ Yoast SEO plugin. -->","yoast_head_json":{"title":"BARON - AeroCool","robots":{"index":"index","follow":"follow","max-snippet":"max-snippet:-1","max-image-preview":"max-image-preview:large","max-video-preview":"max-video-preview:-1"},"canonical":"https:\/\/aerocool.io\/la\/wp-json\/wp\/v2\/product\/101607\/","og_locale":"en_US","og_type":"article","og_title":"BARON - AeroCool","og_description":"SILLA GAMING AEROSUEDE Usando una combinaci\u00f3n de telas premium no tejidas y microfibras, AeroSuede proporciona una imagen y sensaci\u00f3n suave y lujosa a la vez que proporcionan transpirabilidad m\u00e1xima. Construida con un dise\u00f1o amigable con la ergonom\u00eda, esta silla para juegos te mantiene c\u00f3modo y relajado durante largas sesiones de juego. La piel sint\u00e9tica con patr\u00f3n de fibra de carbono entrega un aire estilizado y futurista.   Tecnolog\u00eda AeroSuede: tejidos suaves y transpirables  Dise\u00f1o ergon\u00f3mico con acolchado de alta calidad  Dise\u00f1o futurista con acabados especial  Espuma de alta densidad y patr\u00f3n de diamante  2 cojines accesorios para apoyo lumbar y cervical  Pist\u00f3n de gas de Clase 4  4 colores disponibles  Las especificaciones est\u00e1n sujetas a cambios sin previo aviso. Los productos y modelos pueden variar seg\u00fan la regi\u00f3n. P\u00f3ngase en contacto con su Hub local para obtener m\u00e1s informaci\u00f3n.","og_url":"https:\/\/aerocool.io\/la\/wp-json\/wp\/v2\/product\/101607\/","og_site_name":"AeroCool","article_modified_time":"2021-05-18T08:36:36+00:00","og_image":[{"width":700,"height":700,"url":"https:\/\/aerocool.io\/wp-content\/uploads\/2019\/10\/BARON-Infographic700x700px-01.jpg","type":"image\/jpeg"}],"twitter_card":"summary_large_image","twitter_misc":{"Est. reading time":"4 minutes"},"schema":{"@context":"https:\/\/schema.org","@graph":[{"@type":"WebPage","@id":"https:\/\/aerocool.io\/la\/wp-json\/wp\/v2\/product\/101607\/","url":"https:\/\/aerocool.io\/la\/wp-json\/wp\/v2\/product\/101607\/","name":"BARON - AeroCool","isPartOf":{"@id":"https:\/\/aerocool.io\/#website"},"primaryImageOfPage":{"@id":"https:\/\/aerocool.io\/la\/product\/baron\/#primaryimage"},"image":{"@id":"https:\/\/aerocool.io\/la\/product\/baron\/#primaryimage"},"thumbnailUrl":"https:\/\/aerocool.io\/wp-content\/uploads\/2019\/10\/BARON-Infographic700x700px-01.jpg","datePublished":"2019-10-16T03:39:36+00:00","dateModified":"2021-05-18T08:36:36+00:00","breadcrumb":{"@id":"https:\/\/aerocool.io\/la\/product\/baron\/#breadcrumb"},"inLanguage":"la-LA","potentialAction":[{"@type":"ReadAction","target":["https:\/\/aerocool.io\/la\/product\/baron\/"]}]},{"@type":"ImageObject","inLanguage":"la-LA","@id":"https:\/\/aerocool.io\/la\/product\/baron\/#primaryimage","url":"https:\/\/aerocool.io\/wp-content\/uploads\/2019\/10\/BARON-Infographic700x700px-01.jpg","contentUrl":"https:\/\/aerocool.io\/wp-content\/uploads\/2019\/10\/BARON-Infographic700x700px-01.jpg","width":700,"height":700},{"@type":"BreadcrumbList","@id":"https:\/\/aerocool.io\/la\/product\/baron\/#breadcrumb","itemListElement":[{"@type":"ListItem","position":1,"name":"Home","item":"https:\/\/aerocool.io\/la\/"},{"@type":"ListItem","position":2,"name":"Shop","item":"https:\/\/aerocool.io\/shop\/"},{"@type":"ListItem","position":3,"name":"BARON"}]},{"@type":"WebSite","@id":"https:\/\/aerocool.io\/#website","url":"https:\/\/aerocool.io\/","name":"AeroCool","description":"Be Cool. Get AeroCool.","publisher":{"@id":"https:\/\/aerocool.io\/#organization"},"potentialAction":[{"@type":"SearchAction","target":{"@type":"EntryPoint","urlTemplate":"https:\/\/aerocool.io\/?s={search_term_string}"},"query-input":{"@type":"PropertyValueSpecification","valueRequired":true,"valueName":"search_term_string"}}],"inLanguage":"la-LA"},{"@type":"Organization","@id":"https:\/\/aerocool.io\/#organization","name":"Aerocool","url":"https:\/\/aerocool.io\/","logo":{"@type":"ImageObject","inLanguage":"la-LA","@id":"https:\/\/aerocool.io\/#\/schema\/logo\/image\/","url":"https:\/\/aerocool.io\/wp-content\/uploads\/2018\/03\/AeroCool-Web-White-Logo.png","contentUrl":"https:\/\/aerocool.io\/wp-content\/uploads\/2018\/03\/AeroCool-Web-White-Logo.png","width":500,"height":291,"caption":"Aerocool"},"image":{"@id":"https:\/\/aerocool.io\/#\/schema\/logo\/image\/"}}]}},"_links":{"self":[{"href":"https:\/\/aerocool.io\/la\/wp-json\/wp\/v2\/product\/101607"}],"collection":[{"href":"https:\/\/aerocool.io\/la\/wp-json\/wp\/v2\/product"}],"about":[{"href":"https:\/\/aerocool.io\/la\/wp-json\/wp\/v2\/types\/product"}],"version-history":[{"count":0,"href":"https:\/\/aerocool.io\/la\/wp-json\/wp\/v2\/product\/101607\/revisions"}],"wp:featuredmedia":[{"embeddable":true,"href":"https:\/\/aerocool.io\/la\/wp-json\/wp\/v2\/media\/101608"}],"wp:attachment":[{"href":"https:\/\/aerocool.io\/la\/wp-json\/wp\/v2\/media?parent=101607"}],"wp:term":[{"taxonomy":"product_brand","embeddable":true,"href":"https:\/\/aerocool.io\/la\/wp-json\/wp\/v2\/product_brand?post=101607"},{"taxonomy":"product_cat","embeddable":true,"href":"https:\/\/aerocool.io\/la\/wp-json\/wp\/v2\/product_cat?post=101607"},{"taxonomy":"product_tag","embeddable":true,"href":"https:\/\/aerocool.io\/la\/wp-json\/wp\/v2\/product_tag?post=101607"}],"curies":[{"name":"wp","href":"https:\/\/api.w.org\/{rel}","templated":true}]}}