{"id":102046,"date":"2018-05-23T09:04:50","date_gmt":"2018-05-23T09:04:50","guid":{"rendered":"https:\/\/aerocool.io\/product\/p7-gc1-air\/"},"modified":"2025-10-29T17:23:57","modified_gmt":"2025-10-29T09:23:57","slug":"p7-gc1-air","status":"publish","type":"product","link":"https:\/\/aerocool.io\/la\/product\/p7-gc1-air\/","title":{"rendered":"P7-GC1 AIR"},"content":{"rendered":"","protected":false},"excerpt":{"rendered":"<h3><span style=\"font-weight: 400;\">SILLA GAMING<\/span><\/h3>\n<p><span style=\"font-weight: 400;\">Construida con un dise\u00f1o futurista estilizado, esta silla combina elementos de los eSports y otros juegos con comodidad. <\/span>La tecnolog\u00eda AIR en la superficie de su asiento y su respaldo incrementan la transpirabilidad y la circulaci\u00f3n del aire, asegur\u00e1ndose de que est\u00e9s c\u00f3modo y fresco mientras juegas.<\/p>\n<p>Los reposabrazos ajustables 4-direccionales est\u00e1n dise\u00f1ados para que te sientes con comodidad, ajust\u00e1ndolos a tu altura y direcci\u00f3n deseada. Viene con cojines ajustables para la cabeza y espalda que proporcionan soporte extra donde m\u00e1s lo necesitas.<\/p>\n<ul>\n<li><span style=\"font-weight: 400; color: #000000;\">Tecnolog\u00eda AIR \u2013 Incrementa la transpiraci\u00f3n y te mantiene fresco<\/span><\/li>\n<li><span style=\"font-weight: 400; color: #000000;\">Dise\u00f1o ergon\u00f3mico con acolchado de alta calidad<\/span><\/li>\n<li><span style=\"font-weight: 400; color: #000000;\">La piel sint\u00e9tica con patr\u00f3n de fibra de carbono entrega un aire estilizado y futurista.<\/span><\/li>\n<li><span style=\"font-weight: 400; color: #000000;\">Respaldo totalmente reclinable<\/span><\/li>\n<li><span style=\"font-weight: 400; color: #000000;\">2 cojines accesorios para apoyo lumbar y cervical<\/span><\/li>\n<li><span style=\"font-weight: 400; color: #000000;\">Reposabrazos ajustables 4-direccionales <\/span><\/li>\n<li><span style=\"font-weight: 400; color: #000000;\"><span style=\"font-weight: 400; color: #000000;\">Pist\u00f3n hidr\u00e1ulico de Clase 4 que soporta hasta 150kg<\/span><\/span><\/li>\n<\/ul>\n<p><em>Las especificaciones est\u00e1n sujetas a cambios sin previo aviso.<br \/>\nLos productos y modelos pueden variar seg\u00fan la regi\u00f3n.<br \/>\nP\u00f3ngase en contacto con su Hub local para obtener m\u00e1s informaci\u00f3n.<\/em><\/p>\n<p>&nbsp;<\/p>\n","protected":false},"featured_media":95901,"template":"","meta":{"_acf_changed":false,"footnotes":""},"product_brand":[],"product_cat":[1645,1648,1633,1650,1640,1653,1657,1638,1647,1630],"product_tag":[],"class_list":{"0":"post-102046","1":"product","2":"type-product","3":"status-publish","4":"has-post-thumbnail","6":"product_cat-75mm-la","7":"product_cat-head-la","8":"product_cat-four-directional-la","9":"product_cat-metal-la","10":"product_cat-metal-base-type-la","11":"product_cat-none-led-lighting-gaming-chairs-la","12":"product_cat-project-7-series-gaming-chairs-la","13":"product_cat-reclining-la","14":"product_cat-back-la","15":"product_cat-gaming-chairs-la","17":"first","18":"instock","19":"shipping-taxable","20":"product-type-simple"},"acf":[],"yoast_head":"<!-- This site is optimized with the Yoast SEO plugin v25.6 - https:\/\/yoast.com\/wordpress\/plugins\/seo\/ -->\n<title>P7-GC1 AIR - AeroCool<\/title>\n<meta name=\"robots\" content=\"index, follow, max-snippet:-1, max-image-preview:large, max-video-preview:-1\" \/>\n<link rel=\"canonical\" href=\"https:\/\/aerocool.io\/la\/wp-json\/wp\/v2\/product\/102046\/\" \/>\n<meta property=\"og:locale\" content=\"en_US\" \/>\n<meta property=\"og:type\" content=\"article\" \/>\n<meta property=\"og:title\" content=\"P7-GC1 AIR - AeroCool\" \/>\n<meta property=\"og:description\" content=\"SILLA GAMING Construida con un dise\u00f1o futurista estilizado, esta silla combina elementos de los eSports y otros juegos con comodidad. La tecnolog\u00eda AIR en la superficie de su asiento y su respaldo incrementan la transpirabilidad y la circulaci\u00f3n del aire, asegur\u00e1ndose de que est\u00e9s c\u00f3modo y fresco mientras juegas.  Los reposabrazos ajustables 4-direccionales est\u00e1n dise\u00f1ados para que te sientes con comodidad, ajust\u00e1ndolos a tu altura y direcci\u00f3n deseada. Viene con cojines ajustables para la cabeza y espalda que proporcionan soporte extra donde m\u00e1s lo necesitas.   Tecnolog\u00eda AIR \u2013 Incrementa la transpiraci\u00f3n y te mantiene fresco  Dise\u00f1o ergon\u00f3mico con acolchado de alta calidad  La piel sint\u00e9tica con patr\u00f3n de fibra de carbono entrega un aire estilizado y futurista.  Respaldo totalmente reclinable  2 cojines accesorios para apoyo lumbar y cervical  Reposabrazos ajustables 4-direccionales   Pist\u00f3n hidr\u00e1ulico de Clase 4 que soporta hasta 150kg  Las especificaciones est\u00e1n sujetas a cambios sin previo aviso. Los productos y modelos pueden variar seg\u00fan la regi\u00f3n. P\u00f3ngase en contacto con su Hub local para obtener m\u00e1s informaci\u00f3n.  &nbsp;\" \/>\n<meta property=\"og:url\" content=\"https:\/\/aerocool.io\/la\/wp-json\/wp\/v2\/product\/102046\/\" \/>\n<meta property=\"og:site_name\" content=\"AeroCool\" \/>\n<meta property=\"article:modified_time\" content=\"2025-10-29T09:23:57+00:00\" \/>\n<meta property=\"og:image\" content=\"https:\/\/aerocool.io\/wp-content\/uploads\/2018\/05\/P7-GC1-Air-Infographic700x700px-01.jpg\" \/>\n\t<meta property=\"og:image:width\" content=\"700\" \/>\n\t<meta property=\"og:image:height\" content=\"700\" \/>\n\t<meta property=\"og:image:type\" content=\"image\/jpeg\" \/>\n<meta name=\"twitter:card\" content=\"summary_large_image\" \/>\n<meta name=\"twitter:label1\" content=\"Est. reading time\" \/>\n\t<meta name=\"twitter:data1\" content=\"1 minute\" \/>\n<script type=\"application\/ld+json\" class=\"yoast-schema-graph\">{\"@context\":\"https:\/\/schema.org\",\"@graph\":[{\"@type\":\"WebPage\",\"@id\":\"https:\/\/aerocool.io\/la\/wp-json\/wp\/v2\/product\/102046\/\",\"url\":\"https:\/\/aerocool.io\/la\/wp-json\/wp\/v2\/product\/102046\/\",\"name\":\"P7-GC1 AIR - AeroCool\",\"isPartOf\":{\"@id\":\"https:\/\/aerocool.io\/#website\"},\"primaryImageOfPage\":{\"@id\":\"https:\/\/aerocool.io\/la\/product\/p7-gc1-air\/#primaryimage\"},\"image\":{\"@id\":\"https:\/\/aerocool.io\/la\/product\/p7-gc1-air\/#primaryimage\"},\"thumbnailUrl\":\"https:\/\/aerocool.io\/wp-content\/uploads\/2018\/05\/P7-GC1-Air-Infographic700x700px-01.jpg\",\"datePublished\":\"2018-05-23T09:04:50+00:00\",\"dateModified\":\"2025-10-29T09:23:57+00:00\",\"breadcrumb\":{\"@id\":\"https:\/\/aerocool.io\/la\/product\/p7-gc1-air\/#breadcrumb\"},\"inLanguage\":\"la-LA\",\"potentialAction\":[{\"@type\":\"ReadAction\",\"target\":[\"https:\/\/aerocool.io\/la\/product\/p7-gc1-air\/\"]}]},{\"@type\":\"ImageObject\",\"inLanguage\":\"la-LA\",\"@id\":\"https:\/\/aerocool.io\/la\/product\/p7-gc1-air\/#primaryimage\",\"url\":\"https:\/\/aerocool.io\/wp-content\/uploads\/2018\/05\/P7-GC1-Air-Infographic700x700px-01.jpg\",\"contentUrl\":\"https:\/\/aerocool.io\/wp-content\/uploads\/2018\/05\/P7-GC1-Air-Infographic700x700px-01.jpg\",\"width\":700,\"height\":700},{\"@type\":\"BreadcrumbList\",\"@id\":\"https:\/\/aerocool.io\/la\/product\/p7-gc1-air\/#breadcrumb\",\"itemListElement\":[{\"@type\":\"ListItem\",\"position\":1,\"name\":\"Home\",\"item\":\"https:\/\/aerocool.io\/la\/\"},{\"@type\":\"ListItem\",\"position\":2,\"name\":\"Shop\",\"item\":\"https:\/\/aerocool.io\/shop\/\"},{\"@type\":\"ListItem\",\"position\":3,\"name\":\"P7-GC1 AIR\"}]},{\"@type\":\"WebSite\",\"@id\":\"https:\/\/aerocool.io\/#website\",\"url\":\"https:\/\/aerocool.io\/\",\"name\":\"AeroCool\",\"description\":\"Be Cool. Get AeroCool.\",\"publisher\":{\"@id\":\"https:\/\/aerocool.io\/#organization\"},\"potentialAction\":[{\"@type\":\"SearchAction\",\"target\":{\"@type\":\"EntryPoint\",\"urlTemplate\":\"https:\/\/aerocool.io\/?s={search_term_string}\"},\"query-input\":{\"@type\":\"PropertyValueSpecification\",\"valueRequired\":true,\"valueName\":\"search_term_string\"}}],\"inLanguage\":\"la-LA\"},{\"@type\":\"Organization\",\"@id\":\"https:\/\/aerocool.io\/#organization\",\"name\":\"Aerocool\",\"url\":\"https:\/\/aerocool.io\/\",\"logo\":{\"@type\":\"ImageObject\",\"inLanguage\":\"la-LA\",\"@id\":\"https:\/\/aerocool.io\/#\/schema\/logo\/image\/\",\"url\":\"https:\/\/aerocool.io\/wp-content\/uploads\/2018\/03\/AeroCool-Web-White-Logo.png\",\"contentUrl\":\"https:\/\/aerocool.io\/wp-content\/uploads\/2018\/03\/AeroCool-Web-White-Logo.png\",\"width\":500,\"height\":291,\"caption\":\"Aerocool\"},\"image\":{\"@id\":\"https:\/\/aerocool.io\/#\/schema\/logo\/image\/\"}}]}<\/script>\n<!-- \/ Yoast SEO plugin. -->","yoast_head_json":{"title":"P7-GC1 AIR - AeroCool","robots":{"index":"index","follow":"follow","max-snippet":"max-snippet:-1","max-image-preview":"max-image-preview:large","max-video-preview":"max-video-preview:-1"},"canonical":"https:\/\/aerocool.io\/la\/wp-json\/wp\/v2\/product\/102046\/","og_locale":"en_US","og_type":"article","og_title":"P7-GC1 AIR - AeroCool","og_description":"SILLA GAMING Construida con un dise\u00f1o futurista estilizado, esta silla combina elementos de los eSports y otros juegos con comodidad. La tecnolog\u00eda AIR en la superficie de su asiento y su respaldo incrementan la transpirabilidad y la circulaci\u00f3n del aire, asegur\u00e1ndose de que est\u00e9s c\u00f3modo y fresco mientras juegas.  Los reposabrazos ajustables 4-direccionales est\u00e1n dise\u00f1ados para que te sientes con comodidad, ajust\u00e1ndolos a tu altura y direcci\u00f3n deseada. Viene con cojines ajustables para la cabeza y espalda que proporcionan soporte extra donde m\u00e1s lo necesitas.   Tecnolog\u00eda AIR \u2013 Incrementa la transpiraci\u00f3n y te mantiene fresco  Dise\u00f1o ergon\u00f3mico con acolchado de alta calidad  La piel sint\u00e9tica con patr\u00f3n de fibra de carbono entrega un aire estilizado y futurista.  Respaldo totalmente reclinable  2 cojines accesorios para apoyo lumbar y cervical  Reposabrazos ajustables 4-direccionales   Pist\u00f3n hidr\u00e1ulico de Clase 4 que soporta hasta 150kg  Las especificaciones est\u00e1n sujetas a cambios sin previo aviso. Los productos y modelos pueden variar seg\u00fan la regi\u00f3n. P\u00f3ngase en contacto con su Hub local para obtener m\u00e1s informaci\u00f3n.  &nbsp;","og_url":"https:\/\/aerocool.io\/la\/wp-json\/wp\/v2\/product\/102046\/","og_site_name":"AeroCool","article_modified_time":"2025-10-29T09:23:57+00:00","og_image":[{"width":700,"height":700,"url":"https:\/\/aerocool.io\/wp-content\/uploads\/2018\/05\/P7-GC1-Air-Infographic700x700px-01.jpg","type":"image\/jpeg"}],"twitter_card":"summary_large_image","twitter_misc":{"Est. reading time":"1 minute"},"schema":{"@context":"https:\/\/schema.org","@graph":[{"@type":"WebPage","@id":"https:\/\/aerocool.io\/la\/wp-json\/wp\/v2\/product\/102046\/","url":"https:\/\/aerocool.io\/la\/wp-json\/wp\/v2\/product\/102046\/","name":"P7-GC1 AIR - AeroCool","isPartOf":{"@id":"https:\/\/aerocool.io\/#website"},"primaryImageOfPage":{"@id":"https:\/\/aerocool.io\/la\/product\/p7-gc1-air\/#primaryimage"},"image":{"@id":"https:\/\/aerocool.io\/la\/product\/p7-gc1-air\/#primaryimage"},"thumbnailUrl":"https:\/\/aerocool.io\/wp-content\/uploads\/2018\/05\/P7-GC1-Air-Infographic700x700px-01.jpg","datePublished":"2018-05-23T09:04:50+00:00","dateModified":"2025-10-29T09:23:57+00:00","breadcrumb":{"@id":"https:\/\/aerocool.io\/la\/product\/p7-gc1-air\/#breadcrumb"},"inLanguage":"la-LA","potentialAction":[{"@type":"ReadAction","target":["https:\/\/aerocool.io\/la\/product\/p7-gc1-air\/"]}]},{"@type":"ImageObject","inLanguage":"la-LA","@id":"https:\/\/aerocool.io\/la\/product\/p7-gc1-air\/#primaryimage","url":"https:\/\/aerocool.io\/wp-content\/uploads\/2018\/05\/P7-GC1-Air-Infographic700x700px-01.jpg","contentUrl":"https:\/\/aerocool.io\/wp-content\/uploads\/2018\/05\/P7-GC1-Air-Infographic700x700px-01.jpg","width":700,"height":700},{"@type":"BreadcrumbList","@id":"https:\/\/aerocool.io\/la\/product\/p7-gc1-air\/#breadcrumb","itemListElement":[{"@type":"ListItem","position":1,"name":"Home","item":"https:\/\/aerocool.io\/la\/"},{"@type":"ListItem","position":2,"name":"Shop","item":"https:\/\/aerocool.io\/shop\/"},{"@type":"ListItem","position":3,"name":"P7-GC1 AIR"}]},{"@type":"WebSite","@id":"https:\/\/aerocool.io\/#website","url":"https:\/\/aerocool.io\/","name":"AeroCool","description":"Be Cool. Get AeroCool.","publisher":{"@id":"https:\/\/aerocool.io\/#organization"},"potentialAction":[{"@type":"SearchAction","target":{"@type":"EntryPoint","urlTemplate":"https:\/\/aerocool.io\/?s={search_term_string}"},"query-input":{"@type":"PropertyValueSpecification","valueRequired":true,"valueName":"search_term_string"}}],"inLanguage":"la-LA"},{"@type":"Organization","@id":"https:\/\/aerocool.io\/#organization","name":"Aerocool","url":"https:\/\/aerocool.io\/","logo":{"@type":"ImageObject","inLanguage":"la-LA","@id":"https:\/\/aerocool.io\/#\/schema\/logo\/image\/","url":"https:\/\/aerocool.io\/wp-content\/uploads\/2018\/03\/AeroCool-Web-White-Logo.png","contentUrl":"https:\/\/aerocool.io\/wp-content\/uploads\/2018\/03\/AeroCool-Web-White-Logo.png","width":500,"height":291,"caption":"Aerocool"},"image":{"@id":"https:\/\/aerocool.io\/#\/schema\/logo\/image\/"}}]}},"_links":{"self":[{"href":"https:\/\/aerocool.io\/la\/wp-json\/wp\/v2\/product\/102046"}],"collection":[{"href":"https:\/\/aerocool.io\/la\/wp-json\/wp\/v2\/product"}],"about":[{"href":"https:\/\/aerocool.io\/la\/wp-json\/wp\/v2\/types\/product"}],"version-history":[{"count":0,"href":"https:\/\/aerocool.io\/la\/wp-json\/wp\/v2\/product\/102046\/revisions"}],"wp:featuredmedia":[{"embeddable":true,"href":"https:\/\/aerocool.io\/la\/wp-json\/wp\/v2\/media\/95901"}],"wp:attachment":[{"href":"https:\/\/aerocool.io\/la\/wp-json\/wp\/v2\/media?parent=102046"}],"wp:term":[{"taxonomy":"product_brand","embeddable":true,"href":"https:\/\/aerocool.io\/la\/wp-json\/wp\/v2\/product_brand?post=102046"},{"taxonomy":"product_cat","embeddable":true,"href":"https:\/\/aerocool.io\/la\/wp-json\/wp\/v2\/product_cat?post=102046"},{"taxonomy":"product_tag","embeddable":true,"href":"https:\/\/aerocool.io\/la\/wp-json\/wp\/v2\/product_tag?post=102046"}],"curies":[{"name":"wp","href":"https:\/\/api.w.org\/{rel}","templated":true}]}}