{"id":102047,"date":"2019-09-17T02:20:49","date_gmt":"2019-09-17T02:20:49","guid":{"rendered":"https:\/\/aerocool.io\/product\/air-frost-2\/"},"modified":"2023-03-28T13:42:36","modified_gmt":"2023-03-28T05:42:36","slug":"air-frost-2","status":"publish","type":"product","link":"https:\/\/aerocool.io\/la\/product\/air-frost-2\/","title":{"rendered":"Air Frost 2"},"content":{"rendered":"","protected":false},"excerpt":{"rendered":"<h3>DISIPADOR DE CPU RGB<\/h3>\n<p>Disipador con ventilador PWM potencia por tecnolog\u00eda Heat Core Touch con 2 heatpipes ultra-eficientes. Cuenta con un dise\u00f1o estilizado de Iluminaci\u00f3n Fija LED RGB para agregar estilo a tu equipo. Dise\u00f1o Top Down Cooling para conseguir una disipaci\u00f3n de calor \u00f3ptima y mayor compatibilidad con las cajas.<\/p>\n<ul>\n<li style=\"font-weight: 400;\">Cuenta con un dise\u00f1o estilizado de Iluminaci\u00f3n Fija LED RGB para agregar estilo a tu equipo<\/li>\n<li style=\"font-weight: 400;\">Dise\u00f1o Top Down Cooling para conseguir una disipaci\u00f3n de calor \u00f3ptima y mayor compatibilidad con las cajas<\/li>\n<li>Tecnolog\u00eda Heat Core Touch con 2 heat pipes t\u00e9rmicos ultraeficientes<\/li>\n<li><span style=\"font-weight: 400;\">Aletas de alta eficiencia mejoradas con el m\u00e1ximo rendimiento t\u00e9rmico<\/span><\/li>\n<li><span style=\"font-weight: 400;\">Compatible con la mayor\u00eda de dise\u00f1os actuales de placas base<\/span><\/li>\n<li><span style=\"font-weight: 400;\">TDP (Thermal Design Power) de hasta 110W<\/span><\/li>\n<\/ul>\n<p><em>Las especificaciones est\u00e1n sujetas a cambios sin previo aviso.<br \/>\nLos productos y modelos pueden variar seg\u00fan la regi\u00f3n.<br \/>\nP\u00f3ngase en contacto con su distribuidor local para obtener m\u00e1s informaci\u00f3n.<\/em><\/p>\n<p>&nbsp;<\/p>\n","protected":false},"featured_media":102055,"template":"","meta":{"_acf_changed":false,"footnotes":""},"product_brand":[],"product_cat":[2328,1588,1572,1589,1579,1568,1577],"product_tag":[],"class_list":{"0":"post-102047","1":"product","2":"type-product","3":"status-publish","4":"has-post-thumbnail","6":"product_cat-80-120-la","7":"product_cat-amd-la","8":"product_cat-air-cooler-la","9":"product_cat-intel-115x-la","10":"product_cat-no-pwm-fan-control-la","11":"product_cat-cooling-la","12":"product_cat-rgb-cooling-la","14":"first","15":"instock","16":"shipping-taxable","17":"product-type-simple"},"acf":[],"yoast_head":"<!-- This site is optimized with the Yoast SEO plugin v25.6 - https:\/\/yoast.com\/wordpress\/plugins\/seo\/ -->\n<title>Air Frost 2 - AeroCool<\/title>\n<meta name=\"robots\" content=\"index, follow, max-snippet:-1, max-image-preview:large, max-video-preview:-1\" \/>\n<link rel=\"canonical\" href=\"https:\/\/aerocool.io\/la\/wp-json\/wp\/v2\/product\/102047\/\" \/>\n<meta property=\"og:locale\" content=\"en_US\" \/>\n<meta property=\"og:type\" content=\"article\" \/>\n<meta property=\"og:title\" content=\"Air Frost 2 - AeroCool\" \/>\n<meta property=\"og:description\" content=\"DISIPADOR DE CPU RGB Disipador con ventilador PWM potencia por tecnolog\u00eda Heat Core Touch con 2 heatpipes ultra-eficientes. Cuenta con un dise\u00f1o estilizado de Iluminaci\u00f3n Fija LED RGB para agregar estilo a tu equipo. Dise\u00f1o Top Down Cooling para conseguir una disipaci\u00f3n de calor \u00f3ptima y mayor compatibilidad con las cajas.   Cuenta con un dise\u00f1o estilizado de Iluminaci\u00f3n Fija LED RGB para agregar estilo a tu equipo  Dise\u00f1o Top Down Cooling para conseguir una disipaci\u00f3n de calor \u00f3ptima y mayor compatibilidad con las cajas  Tecnolog\u00eda Heat Core Touch con 2 heat pipes t\u00e9rmicos ultraeficientes  Aletas de alta eficiencia mejoradas con el m\u00e1ximo rendimiento t\u00e9rmico  Compatible con la mayor\u00eda de dise\u00f1os actuales de placas base  TDP (Thermal Design Power) de hasta 110W  Las especificaciones est\u00e1n sujetas a cambios sin previo aviso. Los productos y modelos pueden variar seg\u00fan la regi\u00f3n. P\u00f3ngase en contacto con su distribuidor local para obtener m\u00e1s informaci\u00f3n.  &nbsp;\" \/>\n<meta property=\"og:url\" content=\"https:\/\/aerocool.io\/la\/wp-json\/wp\/v2\/product\/102047\/\" \/>\n<meta property=\"og:site_name\" content=\"AeroCool\" \/>\n<meta property=\"article:modified_time\" content=\"2023-03-28T05:42:36+00:00\" \/>\n<meta property=\"og:image\" content=\"https:\/\/aerocool.io\/wp-content\/uploads\/2019\/09\/Air-Frost-2-Infographic700x700-02.jpg\" \/>\n\t<meta property=\"og:image:width\" content=\"700\" \/>\n\t<meta property=\"og:image:height\" content=\"700\" \/>\n\t<meta property=\"og:image:type\" content=\"image\/jpeg\" \/>\n<meta name=\"twitter:card\" content=\"summary_large_image\" \/>\n<script type=\"application\/ld+json\" class=\"yoast-schema-graph\">{\"@context\":\"https:\/\/schema.org\",\"@graph\":[{\"@type\":\"WebPage\",\"@id\":\"https:\/\/aerocool.io\/la\/wp-json\/wp\/v2\/product\/102047\/\",\"url\":\"https:\/\/aerocool.io\/la\/wp-json\/wp\/v2\/product\/102047\/\",\"name\":\"Air Frost 2 - AeroCool\",\"isPartOf\":{\"@id\":\"https:\/\/aerocool.io\/#website\"},\"primaryImageOfPage\":{\"@id\":\"https:\/\/aerocool.io\/la\/product\/air-frost-2\/#primaryimage\"},\"image\":{\"@id\":\"https:\/\/aerocool.io\/la\/product\/air-frost-2\/#primaryimage\"},\"thumbnailUrl\":\"https:\/\/aerocool.io\/wp-content\/uploads\/2019\/09\/Air-Frost-2-Infographic700x700-02.jpg\",\"datePublished\":\"2019-09-17T02:20:49+00:00\",\"dateModified\":\"2023-03-28T05:42:36+00:00\",\"breadcrumb\":{\"@id\":\"https:\/\/aerocool.io\/la\/product\/air-frost-2\/#breadcrumb\"},\"inLanguage\":\"la-LA\",\"potentialAction\":[{\"@type\":\"ReadAction\",\"target\":[\"https:\/\/aerocool.io\/la\/product\/air-frost-2\/\"]}]},{\"@type\":\"ImageObject\",\"inLanguage\":\"la-LA\",\"@id\":\"https:\/\/aerocool.io\/la\/product\/air-frost-2\/#primaryimage\",\"url\":\"https:\/\/aerocool.io\/wp-content\/uploads\/2019\/09\/Air-Frost-2-Infographic700x700-02.jpg\",\"contentUrl\":\"https:\/\/aerocool.io\/wp-content\/uploads\/2019\/09\/Air-Frost-2-Infographic700x700-02.jpg\",\"width\":700,\"height\":700},{\"@type\":\"BreadcrumbList\",\"@id\":\"https:\/\/aerocool.io\/la\/product\/air-frost-2\/#breadcrumb\",\"itemListElement\":[{\"@type\":\"ListItem\",\"position\":1,\"name\":\"Home\",\"item\":\"https:\/\/aerocool.io\/la\/\"},{\"@type\":\"ListItem\",\"position\":2,\"name\":\"Shop\",\"item\":\"https:\/\/aerocool.io\/shop\/\"},{\"@type\":\"ListItem\",\"position\":3,\"name\":\"Air Frost 2\"}]},{\"@type\":\"WebSite\",\"@id\":\"https:\/\/aerocool.io\/#website\",\"url\":\"https:\/\/aerocool.io\/\",\"name\":\"AeroCool\",\"description\":\"Be Cool. Get AeroCool.\",\"publisher\":{\"@id\":\"https:\/\/aerocool.io\/#organization\"},\"potentialAction\":[{\"@type\":\"SearchAction\",\"target\":{\"@type\":\"EntryPoint\",\"urlTemplate\":\"https:\/\/aerocool.io\/?s={search_term_string}\"},\"query-input\":{\"@type\":\"PropertyValueSpecification\",\"valueRequired\":true,\"valueName\":\"search_term_string\"}}],\"inLanguage\":\"la-LA\"},{\"@type\":\"Organization\",\"@id\":\"https:\/\/aerocool.io\/#organization\",\"name\":\"Aerocool\",\"url\":\"https:\/\/aerocool.io\/\",\"logo\":{\"@type\":\"ImageObject\",\"inLanguage\":\"la-LA\",\"@id\":\"https:\/\/aerocool.io\/#\/schema\/logo\/image\/\",\"url\":\"https:\/\/aerocool.io\/wp-content\/uploads\/2018\/03\/AeroCool-Web-White-Logo.png\",\"contentUrl\":\"https:\/\/aerocool.io\/wp-content\/uploads\/2018\/03\/AeroCool-Web-White-Logo.png\",\"width\":500,\"height\":291,\"caption\":\"Aerocool\"},\"image\":{\"@id\":\"https:\/\/aerocool.io\/#\/schema\/logo\/image\/\"}}]}<\/script>\n<!-- \/ Yoast SEO plugin. -->","yoast_head_json":{"title":"Air Frost 2 - AeroCool","robots":{"index":"index","follow":"follow","max-snippet":"max-snippet:-1","max-image-preview":"max-image-preview:large","max-video-preview":"max-video-preview:-1"},"canonical":"https:\/\/aerocool.io\/la\/wp-json\/wp\/v2\/product\/102047\/","og_locale":"en_US","og_type":"article","og_title":"Air Frost 2 - AeroCool","og_description":"DISIPADOR DE CPU RGB Disipador con ventilador PWM potencia por tecnolog\u00eda Heat Core Touch con 2 heatpipes ultra-eficientes. Cuenta con un dise\u00f1o estilizado de Iluminaci\u00f3n Fija LED RGB para agregar estilo a tu equipo. Dise\u00f1o Top Down Cooling para conseguir una disipaci\u00f3n de calor \u00f3ptima y mayor compatibilidad con las cajas.   Cuenta con un dise\u00f1o estilizado de Iluminaci\u00f3n Fija LED RGB para agregar estilo a tu equipo  Dise\u00f1o Top Down Cooling para conseguir una disipaci\u00f3n de calor \u00f3ptima y mayor compatibilidad con las cajas  Tecnolog\u00eda Heat Core Touch con 2 heat pipes t\u00e9rmicos ultraeficientes  Aletas de alta eficiencia mejoradas con el m\u00e1ximo rendimiento t\u00e9rmico  Compatible con la mayor\u00eda de dise\u00f1os actuales de placas base  TDP (Thermal Design Power) de hasta 110W  Las especificaciones est\u00e1n sujetas a cambios sin previo aviso. Los productos y modelos pueden variar seg\u00fan la regi\u00f3n. P\u00f3ngase en contacto con su distribuidor local para obtener m\u00e1s informaci\u00f3n.  &nbsp;","og_url":"https:\/\/aerocool.io\/la\/wp-json\/wp\/v2\/product\/102047\/","og_site_name":"AeroCool","article_modified_time":"2023-03-28T05:42:36+00:00","og_image":[{"width":700,"height":700,"url":"https:\/\/aerocool.io\/wp-content\/uploads\/2019\/09\/Air-Frost-2-Infographic700x700-02.jpg","type":"image\/jpeg"}],"twitter_card":"summary_large_image","schema":{"@context":"https:\/\/schema.org","@graph":[{"@type":"WebPage","@id":"https:\/\/aerocool.io\/la\/wp-json\/wp\/v2\/product\/102047\/","url":"https:\/\/aerocool.io\/la\/wp-json\/wp\/v2\/product\/102047\/","name":"Air Frost 2 - AeroCool","isPartOf":{"@id":"https:\/\/aerocool.io\/#website"},"primaryImageOfPage":{"@id":"https:\/\/aerocool.io\/la\/product\/air-frost-2\/#primaryimage"},"image":{"@id":"https:\/\/aerocool.io\/la\/product\/air-frost-2\/#primaryimage"},"thumbnailUrl":"https:\/\/aerocool.io\/wp-content\/uploads\/2019\/09\/Air-Frost-2-Infographic700x700-02.jpg","datePublished":"2019-09-17T02:20:49+00:00","dateModified":"2023-03-28T05:42:36+00:00","breadcrumb":{"@id":"https:\/\/aerocool.io\/la\/product\/air-frost-2\/#breadcrumb"},"inLanguage":"la-LA","potentialAction":[{"@type":"ReadAction","target":["https:\/\/aerocool.io\/la\/product\/air-frost-2\/"]}]},{"@type":"ImageObject","inLanguage":"la-LA","@id":"https:\/\/aerocool.io\/la\/product\/air-frost-2\/#primaryimage","url":"https:\/\/aerocool.io\/wp-content\/uploads\/2019\/09\/Air-Frost-2-Infographic700x700-02.jpg","contentUrl":"https:\/\/aerocool.io\/wp-content\/uploads\/2019\/09\/Air-Frost-2-Infographic700x700-02.jpg","width":700,"height":700},{"@type":"BreadcrumbList","@id":"https:\/\/aerocool.io\/la\/product\/air-frost-2\/#breadcrumb","itemListElement":[{"@type":"ListItem","position":1,"name":"Home","item":"https:\/\/aerocool.io\/la\/"},{"@type":"ListItem","position":2,"name":"Shop","item":"https:\/\/aerocool.io\/shop\/"},{"@type":"ListItem","position":3,"name":"Air Frost 2"}]},{"@type":"WebSite","@id":"https:\/\/aerocool.io\/#website","url":"https:\/\/aerocool.io\/","name":"AeroCool","description":"Be Cool. Get AeroCool.","publisher":{"@id":"https:\/\/aerocool.io\/#organization"},"potentialAction":[{"@type":"SearchAction","target":{"@type":"EntryPoint","urlTemplate":"https:\/\/aerocool.io\/?s={search_term_string}"},"query-input":{"@type":"PropertyValueSpecification","valueRequired":true,"valueName":"search_term_string"}}],"inLanguage":"la-LA"},{"@type":"Organization","@id":"https:\/\/aerocool.io\/#organization","name":"Aerocool","url":"https:\/\/aerocool.io\/","logo":{"@type":"ImageObject","inLanguage":"la-LA","@id":"https:\/\/aerocool.io\/#\/schema\/logo\/image\/","url":"https:\/\/aerocool.io\/wp-content\/uploads\/2018\/03\/AeroCool-Web-White-Logo.png","contentUrl":"https:\/\/aerocool.io\/wp-content\/uploads\/2018\/03\/AeroCool-Web-White-Logo.png","width":500,"height":291,"caption":"Aerocool"},"image":{"@id":"https:\/\/aerocool.io\/#\/schema\/logo\/image\/"}}]}},"_links":{"self":[{"href":"https:\/\/aerocool.io\/la\/wp-json\/wp\/v2\/product\/102047"}],"collection":[{"href":"https:\/\/aerocool.io\/la\/wp-json\/wp\/v2\/product"}],"about":[{"href":"https:\/\/aerocool.io\/la\/wp-json\/wp\/v2\/types\/product"}],"version-history":[{"count":0,"href":"https:\/\/aerocool.io\/la\/wp-json\/wp\/v2\/product\/102047\/revisions"}],"wp:featuredmedia":[{"embeddable":true,"href":"https:\/\/aerocool.io\/la\/wp-json\/wp\/v2\/media\/102055"}],"wp:attachment":[{"href":"https:\/\/aerocool.io\/la\/wp-json\/wp\/v2\/media?parent=102047"}],"wp:term":[{"taxonomy":"product_brand","embeddable":true,"href":"https:\/\/aerocool.io\/la\/wp-json\/wp\/v2\/product_brand?post=102047"},{"taxonomy":"product_cat","embeddable":true,"href":"https:\/\/aerocool.io\/la\/wp-json\/wp\/v2\/product_cat?post=102047"},{"taxonomy":"product_tag","embeddable":true,"href":"https:\/\/aerocool.io\/la\/wp-json\/wp\/v2\/product_tag?post=102047"}],"curies":[{"name":"wp","href":"https:\/\/api.w.org\/{rel}","templated":true}]}}