{"id":107865,"date":"2019-09-12T06:15:11","date_gmt":"2019-09-12T06:15:11","guid":{"rendered":"https:\/\/aerocool.io\/product\/astro-24\/"},"modified":"2023-02-14T11:58:54","modified_gmt":"2023-02-14T03:58:54","slug":"astro-24","status":"publish","type":"product","link":"https:\/\/aerocool.io\/la\/product\/astro-24\/","title":{"rendered":"Astro 24"},"content":{"rendered":"","protected":false},"excerpt":{"rendered":"<h3>VENTILADOR ARGB DE 24 CM<\/h3>\n<p><span style=\"font-weight: 400;\">Con una combinaci\u00f3n de dos ventiladores de 12cm, este ventilador de 24 cm con RGB Direccionable agrega un acento \u00fanico y estilizado a tu equipo. Acceda a 16.8 millones de colores usando placas base con RGB Direccionable incluyendo el ASUS Aura Sync y MSI Mystic Light Sync, as\u00ed como el Gygabyte RGB Fusi\u00f3n. Requiere una placa base con RGB direccionable o un Hub (H66F \/ H106C).\u00a0<\/span><\/p>\n<ul>\n<li style=\"font-weight: 400;\">16.8 millones de colores a trav\u00e9s de placas base RGB Addressable<\/li>\n<li style=\"font-weight: 400;\">Equipado con cable adaptador ARGB de 6-Pines<\/li>\n<li>El dise\u00f1o de ventilador de RGB dual a\u00f1ade un acento \u00fanico y estilizado a tu equipo<\/li>\n<li>Viene con un soporte montable para instalar tu ventilador a una ranura PCIe<\/li>\n<li>Aspas de ventilador curvas para un rendimiento \u00f3ptimo<\/li>\n<li style=\"font-weight: 400;\">Soportes antivibraci\u00f3n para suavizar el movimiento generado por la rotaci\u00f3n de los ventiladores<\/li>\n<li style=\"font-weight: 400;\">30 LEDs para conseguir una total uniformidad en el brillo y el color de su iluminaci\u00f3n<\/li>\n<\/ul>\n<p><em>Las especificaciones est\u00e1n sujetas a cambios sin previo aviso.<br \/>\nLos productos y modelos pueden variar seg\u00fan la regi\u00f3n.<br \/>\nP\u00f3ngase en contacto con su Hub local para obtener m\u00e1s informaci\u00f3n.<\/em><\/p>\n","protected":false},"featured_media":105908,"template":"","meta":{"_acf_changed":false,"footnotes":""},"product_brand":[],"product_cat":[1620,1605,1616,1624,1611,1601],"product_tag":[],"class_list":{"0":"post-107865","1":"product","2":"type-product","3":"status-publish","4":"has-post-thumbnail","6":"product_cat-1-number-of-fans-la","7":"product_cat-120mm-fans-la","8":"product_cat-fans-rgb-la","9":"product_cat-yes-fans-la","10":"product_cat-fan-only-la","11":"product_cat-fans-la","13":"first","14":"instock","15":"shipping-taxable","16":"product-type-simple"},"acf":[],"yoast_head":"<!-- This site is optimized with the Yoast SEO plugin v25.6 - https:\/\/yoast.com\/wordpress\/plugins\/seo\/ -->\n<title>Astro 24 - AeroCool<\/title>\n<meta name=\"robots\" content=\"index, follow, max-snippet:-1, max-image-preview:large, max-video-preview:-1\" \/>\n<link rel=\"canonical\" href=\"https:\/\/aerocool.io\/la\/wp-json\/wp\/v2\/product\/107865\/\" \/>\n<meta property=\"og:locale\" content=\"en_US\" \/>\n<meta property=\"og:type\" content=\"article\" \/>\n<meta property=\"og:title\" content=\"Astro 24 - AeroCool\" \/>\n<meta property=\"og:description\" content=\"VENTILADOR ARGB DE 24 CM Con una combinaci\u00f3n de dos ventiladores de 12cm, este ventilador de 24 cm con RGB Direccionable agrega un acento \u00fanico y estilizado a tu equipo. Acceda a 16.8 millones de colores usando placas base con RGB Direccionable incluyendo el ASUS Aura Sync y MSI Mystic Light Sync, as\u00ed como el Gygabyte RGB Fusi\u00f3n. Requiere una placa base con RGB direccionable o un Hub (H66F \/ H106C).\u00a0   16.8 millones de colores a trav\u00e9s de placas base RGB Addressable  Equipado con cable adaptador ARGB de 6-Pines  El dise\u00f1o de ventilador de RGB dual a\u00f1ade un acento \u00fanico y estilizado a tu equipo  Viene con un soporte montable para instalar tu ventilador a una ranura PCIe  Aspas de ventilador curvas para un rendimiento \u00f3ptimo  Soportes antivibraci\u00f3n para suavizar el movimiento generado por la rotaci\u00f3n de los ventiladores  30 LEDs para conseguir una total uniformidad en el brillo y el color de su iluminaci\u00f3n  Las especificaciones est\u00e1n sujetas a cambios sin previo aviso. Los productos y modelos pueden variar seg\u00fan la regi\u00f3n. P\u00f3ngase en contacto con su Hub local para obtener m\u00e1s informaci\u00f3n.\" \/>\n<meta property=\"og:url\" content=\"https:\/\/aerocool.io\/la\/wp-json\/wp\/v2\/product\/107865\/\" \/>\n<meta property=\"og:site_name\" content=\"AeroCool\" \/>\n<meta property=\"article:modified_time\" content=\"2023-02-14T03:58:54+00:00\" \/>\n<meta property=\"og:image\" content=\"https:\/\/aerocool.io\/wp-content\/uploads\/2019\/09\/Astro24-Infographic700x700-01.jpg\" \/>\n\t<meta property=\"og:image:width\" content=\"700\" \/>\n\t<meta property=\"og:image:height\" content=\"700\" \/>\n\t<meta property=\"og:image:type\" content=\"image\/jpeg\" \/>\n<meta name=\"twitter:card\" content=\"summary_large_image\" \/>\n<script type=\"application\/ld+json\" class=\"yoast-schema-graph\">{\"@context\":\"https:\/\/schema.org\",\"@graph\":[{\"@type\":\"WebPage\",\"@id\":\"https:\/\/aerocool.io\/la\/wp-json\/wp\/v2\/product\/107865\/\",\"url\":\"https:\/\/aerocool.io\/la\/wp-json\/wp\/v2\/product\/107865\/\",\"name\":\"Astro 24 - AeroCool\",\"isPartOf\":{\"@id\":\"https:\/\/aerocool.io\/#website\"},\"primaryImageOfPage\":{\"@id\":\"https:\/\/aerocool.io\/la\/product\/astro-24\/#primaryimage\"},\"image\":{\"@id\":\"https:\/\/aerocool.io\/la\/product\/astro-24\/#primaryimage\"},\"thumbnailUrl\":\"https:\/\/aerocool.io\/wp-content\/uploads\/2019\/09\/Astro24-Infographic700x700-01.jpg\",\"datePublished\":\"2019-09-12T06:15:11+00:00\",\"dateModified\":\"2023-02-14T03:58:54+00:00\",\"breadcrumb\":{\"@id\":\"https:\/\/aerocool.io\/la\/product\/astro-24\/#breadcrumb\"},\"inLanguage\":\"la-LA\",\"potentialAction\":[{\"@type\":\"ReadAction\",\"target\":[\"https:\/\/aerocool.io\/la\/product\/astro-24\/\"]}]},{\"@type\":\"ImageObject\",\"inLanguage\":\"la-LA\",\"@id\":\"https:\/\/aerocool.io\/la\/product\/astro-24\/#primaryimage\",\"url\":\"https:\/\/aerocool.io\/wp-content\/uploads\/2019\/09\/Astro24-Infographic700x700-01.jpg\",\"contentUrl\":\"https:\/\/aerocool.io\/wp-content\/uploads\/2019\/09\/Astro24-Infographic700x700-01.jpg\",\"width\":700,\"height\":700},{\"@type\":\"BreadcrumbList\",\"@id\":\"https:\/\/aerocool.io\/la\/product\/astro-24\/#breadcrumb\",\"itemListElement\":[{\"@type\":\"ListItem\",\"position\":1,\"name\":\"Home\",\"item\":\"https:\/\/aerocool.io\/la\/\"},{\"@type\":\"ListItem\",\"position\":2,\"name\":\"Shop\",\"item\":\"https:\/\/aerocool.io\/shop\/\"},{\"@type\":\"ListItem\",\"position\":3,\"name\":\"Astro 24\"}]},{\"@type\":\"WebSite\",\"@id\":\"https:\/\/aerocool.io\/#website\",\"url\":\"https:\/\/aerocool.io\/\",\"name\":\"AeroCool\",\"description\":\"Be Cool. Get AeroCool.\",\"publisher\":{\"@id\":\"https:\/\/aerocool.io\/#organization\"},\"potentialAction\":[{\"@type\":\"SearchAction\",\"target\":{\"@type\":\"EntryPoint\",\"urlTemplate\":\"https:\/\/aerocool.io\/?s={search_term_string}\"},\"query-input\":{\"@type\":\"PropertyValueSpecification\",\"valueRequired\":true,\"valueName\":\"search_term_string\"}}],\"inLanguage\":\"la-LA\"},{\"@type\":\"Organization\",\"@id\":\"https:\/\/aerocool.io\/#organization\",\"name\":\"Aerocool\",\"url\":\"https:\/\/aerocool.io\/\",\"logo\":{\"@type\":\"ImageObject\",\"inLanguage\":\"la-LA\",\"@id\":\"https:\/\/aerocool.io\/#\/schema\/logo\/image\/\",\"url\":\"https:\/\/aerocool.io\/wp-content\/uploads\/2018\/03\/AeroCool-Web-White-Logo.png\",\"contentUrl\":\"https:\/\/aerocool.io\/wp-content\/uploads\/2018\/03\/AeroCool-Web-White-Logo.png\",\"width\":500,\"height\":291,\"caption\":\"Aerocool\"},\"image\":{\"@id\":\"https:\/\/aerocool.io\/#\/schema\/logo\/image\/\"}}]}<\/script>\n<!-- \/ Yoast SEO plugin. -->","yoast_head_json":{"title":"Astro 24 - AeroCool","robots":{"index":"index","follow":"follow","max-snippet":"max-snippet:-1","max-image-preview":"max-image-preview:large","max-video-preview":"max-video-preview:-1"},"canonical":"https:\/\/aerocool.io\/la\/wp-json\/wp\/v2\/product\/107865\/","og_locale":"en_US","og_type":"article","og_title":"Astro 24 - AeroCool","og_description":"VENTILADOR ARGB DE 24 CM Con una combinaci\u00f3n de dos ventiladores de 12cm, este ventilador de 24 cm con RGB Direccionable agrega un acento \u00fanico y estilizado a tu equipo. Acceda a 16.8 millones de colores usando placas base con RGB Direccionable incluyendo el ASUS Aura Sync y MSI Mystic Light Sync, as\u00ed como el Gygabyte RGB Fusi\u00f3n. Requiere una placa base con RGB direccionable o un Hub (H66F \/ H106C).\u00a0   16.8 millones de colores a trav\u00e9s de placas base RGB Addressable  Equipado con cable adaptador ARGB de 6-Pines  El dise\u00f1o de ventilador de RGB dual a\u00f1ade un acento \u00fanico y estilizado a tu equipo  Viene con un soporte montable para instalar tu ventilador a una ranura PCIe  Aspas de ventilador curvas para un rendimiento \u00f3ptimo  Soportes antivibraci\u00f3n para suavizar el movimiento generado por la rotaci\u00f3n de los ventiladores  30 LEDs para conseguir una total uniformidad en el brillo y el color de su iluminaci\u00f3n  Las especificaciones est\u00e1n sujetas a cambios sin previo aviso. Los productos y modelos pueden variar seg\u00fan la regi\u00f3n. P\u00f3ngase en contacto con su Hub local para obtener m\u00e1s informaci\u00f3n.","og_url":"https:\/\/aerocool.io\/la\/wp-json\/wp\/v2\/product\/107865\/","og_site_name":"AeroCool","article_modified_time":"2023-02-14T03:58:54+00:00","og_image":[{"width":700,"height":700,"url":"https:\/\/aerocool.io\/wp-content\/uploads\/2019\/09\/Astro24-Infographic700x700-01.jpg","type":"image\/jpeg"}],"twitter_card":"summary_large_image","schema":{"@context":"https:\/\/schema.org","@graph":[{"@type":"WebPage","@id":"https:\/\/aerocool.io\/la\/wp-json\/wp\/v2\/product\/107865\/","url":"https:\/\/aerocool.io\/la\/wp-json\/wp\/v2\/product\/107865\/","name":"Astro 24 - AeroCool","isPartOf":{"@id":"https:\/\/aerocool.io\/#website"},"primaryImageOfPage":{"@id":"https:\/\/aerocool.io\/la\/product\/astro-24\/#primaryimage"},"image":{"@id":"https:\/\/aerocool.io\/la\/product\/astro-24\/#primaryimage"},"thumbnailUrl":"https:\/\/aerocool.io\/wp-content\/uploads\/2019\/09\/Astro24-Infographic700x700-01.jpg","datePublished":"2019-09-12T06:15:11+00:00","dateModified":"2023-02-14T03:58:54+00:00","breadcrumb":{"@id":"https:\/\/aerocool.io\/la\/product\/astro-24\/#breadcrumb"},"inLanguage":"la-LA","potentialAction":[{"@type":"ReadAction","target":["https:\/\/aerocool.io\/la\/product\/astro-24\/"]}]},{"@type":"ImageObject","inLanguage":"la-LA","@id":"https:\/\/aerocool.io\/la\/product\/astro-24\/#primaryimage","url":"https:\/\/aerocool.io\/wp-content\/uploads\/2019\/09\/Astro24-Infographic700x700-01.jpg","contentUrl":"https:\/\/aerocool.io\/wp-content\/uploads\/2019\/09\/Astro24-Infographic700x700-01.jpg","width":700,"height":700},{"@type":"BreadcrumbList","@id":"https:\/\/aerocool.io\/la\/product\/astro-24\/#breadcrumb","itemListElement":[{"@type":"ListItem","position":1,"name":"Home","item":"https:\/\/aerocool.io\/la\/"},{"@type":"ListItem","position":2,"name":"Shop","item":"https:\/\/aerocool.io\/shop\/"},{"@type":"ListItem","position":3,"name":"Astro 24"}]},{"@type":"WebSite","@id":"https:\/\/aerocool.io\/#website","url":"https:\/\/aerocool.io\/","name":"AeroCool","description":"Be Cool. Get AeroCool.","publisher":{"@id":"https:\/\/aerocool.io\/#organization"},"potentialAction":[{"@type":"SearchAction","target":{"@type":"EntryPoint","urlTemplate":"https:\/\/aerocool.io\/?s={search_term_string}"},"query-input":{"@type":"PropertyValueSpecification","valueRequired":true,"valueName":"search_term_string"}}],"inLanguage":"la-LA"},{"@type":"Organization","@id":"https:\/\/aerocool.io\/#organization","name":"Aerocool","url":"https:\/\/aerocool.io\/","logo":{"@type":"ImageObject","inLanguage":"la-LA","@id":"https:\/\/aerocool.io\/#\/schema\/logo\/image\/","url":"https:\/\/aerocool.io\/wp-content\/uploads\/2018\/03\/AeroCool-Web-White-Logo.png","contentUrl":"https:\/\/aerocool.io\/wp-content\/uploads\/2018\/03\/AeroCool-Web-White-Logo.png","width":500,"height":291,"caption":"Aerocool"},"image":{"@id":"https:\/\/aerocool.io\/#\/schema\/logo\/image\/"}}]}},"_links":{"self":[{"href":"https:\/\/aerocool.io\/la\/wp-json\/wp\/v2\/product\/107865"}],"collection":[{"href":"https:\/\/aerocool.io\/la\/wp-json\/wp\/v2\/product"}],"about":[{"href":"https:\/\/aerocool.io\/la\/wp-json\/wp\/v2\/types\/product"}],"version-history":[{"count":0,"href":"https:\/\/aerocool.io\/la\/wp-json\/wp\/v2\/product\/107865\/revisions"}],"wp:featuredmedia":[{"embeddable":true,"href":"https:\/\/aerocool.io\/la\/wp-json\/wp\/v2\/media\/105908"}],"wp:attachment":[{"href":"https:\/\/aerocool.io\/la\/wp-json\/wp\/v2\/media?parent=107865"}],"wp:term":[{"taxonomy":"product_brand","embeddable":true,"href":"https:\/\/aerocool.io\/la\/wp-json\/wp\/v2\/product_brand?post=107865"},{"taxonomy":"product_cat","embeddable":true,"href":"https:\/\/aerocool.io\/la\/wp-json\/wp\/v2\/product_cat?post=107865"},{"taxonomy":"product_tag","embeddable":true,"href":"https:\/\/aerocool.io\/la\/wp-json\/wp\/v2\/product_tag?post=107865"}],"curies":[{"name":"wp","href":"https:\/\/api.w.org\/{rel}","templated":true}]}}