{"id":107867,"date":"2018-05-24T05:57:41","date_gmt":"2018-05-24T05:57:41","guid":{"rendered":"https:\/\/aerocool.io\/product\/baraf-s-3-5g\/"},"modified":"2020-06-15T08:36:38","modified_gmt":"2020-06-15T08:36:38","slug":"baraf-s-3-5g","status":"publish","type":"product","link":"https:\/\/aerocool.io\/la\/product\/baraf-s-3-5g\/","title":{"rendered":"Baraf-S 3.5g"},"content":{"rendered":"","protected":false},"excerpt":{"rendered":"<h3><span style=\"font-weight: 400;\">PASTA T\u00c9RMICA<\/span><\/h3>\n<p><span style=\"font-weight: 400;\">Baraf es una pasta t\u00e9rmica de alto rendimiento que mejora la eficiencia de su conducci\u00f3n del calor. Es f\u00e1cil de aplicar y rellena perfectamente el espacio entre el disipador y la CPU. La nanotecnolog\u00eda de Baraf mejora la conducci\u00f3n del calor a trav\u00e9s de sus micromol\u00e9culas, y al estar dise\u00f1ada con nanotecnolog\u00eda, es completamente segura de utilizar. Incluye un aplicador para un uso m\u00e1s r\u00e1pido y c\u00f3modo. <\/span><\/p>\n<p><span style=\"font-weight: 400; color: #000000;\">\u2022 Alta viscosidad para una f\u00e1cil viscosidad<\/span><br \/>\n<span style=\"font-weight: 400; color: #000000;\">\u2022 Nanotecnolog\u00eda que mejora la conducci\u00f3n de calor<\/span><br \/>\n<span style=\"font-weight: 400; color: #000000;\">\u2022 Materiales no conductores de electricidad para asegurar un uso seguro<\/span><br \/>\n<span style=\"font-weight: 400; color: #000000;\">\u2022 Bajo punto de evaporaci\u00f3n y alta tolerancia a las altas temperaturas<\/span><br \/>\n<span style=\"font-weight: 400; color: #000000;\">\u2022 Aplicador incluido para un uso f\u00e1cil y r\u00e1pido<\/span><br \/>\n<span style=\"font-weight: 400; color: #000000;\">\u2022 3.5g de pasta t\u00e9rmica<\/span><\/p>\n<p><em>Los especificaciones pueden variar sin previo aviso.<br \/>\nLos productos y los modelos pueden variar dependiendo de la regi\u00f3n.<br \/>\nContacta con tu distribuidor para m\u00e1s informaci\u00f3n.<\/em><\/p>\n","protected":false},"featured_media":96535,"template":"","meta":{"_acf_changed":false,"footnotes":""},"product_brand":[],"product_cat":[1570,1568],"product_tag":[],"class_list":{"0":"post-107867","1":"product","2":"type-product","3":"status-publish","4":"has-post-thumbnail","6":"product_cat-thermal-paste-la","7":"product_cat-cooling-la","9":"first","10":"instock","11":"shipping-taxable","12":"product-type-simple"},"acf":[],"yoast_head":"<!-- This site is optimized with the Yoast SEO plugin v25.6 - https:\/\/yoast.com\/wordpress\/plugins\/seo\/ -->\n<title>Baraf-S 3.5g - AeroCool<\/title>\n<meta name=\"robots\" content=\"index, follow, max-snippet:-1, max-image-preview:large, max-video-preview:-1\" \/>\n<link rel=\"canonical\" href=\"https:\/\/aerocool.io\/la\/wp-json\/wp\/v2\/product\/107867\/\" \/>\n<meta property=\"og:locale\" content=\"en_US\" \/>\n<meta property=\"og:type\" content=\"article\" \/>\n<meta property=\"og:title\" content=\"Baraf-S 3.5g - AeroCool\" \/>\n<meta property=\"og:description\" content=\"PASTA T\u00c9RMICA Baraf es una pasta t\u00e9rmica de alto rendimiento que mejora la eficiencia de su conducci\u00f3n del calor. Es f\u00e1cil de aplicar y rellena perfectamente el espacio entre el disipador y la CPU. La nanotecnolog\u00eda de Baraf mejora la conducci\u00f3n del calor a trav\u00e9s de sus micromol\u00e9culas, y al estar dise\u00f1ada con nanotecnolog\u00eda, es completamente segura de utilizar. Incluye un aplicador para un uso m\u00e1s r\u00e1pido y c\u00f3modo.   \u2022 Alta viscosidad para una f\u00e1cil viscosidad \u2022 Nanotecnolog\u00eda que mejora la conducci\u00f3n de calor \u2022 Materiales no conductores de electricidad para asegurar un uso seguro \u2022 Bajo punto de evaporaci\u00f3n y alta tolerancia a las altas temperaturas \u2022 Aplicador incluido para un uso f\u00e1cil y r\u00e1pido \u2022 3.5g de pasta t\u00e9rmica  Los especificaciones pueden variar sin previo aviso. Los productos y los modelos pueden variar dependiendo de la regi\u00f3n. Contacta con tu distribuidor para m\u00e1s informaci\u00f3n.\" \/>\n<meta property=\"og:url\" content=\"https:\/\/aerocool.io\/la\/wp-json\/wp\/v2\/product\/107867\/\" \/>\n<meta property=\"og:site_name\" content=\"AeroCool\" \/>\n<meta property=\"article:modified_time\" content=\"2020-06-15T08:36:38+00:00\" \/>\n<meta property=\"og:image\" content=\"https:\/\/aerocool.io\/wp-content\/uploads\/2018\/05\/AeroCool-Baraf-2g-Infographic700x700px-1.jpg\" \/>\n\t<meta property=\"og:image:width\" content=\"700\" \/>\n\t<meta property=\"og:image:height\" content=\"700\" \/>\n\t<meta property=\"og:image:type\" content=\"image\/jpeg\" \/>\n<meta name=\"twitter:card\" content=\"summary_large_image\" \/>\n<script type=\"application\/ld+json\" class=\"yoast-schema-graph\">{\"@context\":\"https:\/\/schema.org\",\"@graph\":[{\"@type\":\"WebPage\",\"@id\":\"https:\/\/aerocool.io\/la\/wp-json\/wp\/v2\/product\/107867\/\",\"url\":\"https:\/\/aerocool.io\/la\/wp-json\/wp\/v2\/product\/107867\/\",\"name\":\"Baraf-S 3.5g - AeroCool\",\"isPartOf\":{\"@id\":\"https:\/\/aerocool.io\/#website\"},\"primaryImageOfPage\":{\"@id\":\"https:\/\/aerocool.io\/la\/product\/baraf-s-3-5g\/#primaryimage\"},\"image\":{\"@id\":\"https:\/\/aerocool.io\/la\/product\/baraf-s-3-5g\/#primaryimage\"},\"thumbnailUrl\":\"https:\/\/aerocool.io\/wp-content\/uploads\/2018\/05\/AeroCool-Baraf-2g-Infographic700x700px-1.jpg\",\"datePublished\":\"2018-05-24T05:57:41+00:00\",\"dateModified\":\"2020-06-15T08:36:38+00:00\",\"breadcrumb\":{\"@id\":\"https:\/\/aerocool.io\/la\/product\/baraf-s-3-5g\/#breadcrumb\"},\"inLanguage\":\"la-LA\",\"potentialAction\":[{\"@type\":\"ReadAction\",\"target\":[\"https:\/\/aerocool.io\/la\/product\/baraf-s-3-5g\/\"]}]},{\"@type\":\"ImageObject\",\"inLanguage\":\"la-LA\",\"@id\":\"https:\/\/aerocool.io\/la\/product\/baraf-s-3-5g\/#primaryimage\",\"url\":\"https:\/\/aerocool.io\/wp-content\/uploads\/2018\/05\/AeroCool-Baraf-2g-Infographic700x700px-1.jpg\",\"contentUrl\":\"https:\/\/aerocool.io\/wp-content\/uploads\/2018\/05\/AeroCool-Baraf-2g-Infographic700x700px-1.jpg\",\"width\":700,\"height\":700},{\"@type\":\"BreadcrumbList\",\"@id\":\"https:\/\/aerocool.io\/la\/product\/baraf-s-3-5g\/#breadcrumb\",\"itemListElement\":[{\"@type\":\"ListItem\",\"position\":1,\"name\":\"Home\",\"item\":\"https:\/\/aerocool.io\/la\/\"},{\"@type\":\"ListItem\",\"position\":2,\"name\":\"Shop\",\"item\":\"https:\/\/aerocool.io\/shop\/\"},{\"@type\":\"ListItem\",\"position\":3,\"name\":\"Baraf-S 3.5g\"}]},{\"@type\":\"WebSite\",\"@id\":\"https:\/\/aerocool.io\/#website\",\"url\":\"https:\/\/aerocool.io\/\",\"name\":\"AeroCool\",\"description\":\"Be Cool. Get AeroCool.\",\"publisher\":{\"@id\":\"https:\/\/aerocool.io\/#organization\"},\"potentialAction\":[{\"@type\":\"SearchAction\",\"target\":{\"@type\":\"EntryPoint\",\"urlTemplate\":\"https:\/\/aerocool.io\/?s={search_term_string}\"},\"query-input\":{\"@type\":\"PropertyValueSpecification\",\"valueRequired\":true,\"valueName\":\"search_term_string\"}}],\"inLanguage\":\"la-LA\"},{\"@type\":\"Organization\",\"@id\":\"https:\/\/aerocool.io\/#organization\",\"name\":\"Aerocool\",\"url\":\"https:\/\/aerocool.io\/\",\"logo\":{\"@type\":\"ImageObject\",\"inLanguage\":\"la-LA\",\"@id\":\"https:\/\/aerocool.io\/#\/schema\/logo\/image\/\",\"url\":\"https:\/\/aerocool.io\/wp-content\/uploads\/2018\/03\/AeroCool-Web-White-Logo.png\",\"contentUrl\":\"https:\/\/aerocool.io\/wp-content\/uploads\/2018\/03\/AeroCool-Web-White-Logo.png\",\"width\":500,\"height\":291,\"caption\":\"Aerocool\"},\"image\":{\"@id\":\"https:\/\/aerocool.io\/#\/schema\/logo\/image\/\"}}]}<\/script>\n<!-- \/ Yoast SEO plugin. -->","yoast_head_json":{"title":"Baraf-S 3.5g - AeroCool","robots":{"index":"index","follow":"follow","max-snippet":"max-snippet:-1","max-image-preview":"max-image-preview:large","max-video-preview":"max-video-preview:-1"},"canonical":"https:\/\/aerocool.io\/la\/wp-json\/wp\/v2\/product\/107867\/","og_locale":"en_US","og_type":"article","og_title":"Baraf-S 3.5g - AeroCool","og_description":"PASTA T\u00c9RMICA Baraf es una pasta t\u00e9rmica de alto rendimiento que mejora la eficiencia de su conducci\u00f3n del calor. Es f\u00e1cil de aplicar y rellena perfectamente el espacio entre el disipador y la CPU. La nanotecnolog\u00eda de Baraf mejora la conducci\u00f3n del calor a trav\u00e9s de sus micromol\u00e9culas, y al estar dise\u00f1ada con nanotecnolog\u00eda, es completamente segura de utilizar. Incluye un aplicador para un uso m\u00e1s r\u00e1pido y c\u00f3modo.   \u2022 Alta viscosidad para una f\u00e1cil viscosidad \u2022 Nanotecnolog\u00eda que mejora la conducci\u00f3n de calor \u2022 Materiales no conductores de electricidad para asegurar un uso seguro \u2022 Bajo punto de evaporaci\u00f3n y alta tolerancia a las altas temperaturas \u2022 Aplicador incluido para un uso f\u00e1cil y r\u00e1pido \u2022 3.5g de pasta t\u00e9rmica  Los especificaciones pueden variar sin previo aviso. Los productos y los modelos pueden variar dependiendo de la regi\u00f3n. Contacta con tu distribuidor para m\u00e1s informaci\u00f3n.","og_url":"https:\/\/aerocool.io\/la\/wp-json\/wp\/v2\/product\/107867\/","og_site_name":"AeroCool","article_modified_time":"2020-06-15T08:36:38+00:00","og_image":[{"width":700,"height":700,"url":"https:\/\/aerocool.io\/wp-content\/uploads\/2018\/05\/AeroCool-Baraf-2g-Infographic700x700px-1.jpg","type":"image\/jpeg"}],"twitter_card":"summary_large_image","schema":{"@context":"https:\/\/schema.org","@graph":[{"@type":"WebPage","@id":"https:\/\/aerocool.io\/la\/wp-json\/wp\/v2\/product\/107867\/","url":"https:\/\/aerocool.io\/la\/wp-json\/wp\/v2\/product\/107867\/","name":"Baraf-S 3.5g - AeroCool","isPartOf":{"@id":"https:\/\/aerocool.io\/#website"},"primaryImageOfPage":{"@id":"https:\/\/aerocool.io\/la\/product\/baraf-s-3-5g\/#primaryimage"},"image":{"@id":"https:\/\/aerocool.io\/la\/product\/baraf-s-3-5g\/#primaryimage"},"thumbnailUrl":"https:\/\/aerocool.io\/wp-content\/uploads\/2018\/05\/AeroCool-Baraf-2g-Infographic700x700px-1.jpg","datePublished":"2018-05-24T05:57:41+00:00","dateModified":"2020-06-15T08:36:38+00:00","breadcrumb":{"@id":"https:\/\/aerocool.io\/la\/product\/baraf-s-3-5g\/#breadcrumb"},"inLanguage":"la-LA","potentialAction":[{"@type":"ReadAction","target":["https:\/\/aerocool.io\/la\/product\/baraf-s-3-5g\/"]}]},{"@type":"ImageObject","inLanguage":"la-LA","@id":"https:\/\/aerocool.io\/la\/product\/baraf-s-3-5g\/#primaryimage","url":"https:\/\/aerocool.io\/wp-content\/uploads\/2018\/05\/AeroCool-Baraf-2g-Infographic700x700px-1.jpg","contentUrl":"https:\/\/aerocool.io\/wp-content\/uploads\/2018\/05\/AeroCool-Baraf-2g-Infographic700x700px-1.jpg","width":700,"height":700},{"@type":"BreadcrumbList","@id":"https:\/\/aerocool.io\/la\/product\/baraf-s-3-5g\/#breadcrumb","itemListElement":[{"@type":"ListItem","position":1,"name":"Home","item":"https:\/\/aerocool.io\/la\/"},{"@type":"ListItem","position":2,"name":"Shop","item":"https:\/\/aerocool.io\/shop\/"},{"@type":"ListItem","position":3,"name":"Baraf-S 3.5g"}]},{"@type":"WebSite","@id":"https:\/\/aerocool.io\/#website","url":"https:\/\/aerocool.io\/","name":"AeroCool","description":"Be Cool. Get AeroCool.","publisher":{"@id":"https:\/\/aerocool.io\/#organization"},"potentialAction":[{"@type":"SearchAction","target":{"@type":"EntryPoint","urlTemplate":"https:\/\/aerocool.io\/?s={search_term_string}"},"query-input":{"@type":"PropertyValueSpecification","valueRequired":true,"valueName":"search_term_string"}}],"inLanguage":"la-LA"},{"@type":"Organization","@id":"https:\/\/aerocool.io\/#organization","name":"Aerocool","url":"https:\/\/aerocool.io\/","logo":{"@type":"ImageObject","inLanguage":"la-LA","@id":"https:\/\/aerocool.io\/#\/schema\/logo\/image\/","url":"https:\/\/aerocool.io\/wp-content\/uploads\/2018\/03\/AeroCool-Web-White-Logo.png","contentUrl":"https:\/\/aerocool.io\/wp-content\/uploads\/2018\/03\/AeroCool-Web-White-Logo.png","width":500,"height":291,"caption":"Aerocool"},"image":{"@id":"https:\/\/aerocool.io\/#\/schema\/logo\/image\/"}}]}},"_links":{"self":[{"href":"https:\/\/aerocool.io\/la\/wp-json\/wp\/v2\/product\/107867"}],"collection":[{"href":"https:\/\/aerocool.io\/la\/wp-json\/wp\/v2\/product"}],"about":[{"href":"https:\/\/aerocool.io\/la\/wp-json\/wp\/v2\/types\/product"}],"version-history":[{"count":0,"href":"https:\/\/aerocool.io\/la\/wp-json\/wp\/v2\/product\/107867\/revisions"}],"wp:featuredmedia":[{"embeddable":true,"href":"https:\/\/aerocool.io\/la\/wp-json\/wp\/v2\/media\/96535"}],"wp:attachment":[{"href":"https:\/\/aerocool.io\/la\/wp-json\/wp\/v2\/media?parent=107867"}],"wp:term":[{"taxonomy":"product_brand","embeddable":true,"href":"https:\/\/aerocool.io\/la\/wp-json\/wp\/v2\/product_brand?post=107867"},{"taxonomy":"product_cat","embeddable":true,"href":"https:\/\/aerocool.io\/la\/wp-json\/wp\/v2\/product_cat?post=107867"},{"taxonomy":"product_tag","embeddable":true,"href":"https:\/\/aerocool.io\/la\/wp-json\/wp\/v2\/product_tag?post=107867"}],"curies":[{"name":"wp","href":"https:\/\/api.w.org\/{rel}","templated":true}]}}