{"id":107871,"date":"2019-08-05T09:46:25","date_gmt":"2019-08-05T09:46:25","guid":{"rendered":"https:\/\/aerocool.io\/product\/cylon-3\/"},"modified":"2022-11-03T15:34:40","modified_gmt":"2022-11-03T07:34:40","slug":"cylon-3","status":"publish","type":"product","link":"https:\/\/aerocool.io\/la\/product\/cylon-3\/","title":{"rendered":"Cylon 3"},"content":{"rendered":"","protected":false},"excerpt":{"rendered":"<h3>Disipador de CPU ARGB<\/h3>\n<p>El disipador de CPU Cylon 3 proporciona una potente refrigeraci\u00f3n para tu procesador a la vez que decora el interior de tu PC con una iluminaci\u00f3n espectacular. Equipado con un sistema LED RGB Addressable, tecnolog\u00eda punta de disipaci\u00f3n y aspas mejoradas para aumentar la circulaci\u00f3n del aire, se trata de un disipador de alta calidad que proteger\u00e1 tus componentes de forma profesional.<\/p>\n<ul>\n<li>Anillo LED RGB para potenciar la est\u00e9tica de tu rig<\/li>\n<li>Compatible con placas base RGB Addressable (ASUS Aura Sync, MSI Mystic Light Sync, y Gigabyte RGB Fusion) o hubs (H66F)<\/li>\n<li>Tecnolog\u00eda Heat Core Touch con 3 heat pipes t\u00e9rmicos ultraeficientes<\/li>\n<li>Dise\u00f1o Top Down Cooling para conseguir una disipaci\u00f3n de calor \u00f3ptima y mayor compatibilidad con las cajas<\/li>\n<li>Aspas con recubrimiento negro que incrementa la disipaci\u00f3n y mejora su eficiencia<\/li>\n<li>TDP (Thermal Design Power) de hasta 125W<\/li>\n<\/ul>\n<p><em>Las especificaciones est\u00e1n sujetas a cambios sin previo aviso.<br \/>\nLos productos y modelos pueden variar seg\u00fan la regi\u00f3n.<br \/>\nP\u00f3ngase en contacto con su distribuidor local para obtener m\u00e1s informaci\u00f3n.<\/em><\/p>\n","protected":false},"featured_media":105778,"template":"","meta":{"_acf_changed":false,"footnotes":""},"product_brand":[],"product_cat":[2332,1588,1572,1589,1568,1577,1580],"product_tag":[],"class_list":{"0":"post-107871","1":"product","2":"type-product","3":"status-publish","4":"has-post-thumbnail","6":"product_cat-120-160-la","7":"product_cat-amd-la","8":"product_cat-air-cooler-la","9":"product_cat-intel-115x-la","10":"product_cat-cooling-la","11":"product_cat-rgb-cooling-la","12":"product_cat-yes-pwm-fan-control-la","14":"first","15":"instock","16":"shipping-taxable","17":"product-type-simple"},"acf":[],"yoast_head":"<!-- This site is optimized with the Yoast SEO plugin v25.6 - https:\/\/yoast.com\/wordpress\/plugins\/seo\/ -->\n<title>Cylon 3 - AeroCool<\/title>\n<meta name=\"robots\" content=\"index, follow, max-snippet:-1, max-image-preview:large, max-video-preview:-1\" \/>\n<link rel=\"canonical\" href=\"https:\/\/aerocool.io\/la\/wp-json\/wp\/v2\/product\/107871\/\" \/>\n<meta property=\"og:locale\" content=\"en_US\" \/>\n<meta property=\"og:type\" content=\"article\" \/>\n<meta property=\"og:title\" content=\"Cylon 3 - AeroCool\" \/>\n<meta property=\"og:description\" content=\"Disipador de CPU ARGB El disipador de CPU Cylon 3 proporciona una potente refrigeraci\u00f3n para tu procesador a la vez que decora el interior de tu PC con una iluminaci\u00f3n espectacular. Equipado con un sistema LED RGB Addressable, tecnolog\u00eda punta de disipaci\u00f3n y aspas mejoradas para aumentar la circulaci\u00f3n del aire, se trata de un disipador de alta calidad que proteger\u00e1 tus componentes de forma profesional.   Anillo LED RGB para potenciar la est\u00e9tica de tu rig  Compatible con placas base RGB Addressable (ASUS Aura Sync, MSI Mystic Light Sync, y Gigabyte RGB Fusion) o hubs (H66F)  Tecnolog\u00eda Heat Core Touch con 3 heat pipes t\u00e9rmicos ultraeficientes  Dise\u00f1o Top Down Cooling para conseguir una disipaci\u00f3n de calor \u00f3ptima y mayor compatibilidad con las cajas  Aspas con recubrimiento negro que incrementa la disipaci\u00f3n y mejora su eficiencia  TDP (Thermal Design Power) de hasta 125W  Las especificaciones est\u00e1n sujetas a cambios sin previo aviso. Los productos y modelos pueden variar seg\u00fan la regi\u00f3n. P\u00f3ngase en contacto con su distribuidor local para obtener m\u00e1s informaci\u00f3n.\" \/>\n<meta property=\"og:url\" content=\"https:\/\/aerocool.io\/la\/wp-json\/wp\/v2\/product\/107871\/\" \/>\n<meta property=\"og:site_name\" content=\"AeroCool\" \/>\n<meta property=\"article:modified_time\" content=\"2022-11-03T07:34:40+00:00\" \/>\n<meta property=\"og:image\" content=\"https:\/\/aerocool.io\/wp-content\/uploads\/2019\/08\/Cylon3-Infographic700x700-01.jpg\" \/>\n\t<meta property=\"og:image:width\" content=\"700\" \/>\n\t<meta property=\"og:image:height\" content=\"700\" \/>\n\t<meta property=\"og:image:type\" content=\"image\/jpeg\" \/>\n<meta name=\"twitter:card\" content=\"summary_large_image\" \/>\n<script type=\"application\/ld+json\" class=\"yoast-schema-graph\">{\"@context\":\"https:\/\/schema.org\",\"@graph\":[{\"@type\":\"WebPage\",\"@id\":\"https:\/\/aerocool.io\/la\/wp-json\/wp\/v2\/product\/107871\/\",\"url\":\"https:\/\/aerocool.io\/la\/wp-json\/wp\/v2\/product\/107871\/\",\"name\":\"Cylon 3 - AeroCool\",\"isPartOf\":{\"@id\":\"https:\/\/aerocool.io\/#website\"},\"primaryImageOfPage\":{\"@id\":\"https:\/\/aerocool.io\/la\/product\/cylon-3\/#primaryimage\"},\"image\":{\"@id\":\"https:\/\/aerocool.io\/la\/product\/cylon-3\/#primaryimage\"},\"thumbnailUrl\":\"https:\/\/aerocool.io\/wp-content\/uploads\/2019\/08\/Cylon3-Infographic700x700-01.jpg\",\"datePublished\":\"2019-08-05T09:46:25+00:00\",\"dateModified\":\"2022-11-03T07:34:40+00:00\",\"breadcrumb\":{\"@id\":\"https:\/\/aerocool.io\/la\/product\/cylon-3\/#breadcrumb\"},\"inLanguage\":\"la-LA\",\"potentialAction\":[{\"@type\":\"ReadAction\",\"target\":[\"https:\/\/aerocool.io\/la\/product\/cylon-3\/\"]}]},{\"@type\":\"ImageObject\",\"inLanguage\":\"la-LA\",\"@id\":\"https:\/\/aerocool.io\/la\/product\/cylon-3\/#primaryimage\",\"url\":\"https:\/\/aerocool.io\/wp-content\/uploads\/2019\/08\/Cylon3-Infographic700x700-01.jpg\",\"contentUrl\":\"https:\/\/aerocool.io\/wp-content\/uploads\/2019\/08\/Cylon3-Infographic700x700-01.jpg\",\"width\":700,\"height\":700},{\"@type\":\"BreadcrumbList\",\"@id\":\"https:\/\/aerocool.io\/la\/product\/cylon-3\/#breadcrumb\",\"itemListElement\":[{\"@type\":\"ListItem\",\"position\":1,\"name\":\"Home\",\"item\":\"https:\/\/aerocool.io\/la\/\"},{\"@type\":\"ListItem\",\"position\":2,\"name\":\"Shop\",\"item\":\"https:\/\/aerocool.io\/shop\/\"},{\"@type\":\"ListItem\",\"position\":3,\"name\":\"Cylon 3\"}]},{\"@type\":\"WebSite\",\"@id\":\"https:\/\/aerocool.io\/#website\",\"url\":\"https:\/\/aerocool.io\/\",\"name\":\"AeroCool\",\"description\":\"Be Cool. Get AeroCool.\",\"publisher\":{\"@id\":\"https:\/\/aerocool.io\/#organization\"},\"potentialAction\":[{\"@type\":\"SearchAction\",\"target\":{\"@type\":\"EntryPoint\",\"urlTemplate\":\"https:\/\/aerocool.io\/?s={search_term_string}\"},\"query-input\":{\"@type\":\"PropertyValueSpecification\",\"valueRequired\":true,\"valueName\":\"search_term_string\"}}],\"inLanguage\":\"la-LA\"},{\"@type\":\"Organization\",\"@id\":\"https:\/\/aerocool.io\/#organization\",\"name\":\"Aerocool\",\"url\":\"https:\/\/aerocool.io\/\",\"logo\":{\"@type\":\"ImageObject\",\"inLanguage\":\"la-LA\",\"@id\":\"https:\/\/aerocool.io\/#\/schema\/logo\/image\/\",\"url\":\"https:\/\/aerocool.io\/wp-content\/uploads\/2018\/03\/AeroCool-Web-White-Logo.png\",\"contentUrl\":\"https:\/\/aerocool.io\/wp-content\/uploads\/2018\/03\/AeroCool-Web-White-Logo.png\",\"width\":500,\"height\":291,\"caption\":\"Aerocool\"},\"image\":{\"@id\":\"https:\/\/aerocool.io\/#\/schema\/logo\/image\/\"}}]}<\/script>\n<!-- \/ Yoast SEO plugin. -->","yoast_head_json":{"title":"Cylon 3 - AeroCool","robots":{"index":"index","follow":"follow","max-snippet":"max-snippet:-1","max-image-preview":"max-image-preview:large","max-video-preview":"max-video-preview:-1"},"canonical":"https:\/\/aerocool.io\/la\/wp-json\/wp\/v2\/product\/107871\/","og_locale":"en_US","og_type":"article","og_title":"Cylon 3 - AeroCool","og_description":"Disipador de CPU ARGB El disipador de CPU Cylon 3 proporciona una potente refrigeraci\u00f3n para tu procesador a la vez que decora el interior de tu PC con una iluminaci\u00f3n espectacular. Equipado con un sistema LED RGB Addressable, tecnolog\u00eda punta de disipaci\u00f3n y aspas mejoradas para aumentar la circulaci\u00f3n del aire, se trata de un disipador de alta calidad que proteger\u00e1 tus componentes de forma profesional.   Anillo LED RGB para potenciar la est\u00e9tica de tu rig  Compatible con placas base RGB Addressable (ASUS Aura Sync, MSI Mystic Light Sync, y Gigabyte RGB Fusion) o hubs (H66F)  Tecnolog\u00eda Heat Core Touch con 3 heat pipes t\u00e9rmicos ultraeficientes  Dise\u00f1o Top Down Cooling para conseguir una disipaci\u00f3n de calor \u00f3ptima y mayor compatibilidad con las cajas  Aspas con recubrimiento negro que incrementa la disipaci\u00f3n y mejora su eficiencia  TDP (Thermal Design Power) de hasta 125W  Las especificaciones est\u00e1n sujetas a cambios sin previo aviso. Los productos y modelos pueden variar seg\u00fan la regi\u00f3n. P\u00f3ngase en contacto con su distribuidor local para obtener m\u00e1s informaci\u00f3n.","og_url":"https:\/\/aerocool.io\/la\/wp-json\/wp\/v2\/product\/107871\/","og_site_name":"AeroCool","article_modified_time":"2022-11-03T07:34:40+00:00","og_image":[{"width":700,"height":700,"url":"https:\/\/aerocool.io\/wp-content\/uploads\/2019\/08\/Cylon3-Infographic700x700-01.jpg","type":"image\/jpeg"}],"twitter_card":"summary_large_image","schema":{"@context":"https:\/\/schema.org","@graph":[{"@type":"WebPage","@id":"https:\/\/aerocool.io\/la\/wp-json\/wp\/v2\/product\/107871\/","url":"https:\/\/aerocool.io\/la\/wp-json\/wp\/v2\/product\/107871\/","name":"Cylon 3 - AeroCool","isPartOf":{"@id":"https:\/\/aerocool.io\/#website"},"primaryImageOfPage":{"@id":"https:\/\/aerocool.io\/la\/product\/cylon-3\/#primaryimage"},"image":{"@id":"https:\/\/aerocool.io\/la\/product\/cylon-3\/#primaryimage"},"thumbnailUrl":"https:\/\/aerocool.io\/wp-content\/uploads\/2019\/08\/Cylon3-Infographic700x700-01.jpg","datePublished":"2019-08-05T09:46:25+00:00","dateModified":"2022-11-03T07:34:40+00:00","breadcrumb":{"@id":"https:\/\/aerocool.io\/la\/product\/cylon-3\/#breadcrumb"},"inLanguage":"la-LA","potentialAction":[{"@type":"ReadAction","target":["https:\/\/aerocool.io\/la\/product\/cylon-3\/"]}]},{"@type":"ImageObject","inLanguage":"la-LA","@id":"https:\/\/aerocool.io\/la\/product\/cylon-3\/#primaryimage","url":"https:\/\/aerocool.io\/wp-content\/uploads\/2019\/08\/Cylon3-Infographic700x700-01.jpg","contentUrl":"https:\/\/aerocool.io\/wp-content\/uploads\/2019\/08\/Cylon3-Infographic700x700-01.jpg","width":700,"height":700},{"@type":"BreadcrumbList","@id":"https:\/\/aerocool.io\/la\/product\/cylon-3\/#breadcrumb","itemListElement":[{"@type":"ListItem","position":1,"name":"Home","item":"https:\/\/aerocool.io\/la\/"},{"@type":"ListItem","position":2,"name":"Shop","item":"https:\/\/aerocool.io\/shop\/"},{"@type":"ListItem","position":3,"name":"Cylon 3"}]},{"@type":"WebSite","@id":"https:\/\/aerocool.io\/#website","url":"https:\/\/aerocool.io\/","name":"AeroCool","description":"Be Cool. Get AeroCool.","publisher":{"@id":"https:\/\/aerocool.io\/#organization"},"potentialAction":[{"@type":"SearchAction","target":{"@type":"EntryPoint","urlTemplate":"https:\/\/aerocool.io\/?s={search_term_string}"},"query-input":{"@type":"PropertyValueSpecification","valueRequired":true,"valueName":"search_term_string"}}],"inLanguage":"la-LA"},{"@type":"Organization","@id":"https:\/\/aerocool.io\/#organization","name":"Aerocool","url":"https:\/\/aerocool.io\/","logo":{"@type":"ImageObject","inLanguage":"la-LA","@id":"https:\/\/aerocool.io\/#\/schema\/logo\/image\/","url":"https:\/\/aerocool.io\/wp-content\/uploads\/2018\/03\/AeroCool-Web-White-Logo.png","contentUrl":"https:\/\/aerocool.io\/wp-content\/uploads\/2018\/03\/AeroCool-Web-White-Logo.png","width":500,"height":291,"caption":"Aerocool"},"image":{"@id":"https:\/\/aerocool.io\/#\/schema\/logo\/image\/"}}]}},"_links":{"self":[{"href":"https:\/\/aerocool.io\/la\/wp-json\/wp\/v2\/product\/107871"}],"collection":[{"href":"https:\/\/aerocool.io\/la\/wp-json\/wp\/v2\/product"}],"about":[{"href":"https:\/\/aerocool.io\/la\/wp-json\/wp\/v2\/types\/product"}],"version-history":[{"count":0,"href":"https:\/\/aerocool.io\/la\/wp-json\/wp\/v2\/product\/107871\/revisions"}],"wp:featuredmedia":[{"embeddable":true,"href":"https:\/\/aerocool.io\/la\/wp-json\/wp\/v2\/media\/105778"}],"wp:attachment":[{"href":"https:\/\/aerocool.io\/la\/wp-json\/wp\/v2\/media?parent=107871"}],"wp:term":[{"taxonomy":"product_brand","embeddable":true,"href":"https:\/\/aerocool.io\/la\/wp-json\/wp\/v2\/product_brand?post=107871"},{"taxonomy":"product_cat","embeddable":true,"href":"https:\/\/aerocool.io\/la\/wp-json\/wp\/v2\/product_cat?post=107871"},{"taxonomy":"product_tag","embeddable":true,"href":"https:\/\/aerocool.io\/la\/wp-json\/wp\/v2\/product_tag?post=107871"}],"curies":[{"name":"wp","href":"https:\/\/api.w.org\/{rel}","templated":true}]}}