{"id":107872,"date":"2019-07-17T05:57:47","date_gmt":"2019-07-17T05:57:47","guid":{"rendered":"https:\/\/aerocool.io\/product\/cylon-4\/"},"modified":"2023-03-28T14:15:11","modified_gmt":"2023-03-28T06:15:11","slug":"cylon-4","status":"publish","type":"product","link":"https:\/\/aerocool.io\/la\/product\/cylon-4\/","title":{"rendered":"Cylon 4"},"content":{"rendered":"","protected":false},"excerpt":{"rendered":"<h3>Disipador de CPU ARGB<\/h3>\n<p>Cylon 4 es un disipador de CPU de alto rendimiento, preparado para potenciar la est\u00e9tica de tu PC mientras protege tu procesador como nunca antes. Dispone de un sistema de iluminaci\u00f3n ARGB compatible con placas base que te permiten controlar su iluminaci\u00f3n, ventilaci\u00f3n mejorada y HTTC de 4 heatpipes para potenciar al m\u00e1ximo sus prestaciones.<\/p>\n<ul>\n<li>Dise\u00f1o LED RGB para proporcionar una est\u00e9tica espectacular a tu rig<\/li>\n<li>Equipado con efectos de iluminaci\u00f3n RGB integrados y compatibilidad con placas base o hubs RGB Addressable<\/li>\n<li>Tecnolog\u00eda Heat Core Touch con 4 heatpipes t\u00e9rmicos ultraeficientes<\/li>\n<li>Cobertura superior en el disipador para conseguir un flujo de aire unidireccional, mejorando la disipaci\u00f3n del calor<\/li>\n<li>L\u00e1minas de alta eficiencia mejoradas para un rendimiento t\u00e9rmico \u00f3ptimo<\/li>\n<li>Recubrimiento negro en las aspas para mejorar la refrigeraci\u00f3n<\/li>\n<li>TDP (Thermal Design Power) de hasta 145W<\/li>\n<\/ul>\n<p><em>Las especificaciones est\u00e1n sujetas a cambios sin previo aviso.<br \/>\nLos productos y modelos pueden variar seg\u00fan la regi\u00f3n.<br \/>\nP\u00f3ngase en contacto con su distribuidor local para obtener m\u00e1s informaci\u00f3n.<\/em><\/p>\n","protected":false},"featured_media":105148,"template":"","meta":{"_acf_changed":false,"footnotes":""},"product_brand":[],"product_cat":[2332,1572,1568,1577,1580],"product_tag":[],"class_list":{"0":"post-107872","1":"product","2":"type-product","3":"status-publish","4":"has-post-thumbnail","6":"product_cat-120-160-la","7":"product_cat-air-cooler-la","8":"product_cat-cooling-la","9":"product_cat-rgb-cooling-la","10":"product_cat-yes-pwm-fan-control-la","12":"first","13":"instock","14":"shipping-taxable","15":"product-type-simple"},"acf":[],"yoast_head":"<!-- This site is optimized with the Yoast SEO plugin v25.6 - https:\/\/yoast.com\/wordpress\/plugins\/seo\/ -->\n<title>Cylon 4 - AeroCool<\/title>\n<meta name=\"robots\" content=\"index, follow, max-snippet:-1, max-image-preview:large, max-video-preview:-1\" \/>\n<link rel=\"canonical\" href=\"https:\/\/aerocool.io\/la\/wp-json\/wp\/v2\/product\/107872\/\" \/>\n<meta property=\"og:locale\" content=\"en_US\" \/>\n<meta property=\"og:type\" content=\"article\" \/>\n<meta property=\"og:title\" content=\"Cylon 4 - AeroCool\" \/>\n<meta property=\"og:description\" content=\"Disipador de CPU ARGB Cylon 4 es un disipador de CPU de alto rendimiento, preparado para potenciar la est\u00e9tica de tu PC mientras protege tu procesador como nunca antes. Dispone de un sistema de iluminaci\u00f3n ARGB compatible con placas base que te permiten controlar su iluminaci\u00f3n, ventilaci\u00f3n mejorada y HTTC de 4 heatpipes para potenciar al m\u00e1ximo sus prestaciones.   Dise\u00f1o LED RGB para proporcionar una est\u00e9tica espectacular a tu rig  Equipado con efectos de iluminaci\u00f3n RGB integrados y compatibilidad con placas base o hubs RGB Addressable  Tecnolog\u00eda Heat Core Touch con 4 heatpipes t\u00e9rmicos ultraeficientes  Cobertura superior en el disipador para conseguir un flujo de aire unidireccional, mejorando la disipaci\u00f3n del calor  L\u00e1minas de alta eficiencia mejoradas para un rendimiento t\u00e9rmico \u00f3ptimo  Recubrimiento negro en las aspas para mejorar la refrigeraci\u00f3n  TDP (Thermal Design Power) de hasta 145W  Las especificaciones est\u00e1n sujetas a cambios sin previo aviso. Los productos y modelos pueden variar seg\u00fan la regi\u00f3n. P\u00f3ngase en contacto con su distribuidor local para obtener m\u00e1s informaci\u00f3n.\" \/>\n<meta property=\"og:url\" content=\"https:\/\/aerocool.io\/la\/wp-json\/wp\/v2\/product\/107872\/\" \/>\n<meta property=\"og:site_name\" content=\"AeroCool\" \/>\n<meta property=\"article:modified_time\" content=\"2023-03-28T06:15:11+00:00\" \/>\n<meta property=\"og:image\" content=\"https:\/\/aerocool.io\/wp-content\/uploads\/2019\/07\/Cylon4-Infographic700x700-01.jpg\" \/>\n\t<meta property=\"og:image:width\" content=\"700\" \/>\n\t<meta property=\"og:image:height\" content=\"700\" \/>\n\t<meta property=\"og:image:type\" content=\"image\/jpeg\" \/>\n<meta name=\"twitter:card\" content=\"summary_large_image\" \/>\n<script type=\"application\/ld+json\" class=\"yoast-schema-graph\">{\"@context\":\"https:\/\/schema.org\",\"@graph\":[{\"@type\":\"WebPage\",\"@id\":\"https:\/\/aerocool.io\/la\/wp-json\/wp\/v2\/product\/107872\/\",\"url\":\"https:\/\/aerocool.io\/la\/wp-json\/wp\/v2\/product\/107872\/\",\"name\":\"Cylon 4 - AeroCool\",\"isPartOf\":{\"@id\":\"https:\/\/aerocool.io\/#website\"},\"primaryImageOfPage\":{\"@id\":\"https:\/\/aerocool.io\/la\/product\/cylon-4\/#primaryimage\"},\"image\":{\"@id\":\"https:\/\/aerocool.io\/la\/product\/cylon-4\/#primaryimage\"},\"thumbnailUrl\":\"https:\/\/aerocool.io\/wp-content\/uploads\/2019\/07\/Cylon4-Infographic700x700-01.jpg\",\"datePublished\":\"2019-07-17T05:57:47+00:00\",\"dateModified\":\"2023-03-28T06:15:11+00:00\",\"breadcrumb\":{\"@id\":\"https:\/\/aerocool.io\/la\/product\/cylon-4\/#breadcrumb\"},\"inLanguage\":\"la-LA\",\"potentialAction\":[{\"@type\":\"ReadAction\",\"target\":[\"https:\/\/aerocool.io\/la\/product\/cylon-4\/\"]}]},{\"@type\":\"ImageObject\",\"inLanguage\":\"la-LA\",\"@id\":\"https:\/\/aerocool.io\/la\/product\/cylon-4\/#primaryimage\",\"url\":\"https:\/\/aerocool.io\/wp-content\/uploads\/2019\/07\/Cylon4-Infographic700x700-01.jpg\",\"contentUrl\":\"https:\/\/aerocool.io\/wp-content\/uploads\/2019\/07\/Cylon4-Infographic700x700-01.jpg\",\"width\":700,\"height\":700},{\"@type\":\"BreadcrumbList\",\"@id\":\"https:\/\/aerocool.io\/la\/product\/cylon-4\/#breadcrumb\",\"itemListElement\":[{\"@type\":\"ListItem\",\"position\":1,\"name\":\"Home\",\"item\":\"https:\/\/aerocool.io\/la\/\"},{\"@type\":\"ListItem\",\"position\":2,\"name\":\"Shop\",\"item\":\"https:\/\/aerocool.io\/shop\/\"},{\"@type\":\"ListItem\",\"position\":3,\"name\":\"Cylon 4\"}]},{\"@type\":\"WebSite\",\"@id\":\"https:\/\/aerocool.io\/#website\",\"url\":\"https:\/\/aerocool.io\/\",\"name\":\"AeroCool\",\"description\":\"Be Cool. Get AeroCool.\",\"publisher\":{\"@id\":\"https:\/\/aerocool.io\/#organization\"},\"potentialAction\":[{\"@type\":\"SearchAction\",\"target\":{\"@type\":\"EntryPoint\",\"urlTemplate\":\"https:\/\/aerocool.io\/?s={search_term_string}\"},\"query-input\":{\"@type\":\"PropertyValueSpecification\",\"valueRequired\":true,\"valueName\":\"search_term_string\"}}],\"inLanguage\":\"la-LA\"},{\"@type\":\"Organization\",\"@id\":\"https:\/\/aerocool.io\/#organization\",\"name\":\"Aerocool\",\"url\":\"https:\/\/aerocool.io\/\",\"logo\":{\"@type\":\"ImageObject\",\"inLanguage\":\"la-LA\",\"@id\":\"https:\/\/aerocool.io\/#\/schema\/logo\/image\/\",\"url\":\"https:\/\/aerocool.io\/wp-content\/uploads\/2018\/03\/AeroCool-Web-White-Logo.png\",\"contentUrl\":\"https:\/\/aerocool.io\/wp-content\/uploads\/2018\/03\/AeroCool-Web-White-Logo.png\",\"width\":500,\"height\":291,\"caption\":\"Aerocool\"},\"image\":{\"@id\":\"https:\/\/aerocool.io\/#\/schema\/logo\/image\/\"}}]}<\/script>\n<!-- \/ Yoast SEO plugin. -->","yoast_head_json":{"title":"Cylon 4 - AeroCool","robots":{"index":"index","follow":"follow","max-snippet":"max-snippet:-1","max-image-preview":"max-image-preview:large","max-video-preview":"max-video-preview:-1"},"canonical":"https:\/\/aerocool.io\/la\/wp-json\/wp\/v2\/product\/107872\/","og_locale":"en_US","og_type":"article","og_title":"Cylon 4 - AeroCool","og_description":"Disipador de CPU ARGB Cylon 4 es un disipador de CPU de alto rendimiento, preparado para potenciar la est\u00e9tica de tu PC mientras protege tu procesador como nunca antes. Dispone de un sistema de iluminaci\u00f3n ARGB compatible con placas base que te permiten controlar su iluminaci\u00f3n, ventilaci\u00f3n mejorada y HTTC de 4 heatpipes para potenciar al m\u00e1ximo sus prestaciones.   Dise\u00f1o LED RGB para proporcionar una est\u00e9tica espectacular a tu rig  Equipado con efectos de iluminaci\u00f3n RGB integrados y compatibilidad con placas base o hubs RGB Addressable  Tecnolog\u00eda Heat Core Touch con 4 heatpipes t\u00e9rmicos ultraeficientes  Cobertura superior en el disipador para conseguir un flujo de aire unidireccional, mejorando la disipaci\u00f3n del calor  L\u00e1minas de alta eficiencia mejoradas para un rendimiento t\u00e9rmico \u00f3ptimo  Recubrimiento negro en las aspas para mejorar la refrigeraci\u00f3n  TDP (Thermal Design Power) de hasta 145W  Las especificaciones est\u00e1n sujetas a cambios sin previo aviso. Los productos y modelos pueden variar seg\u00fan la regi\u00f3n. P\u00f3ngase en contacto con su distribuidor local para obtener m\u00e1s informaci\u00f3n.","og_url":"https:\/\/aerocool.io\/la\/wp-json\/wp\/v2\/product\/107872\/","og_site_name":"AeroCool","article_modified_time":"2023-03-28T06:15:11+00:00","og_image":[{"width":700,"height":700,"url":"https:\/\/aerocool.io\/wp-content\/uploads\/2019\/07\/Cylon4-Infographic700x700-01.jpg","type":"image\/jpeg"}],"twitter_card":"summary_large_image","schema":{"@context":"https:\/\/schema.org","@graph":[{"@type":"WebPage","@id":"https:\/\/aerocool.io\/la\/wp-json\/wp\/v2\/product\/107872\/","url":"https:\/\/aerocool.io\/la\/wp-json\/wp\/v2\/product\/107872\/","name":"Cylon 4 - AeroCool","isPartOf":{"@id":"https:\/\/aerocool.io\/#website"},"primaryImageOfPage":{"@id":"https:\/\/aerocool.io\/la\/product\/cylon-4\/#primaryimage"},"image":{"@id":"https:\/\/aerocool.io\/la\/product\/cylon-4\/#primaryimage"},"thumbnailUrl":"https:\/\/aerocool.io\/wp-content\/uploads\/2019\/07\/Cylon4-Infographic700x700-01.jpg","datePublished":"2019-07-17T05:57:47+00:00","dateModified":"2023-03-28T06:15:11+00:00","breadcrumb":{"@id":"https:\/\/aerocool.io\/la\/product\/cylon-4\/#breadcrumb"},"inLanguage":"la-LA","potentialAction":[{"@type":"ReadAction","target":["https:\/\/aerocool.io\/la\/product\/cylon-4\/"]}]},{"@type":"ImageObject","inLanguage":"la-LA","@id":"https:\/\/aerocool.io\/la\/product\/cylon-4\/#primaryimage","url":"https:\/\/aerocool.io\/wp-content\/uploads\/2019\/07\/Cylon4-Infographic700x700-01.jpg","contentUrl":"https:\/\/aerocool.io\/wp-content\/uploads\/2019\/07\/Cylon4-Infographic700x700-01.jpg","width":700,"height":700},{"@type":"BreadcrumbList","@id":"https:\/\/aerocool.io\/la\/product\/cylon-4\/#breadcrumb","itemListElement":[{"@type":"ListItem","position":1,"name":"Home","item":"https:\/\/aerocool.io\/la\/"},{"@type":"ListItem","position":2,"name":"Shop","item":"https:\/\/aerocool.io\/shop\/"},{"@type":"ListItem","position":3,"name":"Cylon 4"}]},{"@type":"WebSite","@id":"https:\/\/aerocool.io\/#website","url":"https:\/\/aerocool.io\/","name":"AeroCool","description":"Be Cool. Get AeroCool.","publisher":{"@id":"https:\/\/aerocool.io\/#organization"},"potentialAction":[{"@type":"SearchAction","target":{"@type":"EntryPoint","urlTemplate":"https:\/\/aerocool.io\/?s={search_term_string}"},"query-input":{"@type":"PropertyValueSpecification","valueRequired":true,"valueName":"search_term_string"}}],"inLanguage":"la-LA"},{"@type":"Organization","@id":"https:\/\/aerocool.io\/#organization","name":"Aerocool","url":"https:\/\/aerocool.io\/","logo":{"@type":"ImageObject","inLanguage":"la-LA","@id":"https:\/\/aerocool.io\/#\/schema\/logo\/image\/","url":"https:\/\/aerocool.io\/wp-content\/uploads\/2018\/03\/AeroCool-Web-White-Logo.png","contentUrl":"https:\/\/aerocool.io\/wp-content\/uploads\/2018\/03\/AeroCool-Web-White-Logo.png","width":500,"height":291,"caption":"Aerocool"},"image":{"@id":"https:\/\/aerocool.io\/#\/schema\/logo\/image\/"}}]}},"_links":{"self":[{"href":"https:\/\/aerocool.io\/la\/wp-json\/wp\/v2\/product\/107872"}],"collection":[{"href":"https:\/\/aerocool.io\/la\/wp-json\/wp\/v2\/product"}],"about":[{"href":"https:\/\/aerocool.io\/la\/wp-json\/wp\/v2\/types\/product"}],"version-history":[{"count":0,"href":"https:\/\/aerocool.io\/la\/wp-json\/wp\/v2\/product\/107872\/revisions"}],"wp:featuredmedia":[{"embeddable":true,"href":"https:\/\/aerocool.io\/la\/wp-json\/wp\/v2\/media\/105148"}],"wp:attachment":[{"href":"https:\/\/aerocool.io\/la\/wp-json\/wp\/v2\/media?parent=107872"}],"wp:term":[{"taxonomy":"product_brand","embeddable":true,"href":"https:\/\/aerocool.io\/la\/wp-json\/wp\/v2\/product_brand?post=107872"},{"taxonomy":"product_cat","embeddable":true,"href":"https:\/\/aerocool.io\/la\/wp-json\/wp\/v2\/product_cat?post=107872"},{"taxonomy":"product_tag","embeddable":true,"href":"https:\/\/aerocool.io\/la\/wp-json\/wp\/v2\/product_tag?post=107872"}],"curies":[{"name":"wp","href":"https:\/\/api.w.org\/{rel}","templated":true}]}}