{"id":107875,"date":"2019-06-21T03:12:52","date_gmt":"2019-06-21T03:12:52","guid":{"rendered":"https:\/\/aerocool.io\/product\/eclipse-12\/"},"modified":"2021-11-16T11:59:45","modified_gmt":"2021-11-16T03:59:45","slug":"eclipse-12","status":"publish","type":"product","link":"https:\/\/aerocool.io\/la\/product\/eclipse-12\/","title":{"rendered":"Eclipse 12"},"content":{"rendered":"","protected":false},"excerpt":{"rendered":"<h3>Ventilador ARGB de 12cm<\/h3>\n<p>El ventilador Eclipse 12 ofrece un estilo \u00fanico, con un dise\u00f1o LED RGB Dual Slim Ring que potencia la est\u00e9tica de tu setup con hasta 16.8 millones de colores, a trav\u00e9s de placas base RGB Addressable. Cuenta tambi\u00e9n con un dise\u00f1o de aspas curvas, preparado para ofrecer la mejor refrigeraci\u00f3n con el m\u00ednimo ruido posible.<\/p>\n<ul>\n<li>16.8 millones de colores a trav\u00e9s de placas base RGB Addressable<\/li>\n<li>Equipado con cable adaptador ARGB de 6-Pines<\/li>\n<li>Iluminaci\u00f3n de dise\u00f1o RGB LED Dual Slim Ring<\/li>\n<li>Aspas de ventilador curvas para un rendimiento \u00f3ptimo<\/li>\n<li>Soportes antivibraci\u00f3n para suavizar el movimiento generado por la rotaci\u00f3n de los ventiladores<\/li>\n<li>12 LEDs para conseguir una total uniformidad en el brillo y el color de su iluminaci\u00f3n<\/li>\n<li>Compatible con funciones de control PWM para optimizar el rendimiento del ventilador<\/li>\n<\/ul>\n<p><em>Las especificaciones est\u00e1n sujetas a cambios sin previo aviso.<br \/>\nLos productos y modelos pueden variar seg\u00fan la regi\u00f3n.<br \/>\nP\u00f3ngase en contacto con su distribuidor local para obtener m\u00e1s informaci\u00f3n.<br \/>\n[us_btn label=\"Donde comprar\" link=\"url:https%3A%2F%2Faerocool.io%2Fwhere-to-buy%2F|title:Where%20to%20Buy|target:%20_blank|\" text=\"Download\"]<\/em><\/p>\n","protected":false},"featured_media":102867,"template":"","meta":{"_acf_changed":false,"footnotes":""},"product_brand":[],"product_cat":[1620,1605,1616,1624,1611,1601],"product_tag":[],"class_list":{"0":"post-107875","1":"product","2":"type-product","3":"status-publish","4":"has-post-thumbnail","6":"product_cat-1-number-of-fans-la","7":"product_cat-120mm-fans-la","8":"product_cat-fans-rgb-la","9":"product_cat-yes-fans-la","10":"product_cat-fan-only-la","11":"product_cat-fans-la","13":"first","14":"instock","15":"shipping-taxable","16":"product-type-simple"},"acf":[],"yoast_head":"<!-- This site is optimized with the Yoast SEO plugin v25.6 - https:\/\/yoast.com\/wordpress\/plugins\/seo\/ -->\n<title>Eclipse 12 - AeroCool<\/title>\n<meta name=\"robots\" content=\"index, follow, max-snippet:-1, max-image-preview:large, max-video-preview:-1\" \/>\n<link rel=\"canonical\" href=\"https:\/\/aerocool.io\/la\/wp-json\/wp\/v2\/product\/107875\/\" \/>\n<meta property=\"og:locale\" content=\"en_US\" \/>\n<meta property=\"og:type\" content=\"article\" \/>\n<meta property=\"og:title\" content=\"Eclipse 12 - AeroCool\" \/>\n<meta property=\"og:description\" content=\"Ventilador ARGB de 12cm El ventilador Eclipse 12 ofrece un estilo \u00fanico, con un dise\u00f1o LED RGB Dual Slim Ring que potencia la est\u00e9tica de tu setup con hasta 16.8 millones de colores, a trav\u00e9s de placas base RGB Addressable. Cuenta tambi\u00e9n con un dise\u00f1o de aspas curvas, preparado para ofrecer la mejor refrigeraci\u00f3n con el m\u00ednimo ruido posible.   16.8 millones de colores a trav\u00e9s de placas base RGB Addressable  Equipado con cable adaptador ARGB de 6-Pines  Iluminaci\u00f3n de dise\u00f1o RGB LED Dual Slim Ring  Aspas de ventilador curvas para un rendimiento \u00f3ptimo  Soportes antivibraci\u00f3n para suavizar el movimiento generado por la rotaci\u00f3n de los ventiladores  12 LEDs para conseguir una total uniformidad en el brillo y el color de su iluminaci\u00f3n  Compatible con funciones de control PWM para optimizar el rendimiento del ventilador  Las especificaciones est\u00e1n sujetas a cambios sin previo aviso. Los productos y modelos pueden variar seg\u00fan la regi\u00f3n. P\u00f3ngase en contacto con su distribuidor local para obtener m\u00e1s informaci\u00f3n.\" \/>\n<meta property=\"og:url\" content=\"https:\/\/aerocool.io\/la\/wp-json\/wp\/v2\/product\/107875\/\" \/>\n<meta property=\"og:site_name\" content=\"AeroCool\" \/>\n<meta property=\"article:modified_time\" content=\"2021-11-16T03:59:45+00:00\" \/>\n<meta property=\"og:image\" content=\"https:\/\/aerocool.io\/wp-content\/uploads\/2019\/04\/Eclipse-Infographic700x700-01.jpg\" \/>\n\t<meta property=\"og:image:width\" content=\"700\" \/>\n\t<meta property=\"og:image:height\" content=\"700\" \/>\n\t<meta property=\"og:image:type\" content=\"image\/jpeg\" \/>\n<meta name=\"twitter:card\" content=\"summary_large_image\" \/>\n<meta name=\"twitter:label1\" content=\"Est. reading time\" \/>\n\t<meta name=\"twitter:data1\" content=\"2 minutes\" \/>\n<script type=\"application\/ld+json\" class=\"yoast-schema-graph\">{\"@context\":\"https:\/\/schema.org\",\"@graph\":[{\"@type\":\"WebPage\",\"@id\":\"https:\/\/aerocool.io\/la\/wp-json\/wp\/v2\/product\/107875\/\",\"url\":\"https:\/\/aerocool.io\/la\/wp-json\/wp\/v2\/product\/107875\/\",\"name\":\"Eclipse 12 - AeroCool\",\"isPartOf\":{\"@id\":\"https:\/\/aerocool.io\/#website\"},\"primaryImageOfPage\":{\"@id\":\"https:\/\/aerocool.io\/la\/product\/eclipse-12\/#primaryimage\"},\"image\":{\"@id\":\"https:\/\/aerocool.io\/la\/product\/eclipse-12\/#primaryimage\"},\"thumbnailUrl\":\"https:\/\/aerocool.io\/wp-content\/uploads\/2019\/04\/Eclipse-Infographic700x700-01.jpg\",\"datePublished\":\"2019-06-21T03:12:52+00:00\",\"dateModified\":\"2021-11-16T03:59:45+00:00\",\"breadcrumb\":{\"@id\":\"https:\/\/aerocool.io\/la\/product\/eclipse-12\/#breadcrumb\"},\"inLanguage\":\"la-LA\",\"potentialAction\":[{\"@type\":\"ReadAction\",\"target\":[\"https:\/\/aerocool.io\/la\/product\/eclipse-12\/\"]}]},{\"@type\":\"ImageObject\",\"inLanguage\":\"la-LA\",\"@id\":\"https:\/\/aerocool.io\/la\/product\/eclipse-12\/#primaryimage\",\"url\":\"https:\/\/aerocool.io\/wp-content\/uploads\/2019\/04\/Eclipse-Infographic700x700-01.jpg\",\"contentUrl\":\"https:\/\/aerocool.io\/wp-content\/uploads\/2019\/04\/Eclipse-Infographic700x700-01.jpg\",\"width\":700,\"height\":700},{\"@type\":\"BreadcrumbList\",\"@id\":\"https:\/\/aerocool.io\/la\/product\/eclipse-12\/#breadcrumb\",\"itemListElement\":[{\"@type\":\"ListItem\",\"position\":1,\"name\":\"Home\",\"item\":\"https:\/\/aerocool.io\/la\/\"},{\"@type\":\"ListItem\",\"position\":2,\"name\":\"Shop\",\"item\":\"https:\/\/aerocool.io\/shop\/\"},{\"@type\":\"ListItem\",\"position\":3,\"name\":\"Eclipse 12\"}]},{\"@type\":\"WebSite\",\"@id\":\"https:\/\/aerocool.io\/#website\",\"url\":\"https:\/\/aerocool.io\/\",\"name\":\"AeroCool\",\"description\":\"Be Cool. Get AeroCool.\",\"publisher\":{\"@id\":\"https:\/\/aerocool.io\/#organization\"},\"potentialAction\":[{\"@type\":\"SearchAction\",\"target\":{\"@type\":\"EntryPoint\",\"urlTemplate\":\"https:\/\/aerocool.io\/?s={search_term_string}\"},\"query-input\":{\"@type\":\"PropertyValueSpecification\",\"valueRequired\":true,\"valueName\":\"search_term_string\"}}],\"inLanguage\":\"la-LA\"},{\"@type\":\"Organization\",\"@id\":\"https:\/\/aerocool.io\/#organization\",\"name\":\"Aerocool\",\"url\":\"https:\/\/aerocool.io\/\",\"logo\":{\"@type\":\"ImageObject\",\"inLanguage\":\"la-LA\",\"@id\":\"https:\/\/aerocool.io\/#\/schema\/logo\/image\/\",\"url\":\"https:\/\/aerocool.io\/wp-content\/uploads\/2018\/03\/AeroCool-Web-White-Logo.png\",\"contentUrl\":\"https:\/\/aerocool.io\/wp-content\/uploads\/2018\/03\/AeroCool-Web-White-Logo.png\",\"width\":500,\"height\":291,\"caption\":\"Aerocool\"},\"image\":{\"@id\":\"https:\/\/aerocool.io\/#\/schema\/logo\/image\/\"}}]}<\/script>\n<!-- \/ Yoast SEO plugin. -->","yoast_head_json":{"title":"Eclipse 12 - AeroCool","robots":{"index":"index","follow":"follow","max-snippet":"max-snippet:-1","max-image-preview":"max-image-preview:large","max-video-preview":"max-video-preview:-1"},"canonical":"https:\/\/aerocool.io\/la\/wp-json\/wp\/v2\/product\/107875\/","og_locale":"en_US","og_type":"article","og_title":"Eclipse 12 - AeroCool","og_description":"Ventilador ARGB de 12cm El ventilador Eclipse 12 ofrece un estilo \u00fanico, con un dise\u00f1o LED RGB Dual Slim Ring que potencia la est\u00e9tica de tu setup con hasta 16.8 millones de colores, a trav\u00e9s de placas base RGB Addressable. Cuenta tambi\u00e9n con un dise\u00f1o de aspas curvas, preparado para ofrecer la mejor refrigeraci\u00f3n con el m\u00ednimo ruido posible.   16.8 millones de colores a trav\u00e9s de placas base RGB Addressable  Equipado con cable adaptador ARGB de 6-Pines  Iluminaci\u00f3n de dise\u00f1o RGB LED Dual Slim Ring  Aspas de ventilador curvas para un rendimiento \u00f3ptimo  Soportes antivibraci\u00f3n para suavizar el movimiento generado por la rotaci\u00f3n de los ventiladores  12 LEDs para conseguir una total uniformidad en el brillo y el color de su iluminaci\u00f3n  Compatible con funciones de control PWM para optimizar el rendimiento del ventilador  Las especificaciones est\u00e1n sujetas a cambios sin previo aviso. Los productos y modelos pueden variar seg\u00fan la regi\u00f3n. P\u00f3ngase en contacto con su distribuidor local para obtener m\u00e1s informaci\u00f3n.","og_url":"https:\/\/aerocool.io\/la\/wp-json\/wp\/v2\/product\/107875\/","og_site_name":"AeroCool","article_modified_time":"2021-11-16T03:59:45+00:00","og_image":[{"width":700,"height":700,"url":"https:\/\/aerocool.io\/wp-content\/uploads\/2019\/04\/Eclipse-Infographic700x700-01.jpg","type":"image\/jpeg"}],"twitter_card":"summary_large_image","twitter_misc":{"Est. reading time":"2 minutes"},"schema":{"@context":"https:\/\/schema.org","@graph":[{"@type":"WebPage","@id":"https:\/\/aerocool.io\/la\/wp-json\/wp\/v2\/product\/107875\/","url":"https:\/\/aerocool.io\/la\/wp-json\/wp\/v2\/product\/107875\/","name":"Eclipse 12 - AeroCool","isPartOf":{"@id":"https:\/\/aerocool.io\/#website"},"primaryImageOfPage":{"@id":"https:\/\/aerocool.io\/la\/product\/eclipse-12\/#primaryimage"},"image":{"@id":"https:\/\/aerocool.io\/la\/product\/eclipse-12\/#primaryimage"},"thumbnailUrl":"https:\/\/aerocool.io\/wp-content\/uploads\/2019\/04\/Eclipse-Infographic700x700-01.jpg","datePublished":"2019-06-21T03:12:52+00:00","dateModified":"2021-11-16T03:59:45+00:00","breadcrumb":{"@id":"https:\/\/aerocool.io\/la\/product\/eclipse-12\/#breadcrumb"},"inLanguage":"la-LA","potentialAction":[{"@type":"ReadAction","target":["https:\/\/aerocool.io\/la\/product\/eclipse-12\/"]}]},{"@type":"ImageObject","inLanguage":"la-LA","@id":"https:\/\/aerocool.io\/la\/product\/eclipse-12\/#primaryimage","url":"https:\/\/aerocool.io\/wp-content\/uploads\/2019\/04\/Eclipse-Infographic700x700-01.jpg","contentUrl":"https:\/\/aerocool.io\/wp-content\/uploads\/2019\/04\/Eclipse-Infographic700x700-01.jpg","width":700,"height":700},{"@type":"BreadcrumbList","@id":"https:\/\/aerocool.io\/la\/product\/eclipse-12\/#breadcrumb","itemListElement":[{"@type":"ListItem","position":1,"name":"Home","item":"https:\/\/aerocool.io\/la\/"},{"@type":"ListItem","position":2,"name":"Shop","item":"https:\/\/aerocool.io\/shop\/"},{"@type":"ListItem","position":3,"name":"Eclipse 12"}]},{"@type":"WebSite","@id":"https:\/\/aerocool.io\/#website","url":"https:\/\/aerocool.io\/","name":"AeroCool","description":"Be Cool. Get AeroCool.","publisher":{"@id":"https:\/\/aerocool.io\/#organization"},"potentialAction":[{"@type":"SearchAction","target":{"@type":"EntryPoint","urlTemplate":"https:\/\/aerocool.io\/?s={search_term_string}"},"query-input":{"@type":"PropertyValueSpecification","valueRequired":true,"valueName":"search_term_string"}}],"inLanguage":"la-LA"},{"@type":"Organization","@id":"https:\/\/aerocool.io\/#organization","name":"Aerocool","url":"https:\/\/aerocool.io\/","logo":{"@type":"ImageObject","inLanguage":"la-LA","@id":"https:\/\/aerocool.io\/#\/schema\/logo\/image\/","url":"https:\/\/aerocool.io\/wp-content\/uploads\/2018\/03\/AeroCool-Web-White-Logo.png","contentUrl":"https:\/\/aerocool.io\/wp-content\/uploads\/2018\/03\/AeroCool-Web-White-Logo.png","width":500,"height":291,"caption":"Aerocool"},"image":{"@id":"https:\/\/aerocool.io\/#\/schema\/logo\/image\/"}}]}},"_links":{"self":[{"href":"https:\/\/aerocool.io\/la\/wp-json\/wp\/v2\/product\/107875"}],"collection":[{"href":"https:\/\/aerocool.io\/la\/wp-json\/wp\/v2\/product"}],"about":[{"href":"https:\/\/aerocool.io\/la\/wp-json\/wp\/v2\/types\/product"}],"version-history":[{"count":0,"href":"https:\/\/aerocool.io\/la\/wp-json\/wp\/v2\/product\/107875\/revisions"}],"wp:featuredmedia":[{"embeddable":true,"href":"https:\/\/aerocool.io\/la\/wp-json\/wp\/v2\/media\/102867"}],"wp:attachment":[{"href":"https:\/\/aerocool.io\/la\/wp-json\/wp\/v2\/media?parent=107875"}],"wp:term":[{"taxonomy":"product_brand","embeddable":true,"href":"https:\/\/aerocool.io\/la\/wp-json\/wp\/v2\/product_brand?post=107875"},{"taxonomy":"product_cat","embeddable":true,"href":"https:\/\/aerocool.io\/la\/wp-json\/wp\/v2\/product_cat?post=107875"},{"taxonomy":"product_tag","embeddable":true,"href":"https:\/\/aerocool.io\/la\/wp-json\/wp\/v2\/product_tag?post=107875"}],"curies":[{"name":"wp","href":"https:\/\/api.w.org\/{rel}","templated":true}]}}