{"id":107876,"date":"2019-06-21T03:24:07","date_gmt":"2019-06-21T03:24:07","guid":{"rendered":"https:\/\/aerocool.io\/product\/eclipse-12-pro\/"},"modified":"2021-07-06T14:06:40","modified_gmt":"2021-07-06T06:06:40","slug":"eclipse-12-pro","status":"publish","type":"product","link":"https:\/\/aerocool.io\/la\/product\/eclipse-12-pro\/","title":{"rendered":"Eclipse 12 Pro"},"content":{"rendered":"","protected":false},"excerpt":{"rendered":"<h3>Ventilador ARGB de 12cm x 3 | H66F Hub x 1 &amp; Control Remoto x 1<\/h3>\n<p>Un kit de 3 ventiladores RGB con HUB y control remoto incorporados, que ofrece una refrigeraci\u00f3n espectacular a tu ordenador a la vez que potencia su est\u00e9tica como nunca. Gracias a un dise\u00f1o totalmente profesional y un sistema de iluminaci\u00f3n RGB Dual Slim Ring, Eclipse 12 Pro te ofrece toda la ventilaci\u00f3n e iluminaci\u00f3n que necesitas para tu ordenador.<\/p>\n<ul>\n<li style=\"font-weight: 400;\">3 ventiladores Eclipse, 1 hub de control H66F y 1 controlador remoto<\/li>\n<li style=\"font-weight: 400;\">Iluminaci\u00f3n de dise\u00f1o RGB LED Dual Slim Ring<\/li>\n<li style=\"font-weight: 400;\">16.8 millones de colores a trav\u00e9s de placas base RGB Addressable<\/li>\n<li style=\"font-weight: 400;\">Hub H66F para conectar hasta 6 ventiladores ARGB de 6 pines y 2 accesorios ARGB con conector ARGB +5V<\/li>\n<li style=\"font-weight: 400;\">Compatible con funciones de control PWM para optimizar el rendimiento del ventilador<\/li>\n<li style=\"font-weight: 400;\">Soportes antivibraci\u00f3n para suavizar el movimiento generado por la rotaci\u00f3n de los ventiladores<\/li>\n<\/ul>\n<p><em>Las especificaciones est\u00e1n sujetas a cambios sin previo aviso.<br \/>\nLos productos y modelos pueden variar seg\u00fan la regi\u00f3n.<br \/>\nP\u00f3ngase en contacto con su Hub local para obtener m\u00e1s informaci\u00f3n.<\/em><\/p>\n","protected":false},"featured_media":105646,"template":"","meta":{"_acf_changed":false,"footnotes":""},"product_brand":[],"product_cat":[1605,1621,1609,1612,1616,1624,1601],"product_tag":[],"class_list":{"0":"post-107876","1":"product","2":"type-product","3":"status-publish","4":"has-post-thumbnail","6":"product_cat-120mm-fans-la","7":"product_cat-3-la","8":"product_cat-controller-hub-la","9":"product_cat-remote-control-la","10":"product_cat-fans-rgb-la","11":"product_cat-yes-fans-la","12":"product_cat-fans-la","14":"first","15":"instock","16":"shipping-taxable","17":"product-type-simple"},"acf":[],"yoast_head":"<!-- This site is optimized with the Yoast SEO plugin v25.6 - https:\/\/yoast.com\/wordpress\/plugins\/seo\/ -->\n<title>Eclipse 12 Pro - AeroCool<\/title>\n<meta name=\"robots\" content=\"index, follow, max-snippet:-1, max-image-preview:large, max-video-preview:-1\" \/>\n<link rel=\"canonical\" href=\"https:\/\/aerocool.io\/la\/wp-json\/wp\/v2\/product\/107876\/\" \/>\n<meta property=\"og:locale\" content=\"en_US\" \/>\n<meta property=\"og:type\" content=\"article\" \/>\n<meta property=\"og:title\" content=\"Eclipse 12 Pro - AeroCool\" \/>\n<meta property=\"og:description\" content=\"Ventilador ARGB de 12cm x 3 | H66F Hub x 1 &amp; Control Remoto x 1 Un kit de 3 ventiladores RGB con HUB y control remoto incorporados, que ofrece una refrigeraci\u00f3n espectacular a tu ordenador a la vez que potencia su est\u00e9tica como nunca. Gracias a un dise\u00f1o totalmente profesional y un sistema de iluminaci\u00f3n RGB Dual Slim Ring, Eclipse 12 Pro te ofrece toda la ventilaci\u00f3n e iluminaci\u00f3n que necesitas para tu ordenador.   3 ventiladores Eclipse, 1 hub de control H66F y 1 controlador remoto  Iluminaci\u00f3n de dise\u00f1o RGB LED Dual Slim Ring  16.8 millones de colores a trav\u00e9s de placas base RGB Addressable  Hub H66F para conectar hasta 6 ventiladores ARGB de 6 pines y 2 accesorios ARGB con conector ARGB +5V  Compatible con funciones de control PWM para optimizar el rendimiento del ventilador  Soportes antivibraci\u00f3n para suavizar el movimiento generado por la rotaci\u00f3n de los ventiladores  Las especificaciones est\u00e1n sujetas a cambios sin previo aviso. Los productos y modelos pueden variar seg\u00fan la regi\u00f3n. P\u00f3ngase en contacto con su Hub local para obtener m\u00e1s informaci\u00f3n.\" \/>\n<meta property=\"og:url\" content=\"https:\/\/aerocool.io\/la\/wp-json\/wp\/v2\/product\/107876\/\" \/>\n<meta property=\"og:site_name\" content=\"AeroCool\" \/>\n<meta property=\"article:modified_time\" content=\"2021-07-06T06:06:40+00:00\" \/>\n<meta property=\"og:image\" content=\"https:\/\/aerocool.io\/wp-content\/uploads\/2019\/04\/Eclipse-Pro-Infographic700x700-01.jpg\" \/>\n\t<meta property=\"og:image:width\" content=\"700\" \/>\n\t<meta property=\"og:image:height\" content=\"700\" \/>\n\t<meta property=\"og:image:type\" content=\"image\/jpeg\" \/>\n<meta name=\"twitter:card\" content=\"summary_large_image\" \/>\n<script type=\"application\/ld+json\" class=\"yoast-schema-graph\">{\"@context\":\"https:\/\/schema.org\",\"@graph\":[{\"@type\":\"WebPage\",\"@id\":\"https:\/\/aerocool.io\/la\/wp-json\/wp\/v2\/product\/107876\/\",\"url\":\"https:\/\/aerocool.io\/la\/wp-json\/wp\/v2\/product\/107876\/\",\"name\":\"Eclipse 12 Pro - AeroCool\",\"isPartOf\":{\"@id\":\"https:\/\/aerocool.io\/#website\"},\"primaryImageOfPage\":{\"@id\":\"https:\/\/aerocool.io\/la\/product\/eclipse-12-pro\/#primaryimage\"},\"image\":{\"@id\":\"https:\/\/aerocool.io\/la\/product\/eclipse-12-pro\/#primaryimage\"},\"thumbnailUrl\":\"https:\/\/aerocool.io\/wp-content\/uploads\/2019\/04\/Eclipse-Pro-Infographic700x700-01.jpg\",\"datePublished\":\"2019-06-21T03:24:07+00:00\",\"dateModified\":\"2021-07-06T06:06:40+00:00\",\"breadcrumb\":{\"@id\":\"https:\/\/aerocool.io\/la\/product\/eclipse-12-pro\/#breadcrumb\"},\"inLanguage\":\"la-LA\",\"potentialAction\":[{\"@type\":\"ReadAction\",\"target\":[\"https:\/\/aerocool.io\/la\/product\/eclipse-12-pro\/\"]}]},{\"@type\":\"ImageObject\",\"inLanguage\":\"la-LA\",\"@id\":\"https:\/\/aerocool.io\/la\/product\/eclipse-12-pro\/#primaryimage\",\"url\":\"https:\/\/aerocool.io\/wp-content\/uploads\/2019\/04\/Eclipse-Pro-Infographic700x700-01.jpg\",\"contentUrl\":\"https:\/\/aerocool.io\/wp-content\/uploads\/2019\/04\/Eclipse-Pro-Infographic700x700-01.jpg\",\"width\":700,\"height\":700},{\"@type\":\"BreadcrumbList\",\"@id\":\"https:\/\/aerocool.io\/la\/product\/eclipse-12-pro\/#breadcrumb\",\"itemListElement\":[{\"@type\":\"ListItem\",\"position\":1,\"name\":\"Home\",\"item\":\"https:\/\/aerocool.io\/la\/\"},{\"@type\":\"ListItem\",\"position\":2,\"name\":\"Shop\",\"item\":\"https:\/\/aerocool.io\/shop\/\"},{\"@type\":\"ListItem\",\"position\":3,\"name\":\"Eclipse 12 Pro\"}]},{\"@type\":\"WebSite\",\"@id\":\"https:\/\/aerocool.io\/#website\",\"url\":\"https:\/\/aerocool.io\/\",\"name\":\"AeroCool\",\"description\":\"Be Cool. Get AeroCool.\",\"publisher\":{\"@id\":\"https:\/\/aerocool.io\/#organization\"},\"potentialAction\":[{\"@type\":\"SearchAction\",\"target\":{\"@type\":\"EntryPoint\",\"urlTemplate\":\"https:\/\/aerocool.io\/?s={search_term_string}\"},\"query-input\":{\"@type\":\"PropertyValueSpecification\",\"valueRequired\":true,\"valueName\":\"search_term_string\"}}],\"inLanguage\":\"la-LA\"},{\"@type\":\"Organization\",\"@id\":\"https:\/\/aerocool.io\/#organization\",\"name\":\"Aerocool\",\"url\":\"https:\/\/aerocool.io\/\",\"logo\":{\"@type\":\"ImageObject\",\"inLanguage\":\"la-LA\",\"@id\":\"https:\/\/aerocool.io\/#\/schema\/logo\/image\/\",\"url\":\"https:\/\/aerocool.io\/wp-content\/uploads\/2018\/03\/AeroCool-Web-White-Logo.png\",\"contentUrl\":\"https:\/\/aerocool.io\/wp-content\/uploads\/2018\/03\/AeroCool-Web-White-Logo.png\",\"width\":500,\"height\":291,\"caption\":\"Aerocool\"},\"image\":{\"@id\":\"https:\/\/aerocool.io\/#\/schema\/logo\/image\/\"}}]}<\/script>\n<!-- \/ Yoast SEO plugin. -->","yoast_head_json":{"title":"Eclipse 12 Pro - AeroCool","robots":{"index":"index","follow":"follow","max-snippet":"max-snippet:-1","max-image-preview":"max-image-preview:large","max-video-preview":"max-video-preview:-1"},"canonical":"https:\/\/aerocool.io\/la\/wp-json\/wp\/v2\/product\/107876\/","og_locale":"en_US","og_type":"article","og_title":"Eclipse 12 Pro - AeroCool","og_description":"Ventilador ARGB de 12cm x 3 | H66F Hub x 1 &amp; Control Remoto x 1 Un kit de 3 ventiladores RGB con HUB y control remoto incorporados, que ofrece una refrigeraci\u00f3n espectacular a tu ordenador a la vez que potencia su est\u00e9tica como nunca. Gracias a un dise\u00f1o totalmente profesional y un sistema de iluminaci\u00f3n RGB Dual Slim Ring, Eclipse 12 Pro te ofrece toda la ventilaci\u00f3n e iluminaci\u00f3n que necesitas para tu ordenador.   3 ventiladores Eclipse, 1 hub de control H66F y 1 controlador remoto  Iluminaci\u00f3n de dise\u00f1o RGB LED Dual Slim Ring  16.8 millones de colores a trav\u00e9s de placas base RGB Addressable  Hub H66F para conectar hasta 6 ventiladores ARGB de 6 pines y 2 accesorios ARGB con conector ARGB +5V  Compatible con funciones de control PWM para optimizar el rendimiento del ventilador  Soportes antivibraci\u00f3n para suavizar el movimiento generado por la rotaci\u00f3n de los ventiladores  Las especificaciones est\u00e1n sujetas a cambios sin previo aviso. Los productos y modelos pueden variar seg\u00fan la regi\u00f3n. P\u00f3ngase en contacto con su Hub local para obtener m\u00e1s informaci\u00f3n.","og_url":"https:\/\/aerocool.io\/la\/wp-json\/wp\/v2\/product\/107876\/","og_site_name":"AeroCool","article_modified_time":"2021-07-06T06:06:40+00:00","og_image":[{"width":700,"height":700,"url":"https:\/\/aerocool.io\/wp-content\/uploads\/2019\/04\/Eclipse-Pro-Infographic700x700-01.jpg","type":"image\/jpeg"}],"twitter_card":"summary_large_image","schema":{"@context":"https:\/\/schema.org","@graph":[{"@type":"WebPage","@id":"https:\/\/aerocool.io\/la\/wp-json\/wp\/v2\/product\/107876\/","url":"https:\/\/aerocool.io\/la\/wp-json\/wp\/v2\/product\/107876\/","name":"Eclipse 12 Pro - AeroCool","isPartOf":{"@id":"https:\/\/aerocool.io\/#website"},"primaryImageOfPage":{"@id":"https:\/\/aerocool.io\/la\/product\/eclipse-12-pro\/#primaryimage"},"image":{"@id":"https:\/\/aerocool.io\/la\/product\/eclipse-12-pro\/#primaryimage"},"thumbnailUrl":"https:\/\/aerocool.io\/wp-content\/uploads\/2019\/04\/Eclipse-Pro-Infographic700x700-01.jpg","datePublished":"2019-06-21T03:24:07+00:00","dateModified":"2021-07-06T06:06:40+00:00","breadcrumb":{"@id":"https:\/\/aerocool.io\/la\/product\/eclipse-12-pro\/#breadcrumb"},"inLanguage":"la-LA","potentialAction":[{"@type":"ReadAction","target":["https:\/\/aerocool.io\/la\/product\/eclipse-12-pro\/"]}]},{"@type":"ImageObject","inLanguage":"la-LA","@id":"https:\/\/aerocool.io\/la\/product\/eclipse-12-pro\/#primaryimage","url":"https:\/\/aerocool.io\/wp-content\/uploads\/2019\/04\/Eclipse-Pro-Infographic700x700-01.jpg","contentUrl":"https:\/\/aerocool.io\/wp-content\/uploads\/2019\/04\/Eclipse-Pro-Infographic700x700-01.jpg","width":700,"height":700},{"@type":"BreadcrumbList","@id":"https:\/\/aerocool.io\/la\/product\/eclipse-12-pro\/#breadcrumb","itemListElement":[{"@type":"ListItem","position":1,"name":"Home","item":"https:\/\/aerocool.io\/la\/"},{"@type":"ListItem","position":2,"name":"Shop","item":"https:\/\/aerocool.io\/shop\/"},{"@type":"ListItem","position":3,"name":"Eclipse 12 Pro"}]},{"@type":"WebSite","@id":"https:\/\/aerocool.io\/#website","url":"https:\/\/aerocool.io\/","name":"AeroCool","description":"Be Cool. Get AeroCool.","publisher":{"@id":"https:\/\/aerocool.io\/#organization"},"potentialAction":[{"@type":"SearchAction","target":{"@type":"EntryPoint","urlTemplate":"https:\/\/aerocool.io\/?s={search_term_string}"},"query-input":{"@type":"PropertyValueSpecification","valueRequired":true,"valueName":"search_term_string"}}],"inLanguage":"la-LA"},{"@type":"Organization","@id":"https:\/\/aerocool.io\/#organization","name":"Aerocool","url":"https:\/\/aerocool.io\/","logo":{"@type":"ImageObject","inLanguage":"la-LA","@id":"https:\/\/aerocool.io\/#\/schema\/logo\/image\/","url":"https:\/\/aerocool.io\/wp-content\/uploads\/2018\/03\/AeroCool-Web-White-Logo.png","contentUrl":"https:\/\/aerocool.io\/wp-content\/uploads\/2018\/03\/AeroCool-Web-White-Logo.png","width":500,"height":291,"caption":"Aerocool"},"image":{"@id":"https:\/\/aerocool.io\/#\/schema\/logo\/image\/"}}]}},"_links":{"self":[{"href":"https:\/\/aerocool.io\/la\/wp-json\/wp\/v2\/product\/107876"}],"collection":[{"href":"https:\/\/aerocool.io\/la\/wp-json\/wp\/v2\/product"}],"about":[{"href":"https:\/\/aerocool.io\/la\/wp-json\/wp\/v2\/types\/product"}],"version-history":[{"count":0,"href":"https:\/\/aerocool.io\/la\/wp-json\/wp\/v2\/product\/107876\/revisions"}],"wp:featuredmedia":[{"embeddable":true,"href":"https:\/\/aerocool.io\/la\/wp-json\/wp\/v2\/media\/105646"}],"wp:attachment":[{"href":"https:\/\/aerocool.io\/la\/wp-json\/wp\/v2\/media?parent=107876"}],"wp:term":[{"taxonomy":"product_brand","embeddable":true,"href":"https:\/\/aerocool.io\/la\/wp-json\/wp\/v2\/product_brand?post=107876"},{"taxonomy":"product_cat","embeddable":true,"href":"https:\/\/aerocool.io\/la\/wp-json\/wp\/v2\/product_cat?post=107876"},{"taxonomy":"product_tag","embeddable":true,"href":"https:\/\/aerocool.io\/la\/wp-json\/wp\/v2\/product_tag?post=107876"}],"curies":[{"name":"wp","href":"https:\/\/api.w.org\/{rel}","templated":true}]}}