{"id":107877,"date":"2019-07-30T07:37:11","date_gmt":"2019-07-30T07:37:11","guid":{"rendered":"https:\/\/aerocool.io\/product\/edge-14-pro\/"},"modified":"2021-07-06T13:49:18","modified_gmt":"2021-07-06T05:49:18","slug":"edge-14-pro","status":"publish","type":"product","link":"https:\/\/aerocool.io\/la\/product\/edge-14-pro\/","title":{"rendered":"Edge 14 Pro"},"content":{"rendered":"","protected":false},"excerpt":{"rendered":"<h3>Ventilador ARGB de 12cm x 3 | H66F Hub x 1 &amp; Control Remoto x 1<\/h3>\n<p>El set de ventiladores Edge 14 Pro te ofrece hasta 16.8 millones de colores a trav\u00e9s de 3 ventiladores con dise\u00f1o RGB Dual Lighting, con bandas de 24 LEDs dispuestas en cuadrado para garantizar una iluminaci\u00f3n espectacular que decore el interior de tu PC al m\u00e1ximo. Con un dise\u00f1o de prestaciones profesionales, Edge 14 Pro te proporciona una ventilaci\u00f3n \u00f3ptima y el mejor abanico de color para tu configuraci\u00f3n.<\/p>\n<ul>\n<li style=\"font-weight: 400;\">3 ventiladores EDGE, 1 hub de control H66F y 1 controlador remoto<\/li>\n<li style=\"font-weight: 400;\">Iluminaci\u00f3n de dise\u00f1o RGB LED dual<\/li>\n<li style=\"font-weight: 400;\">Accede a 16.8 millones de colores a trav\u00e9s de placas base RGB Addressable<\/li>\n<li style=\"font-weight: 400;\">Incluye un cable adaptador ARGB de 6 pines<\/li>\n<li style=\"font-weight: 400;\">Dise\u00f1o con iluminaci\u00f3n LED RGB de anillo dual<\/li>\n<li style=\"font-weight: 400;\">Estructura para soportes de 12cm (requiere espacio para ventiladores de 14cm)<\/li>\n<li style=\"font-weight: 400;\">Aspas de ventilador curvas para m\u00e1ximo rendimiento de refrigeraci\u00f3n<\/li>\n<li style=\"font-weight: 400;\">Soportes anti-vibraci\u00f3n para reducir el movimiento provocado por la rotaci\u00f3n<\/li>\n<li style=\"font-weight: 400;\">12 LEDs para asegurar una total uniformidad en el color y el brillo<\/li>\n<\/ul>\n<p><em>Las especificaciones est\u00e1n sujetas a cambios sin previo aviso.<br \/>\nLos productos y modelos pueden variar seg\u00fan la regi\u00f3n.<br \/>\nP\u00f3ngase en contacto con su distribuidor local para obtener m\u00e1s informaci\u00f3n.<\/em><\/p>\n","protected":false},"featured_media":105676,"template":"","meta":{"_acf_changed":false,"footnotes":""},"product_brand":[],"product_cat":[1606,1621,1609,1612,1616,1624,1601],"product_tag":[],"class_list":{"0":"post-107877","1":"product","2":"type-product","3":"status-publish","4":"has-post-thumbnail","6":"product_cat-140mm-fans-la","7":"product_cat-3-la","8":"product_cat-controller-hub-la","9":"product_cat-remote-control-la","10":"product_cat-fans-rgb-la","11":"product_cat-yes-fans-la","12":"product_cat-fans-la","14":"first","15":"instock","16":"shipping-taxable","17":"product-type-simple"},"acf":[],"yoast_head":"<!-- This site is optimized with the Yoast SEO plugin v25.6 - https:\/\/yoast.com\/wordpress\/plugins\/seo\/ -->\n<title>Edge 14 Pro - AeroCool<\/title>\n<meta name=\"robots\" content=\"index, follow, max-snippet:-1, max-image-preview:large, max-video-preview:-1\" \/>\n<link rel=\"canonical\" href=\"https:\/\/aerocool.io\/la\/wp-json\/wp\/v2\/product\/107877\/\" \/>\n<meta property=\"og:locale\" content=\"en_US\" \/>\n<meta property=\"og:type\" content=\"article\" \/>\n<meta property=\"og:title\" content=\"Edge 14 Pro - AeroCool\" \/>\n<meta property=\"og:description\" content=\"Ventilador ARGB de 12cm x 3 | H66F Hub x 1 &amp; Control Remoto x 1 El set de ventiladores Edge 14 Pro te ofrece hasta 16.8 millones de colores a trav\u00e9s de 3 ventiladores con dise\u00f1o RGB Dual Lighting, con bandas de 24 LEDs dispuestas en cuadrado para garantizar una iluminaci\u00f3n espectacular que decore el interior de tu PC al m\u00e1ximo. Con un dise\u00f1o de prestaciones profesionales, Edge 14 Pro te proporciona una ventilaci\u00f3n \u00f3ptima y el mejor abanico de color para tu configuraci\u00f3n.   3 ventiladores EDGE, 1 hub de control H66F y 1 controlador remoto  Iluminaci\u00f3n de dise\u00f1o RGB LED dual  Accede a 16.8 millones de colores a trav\u00e9s de placas base RGB Addressable  Incluye un cable adaptador ARGB de 6 pines  Dise\u00f1o con iluminaci\u00f3n LED RGB de anillo dual  Estructura para soportes de 12cm (requiere espacio para ventiladores de 14cm)  Aspas de ventilador curvas para m\u00e1ximo rendimiento de refrigeraci\u00f3n  Soportes anti-vibraci\u00f3n para reducir el movimiento provocado por la rotaci\u00f3n  12 LEDs para asegurar una total uniformidad en el color y el brillo  Las especificaciones est\u00e1n sujetas a cambios sin previo aviso. Los productos y modelos pueden variar seg\u00fan la regi\u00f3n. P\u00f3ngase en contacto con su distribuidor local para obtener m\u00e1s informaci\u00f3n.\" \/>\n<meta property=\"og:url\" content=\"https:\/\/aerocool.io\/la\/wp-json\/wp\/v2\/product\/107877\/\" \/>\n<meta property=\"og:site_name\" content=\"AeroCool\" \/>\n<meta property=\"article:modified_time\" content=\"2021-07-06T05:49:18+00:00\" \/>\n<meta property=\"og:image\" content=\"https:\/\/aerocool.io\/wp-content\/uploads\/2019\/07\/Edge-Pro-Infographic700x700-01.jpg\" \/>\n\t<meta property=\"og:image:width\" content=\"700\" \/>\n\t<meta property=\"og:image:height\" content=\"700\" \/>\n\t<meta property=\"og:image:type\" content=\"image\/jpeg\" \/>\n<meta name=\"twitter:card\" content=\"summary_large_image\" \/>\n<script type=\"application\/ld+json\" class=\"yoast-schema-graph\">{\"@context\":\"https:\/\/schema.org\",\"@graph\":[{\"@type\":\"WebPage\",\"@id\":\"https:\/\/aerocool.io\/la\/wp-json\/wp\/v2\/product\/107877\/\",\"url\":\"https:\/\/aerocool.io\/la\/wp-json\/wp\/v2\/product\/107877\/\",\"name\":\"Edge 14 Pro - AeroCool\",\"isPartOf\":{\"@id\":\"https:\/\/aerocool.io\/#website\"},\"primaryImageOfPage\":{\"@id\":\"https:\/\/aerocool.io\/la\/product\/edge-14-pro\/#primaryimage\"},\"image\":{\"@id\":\"https:\/\/aerocool.io\/la\/product\/edge-14-pro\/#primaryimage\"},\"thumbnailUrl\":\"https:\/\/aerocool.io\/wp-content\/uploads\/2019\/07\/Edge-Pro-Infographic700x700-01.jpg\",\"datePublished\":\"2019-07-30T07:37:11+00:00\",\"dateModified\":\"2021-07-06T05:49:18+00:00\",\"breadcrumb\":{\"@id\":\"https:\/\/aerocool.io\/la\/product\/edge-14-pro\/#breadcrumb\"},\"inLanguage\":\"la-LA\",\"potentialAction\":[{\"@type\":\"ReadAction\",\"target\":[\"https:\/\/aerocool.io\/la\/product\/edge-14-pro\/\"]}]},{\"@type\":\"ImageObject\",\"inLanguage\":\"la-LA\",\"@id\":\"https:\/\/aerocool.io\/la\/product\/edge-14-pro\/#primaryimage\",\"url\":\"https:\/\/aerocool.io\/wp-content\/uploads\/2019\/07\/Edge-Pro-Infographic700x700-01.jpg\",\"contentUrl\":\"https:\/\/aerocool.io\/wp-content\/uploads\/2019\/07\/Edge-Pro-Infographic700x700-01.jpg\",\"width\":700,\"height\":700},{\"@type\":\"BreadcrumbList\",\"@id\":\"https:\/\/aerocool.io\/la\/product\/edge-14-pro\/#breadcrumb\",\"itemListElement\":[{\"@type\":\"ListItem\",\"position\":1,\"name\":\"Home\",\"item\":\"https:\/\/aerocool.io\/la\/\"},{\"@type\":\"ListItem\",\"position\":2,\"name\":\"Shop\",\"item\":\"https:\/\/aerocool.io\/shop\/\"},{\"@type\":\"ListItem\",\"position\":3,\"name\":\"Edge 14 Pro\"}]},{\"@type\":\"WebSite\",\"@id\":\"https:\/\/aerocool.io\/#website\",\"url\":\"https:\/\/aerocool.io\/\",\"name\":\"AeroCool\",\"description\":\"Be Cool. Get AeroCool.\",\"publisher\":{\"@id\":\"https:\/\/aerocool.io\/#organization\"},\"potentialAction\":[{\"@type\":\"SearchAction\",\"target\":{\"@type\":\"EntryPoint\",\"urlTemplate\":\"https:\/\/aerocool.io\/?s={search_term_string}\"},\"query-input\":{\"@type\":\"PropertyValueSpecification\",\"valueRequired\":true,\"valueName\":\"search_term_string\"}}],\"inLanguage\":\"la-LA\"},{\"@type\":\"Organization\",\"@id\":\"https:\/\/aerocool.io\/#organization\",\"name\":\"Aerocool\",\"url\":\"https:\/\/aerocool.io\/\",\"logo\":{\"@type\":\"ImageObject\",\"inLanguage\":\"la-LA\",\"@id\":\"https:\/\/aerocool.io\/#\/schema\/logo\/image\/\",\"url\":\"https:\/\/aerocool.io\/wp-content\/uploads\/2018\/03\/AeroCool-Web-White-Logo.png\",\"contentUrl\":\"https:\/\/aerocool.io\/wp-content\/uploads\/2018\/03\/AeroCool-Web-White-Logo.png\",\"width\":500,\"height\":291,\"caption\":\"Aerocool\"},\"image\":{\"@id\":\"https:\/\/aerocool.io\/#\/schema\/logo\/image\/\"}}]}<\/script>\n<!-- \/ Yoast SEO plugin. -->","yoast_head_json":{"title":"Edge 14 Pro - AeroCool","robots":{"index":"index","follow":"follow","max-snippet":"max-snippet:-1","max-image-preview":"max-image-preview:large","max-video-preview":"max-video-preview:-1"},"canonical":"https:\/\/aerocool.io\/la\/wp-json\/wp\/v2\/product\/107877\/","og_locale":"en_US","og_type":"article","og_title":"Edge 14 Pro - AeroCool","og_description":"Ventilador ARGB de 12cm x 3 | H66F Hub x 1 &amp; Control Remoto x 1 El set de ventiladores Edge 14 Pro te ofrece hasta 16.8 millones de colores a trav\u00e9s de 3 ventiladores con dise\u00f1o RGB Dual Lighting, con bandas de 24 LEDs dispuestas en cuadrado para garantizar una iluminaci\u00f3n espectacular que decore el interior de tu PC al m\u00e1ximo. Con un dise\u00f1o de prestaciones profesionales, Edge 14 Pro te proporciona una ventilaci\u00f3n \u00f3ptima y el mejor abanico de color para tu configuraci\u00f3n.   3 ventiladores EDGE, 1 hub de control H66F y 1 controlador remoto  Iluminaci\u00f3n de dise\u00f1o RGB LED dual  Accede a 16.8 millones de colores a trav\u00e9s de placas base RGB Addressable  Incluye un cable adaptador ARGB de 6 pines  Dise\u00f1o con iluminaci\u00f3n LED RGB de anillo dual  Estructura para soportes de 12cm (requiere espacio para ventiladores de 14cm)  Aspas de ventilador curvas para m\u00e1ximo rendimiento de refrigeraci\u00f3n  Soportes anti-vibraci\u00f3n para reducir el movimiento provocado por la rotaci\u00f3n  12 LEDs para asegurar una total uniformidad en el color y el brillo  Las especificaciones est\u00e1n sujetas a cambios sin previo aviso. Los productos y modelos pueden variar seg\u00fan la regi\u00f3n. P\u00f3ngase en contacto con su distribuidor local para obtener m\u00e1s informaci\u00f3n.","og_url":"https:\/\/aerocool.io\/la\/wp-json\/wp\/v2\/product\/107877\/","og_site_name":"AeroCool","article_modified_time":"2021-07-06T05:49:18+00:00","og_image":[{"width":700,"height":700,"url":"https:\/\/aerocool.io\/wp-content\/uploads\/2019\/07\/Edge-Pro-Infographic700x700-01.jpg","type":"image\/jpeg"}],"twitter_card":"summary_large_image","schema":{"@context":"https:\/\/schema.org","@graph":[{"@type":"WebPage","@id":"https:\/\/aerocool.io\/la\/wp-json\/wp\/v2\/product\/107877\/","url":"https:\/\/aerocool.io\/la\/wp-json\/wp\/v2\/product\/107877\/","name":"Edge 14 Pro - AeroCool","isPartOf":{"@id":"https:\/\/aerocool.io\/#website"},"primaryImageOfPage":{"@id":"https:\/\/aerocool.io\/la\/product\/edge-14-pro\/#primaryimage"},"image":{"@id":"https:\/\/aerocool.io\/la\/product\/edge-14-pro\/#primaryimage"},"thumbnailUrl":"https:\/\/aerocool.io\/wp-content\/uploads\/2019\/07\/Edge-Pro-Infographic700x700-01.jpg","datePublished":"2019-07-30T07:37:11+00:00","dateModified":"2021-07-06T05:49:18+00:00","breadcrumb":{"@id":"https:\/\/aerocool.io\/la\/product\/edge-14-pro\/#breadcrumb"},"inLanguage":"la-LA","potentialAction":[{"@type":"ReadAction","target":["https:\/\/aerocool.io\/la\/product\/edge-14-pro\/"]}]},{"@type":"ImageObject","inLanguage":"la-LA","@id":"https:\/\/aerocool.io\/la\/product\/edge-14-pro\/#primaryimage","url":"https:\/\/aerocool.io\/wp-content\/uploads\/2019\/07\/Edge-Pro-Infographic700x700-01.jpg","contentUrl":"https:\/\/aerocool.io\/wp-content\/uploads\/2019\/07\/Edge-Pro-Infographic700x700-01.jpg","width":700,"height":700},{"@type":"BreadcrumbList","@id":"https:\/\/aerocool.io\/la\/product\/edge-14-pro\/#breadcrumb","itemListElement":[{"@type":"ListItem","position":1,"name":"Home","item":"https:\/\/aerocool.io\/la\/"},{"@type":"ListItem","position":2,"name":"Shop","item":"https:\/\/aerocool.io\/shop\/"},{"@type":"ListItem","position":3,"name":"Edge 14 Pro"}]},{"@type":"WebSite","@id":"https:\/\/aerocool.io\/#website","url":"https:\/\/aerocool.io\/","name":"AeroCool","description":"Be Cool. Get AeroCool.","publisher":{"@id":"https:\/\/aerocool.io\/#organization"},"potentialAction":[{"@type":"SearchAction","target":{"@type":"EntryPoint","urlTemplate":"https:\/\/aerocool.io\/?s={search_term_string}"},"query-input":{"@type":"PropertyValueSpecification","valueRequired":true,"valueName":"search_term_string"}}],"inLanguage":"la-LA"},{"@type":"Organization","@id":"https:\/\/aerocool.io\/#organization","name":"Aerocool","url":"https:\/\/aerocool.io\/","logo":{"@type":"ImageObject","inLanguage":"la-LA","@id":"https:\/\/aerocool.io\/#\/schema\/logo\/image\/","url":"https:\/\/aerocool.io\/wp-content\/uploads\/2018\/03\/AeroCool-Web-White-Logo.png","contentUrl":"https:\/\/aerocool.io\/wp-content\/uploads\/2018\/03\/AeroCool-Web-White-Logo.png","width":500,"height":291,"caption":"Aerocool"},"image":{"@id":"https:\/\/aerocool.io\/#\/schema\/logo\/image\/"}}]}},"_links":{"self":[{"href":"https:\/\/aerocool.io\/la\/wp-json\/wp\/v2\/product\/107877"}],"collection":[{"href":"https:\/\/aerocool.io\/la\/wp-json\/wp\/v2\/product"}],"about":[{"href":"https:\/\/aerocool.io\/la\/wp-json\/wp\/v2\/types\/product"}],"version-history":[{"count":0,"href":"https:\/\/aerocool.io\/la\/wp-json\/wp\/v2\/product\/107877\/revisions"}],"wp:featuredmedia":[{"embeddable":true,"href":"https:\/\/aerocool.io\/la\/wp-json\/wp\/v2\/media\/105676"}],"wp:attachment":[{"href":"https:\/\/aerocool.io\/la\/wp-json\/wp\/v2\/media?parent=107877"}],"wp:term":[{"taxonomy":"product_brand","embeddable":true,"href":"https:\/\/aerocool.io\/la\/wp-json\/wp\/v2\/product_brand?post=107877"},{"taxonomy":"product_cat","embeddable":true,"href":"https:\/\/aerocool.io\/la\/wp-json\/wp\/v2\/product_cat?post=107877"},{"taxonomy":"product_tag","embeddable":true,"href":"https:\/\/aerocool.io\/la\/wp-json\/wp\/v2\/product_tag?post=107877"}],"curies":[{"name":"wp","href":"https:\/\/api.w.org\/{rel}","templated":true}]}}