{"id":107878,"date":"2019-06-21T08:36:47","date_gmt":"2019-06-21T08:36:47","guid":{"rendered":"https:\/\/aerocool.io\/product\/force-12\/"},"modified":"2023-02-09T10:16:56","modified_gmt":"2023-02-09T02:16:56","slug":"force-12","status":"publish","type":"product","link":"https:\/\/aerocool.io\/la\/product\/force-12\/","title":{"rendered":"Force 12"},"content":{"rendered":"","protected":false},"excerpt":{"rendered":"<h3><span style=\"font-weight: 400;\">VENTILADOR DE 12CM<\/span><\/h3>\n<p><span style=\"font-weight: 400;\">Ventilador de 12cm con<\/span><span style=\"font-weight: 400;\">Molex + conector de 3 pines<\/span><span style=\"font-weight: 400;\"> que ofrece una instalaci\u00f3n f\u00e1cil y una refrigeraci\u00f3n eficiente, todo en una soluci\u00f3n de refrigeraci\u00f3n econ\u00f3mica. Viene equipado con aspas de ventilador curvadas para aumentar la presi\u00f3n del aire. Las aspas del ventilador vienen en 3 colores: rojo, azul o negro.<\/span><\/p>\n<ul>\n<li><span style=\"font-weight: 400; color: #000000;\"><span style=\"font-weight: 400;\">Viene equipado con Molex + conector de 3 pines<\/span><\/span><\/li>\n<li><span style=\"font-weight: 400;\">Aspas de ventilador curvadas para un m\u00e1ximo rendimiento de enfriamiento<\/span><\/li>\n<li><span style=\"font-weight: 400;\">Equipado con aspas de ventilador rojas, azules o negras<\/span><\/li>\n<li><span style=\"font-weight: 400;\">Velocidad del ventilador de 1000 RPM<\/span><\/li>\n<\/ul>\n<p><em>Las especificaciones est\u00e1n sujetas a cambios sin previo aviso.<br \/>\nLos productos y modelos pueden variar seg\u00fan la regi\u00f3n.<br \/>\nP\u00f3ngase en contacto con su distribuidor local para obtener m\u00e1s informaci\u00f3n.<\/em><\/p>\n","protected":false},"featured_media":102705,"template":"","meta":{"_acf_changed":false,"footnotes":""},"product_brand":[],"product_cat":[1620,1605,1615,1623,1611,1601],"product_tag":[],"class_list":{"0":"post-107878","1":"product","2":"type-product","3":"status-publish","4":"has-post-thumbnail","6":"product_cat-1-number-of-fans-la","7":"product_cat-120mm-fans-la","8":"product_cat-fans-none-la","9":"product_cat-no-fans-la","10":"product_cat-fan-only-la","11":"product_cat-fans-la","13":"first","14":"instock","15":"shipping-taxable","16":"product-type-simple"},"acf":[],"yoast_head":"<!-- This site is optimized with the Yoast SEO plugin v25.6 - https:\/\/yoast.com\/wordpress\/plugins\/seo\/ -->\n<title>Force 12 - AeroCool<\/title>\n<meta name=\"robots\" content=\"index, follow, max-snippet:-1, max-image-preview:large, max-video-preview:-1\" \/>\n<link rel=\"canonical\" href=\"https:\/\/aerocool.io\/la\/wp-json\/wp\/v2\/product\/107878\/\" \/>\n<meta property=\"og:locale\" content=\"en_US\" \/>\n<meta property=\"og:type\" content=\"article\" \/>\n<meta property=\"og:title\" content=\"Force 12 - AeroCool\" \/>\n<meta property=\"og:description\" content=\"VENTILADOR DE 12CM Ventilador de 12cm conMolex + conector de 3 pines que ofrece una instalaci\u00f3n f\u00e1cil y una refrigeraci\u00f3n eficiente, todo en una soluci\u00f3n de refrigeraci\u00f3n econ\u00f3mica. Viene equipado con aspas de ventilador curvadas para aumentar la presi\u00f3n del aire. Las aspas del ventilador vienen en 3 colores: rojo, azul o negro.   Viene equipado con Molex + conector de 3 pines  Aspas de ventilador curvadas para un m\u00e1ximo rendimiento de enfriamiento  Equipado con aspas de ventilador rojas, azules o negras  Velocidad del ventilador de 1000 RPM  Las especificaciones est\u00e1n sujetas a cambios sin previo aviso. Los productos y modelos pueden variar seg\u00fan la regi\u00f3n. P\u00f3ngase en contacto con su distribuidor local para obtener m\u00e1s informaci\u00f3n.\" \/>\n<meta property=\"og:url\" content=\"https:\/\/aerocool.io\/la\/wp-json\/wp\/v2\/product\/107878\/\" \/>\n<meta property=\"og:site_name\" content=\"AeroCool\" \/>\n<meta property=\"article:modified_time\" content=\"2023-02-09T02:16:56+00:00\" \/>\n<meta property=\"og:image\" content=\"https:\/\/aerocool.io\/wp-content\/uploads\/2019\/04\/Force12-Infographic700x700-01-BR.jpg\" \/>\n\t<meta property=\"og:image:width\" content=\"700\" \/>\n\t<meta property=\"og:image:height\" content=\"700\" \/>\n\t<meta property=\"og:image:type\" content=\"image\/jpeg\" \/>\n<meta name=\"twitter:card\" content=\"summary_large_image\" \/>\n<script type=\"application\/ld+json\" class=\"yoast-schema-graph\">{\"@context\":\"https:\/\/schema.org\",\"@graph\":[{\"@type\":\"WebPage\",\"@id\":\"https:\/\/aerocool.io\/la\/wp-json\/wp\/v2\/product\/107878\/\",\"url\":\"https:\/\/aerocool.io\/la\/wp-json\/wp\/v2\/product\/107878\/\",\"name\":\"Force 12 - AeroCool\",\"isPartOf\":{\"@id\":\"https:\/\/aerocool.io\/#website\"},\"primaryImageOfPage\":{\"@id\":\"https:\/\/aerocool.io\/la\/product\/force-12\/#primaryimage\"},\"image\":{\"@id\":\"https:\/\/aerocool.io\/la\/product\/force-12\/#primaryimage\"},\"thumbnailUrl\":\"https:\/\/aerocool.io\/wp-content\/uploads\/2019\/04\/Force12-Infographic700x700-01-BR.jpg\",\"datePublished\":\"2019-06-21T08:36:47+00:00\",\"dateModified\":\"2023-02-09T02:16:56+00:00\",\"breadcrumb\":{\"@id\":\"https:\/\/aerocool.io\/la\/product\/force-12\/#breadcrumb\"},\"inLanguage\":\"la-LA\",\"potentialAction\":[{\"@type\":\"ReadAction\",\"target\":[\"https:\/\/aerocool.io\/la\/product\/force-12\/\"]}]},{\"@type\":\"ImageObject\",\"inLanguage\":\"la-LA\",\"@id\":\"https:\/\/aerocool.io\/la\/product\/force-12\/#primaryimage\",\"url\":\"https:\/\/aerocool.io\/wp-content\/uploads\/2019\/04\/Force12-Infographic700x700-01-BR.jpg\",\"contentUrl\":\"https:\/\/aerocool.io\/wp-content\/uploads\/2019\/04\/Force12-Infographic700x700-01-BR.jpg\",\"width\":700,\"height\":700},{\"@type\":\"BreadcrumbList\",\"@id\":\"https:\/\/aerocool.io\/la\/product\/force-12\/#breadcrumb\",\"itemListElement\":[{\"@type\":\"ListItem\",\"position\":1,\"name\":\"Home\",\"item\":\"https:\/\/aerocool.io\/la\/\"},{\"@type\":\"ListItem\",\"position\":2,\"name\":\"Shop\",\"item\":\"https:\/\/aerocool.io\/shop\/\"},{\"@type\":\"ListItem\",\"position\":3,\"name\":\"Force 12\"}]},{\"@type\":\"WebSite\",\"@id\":\"https:\/\/aerocool.io\/#website\",\"url\":\"https:\/\/aerocool.io\/\",\"name\":\"AeroCool\",\"description\":\"Be Cool. Get AeroCool.\",\"publisher\":{\"@id\":\"https:\/\/aerocool.io\/#organization\"},\"potentialAction\":[{\"@type\":\"SearchAction\",\"target\":{\"@type\":\"EntryPoint\",\"urlTemplate\":\"https:\/\/aerocool.io\/?s={search_term_string}\"},\"query-input\":{\"@type\":\"PropertyValueSpecification\",\"valueRequired\":true,\"valueName\":\"search_term_string\"}}],\"inLanguage\":\"la-LA\"},{\"@type\":\"Organization\",\"@id\":\"https:\/\/aerocool.io\/#organization\",\"name\":\"Aerocool\",\"url\":\"https:\/\/aerocool.io\/\",\"logo\":{\"@type\":\"ImageObject\",\"inLanguage\":\"la-LA\",\"@id\":\"https:\/\/aerocool.io\/#\/schema\/logo\/image\/\",\"url\":\"https:\/\/aerocool.io\/wp-content\/uploads\/2018\/03\/AeroCool-Web-White-Logo.png\",\"contentUrl\":\"https:\/\/aerocool.io\/wp-content\/uploads\/2018\/03\/AeroCool-Web-White-Logo.png\",\"width\":500,\"height\":291,\"caption\":\"Aerocool\"},\"image\":{\"@id\":\"https:\/\/aerocool.io\/#\/schema\/logo\/image\/\"}}]}<\/script>\n<!-- \/ Yoast SEO plugin. -->","yoast_head_json":{"title":"Force 12 - AeroCool","robots":{"index":"index","follow":"follow","max-snippet":"max-snippet:-1","max-image-preview":"max-image-preview:large","max-video-preview":"max-video-preview:-1"},"canonical":"https:\/\/aerocool.io\/la\/wp-json\/wp\/v2\/product\/107878\/","og_locale":"en_US","og_type":"article","og_title":"Force 12 - AeroCool","og_description":"VENTILADOR DE 12CM Ventilador de 12cm conMolex + conector de 3 pines que ofrece una instalaci\u00f3n f\u00e1cil y una refrigeraci\u00f3n eficiente, todo en una soluci\u00f3n de refrigeraci\u00f3n econ\u00f3mica. Viene equipado con aspas de ventilador curvadas para aumentar la presi\u00f3n del aire. Las aspas del ventilador vienen en 3 colores: rojo, azul o negro.   Viene equipado con Molex + conector de 3 pines  Aspas de ventilador curvadas para un m\u00e1ximo rendimiento de enfriamiento  Equipado con aspas de ventilador rojas, azules o negras  Velocidad del ventilador de 1000 RPM  Las especificaciones est\u00e1n sujetas a cambios sin previo aviso. Los productos y modelos pueden variar seg\u00fan la regi\u00f3n. P\u00f3ngase en contacto con su distribuidor local para obtener m\u00e1s informaci\u00f3n.","og_url":"https:\/\/aerocool.io\/la\/wp-json\/wp\/v2\/product\/107878\/","og_site_name":"AeroCool","article_modified_time":"2023-02-09T02:16:56+00:00","og_image":[{"width":700,"height":700,"url":"https:\/\/aerocool.io\/wp-content\/uploads\/2019\/04\/Force12-Infographic700x700-01-BR.jpg","type":"image\/jpeg"}],"twitter_card":"summary_large_image","schema":{"@context":"https:\/\/schema.org","@graph":[{"@type":"WebPage","@id":"https:\/\/aerocool.io\/la\/wp-json\/wp\/v2\/product\/107878\/","url":"https:\/\/aerocool.io\/la\/wp-json\/wp\/v2\/product\/107878\/","name":"Force 12 - AeroCool","isPartOf":{"@id":"https:\/\/aerocool.io\/#website"},"primaryImageOfPage":{"@id":"https:\/\/aerocool.io\/la\/product\/force-12\/#primaryimage"},"image":{"@id":"https:\/\/aerocool.io\/la\/product\/force-12\/#primaryimage"},"thumbnailUrl":"https:\/\/aerocool.io\/wp-content\/uploads\/2019\/04\/Force12-Infographic700x700-01-BR.jpg","datePublished":"2019-06-21T08:36:47+00:00","dateModified":"2023-02-09T02:16:56+00:00","breadcrumb":{"@id":"https:\/\/aerocool.io\/la\/product\/force-12\/#breadcrumb"},"inLanguage":"la-LA","potentialAction":[{"@type":"ReadAction","target":["https:\/\/aerocool.io\/la\/product\/force-12\/"]}]},{"@type":"ImageObject","inLanguage":"la-LA","@id":"https:\/\/aerocool.io\/la\/product\/force-12\/#primaryimage","url":"https:\/\/aerocool.io\/wp-content\/uploads\/2019\/04\/Force12-Infographic700x700-01-BR.jpg","contentUrl":"https:\/\/aerocool.io\/wp-content\/uploads\/2019\/04\/Force12-Infographic700x700-01-BR.jpg","width":700,"height":700},{"@type":"BreadcrumbList","@id":"https:\/\/aerocool.io\/la\/product\/force-12\/#breadcrumb","itemListElement":[{"@type":"ListItem","position":1,"name":"Home","item":"https:\/\/aerocool.io\/la\/"},{"@type":"ListItem","position":2,"name":"Shop","item":"https:\/\/aerocool.io\/shop\/"},{"@type":"ListItem","position":3,"name":"Force 12"}]},{"@type":"WebSite","@id":"https:\/\/aerocool.io\/#website","url":"https:\/\/aerocool.io\/","name":"AeroCool","description":"Be Cool. Get AeroCool.","publisher":{"@id":"https:\/\/aerocool.io\/#organization"},"potentialAction":[{"@type":"SearchAction","target":{"@type":"EntryPoint","urlTemplate":"https:\/\/aerocool.io\/?s={search_term_string}"},"query-input":{"@type":"PropertyValueSpecification","valueRequired":true,"valueName":"search_term_string"}}],"inLanguage":"la-LA"},{"@type":"Organization","@id":"https:\/\/aerocool.io\/#organization","name":"Aerocool","url":"https:\/\/aerocool.io\/","logo":{"@type":"ImageObject","inLanguage":"la-LA","@id":"https:\/\/aerocool.io\/#\/schema\/logo\/image\/","url":"https:\/\/aerocool.io\/wp-content\/uploads\/2018\/03\/AeroCool-Web-White-Logo.png","contentUrl":"https:\/\/aerocool.io\/wp-content\/uploads\/2018\/03\/AeroCool-Web-White-Logo.png","width":500,"height":291,"caption":"Aerocool"},"image":{"@id":"https:\/\/aerocool.io\/#\/schema\/logo\/image\/"}}]}},"_links":{"self":[{"href":"https:\/\/aerocool.io\/la\/wp-json\/wp\/v2\/product\/107878"}],"collection":[{"href":"https:\/\/aerocool.io\/la\/wp-json\/wp\/v2\/product"}],"about":[{"href":"https:\/\/aerocool.io\/la\/wp-json\/wp\/v2\/types\/product"}],"version-history":[{"count":0,"href":"https:\/\/aerocool.io\/la\/wp-json\/wp\/v2\/product\/107878\/revisions"}],"wp:featuredmedia":[{"embeddable":true,"href":"https:\/\/aerocool.io\/la\/wp-json\/wp\/v2\/media\/102705"}],"wp:attachment":[{"href":"https:\/\/aerocool.io\/la\/wp-json\/wp\/v2\/media?parent=107878"}],"wp:term":[{"taxonomy":"product_brand","embeddable":true,"href":"https:\/\/aerocool.io\/la\/wp-json\/wp\/v2\/product_brand?post=107878"},{"taxonomy":"product_cat","embeddable":true,"href":"https:\/\/aerocool.io\/la\/wp-json\/wp\/v2\/product_cat?post=107878"},{"taxonomy":"product_tag","embeddable":true,"href":"https:\/\/aerocool.io\/la\/wp-json\/wp\/v2\/product_tag?post=107878"}],"curies":[{"name":"wp","href":"https:\/\/api.w.org\/{rel}","templated":true}]}}