{"id":107880,"date":"2018-05-13T15:27:09","date_gmt":"2018-05-13T15:27:09","guid":{"rendered":"https:\/\/aerocool.io\/product\/p7-l240\/"},"modified":"2023-07-17T16:25:08","modified_gmt":"2023-07-17T08:25:08","slug":"p7-l240","status":"publish","type":"product","link":"https:\/\/aerocool.io\/la\/product\/p7-l240\/","title":{"rendered":"P7-L240"},"content":{"rendered":"","protected":false},"excerpt":{"rendered":"<h3>DISIPADOR DE CPU RGB<\/h3>\n<p>Con un sistema cerrado de enfriamiento l\u00edquido, el P7-L240 proporciona enfriamiento de alto desempe\u00f1o de primera clase. La Iluminaci\u00f3n LED RGB te da acceso a 16.8 millones de colores y proporciona un flujo de colores vivos para tu equipo de juegos. Con ventiladores translucidos y una caja para bomba transparente, ser\u00e1 capaz de apreciar todos los efectos estilizados RGB.<\/p>\n<ul>\n<li>Iluminaci\u00f3n RGB LED con 16.8 millones de colores<\/li>\n<li>Bloque de agua de cobre puro con dise\u00f1o de micro canal que<\/li>\n<li>Impulsor equilibrado y rodamientos de alta calidad<\/li>\n<li>Caja de doble c\u00e1mara minimiza el ruido<\/li>\n<li>C\u00e1mara extra rellenable de agua agrega 100 ml de capacidad<\/li>\n<li>Aletas de baja densidad por pulgada de radiador (LFPI)<\/li>\n<li>Tubos de alta calidad y conexiones de materiales suaves<\/li>\n<\/ul>\n<p><em>Las especificaciones est\u00e1n sujetas a cambios sin previo aviso.<br \/>\nLos productos y modelos pueden variar seg\u00fan la regi\u00f3n.<br \/>\nP\u00f3ngase en contacto con su Hub local para obtener m\u00e1s informaci\u00f3n.<\/em><\/p>\n","protected":false},"featured_media":96628,"template":"","meta":{"_acf_changed":false,"footnotes":""},"product_brand":[],"product_cat":[2334,1584,1573,1712,1568,1577,1580],"product_tag":[],"class_list":{"0":"post-107880","1":"product","2":"type-product","3":"status-publish","4":"has-post-thumbnail","6":"product_cat-160more-la","7":"product_cat-240mm-radiator-size-la","8":"product_cat-liquid-cooler-cooler-type-la","9":"product_cat-project-7-series-cooling-la","10":"product_cat-cooling-la","11":"product_cat-rgb-cooling-la","12":"product_cat-yes-pwm-fan-control-la","14":"first","15":"instock","16":"shipping-taxable","17":"product-type-simple"},"acf":[],"yoast_head":"<!-- This site is optimized with the Yoast SEO plugin v25.6 - https:\/\/yoast.com\/wordpress\/plugins\/seo\/ -->\n<title>P7-L240 - AeroCool<\/title>\n<meta name=\"robots\" content=\"index, follow, max-snippet:-1, max-image-preview:large, max-video-preview:-1\" \/>\n<link rel=\"canonical\" href=\"https:\/\/aerocool.io\/la\/wp-json\/wp\/v2\/product\/107880\/\" \/>\n<meta property=\"og:locale\" content=\"en_US\" \/>\n<meta property=\"og:type\" content=\"article\" \/>\n<meta property=\"og:title\" content=\"P7-L240 - AeroCool\" \/>\n<meta property=\"og:description\" content=\"DISIPADOR DE CPU RGB Con un sistema cerrado de enfriamiento l\u00edquido, el P7-L240 proporciona enfriamiento de alto desempe\u00f1o de primera clase. La Iluminaci\u00f3n LED RGB te da acceso a 16.8 millones de colores y proporciona un flujo de colores vivos para tu equipo de juegos. Con ventiladores translucidos y una caja para bomba transparente, ser\u00e1 capaz de apreciar todos los efectos estilizados RGB.   Iluminaci\u00f3n RGB LED con 16.8 millones de colores  Bloque de agua de cobre puro con dise\u00f1o de micro canal que  Impulsor equilibrado y rodamientos de alta calidad  Caja de doble c\u00e1mara minimiza el ruido  C\u00e1mara extra rellenable de agua agrega 100 ml de capacidad  Aletas de baja densidad por pulgada de radiador (LFPI)  Tubos de alta calidad y conexiones de materiales suaves  Las especificaciones est\u00e1n sujetas a cambios sin previo aviso. Los productos y modelos pueden variar seg\u00fan la regi\u00f3n. P\u00f3ngase en contacto con su Hub local para obtener m\u00e1s informaci\u00f3n.\" \/>\n<meta property=\"og:url\" content=\"https:\/\/aerocool.io\/la\/wp-json\/wp\/v2\/product\/107880\/\" \/>\n<meta property=\"og:site_name\" content=\"AeroCool\" \/>\n<meta property=\"article:modified_time\" content=\"2023-07-17T08:25:08+00:00\" \/>\n<meta property=\"og:image\" content=\"https:\/\/aerocool.io\/wp-content\/uploads\/2018\/05\/Aerocool-P7-L240-Infographic700x700px-5-1.jpg\" \/>\n\t<meta property=\"og:image:width\" content=\"700\" \/>\n\t<meta property=\"og:image:height\" content=\"700\" \/>\n\t<meta property=\"og:image:type\" content=\"image\/jpeg\" \/>\n<meta name=\"twitter:card\" content=\"summary_large_image\" \/>\n<script type=\"application\/ld+json\" class=\"yoast-schema-graph\">{\"@context\":\"https:\/\/schema.org\",\"@graph\":[{\"@type\":\"WebPage\",\"@id\":\"https:\/\/aerocool.io\/la\/wp-json\/wp\/v2\/product\/107880\/\",\"url\":\"https:\/\/aerocool.io\/la\/wp-json\/wp\/v2\/product\/107880\/\",\"name\":\"P7-L240 - AeroCool\",\"isPartOf\":{\"@id\":\"https:\/\/aerocool.io\/#website\"},\"primaryImageOfPage\":{\"@id\":\"https:\/\/aerocool.io\/la\/product\/p7-l240\/#primaryimage\"},\"image\":{\"@id\":\"https:\/\/aerocool.io\/la\/product\/p7-l240\/#primaryimage\"},\"thumbnailUrl\":\"https:\/\/aerocool.io\/wp-content\/uploads\/2018\/05\/Aerocool-P7-L240-Infographic700x700px-5-1.jpg\",\"datePublished\":\"2018-05-13T15:27:09+00:00\",\"dateModified\":\"2023-07-17T08:25:08+00:00\",\"breadcrumb\":{\"@id\":\"https:\/\/aerocool.io\/la\/product\/p7-l240\/#breadcrumb\"},\"inLanguage\":\"la-LA\",\"potentialAction\":[{\"@type\":\"ReadAction\",\"target\":[\"https:\/\/aerocool.io\/la\/product\/p7-l240\/\"]}]},{\"@type\":\"ImageObject\",\"inLanguage\":\"la-LA\",\"@id\":\"https:\/\/aerocool.io\/la\/product\/p7-l240\/#primaryimage\",\"url\":\"https:\/\/aerocool.io\/wp-content\/uploads\/2018\/05\/Aerocool-P7-L240-Infographic700x700px-5-1.jpg\",\"contentUrl\":\"https:\/\/aerocool.io\/wp-content\/uploads\/2018\/05\/Aerocool-P7-L240-Infographic700x700px-5-1.jpg\",\"width\":700,\"height\":700},{\"@type\":\"BreadcrumbList\",\"@id\":\"https:\/\/aerocool.io\/la\/product\/p7-l240\/#breadcrumb\",\"itemListElement\":[{\"@type\":\"ListItem\",\"position\":1,\"name\":\"Home\",\"item\":\"https:\/\/aerocool.io\/la\/\"},{\"@type\":\"ListItem\",\"position\":2,\"name\":\"Shop\",\"item\":\"https:\/\/aerocool.io\/shop\/\"},{\"@type\":\"ListItem\",\"position\":3,\"name\":\"P7-L240\"}]},{\"@type\":\"WebSite\",\"@id\":\"https:\/\/aerocool.io\/#website\",\"url\":\"https:\/\/aerocool.io\/\",\"name\":\"AeroCool\",\"description\":\"Be Cool. Get AeroCool.\",\"publisher\":{\"@id\":\"https:\/\/aerocool.io\/#organization\"},\"potentialAction\":[{\"@type\":\"SearchAction\",\"target\":{\"@type\":\"EntryPoint\",\"urlTemplate\":\"https:\/\/aerocool.io\/?s={search_term_string}\"},\"query-input\":{\"@type\":\"PropertyValueSpecification\",\"valueRequired\":true,\"valueName\":\"search_term_string\"}}],\"inLanguage\":\"la-LA\"},{\"@type\":\"Organization\",\"@id\":\"https:\/\/aerocool.io\/#organization\",\"name\":\"Aerocool\",\"url\":\"https:\/\/aerocool.io\/\",\"logo\":{\"@type\":\"ImageObject\",\"inLanguage\":\"la-LA\",\"@id\":\"https:\/\/aerocool.io\/#\/schema\/logo\/image\/\",\"url\":\"https:\/\/aerocool.io\/wp-content\/uploads\/2018\/03\/AeroCool-Web-White-Logo.png\",\"contentUrl\":\"https:\/\/aerocool.io\/wp-content\/uploads\/2018\/03\/AeroCool-Web-White-Logo.png\",\"width\":500,\"height\":291,\"caption\":\"Aerocool\"},\"image\":{\"@id\":\"https:\/\/aerocool.io\/#\/schema\/logo\/image\/\"}}]}<\/script>\n<!-- \/ Yoast SEO plugin. -->","yoast_head_json":{"title":"P7-L240 - AeroCool","robots":{"index":"index","follow":"follow","max-snippet":"max-snippet:-1","max-image-preview":"max-image-preview:large","max-video-preview":"max-video-preview:-1"},"canonical":"https:\/\/aerocool.io\/la\/wp-json\/wp\/v2\/product\/107880\/","og_locale":"en_US","og_type":"article","og_title":"P7-L240 - AeroCool","og_description":"DISIPADOR DE CPU RGB Con un sistema cerrado de enfriamiento l\u00edquido, el P7-L240 proporciona enfriamiento de alto desempe\u00f1o de primera clase. La Iluminaci\u00f3n LED RGB te da acceso a 16.8 millones de colores y proporciona un flujo de colores vivos para tu equipo de juegos. Con ventiladores translucidos y una caja para bomba transparente, ser\u00e1 capaz de apreciar todos los efectos estilizados RGB.   Iluminaci\u00f3n RGB LED con 16.8 millones de colores  Bloque de agua de cobre puro con dise\u00f1o de micro canal que  Impulsor equilibrado y rodamientos de alta calidad  Caja de doble c\u00e1mara minimiza el ruido  C\u00e1mara extra rellenable de agua agrega 100 ml de capacidad  Aletas de baja densidad por pulgada de radiador (LFPI)  Tubos de alta calidad y conexiones de materiales suaves  Las especificaciones est\u00e1n sujetas a cambios sin previo aviso. Los productos y modelos pueden variar seg\u00fan la regi\u00f3n. P\u00f3ngase en contacto con su Hub local para obtener m\u00e1s informaci\u00f3n.","og_url":"https:\/\/aerocool.io\/la\/wp-json\/wp\/v2\/product\/107880\/","og_site_name":"AeroCool","article_modified_time":"2023-07-17T08:25:08+00:00","og_image":[{"width":700,"height":700,"url":"https:\/\/aerocool.io\/wp-content\/uploads\/2018\/05\/Aerocool-P7-L240-Infographic700x700px-5-1.jpg","type":"image\/jpeg"}],"twitter_card":"summary_large_image","schema":{"@context":"https:\/\/schema.org","@graph":[{"@type":"WebPage","@id":"https:\/\/aerocool.io\/la\/wp-json\/wp\/v2\/product\/107880\/","url":"https:\/\/aerocool.io\/la\/wp-json\/wp\/v2\/product\/107880\/","name":"P7-L240 - AeroCool","isPartOf":{"@id":"https:\/\/aerocool.io\/#website"},"primaryImageOfPage":{"@id":"https:\/\/aerocool.io\/la\/product\/p7-l240\/#primaryimage"},"image":{"@id":"https:\/\/aerocool.io\/la\/product\/p7-l240\/#primaryimage"},"thumbnailUrl":"https:\/\/aerocool.io\/wp-content\/uploads\/2018\/05\/Aerocool-P7-L240-Infographic700x700px-5-1.jpg","datePublished":"2018-05-13T15:27:09+00:00","dateModified":"2023-07-17T08:25:08+00:00","breadcrumb":{"@id":"https:\/\/aerocool.io\/la\/product\/p7-l240\/#breadcrumb"},"inLanguage":"la-LA","potentialAction":[{"@type":"ReadAction","target":["https:\/\/aerocool.io\/la\/product\/p7-l240\/"]}]},{"@type":"ImageObject","inLanguage":"la-LA","@id":"https:\/\/aerocool.io\/la\/product\/p7-l240\/#primaryimage","url":"https:\/\/aerocool.io\/wp-content\/uploads\/2018\/05\/Aerocool-P7-L240-Infographic700x700px-5-1.jpg","contentUrl":"https:\/\/aerocool.io\/wp-content\/uploads\/2018\/05\/Aerocool-P7-L240-Infographic700x700px-5-1.jpg","width":700,"height":700},{"@type":"BreadcrumbList","@id":"https:\/\/aerocool.io\/la\/product\/p7-l240\/#breadcrumb","itemListElement":[{"@type":"ListItem","position":1,"name":"Home","item":"https:\/\/aerocool.io\/la\/"},{"@type":"ListItem","position":2,"name":"Shop","item":"https:\/\/aerocool.io\/shop\/"},{"@type":"ListItem","position":3,"name":"P7-L240"}]},{"@type":"WebSite","@id":"https:\/\/aerocool.io\/#website","url":"https:\/\/aerocool.io\/","name":"AeroCool","description":"Be Cool. Get AeroCool.","publisher":{"@id":"https:\/\/aerocool.io\/#organization"},"potentialAction":[{"@type":"SearchAction","target":{"@type":"EntryPoint","urlTemplate":"https:\/\/aerocool.io\/?s={search_term_string}"},"query-input":{"@type":"PropertyValueSpecification","valueRequired":true,"valueName":"search_term_string"}}],"inLanguage":"la-LA"},{"@type":"Organization","@id":"https:\/\/aerocool.io\/#organization","name":"Aerocool","url":"https:\/\/aerocool.io\/","logo":{"@type":"ImageObject","inLanguage":"la-LA","@id":"https:\/\/aerocool.io\/#\/schema\/logo\/image\/","url":"https:\/\/aerocool.io\/wp-content\/uploads\/2018\/03\/AeroCool-Web-White-Logo.png","contentUrl":"https:\/\/aerocool.io\/wp-content\/uploads\/2018\/03\/AeroCool-Web-White-Logo.png","width":500,"height":291,"caption":"Aerocool"},"image":{"@id":"https:\/\/aerocool.io\/#\/schema\/logo\/image\/"}}]}},"_links":{"self":[{"href":"https:\/\/aerocool.io\/la\/wp-json\/wp\/v2\/product\/107880"}],"collection":[{"href":"https:\/\/aerocool.io\/la\/wp-json\/wp\/v2\/product"}],"about":[{"href":"https:\/\/aerocool.io\/la\/wp-json\/wp\/v2\/types\/product"}],"version-history":[{"count":0,"href":"https:\/\/aerocool.io\/la\/wp-json\/wp\/v2\/product\/107880\/revisions"}],"wp:featuredmedia":[{"embeddable":true,"href":"https:\/\/aerocool.io\/la\/wp-json\/wp\/v2\/media\/96628"}],"wp:attachment":[{"href":"https:\/\/aerocool.io\/la\/wp-json\/wp\/v2\/media?parent=107880"}],"wp:term":[{"taxonomy":"product_brand","embeddable":true,"href":"https:\/\/aerocool.io\/la\/wp-json\/wp\/v2\/product_brand?post=107880"},{"taxonomy":"product_cat","embeddable":true,"href":"https:\/\/aerocool.io\/la\/wp-json\/wp\/v2\/product_cat?post=107880"},{"taxonomy":"product_tag","embeddable":true,"href":"https:\/\/aerocool.io\/la\/wp-json\/wp\/v2\/product_tag?post=107880"}],"curies":[{"name":"wp","href":"https:\/\/api.w.org\/{rel}","templated":true}]}}