{"id":107882,"date":"2019-04-02T06:25:28","date_gmt":"2019-04-02T06:25:28","guid":{"rendered":"https:\/\/aerocool.io\/product\/pulse-l240f\/"},"modified":"2022-11-21T14:10:04","modified_gmt":"2022-11-21T06:10:04","slug":"pulse-l240f","status":"publish","type":"product","link":"https:\/\/aerocool.io\/la\/product\/pulse-l240f\/","title":{"rendered":"Pulse L240F"},"content":{"rendered":"","protected":false},"excerpt":{"rendered":"<div class=\"woocommerce-product-details__short-description\">\n<h3>DISIPADOR DE CPU<\/h3>\n<p>Un disipador con 2 ventiladores RGB integrados para conseguir la m\u00e1xima refrigeraci\u00f3n con la mejor est\u00e9tica: la refrigeraci\u00f3n l\u00edquida Pulse de alto rendimiento te proporciona un LED Halo con 8 modos RGB \u00fanicos f\u00e1cilmente ajustables con un c\u00f3modo switch de control LED. Conseguir\u00e1s la mejor temperatura para tu PC y la iluminaci\u00f3n m\u00e1s gaming, todo en uno.<\/p>\n<\/div>\n<ul>\n<li>Equipado con 8 efectos LED f\u00e1cilmente controlables con un bot\u00f3n de control<\/li>\n<li>2 ventiladores integrados RGB Addressable de 12cm<\/li>\n<li>Compatible con placas base RGB Addressable<\/li>\n<li>Bloque de agua de cobre puro con dise\u00f1o microcanal<\/li>\n<li>Bomba acoplada en radiador para mayor efectividad<\/li>\n<li>Soportes de alta calidad para un rendimiento silencioso<\/li>\n<li>Aspas de baja densidad por pulgada para un mayor flujo de aire<\/li>\n<li>Tubos de alta calidad recubiertos de tefl\u00f3n para minimizar la p\u00e9rdida de agua<\/li>\n<li>Ventiladores de dise\u00f1o \u00fanico para un rendimiento imbatible<\/li>\n<\/ul>\n<p><em>Las especificaciones pueden variar sin previo aviso.<br \/>\nLos productos y los modelos pueden variar dependiendo de tu regi\u00f3n.<br \/>\nContacta con tu distribuidor para m\u00e1s informaci\u00f3n.<\/em><\/p>\n","protected":false},"featured_media":102472,"template":"","meta":{"_acf_changed":false,"footnotes":""},"product_brand":[],"product_cat":[2334,1573,1568,1577],"product_tag":[],"class_list":{"0":"post-107882","1":"product","2":"type-product","3":"status-publish","4":"has-post-thumbnail","6":"product_cat-160more-la","7":"product_cat-liquid-cooler-cooler-type-la","8":"product_cat-cooling-la","9":"product_cat-rgb-cooling-la","11":"first","12":"instock","13":"shipping-taxable","14":"product-type-simple"},"acf":[],"yoast_head":"<!-- This site is optimized with the Yoast SEO plugin v25.6 - https:\/\/yoast.com\/wordpress\/plugins\/seo\/ -->\n<title>Pulse L240F - AeroCool<\/title>\n<meta name=\"description\" content=\"High-performance liquid cooling solution with a stylish Halo LED design and 8 unique RGB lighting modes. Fully compatible with Addressable RGB motherboards.\" \/>\n<meta name=\"robots\" content=\"index, follow, max-snippet:-1, max-image-preview:large, max-video-preview:-1\" \/>\n<link rel=\"canonical\" href=\"https:\/\/aerocool.io\/la\/wp-json\/wp\/v2\/product\/107882\/\" \/>\n<meta property=\"og:locale\" content=\"en_US\" \/>\n<meta property=\"og:type\" content=\"article\" \/>\n<meta property=\"og:title\" content=\"Pulse L240F - AeroCool\" \/>\n<meta property=\"og:description\" content=\"High-performance liquid cooling solution with a stylish Halo LED design and 8 unique RGB lighting modes. Fully compatible with Addressable RGB motherboards.\" \/>\n<meta property=\"og:url\" content=\"https:\/\/aerocool.io\/la\/wp-json\/wp\/v2\/product\/107882\/\" \/>\n<meta property=\"og:site_name\" content=\"AeroCool\" \/>\n<meta property=\"article:modified_time\" content=\"2022-11-21T06:10:04+00:00\" \/>\n<meta property=\"og:image\" content=\"https:\/\/aerocool.io\/wp-content\/uploads\/2019\/04\/Pulse-L240-F-Infographic700x700px-01.jpg\" \/>\n\t<meta property=\"og:image:width\" content=\"700\" \/>\n\t<meta property=\"og:image:height\" content=\"700\" \/>\n\t<meta property=\"og:image:type\" content=\"image\/jpeg\" \/>\n<meta name=\"twitter:card\" content=\"summary_large_image\" \/>\n<script type=\"application\/ld+json\" class=\"yoast-schema-graph\">{\"@context\":\"https:\/\/schema.org\",\"@graph\":[{\"@type\":\"WebPage\",\"@id\":\"https:\/\/aerocool.io\/la\/wp-json\/wp\/v2\/product\/107882\/\",\"url\":\"https:\/\/aerocool.io\/la\/wp-json\/wp\/v2\/product\/107882\/\",\"name\":\"Pulse L240F - AeroCool\",\"isPartOf\":{\"@id\":\"https:\/\/aerocool.io\/#website\"},\"primaryImageOfPage\":{\"@id\":\"https:\/\/aerocool.io\/la\/product\/pulse-l240f\/#primaryimage\"},\"image\":{\"@id\":\"https:\/\/aerocool.io\/la\/product\/pulse-l240f\/#primaryimage\"},\"thumbnailUrl\":\"https:\/\/aerocool.io\/wp-content\/uploads\/2019\/04\/Pulse-L240-F-Infographic700x700px-01.jpg\",\"datePublished\":\"2019-04-02T06:25:28+00:00\",\"dateModified\":\"2022-11-21T06:10:04+00:00\",\"description\":\"High-performance liquid cooling solution with a stylish Halo LED design and 8 unique RGB lighting modes. Fully compatible with Addressable RGB motherboards.\",\"breadcrumb\":{\"@id\":\"https:\/\/aerocool.io\/la\/product\/pulse-l240f\/#breadcrumb\"},\"inLanguage\":\"la-LA\",\"potentialAction\":[{\"@type\":\"ReadAction\",\"target\":[\"https:\/\/aerocool.io\/la\/product\/pulse-l240f\/\"]}]},{\"@type\":\"ImageObject\",\"inLanguage\":\"la-LA\",\"@id\":\"https:\/\/aerocool.io\/la\/product\/pulse-l240f\/#primaryimage\",\"url\":\"https:\/\/aerocool.io\/wp-content\/uploads\/2019\/04\/Pulse-L240-F-Infographic700x700px-01.jpg\",\"contentUrl\":\"https:\/\/aerocool.io\/wp-content\/uploads\/2019\/04\/Pulse-L240-F-Infographic700x700px-01.jpg\",\"width\":700,\"height\":700},{\"@type\":\"BreadcrumbList\",\"@id\":\"https:\/\/aerocool.io\/la\/product\/pulse-l240f\/#breadcrumb\",\"itemListElement\":[{\"@type\":\"ListItem\",\"position\":1,\"name\":\"Home\",\"item\":\"https:\/\/aerocool.io\/la\/\"},{\"@type\":\"ListItem\",\"position\":2,\"name\":\"Shop\",\"item\":\"https:\/\/aerocool.io\/shop\/\"},{\"@type\":\"ListItem\",\"position\":3,\"name\":\"Pulse L240F\"}]},{\"@type\":\"WebSite\",\"@id\":\"https:\/\/aerocool.io\/#website\",\"url\":\"https:\/\/aerocool.io\/\",\"name\":\"AeroCool\",\"description\":\"Be Cool. Get AeroCool.\",\"publisher\":{\"@id\":\"https:\/\/aerocool.io\/#organization\"},\"potentialAction\":[{\"@type\":\"SearchAction\",\"target\":{\"@type\":\"EntryPoint\",\"urlTemplate\":\"https:\/\/aerocool.io\/?s={search_term_string}\"},\"query-input\":{\"@type\":\"PropertyValueSpecification\",\"valueRequired\":true,\"valueName\":\"search_term_string\"}}],\"inLanguage\":\"la-LA\"},{\"@type\":\"Organization\",\"@id\":\"https:\/\/aerocool.io\/#organization\",\"name\":\"Aerocool\",\"url\":\"https:\/\/aerocool.io\/\",\"logo\":{\"@type\":\"ImageObject\",\"inLanguage\":\"la-LA\",\"@id\":\"https:\/\/aerocool.io\/#\/schema\/logo\/image\/\",\"url\":\"https:\/\/aerocool.io\/wp-content\/uploads\/2018\/03\/AeroCool-Web-White-Logo.png\",\"contentUrl\":\"https:\/\/aerocool.io\/wp-content\/uploads\/2018\/03\/AeroCool-Web-White-Logo.png\",\"width\":500,\"height\":291,\"caption\":\"Aerocool\"},\"image\":{\"@id\":\"https:\/\/aerocool.io\/#\/schema\/logo\/image\/\"}}]}<\/script>\n<!-- \/ Yoast SEO plugin. -->","yoast_head_json":{"title":"Pulse L240F - AeroCool","description":"High-performance liquid cooling solution with a stylish Halo LED design and 8 unique RGB lighting modes. Fully compatible with Addressable RGB motherboards.","robots":{"index":"index","follow":"follow","max-snippet":"max-snippet:-1","max-image-preview":"max-image-preview:large","max-video-preview":"max-video-preview:-1"},"canonical":"https:\/\/aerocool.io\/la\/wp-json\/wp\/v2\/product\/107882\/","og_locale":"en_US","og_type":"article","og_title":"Pulse L240F - AeroCool","og_description":"High-performance liquid cooling solution with a stylish Halo LED design and 8 unique RGB lighting modes. Fully compatible with Addressable RGB motherboards.","og_url":"https:\/\/aerocool.io\/la\/wp-json\/wp\/v2\/product\/107882\/","og_site_name":"AeroCool","article_modified_time":"2022-11-21T06:10:04+00:00","og_image":[{"width":700,"height":700,"url":"https:\/\/aerocool.io\/wp-content\/uploads\/2019\/04\/Pulse-L240-F-Infographic700x700px-01.jpg","type":"image\/jpeg"}],"twitter_card":"summary_large_image","schema":{"@context":"https:\/\/schema.org","@graph":[{"@type":"WebPage","@id":"https:\/\/aerocool.io\/la\/wp-json\/wp\/v2\/product\/107882\/","url":"https:\/\/aerocool.io\/la\/wp-json\/wp\/v2\/product\/107882\/","name":"Pulse L240F - AeroCool","isPartOf":{"@id":"https:\/\/aerocool.io\/#website"},"primaryImageOfPage":{"@id":"https:\/\/aerocool.io\/la\/product\/pulse-l240f\/#primaryimage"},"image":{"@id":"https:\/\/aerocool.io\/la\/product\/pulse-l240f\/#primaryimage"},"thumbnailUrl":"https:\/\/aerocool.io\/wp-content\/uploads\/2019\/04\/Pulse-L240-F-Infographic700x700px-01.jpg","datePublished":"2019-04-02T06:25:28+00:00","dateModified":"2022-11-21T06:10:04+00:00","description":"High-performance liquid cooling solution with a stylish Halo LED design and 8 unique RGB lighting modes. Fully compatible with Addressable RGB motherboards.","breadcrumb":{"@id":"https:\/\/aerocool.io\/la\/product\/pulse-l240f\/#breadcrumb"},"inLanguage":"la-LA","potentialAction":[{"@type":"ReadAction","target":["https:\/\/aerocool.io\/la\/product\/pulse-l240f\/"]}]},{"@type":"ImageObject","inLanguage":"la-LA","@id":"https:\/\/aerocool.io\/la\/product\/pulse-l240f\/#primaryimage","url":"https:\/\/aerocool.io\/wp-content\/uploads\/2019\/04\/Pulse-L240-F-Infographic700x700px-01.jpg","contentUrl":"https:\/\/aerocool.io\/wp-content\/uploads\/2019\/04\/Pulse-L240-F-Infographic700x700px-01.jpg","width":700,"height":700},{"@type":"BreadcrumbList","@id":"https:\/\/aerocool.io\/la\/product\/pulse-l240f\/#breadcrumb","itemListElement":[{"@type":"ListItem","position":1,"name":"Home","item":"https:\/\/aerocool.io\/la\/"},{"@type":"ListItem","position":2,"name":"Shop","item":"https:\/\/aerocool.io\/shop\/"},{"@type":"ListItem","position":3,"name":"Pulse L240F"}]},{"@type":"WebSite","@id":"https:\/\/aerocool.io\/#website","url":"https:\/\/aerocool.io\/","name":"AeroCool","description":"Be Cool. Get AeroCool.","publisher":{"@id":"https:\/\/aerocool.io\/#organization"},"potentialAction":[{"@type":"SearchAction","target":{"@type":"EntryPoint","urlTemplate":"https:\/\/aerocool.io\/?s={search_term_string}"},"query-input":{"@type":"PropertyValueSpecification","valueRequired":true,"valueName":"search_term_string"}}],"inLanguage":"la-LA"},{"@type":"Organization","@id":"https:\/\/aerocool.io\/#organization","name":"Aerocool","url":"https:\/\/aerocool.io\/","logo":{"@type":"ImageObject","inLanguage":"la-LA","@id":"https:\/\/aerocool.io\/#\/schema\/logo\/image\/","url":"https:\/\/aerocool.io\/wp-content\/uploads\/2018\/03\/AeroCool-Web-White-Logo.png","contentUrl":"https:\/\/aerocool.io\/wp-content\/uploads\/2018\/03\/AeroCool-Web-White-Logo.png","width":500,"height":291,"caption":"Aerocool"},"image":{"@id":"https:\/\/aerocool.io\/#\/schema\/logo\/image\/"}}]}},"_links":{"self":[{"href":"https:\/\/aerocool.io\/la\/wp-json\/wp\/v2\/product\/107882"}],"collection":[{"href":"https:\/\/aerocool.io\/la\/wp-json\/wp\/v2\/product"}],"about":[{"href":"https:\/\/aerocool.io\/la\/wp-json\/wp\/v2\/types\/product"}],"version-history":[{"count":0,"href":"https:\/\/aerocool.io\/la\/wp-json\/wp\/v2\/product\/107882\/revisions"}],"wp:featuredmedia":[{"embeddable":true,"href":"https:\/\/aerocool.io\/la\/wp-json\/wp\/v2\/media\/102472"}],"wp:attachment":[{"href":"https:\/\/aerocool.io\/la\/wp-json\/wp\/v2\/media?parent=107882"}],"wp:term":[{"taxonomy":"product_brand","embeddable":true,"href":"https:\/\/aerocool.io\/la\/wp-json\/wp\/v2\/product_brand?post=107882"},{"taxonomy":"product_cat","embeddable":true,"href":"https:\/\/aerocool.io\/la\/wp-json\/wp\/v2\/product_cat?post=107882"},{"taxonomy":"product_tag","embeddable":true,"href":"https:\/\/aerocool.io\/la\/wp-json\/wp\/v2\/product_tag?post=107882"}],"curies":[{"name":"wp","href":"https:\/\/api.w.org\/{rel}","templated":true}]}}