{"id":107884,"date":"2018-05-13T15:26:10","date_gmt":"2018-05-13T15:26:10","guid":{"rendered":"https:\/\/aerocool.io\/product\/rev-blue\/"},"modified":"2021-07-14T13:46:33","modified_gmt":"2021-07-14T05:46:33","slug":"rev-blue","status":"publish","type":"product","link":"https:\/\/aerocool.io\/la\/product\/rev-blue\/","title":{"rendered":"Rev Blue"},"content":{"rendered":"","protected":false},"excerpt":{"rendered":"<h3><span style=\"font-weight: 400;\">VENTILADOR LED DE CPU<\/span><\/h3>\n<p><span style=\"font-weight: 400;\">Equipado con iluminaci\u00f3n LED azul, este ventilador de 12cm ofrece un look espectacular a la vez que garantiza un rendimiento \u00f3ptimo para tu PC con una capacidad de refrigeraci\u00f3n profesional. El dise\u00f1o de iluminaci\u00f3n Dual Ring es un sistema \u00fanico con el que mantener tu sistema refrigerado, ofreciendo m\u00faltiples prestaciones para garantizar el mejor funcionamiento para tu ordenador, como sus aspas extra\u00edbles de dise\u00f1o curvo que potencian la circulaci\u00f3n del aire y los soportes de amortigaci\u00f3n que absorben las vibraciones provocadas por la rotaci\u00f3n del ventilador.<\/span><\/p>\n<p><span style=\"font-weight: 400; color: #000000;\">\u2022 Iluminaci\u00f3n LED Dual Ring azul<\/span><br \/>\n<span style=\"font-weight: 400; color: #000000;\">\u2022 Aspas de ventilador curvas para maximizar la refrigeraci\u00f3n<\/span><br \/>\n<span style=\"font-weight: 400; color: #000000;\">\u2022 Soportes con amortiguaci\u00f3n que absorben las vibraciones del ventilador<\/span><br \/>\n<span style=\"font-weight: 400; color: #000000;\">\u2022 Aspas curvas extra\u00edbles para un mantenimiento c\u00f3modo<\/span><br \/>\n<span style=\"font-weight: 400; color: #000000;\">\u2022 30 LEDs que aseguran uniformidad en el color y el brillo<\/span><\/p>\n<p><em>Las especificaciones pueden variar sin previo aviso.<br \/>\nLos productos y los modelos pueden variar dependiendo de tu regi\u00f3n.<br \/>\nContacta con tu distribuidor para m\u00e1s informaci\u00f3n.<\/em><\/p>\n","protected":false},"featured_media":94251,"template":"","meta":{"_acf_changed":false,"footnotes":""},"product_brand":[],"product_cat":[1620,1605,1614,1623,1713,1611,1601],"product_tag":[],"class_list":{"0":"post-107884","1":"product","2":"type-product","3":"status-publish","4":"has-post-thumbnail","6":"product_cat-1-number-of-fans-la","7":"product_cat-120mm-fans-la","8":"product_cat-fans-blue-la","9":"product_cat-no-fans-la","10":"product_cat-rev-la","11":"product_cat-fan-only-la","12":"product_cat-fans-la","14":"first","15":"instock","16":"shipping-taxable","17":"product-type-simple"},"acf":[],"yoast_head":"<!-- This site is optimized with the Yoast SEO plugin v25.6 - https:\/\/yoast.com\/wordpress\/plugins\/seo\/ -->\n<title>Rev Blue - AeroCool<\/title>\n<meta name=\"robots\" content=\"index, follow, max-snippet:-1, max-image-preview:large, max-video-preview:-1\" \/>\n<link rel=\"canonical\" href=\"https:\/\/aerocool.io\/la\/wp-json\/wp\/v2\/product\/107884\/\" \/>\n<meta property=\"og:locale\" content=\"en_US\" \/>\n<meta property=\"og:type\" content=\"article\" \/>\n<meta property=\"og:title\" content=\"Rev Blue - AeroCool\" \/>\n<meta property=\"og:description\" content=\"VENTILADOR LED DE CPU Equipado con iluminaci\u00f3n LED azul, este ventilador de 12cm ofrece un look espectacular a la vez que garantiza un rendimiento \u00f3ptimo para tu PC con una capacidad de refrigeraci\u00f3n profesional. El dise\u00f1o de iluminaci\u00f3n Dual Ring es un sistema \u00fanico con el que mantener tu sistema refrigerado, ofreciendo m\u00faltiples prestaciones para garantizar el mejor funcionamiento para tu ordenador, como sus aspas extra\u00edbles de dise\u00f1o curvo que potencian la circulaci\u00f3n del aire y los soportes de amortigaci\u00f3n que absorben las vibraciones provocadas por la rotaci\u00f3n del ventilador.  \u2022 Iluminaci\u00f3n LED Dual Ring azul \u2022 Aspas de ventilador curvas para maximizar la refrigeraci\u00f3n \u2022 Soportes con amortiguaci\u00f3n que absorben las vibraciones del ventilador \u2022 Aspas curvas extra\u00edbles para un mantenimiento c\u00f3modo \u2022 30 LEDs que aseguran uniformidad en el color y el brillo  Las especificaciones pueden variar sin previo aviso. Los productos y los modelos pueden variar dependiendo de tu regi\u00f3n. Contacta con tu distribuidor para m\u00e1s informaci\u00f3n.\" \/>\n<meta property=\"og:url\" content=\"https:\/\/aerocool.io\/la\/wp-json\/wp\/v2\/product\/107884\/\" \/>\n<meta property=\"og:site_name\" content=\"AeroCool\" \/>\n<meta property=\"article:modified_time\" content=\"2021-07-14T05:46:33+00:00\" \/>\n<meta property=\"og:image\" content=\"https:\/\/aerocool.io\/wp-content\/uploads\/2018\/05\/AeroCool-Rev-Blue-Product-Gallery.png\" \/>\n\t<meta property=\"og:image:width\" content=\"634\" \/>\n\t<meta property=\"og:image:height\" content=\"634\" \/>\n\t<meta property=\"og:image:type\" content=\"image\/png\" \/>\n<meta name=\"twitter:card\" content=\"summary_large_image\" \/>\n<script type=\"application\/ld+json\" class=\"yoast-schema-graph\">{\"@context\":\"https:\/\/schema.org\",\"@graph\":[{\"@type\":\"WebPage\",\"@id\":\"https:\/\/aerocool.io\/la\/wp-json\/wp\/v2\/product\/107884\/\",\"url\":\"https:\/\/aerocool.io\/la\/wp-json\/wp\/v2\/product\/107884\/\",\"name\":\"Rev Blue - AeroCool\",\"isPartOf\":{\"@id\":\"https:\/\/aerocool.io\/#website\"},\"primaryImageOfPage\":{\"@id\":\"https:\/\/aerocool.io\/la\/product\/rev-blue\/#primaryimage\"},\"image\":{\"@id\":\"https:\/\/aerocool.io\/la\/product\/rev-blue\/#primaryimage\"},\"thumbnailUrl\":\"https:\/\/aerocool.io\/wp-content\/uploads\/2018\/05\/AeroCool-Rev-Blue-Product-Gallery.png\",\"datePublished\":\"2018-05-13T15:26:10+00:00\",\"dateModified\":\"2021-07-14T05:46:33+00:00\",\"breadcrumb\":{\"@id\":\"https:\/\/aerocool.io\/la\/product\/rev-blue\/#breadcrumb\"},\"inLanguage\":\"la-LA\",\"potentialAction\":[{\"@type\":\"ReadAction\",\"target\":[\"https:\/\/aerocool.io\/la\/product\/rev-blue\/\"]}]},{\"@type\":\"ImageObject\",\"inLanguage\":\"la-LA\",\"@id\":\"https:\/\/aerocool.io\/la\/product\/rev-blue\/#primaryimage\",\"url\":\"https:\/\/aerocool.io\/wp-content\/uploads\/2018\/05\/AeroCool-Rev-Blue-Product-Gallery.png\",\"contentUrl\":\"https:\/\/aerocool.io\/wp-content\/uploads\/2018\/05\/AeroCool-Rev-Blue-Product-Gallery.png\",\"width\":634,\"height\":634},{\"@type\":\"BreadcrumbList\",\"@id\":\"https:\/\/aerocool.io\/la\/product\/rev-blue\/#breadcrumb\",\"itemListElement\":[{\"@type\":\"ListItem\",\"position\":1,\"name\":\"Home\",\"item\":\"https:\/\/aerocool.io\/la\/\"},{\"@type\":\"ListItem\",\"position\":2,\"name\":\"Shop\",\"item\":\"https:\/\/aerocool.io\/shop\/\"},{\"@type\":\"ListItem\",\"position\":3,\"name\":\"Rev Blue\"}]},{\"@type\":\"WebSite\",\"@id\":\"https:\/\/aerocool.io\/#website\",\"url\":\"https:\/\/aerocool.io\/\",\"name\":\"AeroCool\",\"description\":\"Be Cool. Get AeroCool.\",\"publisher\":{\"@id\":\"https:\/\/aerocool.io\/#organization\"},\"potentialAction\":[{\"@type\":\"SearchAction\",\"target\":{\"@type\":\"EntryPoint\",\"urlTemplate\":\"https:\/\/aerocool.io\/?s={search_term_string}\"},\"query-input\":{\"@type\":\"PropertyValueSpecification\",\"valueRequired\":true,\"valueName\":\"search_term_string\"}}],\"inLanguage\":\"la-LA\"},{\"@type\":\"Organization\",\"@id\":\"https:\/\/aerocool.io\/#organization\",\"name\":\"Aerocool\",\"url\":\"https:\/\/aerocool.io\/\",\"logo\":{\"@type\":\"ImageObject\",\"inLanguage\":\"la-LA\",\"@id\":\"https:\/\/aerocool.io\/#\/schema\/logo\/image\/\",\"url\":\"https:\/\/aerocool.io\/wp-content\/uploads\/2018\/03\/AeroCool-Web-White-Logo.png\",\"contentUrl\":\"https:\/\/aerocool.io\/wp-content\/uploads\/2018\/03\/AeroCool-Web-White-Logo.png\",\"width\":500,\"height\":291,\"caption\":\"Aerocool\"},\"image\":{\"@id\":\"https:\/\/aerocool.io\/#\/schema\/logo\/image\/\"}}]}<\/script>\n<!-- \/ Yoast SEO plugin. -->","yoast_head_json":{"title":"Rev Blue - AeroCool","robots":{"index":"index","follow":"follow","max-snippet":"max-snippet:-1","max-image-preview":"max-image-preview:large","max-video-preview":"max-video-preview:-1"},"canonical":"https:\/\/aerocool.io\/la\/wp-json\/wp\/v2\/product\/107884\/","og_locale":"en_US","og_type":"article","og_title":"Rev Blue - AeroCool","og_description":"VENTILADOR LED DE CPU Equipado con iluminaci\u00f3n LED azul, este ventilador de 12cm ofrece un look espectacular a la vez que garantiza un rendimiento \u00f3ptimo para tu PC con una capacidad de refrigeraci\u00f3n profesional. El dise\u00f1o de iluminaci\u00f3n Dual Ring es un sistema \u00fanico con el que mantener tu sistema refrigerado, ofreciendo m\u00faltiples prestaciones para garantizar el mejor funcionamiento para tu ordenador, como sus aspas extra\u00edbles de dise\u00f1o curvo que potencian la circulaci\u00f3n del aire y los soportes de amortigaci\u00f3n que absorben las vibraciones provocadas por la rotaci\u00f3n del ventilador.  \u2022 Iluminaci\u00f3n LED Dual Ring azul \u2022 Aspas de ventilador curvas para maximizar la refrigeraci\u00f3n \u2022 Soportes con amortiguaci\u00f3n que absorben las vibraciones del ventilador \u2022 Aspas curvas extra\u00edbles para un mantenimiento c\u00f3modo \u2022 30 LEDs que aseguran uniformidad en el color y el brillo  Las especificaciones pueden variar sin previo aviso. Los productos y los modelos pueden variar dependiendo de tu regi\u00f3n. Contacta con tu distribuidor para m\u00e1s informaci\u00f3n.","og_url":"https:\/\/aerocool.io\/la\/wp-json\/wp\/v2\/product\/107884\/","og_site_name":"AeroCool","article_modified_time":"2021-07-14T05:46:33+00:00","og_image":[{"width":634,"height":634,"url":"https:\/\/aerocool.io\/wp-content\/uploads\/2018\/05\/AeroCool-Rev-Blue-Product-Gallery.png","type":"image\/png"}],"twitter_card":"summary_large_image","schema":{"@context":"https:\/\/schema.org","@graph":[{"@type":"WebPage","@id":"https:\/\/aerocool.io\/la\/wp-json\/wp\/v2\/product\/107884\/","url":"https:\/\/aerocool.io\/la\/wp-json\/wp\/v2\/product\/107884\/","name":"Rev Blue - AeroCool","isPartOf":{"@id":"https:\/\/aerocool.io\/#website"},"primaryImageOfPage":{"@id":"https:\/\/aerocool.io\/la\/product\/rev-blue\/#primaryimage"},"image":{"@id":"https:\/\/aerocool.io\/la\/product\/rev-blue\/#primaryimage"},"thumbnailUrl":"https:\/\/aerocool.io\/wp-content\/uploads\/2018\/05\/AeroCool-Rev-Blue-Product-Gallery.png","datePublished":"2018-05-13T15:26:10+00:00","dateModified":"2021-07-14T05:46:33+00:00","breadcrumb":{"@id":"https:\/\/aerocool.io\/la\/product\/rev-blue\/#breadcrumb"},"inLanguage":"la-LA","potentialAction":[{"@type":"ReadAction","target":["https:\/\/aerocool.io\/la\/product\/rev-blue\/"]}]},{"@type":"ImageObject","inLanguage":"la-LA","@id":"https:\/\/aerocool.io\/la\/product\/rev-blue\/#primaryimage","url":"https:\/\/aerocool.io\/wp-content\/uploads\/2018\/05\/AeroCool-Rev-Blue-Product-Gallery.png","contentUrl":"https:\/\/aerocool.io\/wp-content\/uploads\/2018\/05\/AeroCool-Rev-Blue-Product-Gallery.png","width":634,"height":634},{"@type":"BreadcrumbList","@id":"https:\/\/aerocool.io\/la\/product\/rev-blue\/#breadcrumb","itemListElement":[{"@type":"ListItem","position":1,"name":"Home","item":"https:\/\/aerocool.io\/la\/"},{"@type":"ListItem","position":2,"name":"Shop","item":"https:\/\/aerocool.io\/shop\/"},{"@type":"ListItem","position":3,"name":"Rev Blue"}]},{"@type":"WebSite","@id":"https:\/\/aerocool.io\/#website","url":"https:\/\/aerocool.io\/","name":"AeroCool","description":"Be Cool. Get AeroCool.","publisher":{"@id":"https:\/\/aerocool.io\/#organization"},"potentialAction":[{"@type":"SearchAction","target":{"@type":"EntryPoint","urlTemplate":"https:\/\/aerocool.io\/?s={search_term_string}"},"query-input":{"@type":"PropertyValueSpecification","valueRequired":true,"valueName":"search_term_string"}}],"inLanguage":"la-LA"},{"@type":"Organization","@id":"https:\/\/aerocool.io\/#organization","name":"Aerocool","url":"https:\/\/aerocool.io\/","logo":{"@type":"ImageObject","inLanguage":"la-LA","@id":"https:\/\/aerocool.io\/#\/schema\/logo\/image\/","url":"https:\/\/aerocool.io\/wp-content\/uploads\/2018\/03\/AeroCool-Web-White-Logo.png","contentUrl":"https:\/\/aerocool.io\/wp-content\/uploads\/2018\/03\/AeroCool-Web-White-Logo.png","width":500,"height":291,"caption":"Aerocool"},"image":{"@id":"https:\/\/aerocool.io\/#\/schema\/logo\/image\/"}}]}},"_links":{"self":[{"href":"https:\/\/aerocool.io\/la\/wp-json\/wp\/v2\/product\/107884"}],"collection":[{"href":"https:\/\/aerocool.io\/la\/wp-json\/wp\/v2\/product"}],"about":[{"href":"https:\/\/aerocool.io\/la\/wp-json\/wp\/v2\/types\/product"}],"version-history":[{"count":0,"href":"https:\/\/aerocool.io\/la\/wp-json\/wp\/v2\/product\/107884\/revisions"}],"wp:featuredmedia":[{"embeddable":true,"href":"https:\/\/aerocool.io\/la\/wp-json\/wp\/v2\/media\/94251"}],"wp:attachment":[{"href":"https:\/\/aerocool.io\/la\/wp-json\/wp\/v2\/media?parent=107884"}],"wp:term":[{"taxonomy":"product_brand","embeddable":true,"href":"https:\/\/aerocool.io\/la\/wp-json\/wp\/v2\/product_brand?post=107884"},{"taxonomy":"product_cat","embeddable":true,"href":"https:\/\/aerocool.io\/la\/wp-json\/wp\/v2\/product_cat?post=107884"},{"taxonomy":"product_tag","embeddable":true,"href":"https:\/\/aerocool.io\/la\/wp-json\/wp\/v2\/product_tag?post=107884"}],"curies":[{"name":"wp","href":"https:\/\/api.w.org\/{rel}","templated":true}]}}