{"id":107887,"date":"2018-05-13T15:24:56","date_gmt":"2018-05-13T15:24:56","guid":{"rendered":"https:\/\/aerocool.io\/product\/rev-rgb-pro\/"},"modified":"2021-07-14T14:06:34","modified_gmt":"2021-07-14T06:06:34","slug":"rev-rgb-pro","status":"publish","type":"product","link":"https:\/\/aerocool.io\/la\/product\/rev-rgb-pro\/","title":{"rendered":"Rev RGB Pro"},"content":{"rendered":"","protected":false},"excerpt":{"rendered":"<h3><span style=\"font-weight: 400;\">3 VENTILADORES RGB PARA CPU | P7-H1 HUB<\/span><\/h3>\n<p><span style=\"font-weight: 400;\">Equipado con iluminaci\u00f3n LED RGB, este ventilador te da un look espectacular a la vez que garantiza un rendimiento \u00f3ptimo para tu PC con una capacidad de refrigeraci\u00f3n profesional. El dise\u00f1o de iluminaci\u00f3n Dual Ring es un sistema \u00fanico con el que mantener tu sistema refrigerado, ofreciendo m\u00faltiples prestaciones para garantizar el mejor funcionamiento para tu ordenador, como sus aspas extra\u00edbles de dise\u00f1o curvo que potencia la circulaci\u00f3n del aire y los soportes de amortiguaci\u00f3n que absorben las vibraciones provocadas por la rotaci\u00f3n del ventilador. Accede a 16.8 millones de colores con el software RGB y monitoriza las RPM del ventilador con el P7-H1.<br \/>\n<\/span><\/p>\n<p><span style=\"font-weight: 400; color: #000000;\">\u2022 Incluye con 3 ventiladores Rev RGB de 12cm y 1 controlador RGB P7-H1<\/span><br \/>\n<span style=\"font-weight: 400; color: #000000;\">\u2022 Iluminaci\u00f3n LED RGB Dual Ring<\/span><br \/>\n<span style=\"font-weight: 400; color: #000000;\">\u2022 Accede a 16.8 millones de colores con software RGB<\/span><br \/>\n<span style=\"font-weight: 400; color: #000000;\">\u2022 Aspas curvas para maximizar la refrigeraci\u00f3n<\/span><br \/>\n<span style=\"font-weight: 400; color: #000000;\">\u2022 Soportes de amortiguaci\u00f3n para absorber las vibraciones provocadas por la ventilaci\u00f3n<\/span><br \/>\n<span style=\"font-weight: 400; color: #000000;\">\u2022 Aspas extra\u00edbles para un mantenimiento c\u00f3modo<\/span><br \/>\n<span style=\"font-weight: 400; color: #000000;\">\u2022 <\/span>30 LEDs que aseguran uniformidad en el color y el brillo<\/p>\n<p><em>Las especificaciones pueden variar sin previo aviso.<br \/>\nLos productos y los modelos pueden variar dependiendo de tu regi\u00f3n.<br \/>\nContacta con tu distribuidor para m\u00e1s informaci\u00f3n.<\/em><\/p>\n","protected":false},"featured_media":94253,"template":"","meta":{"_acf_changed":false,"footnotes":""},"product_brand":[],"product_cat":[1605,1621,1609,1623,1713,1616,1601],"product_tag":[],"class_list":{"0":"post-107887","1":"product","2":"type-product","3":"status-publish","4":"has-post-thumbnail","6":"product_cat-120mm-fans-la","7":"product_cat-3-la","8":"product_cat-controller-hub-la","9":"product_cat-no-fans-la","10":"product_cat-rev-la","11":"product_cat-fans-rgb-la","12":"product_cat-fans-la","14":"first","15":"instock","16":"shipping-taxable","17":"product-type-simple"},"acf":[],"yoast_head":"<!-- This site is optimized with the Yoast SEO plugin v25.6 - https:\/\/yoast.com\/wordpress\/plugins\/seo\/ -->\n<title>Rev RGB Pro - AeroCool<\/title>\n<meta name=\"robots\" content=\"index, follow, max-snippet:-1, max-image-preview:large, max-video-preview:-1\" \/>\n<link rel=\"canonical\" href=\"https:\/\/aerocool.io\/la\/wp-json\/wp\/v2\/product\/107887\/\" \/>\n<meta property=\"og:locale\" content=\"en_US\" \/>\n<meta property=\"og:type\" content=\"article\" \/>\n<meta property=\"og:title\" content=\"Rev RGB Pro - AeroCool\" \/>\n<meta property=\"og:description\" content=\"3 VENTILADORES RGB PARA CPU | P7-H1 HUB Equipado con iluminaci\u00f3n LED RGB, este ventilador te da un look espectacular a la vez que garantiza un rendimiento \u00f3ptimo para tu PC con una capacidad de refrigeraci\u00f3n profesional. El dise\u00f1o de iluminaci\u00f3n Dual Ring es un sistema \u00fanico con el que mantener tu sistema refrigerado, ofreciendo m\u00faltiples prestaciones para garantizar el mejor funcionamiento para tu ordenador, como sus aspas extra\u00edbles de dise\u00f1o curvo que potencia la circulaci\u00f3n del aire y los soportes de amortiguaci\u00f3n que absorben las vibraciones provocadas por la rotaci\u00f3n del ventilador. Accede a 16.8 millones de colores con el software RGB y monitoriza las RPM del ventilador con el P7-H1.   \u2022 Incluye con 3 ventiladores Rev RGB de 12cm y 1 controlador RGB P7-H1 \u2022 Iluminaci\u00f3n LED RGB Dual Ring \u2022 Accede a 16.8 millones de colores con software RGB \u2022 Aspas curvas para maximizar la refrigeraci\u00f3n \u2022 Soportes de amortiguaci\u00f3n para absorber las vibraciones provocadas por la ventilaci\u00f3n \u2022 Aspas extra\u00edbles para un mantenimiento c\u00f3modo \u2022 30 LEDs que aseguran uniformidad en el color y el brillo  Las especificaciones pueden variar sin previo aviso. Los productos y los modelos pueden variar dependiendo de tu regi\u00f3n. Contacta con tu distribuidor para m\u00e1s informaci\u00f3n.\" \/>\n<meta property=\"og:url\" content=\"https:\/\/aerocool.io\/la\/wp-json\/wp\/v2\/product\/107887\/\" \/>\n<meta property=\"og:site_name\" content=\"AeroCool\" \/>\n<meta property=\"article:modified_time\" content=\"2021-07-14T06:06:34+00:00\" \/>\n<meta property=\"og:image\" content=\"https:\/\/aerocool.io\/wp-content\/uploads\/2018\/05\/AeroCool-Rev-RGB-Pro-Product-Gallery.png\" \/>\n\t<meta property=\"og:image:width\" content=\"700\" \/>\n\t<meta property=\"og:image:height\" content=\"700\" \/>\n\t<meta property=\"og:image:type\" content=\"image\/png\" \/>\n<meta name=\"twitter:card\" content=\"summary_large_image\" \/>\n<script type=\"application\/ld+json\" class=\"yoast-schema-graph\">{\"@context\":\"https:\/\/schema.org\",\"@graph\":[{\"@type\":\"WebPage\",\"@id\":\"https:\/\/aerocool.io\/la\/wp-json\/wp\/v2\/product\/107887\/\",\"url\":\"https:\/\/aerocool.io\/la\/wp-json\/wp\/v2\/product\/107887\/\",\"name\":\"Rev RGB Pro - AeroCool\",\"isPartOf\":{\"@id\":\"https:\/\/aerocool.io\/#website\"},\"primaryImageOfPage\":{\"@id\":\"https:\/\/aerocool.io\/la\/product\/rev-rgb-pro\/#primaryimage\"},\"image\":{\"@id\":\"https:\/\/aerocool.io\/la\/product\/rev-rgb-pro\/#primaryimage\"},\"thumbnailUrl\":\"https:\/\/aerocool.io\/wp-content\/uploads\/2018\/05\/AeroCool-Rev-RGB-Pro-Product-Gallery.png\",\"datePublished\":\"2018-05-13T15:24:56+00:00\",\"dateModified\":\"2021-07-14T06:06:34+00:00\",\"breadcrumb\":{\"@id\":\"https:\/\/aerocool.io\/la\/product\/rev-rgb-pro\/#breadcrumb\"},\"inLanguage\":\"la-LA\",\"potentialAction\":[{\"@type\":\"ReadAction\",\"target\":[\"https:\/\/aerocool.io\/la\/product\/rev-rgb-pro\/\"]}]},{\"@type\":\"ImageObject\",\"inLanguage\":\"la-LA\",\"@id\":\"https:\/\/aerocool.io\/la\/product\/rev-rgb-pro\/#primaryimage\",\"url\":\"https:\/\/aerocool.io\/wp-content\/uploads\/2018\/05\/AeroCool-Rev-RGB-Pro-Product-Gallery.png\",\"contentUrl\":\"https:\/\/aerocool.io\/wp-content\/uploads\/2018\/05\/AeroCool-Rev-RGB-Pro-Product-Gallery.png\",\"width\":700,\"height\":700},{\"@type\":\"BreadcrumbList\",\"@id\":\"https:\/\/aerocool.io\/la\/product\/rev-rgb-pro\/#breadcrumb\",\"itemListElement\":[{\"@type\":\"ListItem\",\"position\":1,\"name\":\"Home\",\"item\":\"https:\/\/aerocool.io\/la\/\"},{\"@type\":\"ListItem\",\"position\":2,\"name\":\"Shop\",\"item\":\"https:\/\/aerocool.io\/shop\/\"},{\"@type\":\"ListItem\",\"position\":3,\"name\":\"Rev RGB Pro\"}]},{\"@type\":\"WebSite\",\"@id\":\"https:\/\/aerocool.io\/#website\",\"url\":\"https:\/\/aerocool.io\/\",\"name\":\"AeroCool\",\"description\":\"Be Cool. Get AeroCool.\",\"publisher\":{\"@id\":\"https:\/\/aerocool.io\/#organization\"},\"potentialAction\":[{\"@type\":\"SearchAction\",\"target\":{\"@type\":\"EntryPoint\",\"urlTemplate\":\"https:\/\/aerocool.io\/?s={search_term_string}\"},\"query-input\":{\"@type\":\"PropertyValueSpecification\",\"valueRequired\":true,\"valueName\":\"search_term_string\"}}],\"inLanguage\":\"la-LA\"},{\"@type\":\"Organization\",\"@id\":\"https:\/\/aerocool.io\/#organization\",\"name\":\"Aerocool\",\"url\":\"https:\/\/aerocool.io\/\",\"logo\":{\"@type\":\"ImageObject\",\"inLanguage\":\"la-LA\",\"@id\":\"https:\/\/aerocool.io\/#\/schema\/logo\/image\/\",\"url\":\"https:\/\/aerocool.io\/wp-content\/uploads\/2018\/03\/AeroCool-Web-White-Logo.png\",\"contentUrl\":\"https:\/\/aerocool.io\/wp-content\/uploads\/2018\/03\/AeroCool-Web-White-Logo.png\",\"width\":500,\"height\":291,\"caption\":\"Aerocool\"},\"image\":{\"@id\":\"https:\/\/aerocool.io\/#\/schema\/logo\/image\/\"}}]}<\/script>\n<!-- \/ Yoast SEO plugin. -->","yoast_head_json":{"title":"Rev RGB Pro - AeroCool","robots":{"index":"index","follow":"follow","max-snippet":"max-snippet:-1","max-image-preview":"max-image-preview:large","max-video-preview":"max-video-preview:-1"},"canonical":"https:\/\/aerocool.io\/la\/wp-json\/wp\/v2\/product\/107887\/","og_locale":"en_US","og_type":"article","og_title":"Rev RGB Pro - AeroCool","og_description":"3 VENTILADORES RGB PARA CPU | P7-H1 HUB Equipado con iluminaci\u00f3n LED RGB, este ventilador te da un look espectacular a la vez que garantiza un rendimiento \u00f3ptimo para tu PC con una capacidad de refrigeraci\u00f3n profesional. El dise\u00f1o de iluminaci\u00f3n Dual Ring es un sistema \u00fanico con el que mantener tu sistema refrigerado, ofreciendo m\u00faltiples prestaciones para garantizar el mejor funcionamiento para tu ordenador, como sus aspas extra\u00edbles de dise\u00f1o curvo que potencia la circulaci\u00f3n del aire y los soportes de amortiguaci\u00f3n que absorben las vibraciones provocadas por la rotaci\u00f3n del ventilador. Accede a 16.8 millones de colores con el software RGB y monitoriza las RPM del ventilador con el P7-H1.   \u2022 Incluye con 3 ventiladores Rev RGB de 12cm y 1 controlador RGB P7-H1 \u2022 Iluminaci\u00f3n LED RGB Dual Ring \u2022 Accede a 16.8 millones de colores con software RGB \u2022 Aspas curvas para maximizar la refrigeraci\u00f3n \u2022 Soportes de amortiguaci\u00f3n para absorber las vibraciones provocadas por la ventilaci\u00f3n \u2022 Aspas extra\u00edbles para un mantenimiento c\u00f3modo \u2022 30 LEDs que aseguran uniformidad en el color y el brillo  Las especificaciones pueden variar sin previo aviso. Los productos y los modelos pueden variar dependiendo de tu regi\u00f3n. Contacta con tu distribuidor para m\u00e1s informaci\u00f3n.","og_url":"https:\/\/aerocool.io\/la\/wp-json\/wp\/v2\/product\/107887\/","og_site_name":"AeroCool","article_modified_time":"2021-07-14T06:06:34+00:00","og_image":[{"width":700,"height":700,"url":"https:\/\/aerocool.io\/wp-content\/uploads\/2018\/05\/AeroCool-Rev-RGB-Pro-Product-Gallery.png","type":"image\/png"}],"twitter_card":"summary_large_image","schema":{"@context":"https:\/\/schema.org","@graph":[{"@type":"WebPage","@id":"https:\/\/aerocool.io\/la\/wp-json\/wp\/v2\/product\/107887\/","url":"https:\/\/aerocool.io\/la\/wp-json\/wp\/v2\/product\/107887\/","name":"Rev RGB Pro - AeroCool","isPartOf":{"@id":"https:\/\/aerocool.io\/#website"},"primaryImageOfPage":{"@id":"https:\/\/aerocool.io\/la\/product\/rev-rgb-pro\/#primaryimage"},"image":{"@id":"https:\/\/aerocool.io\/la\/product\/rev-rgb-pro\/#primaryimage"},"thumbnailUrl":"https:\/\/aerocool.io\/wp-content\/uploads\/2018\/05\/AeroCool-Rev-RGB-Pro-Product-Gallery.png","datePublished":"2018-05-13T15:24:56+00:00","dateModified":"2021-07-14T06:06:34+00:00","breadcrumb":{"@id":"https:\/\/aerocool.io\/la\/product\/rev-rgb-pro\/#breadcrumb"},"inLanguage":"la-LA","potentialAction":[{"@type":"ReadAction","target":["https:\/\/aerocool.io\/la\/product\/rev-rgb-pro\/"]}]},{"@type":"ImageObject","inLanguage":"la-LA","@id":"https:\/\/aerocool.io\/la\/product\/rev-rgb-pro\/#primaryimage","url":"https:\/\/aerocool.io\/wp-content\/uploads\/2018\/05\/AeroCool-Rev-RGB-Pro-Product-Gallery.png","contentUrl":"https:\/\/aerocool.io\/wp-content\/uploads\/2018\/05\/AeroCool-Rev-RGB-Pro-Product-Gallery.png","width":700,"height":700},{"@type":"BreadcrumbList","@id":"https:\/\/aerocool.io\/la\/product\/rev-rgb-pro\/#breadcrumb","itemListElement":[{"@type":"ListItem","position":1,"name":"Home","item":"https:\/\/aerocool.io\/la\/"},{"@type":"ListItem","position":2,"name":"Shop","item":"https:\/\/aerocool.io\/shop\/"},{"@type":"ListItem","position":3,"name":"Rev RGB Pro"}]},{"@type":"WebSite","@id":"https:\/\/aerocool.io\/#website","url":"https:\/\/aerocool.io\/","name":"AeroCool","description":"Be Cool. Get AeroCool.","publisher":{"@id":"https:\/\/aerocool.io\/#organization"},"potentialAction":[{"@type":"SearchAction","target":{"@type":"EntryPoint","urlTemplate":"https:\/\/aerocool.io\/?s={search_term_string}"},"query-input":{"@type":"PropertyValueSpecification","valueRequired":true,"valueName":"search_term_string"}}],"inLanguage":"la-LA"},{"@type":"Organization","@id":"https:\/\/aerocool.io\/#organization","name":"Aerocool","url":"https:\/\/aerocool.io\/","logo":{"@type":"ImageObject","inLanguage":"la-LA","@id":"https:\/\/aerocool.io\/#\/schema\/logo\/image\/","url":"https:\/\/aerocool.io\/wp-content\/uploads\/2018\/03\/AeroCool-Web-White-Logo.png","contentUrl":"https:\/\/aerocool.io\/wp-content\/uploads\/2018\/03\/AeroCool-Web-White-Logo.png","width":500,"height":291,"caption":"Aerocool"},"image":{"@id":"https:\/\/aerocool.io\/#\/schema\/logo\/image\/"}}]}},"_links":{"self":[{"href":"https:\/\/aerocool.io\/la\/wp-json\/wp\/v2\/product\/107887"}],"collection":[{"href":"https:\/\/aerocool.io\/la\/wp-json\/wp\/v2\/product"}],"about":[{"href":"https:\/\/aerocool.io\/la\/wp-json\/wp\/v2\/types\/product"}],"version-history":[{"count":0,"href":"https:\/\/aerocool.io\/la\/wp-json\/wp\/v2\/product\/107887\/revisions"}],"wp:featuredmedia":[{"embeddable":true,"href":"https:\/\/aerocool.io\/la\/wp-json\/wp\/v2\/media\/94253"}],"wp:attachment":[{"href":"https:\/\/aerocool.io\/la\/wp-json\/wp\/v2\/media?parent=107887"}],"wp:term":[{"taxonomy":"product_brand","embeddable":true,"href":"https:\/\/aerocool.io\/la\/wp-json\/wp\/v2\/product_brand?post=107887"},{"taxonomy":"product_cat","embeddable":true,"href":"https:\/\/aerocool.io\/la\/wp-json\/wp\/v2\/product_cat?post=107887"},{"taxonomy":"product_tag","embeddable":true,"href":"https:\/\/aerocool.io\/la\/wp-json\/wp\/v2\/product_tag?post=107887"}],"curies":[{"name":"wp","href":"https:\/\/api.w.org\/{rel}","templated":true}]}}