{"id":108366,"date":"2018-05-24T04:29:51","date_gmt":"2018-05-24T04:29:51","guid":{"rendered":"https:\/\/aerocool.io\/product\/verkho-4-lite\/"},"modified":"2023-03-28T16:34:15","modified_gmt":"2023-03-28T08:34:15","slug":"verkho-4-lite","status":"publish","type":"product","link":"https:\/\/aerocool.io\/la\/product\/verkho-4-lite\/","title":{"rendered":"Verkho 4 Lite"},"content":{"rendered":"","protected":false},"excerpt":{"rendered":"<h3>DISIPADOR DE CPU LED<\/h3>\n<p><span style=\"font-weight: 400;\">Disipador con ventilador PWM potencia por tecnolog\u00eda Heat Core Touch con 4 heatpipes ultra-eficientes. El Verkho 4 Lite viene con iluminaci\u00f3n LED azul. Aletas de alta eficiencia mejoradas con el m\u00e1ximo rendimiento t\u00e9rmico. <\/span><\/p>\n<p><span style=\"font-weight: 400; color: #000000;\">\u2022 Tecnolog\u00eda Heat Core Touch con 4 heatpipes ultra-eficiente<\/span><br \/>\n<span style=\"font-weight: 400; color: #000000;\">\u2022 El Verkho 4 Lite viene con iluminaci\u00f3n LED azul<\/span><br \/>\n<span style=\"font-weight: 400; color: #000000;\">\u2022 Aletas de alta eficiencia mejoradas<\/span><br \/>\n<span style=\"font-weight: 400; color: #000000;\">\u2022 TDP (Thermal Design Power) de hasta 125W<\/span><br \/>\n<span style=\"font-weight: 400; color: #000000;\">\u2022 Soporta configuraciones de ventiladores \u00fanicos de 90mm<\/span><br \/>\n<span style=\"font-weight: 400; color: #000000;\">\u2022 Compatible con la mayor\u00eda de placas base<\/span><\/p>\n<p><em>Las especificaciones pueden variar sin previo aviso.<br \/>\nLos productos y los modelos pueden variar dependiendo de tu regi\u00f3n.<br \/>\nContacta con tu distribuidor para m\u00e1s informaci\u00f3n.<\/em><\/p>\n","protected":false},"featured_media":96362,"template":"","meta":{"_acf_changed":false,"footnotes":""},"product_brand":[],"product_cat":[2332,1588,1572,1589,1575,1568,1580,1714],"product_tag":[],"class_list":{"0":"post-108366","1":"product","2":"type-product","3":"status-publish","4":"has-post-thumbnail","6":"product_cat-120-160-la","7":"product_cat-amd-la","8":"product_cat-air-cooler-la","9":"product_cat-intel-115x-la","10":"product_cat-led-cooling-la","11":"product_cat-cooling-la","12":"product_cat-yes-pwm-fan-control-la","13":"product_cat-verkho-la","15":"first","16":"instock","17":"shipping-taxable","18":"product-type-simple"},"acf":[],"yoast_head":"<!-- This site is optimized with the Yoast SEO plugin v25.6 - https:\/\/yoast.com\/wordpress\/plugins\/seo\/ -->\n<title>Verkho 4 Lite - AeroCool<\/title>\n<meta name=\"robots\" content=\"index, follow, max-snippet:-1, max-image-preview:large, max-video-preview:-1\" \/>\n<link rel=\"canonical\" href=\"https:\/\/aerocool.io\/la\/wp-json\/wp\/v2\/product\/108366\/\" \/>\n<meta property=\"og:locale\" content=\"en_US\" \/>\n<meta property=\"og:type\" content=\"article\" \/>\n<meta property=\"og:title\" content=\"Verkho 4 Lite - AeroCool\" \/>\n<meta property=\"og:description\" content=\"DISIPADOR DE CPU LED Disipador con ventilador PWM potencia por tecnolog\u00eda Heat Core Touch con 4 heatpipes ultra-eficientes. El Verkho 4 Lite viene con iluminaci\u00f3n LED azul. Aletas de alta eficiencia mejoradas con el m\u00e1ximo rendimiento t\u00e9rmico.   \u2022 Tecnolog\u00eda Heat Core Touch con 4 heatpipes ultra-eficiente \u2022 El Verkho 4 Lite viene con iluminaci\u00f3n LED azul \u2022 Aletas de alta eficiencia mejoradas \u2022 TDP (Thermal Design Power) de hasta 125W \u2022 Soporta configuraciones de ventiladores \u00fanicos de 90mm \u2022 Compatible con la mayor\u00eda de placas base  Las especificaciones pueden variar sin previo aviso. Los productos y los modelos pueden variar dependiendo de tu regi\u00f3n. Contacta con tu distribuidor para m\u00e1s informaci\u00f3n.\" \/>\n<meta property=\"og:url\" content=\"https:\/\/aerocool.io\/la\/wp-json\/wp\/v2\/product\/108366\/\" \/>\n<meta property=\"og:site_name\" content=\"AeroCool\" \/>\n<meta property=\"article:modified_time\" content=\"2023-03-28T08:34:15+00:00\" \/>\n<meta property=\"og:image\" content=\"https:\/\/aerocool.io\/wp-content\/uploads\/2018\/05\/AeroCool-Verkho-4-Lite-Infographic700x700px-1.jpg\" \/>\n\t<meta property=\"og:image:width\" content=\"700\" \/>\n\t<meta property=\"og:image:height\" content=\"700\" \/>\n\t<meta property=\"og:image:type\" content=\"image\/jpeg\" \/>\n<meta name=\"twitter:card\" content=\"summary_large_image\" \/>\n<script type=\"application\/ld+json\" class=\"yoast-schema-graph\">{\"@context\":\"https:\/\/schema.org\",\"@graph\":[{\"@type\":\"WebPage\",\"@id\":\"https:\/\/aerocool.io\/la\/wp-json\/wp\/v2\/product\/108366\/\",\"url\":\"https:\/\/aerocool.io\/la\/wp-json\/wp\/v2\/product\/108366\/\",\"name\":\"Verkho 4 Lite - AeroCool\",\"isPartOf\":{\"@id\":\"https:\/\/aerocool.io\/#website\"},\"primaryImageOfPage\":{\"@id\":\"https:\/\/aerocool.io\/la\/product\/verkho-4-lite\/#primaryimage\"},\"image\":{\"@id\":\"https:\/\/aerocool.io\/la\/product\/verkho-4-lite\/#primaryimage\"},\"thumbnailUrl\":\"https:\/\/aerocool.io\/wp-content\/uploads\/2018\/05\/AeroCool-Verkho-4-Lite-Infographic700x700px-1.jpg\",\"datePublished\":\"2018-05-24T04:29:51+00:00\",\"dateModified\":\"2023-03-28T08:34:15+00:00\",\"breadcrumb\":{\"@id\":\"https:\/\/aerocool.io\/la\/product\/verkho-4-lite\/#breadcrumb\"},\"inLanguage\":\"la-LA\",\"potentialAction\":[{\"@type\":\"ReadAction\",\"target\":[\"https:\/\/aerocool.io\/la\/product\/verkho-4-lite\/\"]}]},{\"@type\":\"ImageObject\",\"inLanguage\":\"la-LA\",\"@id\":\"https:\/\/aerocool.io\/la\/product\/verkho-4-lite\/#primaryimage\",\"url\":\"https:\/\/aerocool.io\/wp-content\/uploads\/2018\/05\/AeroCool-Verkho-4-Lite-Infographic700x700px-1.jpg\",\"contentUrl\":\"https:\/\/aerocool.io\/wp-content\/uploads\/2018\/05\/AeroCool-Verkho-4-Lite-Infographic700x700px-1.jpg\",\"width\":700,\"height\":700},{\"@type\":\"BreadcrumbList\",\"@id\":\"https:\/\/aerocool.io\/la\/product\/verkho-4-lite\/#breadcrumb\",\"itemListElement\":[{\"@type\":\"ListItem\",\"position\":1,\"name\":\"Home\",\"item\":\"https:\/\/aerocool.io\/la\/\"},{\"@type\":\"ListItem\",\"position\":2,\"name\":\"Shop\",\"item\":\"https:\/\/aerocool.io\/shop\/\"},{\"@type\":\"ListItem\",\"position\":3,\"name\":\"Verkho 4 Lite\"}]},{\"@type\":\"WebSite\",\"@id\":\"https:\/\/aerocool.io\/#website\",\"url\":\"https:\/\/aerocool.io\/\",\"name\":\"AeroCool\",\"description\":\"Be Cool. Get AeroCool.\",\"publisher\":{\"@id\":\"https:\/\/aerocool.io\/#organization\"},\"potentialAction\":[{\"@type\":\"SearchAction\",\"target\":{\"@type\":\"EntryPoint\",\"urlTemplate\":\"https:\/\/aerocool.io\/?s={search_term_string}\"},\"query-input\":{\"@type\":\"PropertyValueSpecification\",\"valueRequired\":true,\"valueName\":\"search_term_string\"}}],\"inLanguage\":\"la-LA\"},{\"@type\":\"Organization\",\"@id\":\"https:\/\/aerocool.io\/#organization\",\"name\":\"Aerocool\",\"url\":\"https:\/\/aerocool.io\/\",\"logo\":{\"@type\":\"ImageObject\",\"inLanguage\":\"la-LA\",\"@id\":\"https:\/\/aerocool.io\/#\/schema\/logo\/image\/\",\"url\":\"https:\/\/aerocool.io\/wp-content\/uploads\/2018\/03\/AeroCool-Web-White-Logo.png\",\"contentUrl\":\"https:\/\/aerocool.io\/wp-content\/uploads\/2018\/03\/AeroCool-Web-White-Logo.png\",\"width\":500,\"height\":291,\"caption\":\"Aerocool\"},\"image\":{\"@id\":\"https:\/\/aerocool.io\/#\/schema\/logo\/image\/\"}}]}<\/script>\n<!-- \/ Yoast SEO plugin. -->","yoast_head_json":{"title":"Verkho 4 Lite - AeroCool","robots":{"index":"index","follow":"follow","max-snippet":"max-snippet:-1","max-image-preview":"max-image-preview:large","max-video-preview":"max-video-preview:-1"},"canonical":"https:\/\/aerocool.io\/la\/wp-json\/wp\/v2\/product\/108366\/","og_locale":"en_US","og_type":"article","og_title":"Verkho 4 Lite - AeroCool","og_description":"DISIPADOR DE CPU LED Disipador con ventilador PWM potencia por tecnolog\u00eda Heat Core Touch con 4 heatpipes ultra-eficientes. El Verkho 4 Lite viene con iluminaci\u00f3n LED azul. Aletas de alta eficiencia mejoradas con el m\u00e1ximo rendimiento t\u00e9rmico.   \u2022 Tecnolog\u00eda Heat Core Touch con 4 heatpipes ultra-eficiente \u2022 El Verkho 4 Lite viene con iluminaci\u00f3n LED azul \u2022 Aletas de alta eficiencia mejoradas \u2022 TDP (Thermal Design Power) de hasta 125W \u2022 Soporta configuraciones de ventiladores \u00fanicos de 90mm \u2022 Compatible con la mayor\u00eda de placas base  Las especificaciones pueden variar sin previo aviso. Los productos y los modelos pueden variar dependiendo de tu regi\u00f3n. Contacta con tu distribuidor para m\u00e1s informaci\u00f3n.","og_url":"https:\/\/aerocool.io\/la\/wp-json\/wp\/v2\/product\/108366\/","og_site_name":"AeroCool","article_modified_time":"2023-03-28T08:34:15+00:00","og_image":[{"width":700,"height":700,"url":"https:\/\/aerocool.io\/wp-content\/uploads\/2018\/05\/AeroCool-Verkho-4-Lite-Infographic700x700px-1.jpg","type":"image\/jpeg"}],"twitter_card":"summary_large_image","schema":{"@context":"https:\/\/schema.org","@graph":[{"@type":"WebPage","@id":"https:\/\/aerocool.io\/la\/wp-json\/wp\/v2\/product\/108366\/","url":"https:\/\/aerocool.io\/la\/wp-json\/wp\/v2\/product\/108366\/","name":"Verkho 4 Lite - AeroCool","isPartOf":{"@id":"https:\/\/aerocool.io\/#website"},"primaryImageOfPage":{"@id":"https:\/\/aerocool.io\/la\/product\/verkho-4-lite\/#primaryimage"},"image":{"@id":"https:\/\/aerocool.io\/la\/product\/verkho-4-lite\/#primaryimage"},"thumbnailUrl":"https:\/\/aerocool.io\/wp-content\/uploads\/2018\/05\/AeroCool-Verkho-4-Lite-Infographic700x700px-1.jpg","datePublished":"2018-05-24T04:29:51+00:00","dateModified":"2023-03-28T08:34:15+00:00","breadcrumb":{"@id":"https:\/\/aerocool.io\/la\/product\/verkho-4-lite\/#breadcrumb"},"inLanguage":"la-LA","potentialAction":[{"@type":"ReadAction","target":["https:\/\/aerocool.io\/la\/product\/verkho-4-lite\/"]}]},{"@type":"ImageObject","inLanguage":"la-LA","@id":"https:\/\/aerocool.io\/la\/product\/verkho-4-lite\/#primaryimage","url":"https:\/\/aerocool.io\/wp-content\/uploads\/2018\/05\/AeroCool-Verkho-4-Lite-Infographic700x700px-1.jpg","contentUrl":"https:\/\/aerocool.io\/wp-content\/uploads\/2018\/05\/AeroCool-Verkho-4-Lite-Infographic700x700px-1.jpg","width":700,"height":700},{"@type":"BreadcrumbList","@id":"https:\/\/aerocool.io\/la\/product\/verkho-4-lite\/#breadcrumb","itemListElement":[{"@type":"ListItem","position":1,"name":"Home","item":"https:\/\/aerocool.io\/la\/"},{"@type":"ListItem","position":2,"name":"Shop","item":"https:\/\/aerocool.io\/shop\/"},{"@type":"ListItem","position":3,"name":"Verkho 4 Lite"}]},{"@type":"WebSite","@id":"https:\/\/aerocool.io\/#website","url":"https:\/\/aerocool.io\/","name":"AeroCool","description":"Be Cool. Get AeroCool.","publisher":{"@id":"https:\/\/aerocool.io\/#organization"},"potentialAction":[{"@type":"SearchAction","target":{"@type":"EntryPoint","urlTemplate":"https:\/\/aerocool.io\/?s={search_term_string}"},"query-input":{"@type":"PropertyValueSpecification","valueRequired":true,"valueName":"search_term_string"}}],"inLanguage":"la-LA"},{"@type":"Organization","@id":"https:\/\/aerocool.io\/#organization","name":"Aerocool","url":"https:\/\/aerocool.io\/","logo":{"@type":"ImageObject","inLanguage":"la-LA","@id":"https:\/\/aerocool.io\/#\/schema\/logo\/image\/","url":"https:\/\/aerocool.io\/wp-content\/uploads\/2018\/03\/AeroCool-Web-White-Logo.png","contentUrl":"https:\/\/aerocool.io\/wp-content\/uploads\/2018\/03\/AeroCool-Web-White-Logo.png","width":500,"height":291,"caption":"Aerocool"},"image":{"@id":"https:\/\/aerocool.io\/#\/schema\/logo\/image\/"}}]}},"_links":{"self":[{"href":"https:\/\/aerocool.io\/la\/wp-json\/wp\/v2\/product\/108366"}],"collection":[{"href":"https:\/\/aerocool.io\/la\/wp-json\/wp\/v2\/product"}],"about":[{"href":"https:\/\/aerocool.io\/la\/wp-json\/wp\/v2\/types\/product"}],"version-history":[{"count":0,"href":"https:\/\/aerocool.io\/la\/wp-json\/wp\/v2\/product\/108366\/revisions"}],"wp:featuredmedia":[{"embeddable":true,"href":"https:\/\/aerocool.io\/la\/wp-json\/wp\/v2\/media\/96362"}],"wp:attachment":[{"href":"https:\/\/aerocool.io\/la\/wp-json\/wp\/v2\/media?parent=108366"}],"wp:term":[{"taxonomy":"product_brand","embeddable":true,"href":"https:\/\/aerocool.io\/la\/wp-json\/wp\/v2\/product_brand?post=108366"},{"taxonomy":"product_cat","embeddable":true,"href":"https:\/\/aerocool.io\/la\/wp-json\/wp\/v2\/product_cat?post=108366"},{"taxonomy":"product_tag","embeddable":true,"href":"https:\/\/aerocool.io\/la\/wp-json\/wp\/v2\/product_tag?post=108366"}],"curies":[{"name":"wp","href":"https:\/\/api.w.org\/{rel}","templated":true}]}}