{"id":108370,"date":"2019-11-14T02:40:59","date_gmt":"2019-11-14T02:40:59","guid":{"rendered":"https:\/\/aerocool.io\/product\/aero-one-eclipse\/"},"modified":"2021-06-24T14:00:42","modified_gmt":"2021-06-24T06:00:42","slug":"aero-one-eclipse","status":"publish","type":"product","link":"https:\/\/aerocool.io\/la\/product\/aero-one-eclipse\/","title":{"rendered":"Aero One Eclipse"},"content":{"rendered":"","protected":false},"excerpt":{"rendered":"<h3>CAJA MEDIA TORRE ARGB<\/h3>\n<p>Incluye un panel lateral de vidrio templado para mostrar el interior del equipo. El dise\u00f1o del panel frontal en forma de malla proporciona una mejor circulaci\u00f3n del aire.<\/p>\n<p>Se proporciona equipada con tres ventiladores direccionables RGB de 12 cm en la parte frontal de la carcasa y un ventilador direccionable RGB de 12 cm en la parte trasera de la carcasa. Tome el control total de sus ventiladores RGB direccionables utilizando uno de los siguientes m\u00e9todos: Bot\u00f3n de control LED RGB o Placa base RGB direccionable. Incluye un concentrador de control RGB de 6 puertos.<\/p>\n<ul>\n<li>Incluye un concentrador de control RGB de 6 puertos<\/li>\n<li>El dise\u00f1o del panel frontal en forma de malla proporciona una mejor circulaci\u00f3n del aire<\/li>\n<li>Incluye un panel lateral de vidrio templado para mostrar el interior del equipo<\/li>\n<li>Soporta refrigeraci\u00f3n l\u00edquida en los paneles frontal, superior y trasero<\/li>\n<li>Dise\u00f1o de c\u00e1mara doble para una ventilaci\u00f3n mejorada<\/li>\n<li>Disponible en 2 opciones de colores<\/li>\n<\/ul>\n<p><em>Las especificaciones est\u00e1n sujetas a cambios sin previo aviso.<br \/>\nLos productos y modelos pueden variar seg\u00fan la regi\u00f3n.<br \/>\nP\u00f3ngase en contacto con su distribuidor local para obtener m\u00e1s informaci\u00f3n.<br \/>\n[us_btn label=\"Donde comprar\" link=\"url:https%3A%2F%2Faerocool.io%2Fwhere-to-buy%2F|title:Where%20to%20Buy|target:%20_blank|\" text=\"Download\"]<br \/>\n<\/em><\/p>\n","protected":false},"featured_media":106405,"template":"","meta":{"_acf_changed":false,"footnotes":""},"product_brand":[],"product_cat":[1549,1530,1551,1552,1524,1553,1555,1520,1558,1559,1547,1541,1565],"product_tag":[],"class_list":{"0":"post-108370","1":"product","2":"type-product","3":"status-publish","4":"has-post-thumbnail","6":"product_cat-120mm-la","7":"product_cat-2-3-5-drive-bays-la","8":"product_cat-240mm-la","9":"product_cat-280mm-la","10":"product_cat-3-2-5-drive-bays-la","11":"product_cat-360mm-la","12":"product_cat-atx-la","13":"product_cat-cases-la","14":"product_cat-micro-atx-la","15":"product_cat-mini-itx-la","16":"product_cat-cases-led-rgb-la","17":"product_cat-mid-tower-la","18":"product_cat-full-tempered-glass-la","20":"first","21":"instock","22":"shipping-taxable","23":"product-type-simple"},"acf":[],"yoast_head":"<!-- This site is optimized with the Yoast SEO plugin v25.6 - https:\/\/yoast.com\/wordpress\/plugins\/seo\/ -->\n<title>Aero One Eclipse - AeroCool<\/title>\n<meta name=\"robots\" content=\"index, follow, max-snippet:-1, max-image-preview:large, max-video-preview:-1\" \/>\n<link rel=\"canonical\" href=\"https:\/\/aerocool.io\/la\/wp-json\/wp\/v2\/product\/108370\/\" \/>\n<meta property=\"og:locale\" content=\"en_US\" \/>\n<meta property=\"og:type\" content=\"article\" \/>\n<meta property=\"og:title\" content=\"Aero One Eclipse - AeroCool\" \/>\n<meta property=\"og:description\" content=\"CAJA MEDIA TORRE ARGB Incluye un panel lateral de vidrio templado para mostrar el interior del equipo. El dise\u00f1o del panel frontal en forma de malla proporciona una mejor circulaci\u00f3n del aire.  Se proporciona equipada con tres ventiladores direccionables RGB de 12 cm en la parte frontal de la carcasa y un ventilador direccionable RGB de 12 cm en la parte trasera de la carcasa. Tome el control total de sus ventiladores RGB direccionables utilizando uno de los siguientes m\u00e9todos: Bot\u00f3n de control LED RGB o Placa base RGB direccionable. Incluye un concentrador de control RGB de 6 puertos.   Incluye un concentrador de control RGB de 6 puertos  El dise\u00f1o del panel frontal en forma de malla proporciona una mejor circulaci\u00f3n del aire  Incluye un panel lateral de vidrio templado para mostrar el interior del equipo  Soporta refrigeraci\u00f3n l\u00edquida en los paneles frontal, superior y trasero  Dise\u00f1o de c\u00e1mara doble para una ventilaci\u00f3n mejorada  Disponible en 2 opciones de colores  Las especificaciones est\u00e1n sujetas a cambios sin previo aviso. Los productos y modelos pueden variar seg\u00fan la regi\u00f3n. P\u00f3ngase en contacto con su distribuidor local para obtener m\u00e1s informaci\u00f3n.\" \/>\n<meta property=\"og:url\" content=\"https:\/\/aerocool.io\/la\/wp-json\/wp\/v2\/product\/108370\/\" \/>\n<meta property=\"og:site_name\" content=\"AeroCool\" \/>\n<meta property=\"article:modified_time\" content=\"2021-06-24T06:00:42+00:00\" \/>\n<meta property=\"og:image\" content=\"https:\/\/aerocool.io\/wp-content\/uploads\/2019\/11\/Aero-One-Eclipse-Infographic700x700px-1.jpg\" \/>\n\t<meta property=\"og:image:width\" content=\"700\" \/>\n\t<meta property=\"og:image:height\" content=\"700\" \/>\n\t<meta property=\"og:image:type\" content=\"image\/jpeg\" \/>\n<meta name=\"twitter:card\" content=\"summary_large_image\" \/>\n<script type=\"application\/ld+json\" class=\"yoast-schema-graph\">{\"@context\":\"https:\/\/schema.org\",\"@graph\":[{\"@type\":\"WebPage\",\"@id\":\"https:\/\/aerocool.io\/la\/wp-json\/wp\/v2\/product\/108370\/\",\"url\":\"https:\/\/aerocool.io\/la\/wp-json\/wp\/v2\/product\/108370\/\",\"name\":\"Aero One Eclipse - AeroCool\",\"isPartOf\":{\"@id\":\"https:\/\/aerocool.io\/#website\"},\"primaryImageOfPage\":{\"@id\":\"https:\/\/aerocool.io\/la\/product\/aero-one-eclipse\/#primaryimage\"},\"image\":{\"@id\":\"https:\/\/aerocool.io\/la\/product\/aero-one-eclipse\/#primaryimage\"},\"thumbnailUrl\":\"https:\/\/aerocool.io\/wp-content\/uploads\/2019\/11\/Aero-One-Eclipse-Infographic700x700px-1.jpg\",\"datePublished\":\"2019-11-14T02:40:59+00:00\",\"dateModified\":\"2021-06-24T06:00:42+00:00\",\"breadcrumb\":{\"@id\":\"https:\/\/aerocool.io\/la\/product\/aero-one-eclipse\/#breadcrumb\"},\"inLanguage\":\"la-LA\",\"potentialAction\":[{\"@type\":\"ReadAction\",\"target\":[\"https:\/\/aerocool.io\/la\/product\/aero-one-eclipse\/\"]}]},{\"@type\":\"ImageObject\",\"inLanguage\":\"la-LA\",\"@id\":\"https:\/\/aerocool.io\/la\/product\/aero-one-eclipse\/#primaryimage\",\"url\":\"https:\/\/aerocool.io\/wp-content\/uploads\/2019\/11\/Aero-One-Eclipse-Infographic700x700px-1.jpg\",\"contentUrl\":\"https:\/\/aerocool.io\/wp-content\/uploads\/2019\/11\/Aero-One-Eclipse-Infographic700x700px-1.jpg\",\"width\":700,\"height\":700},{\"@type\":\"BreadcrumbList\",\"@id\":\"https:\/\/aerocool.io\/la\/product\/aero-one-eclipse\/#breadcrumb\",\"itemListElement\":[{\"@type\":\"ListItem\",\"position\":1,\"name\":\"Home\",\"item\":\"https:\/\/aerocool.io\/la\/\"},{\"@type\":\"ListItem\",\"position\":2,\"name\":\"Shop\",\"item\":\"https:\/\/aerocool.io\/shop\/\"},{\"@type\":\"ListItem\",\"position\":3,\"name\":\"Aero One Eclipse\"}]},{\"@type\":\"WebSite\",\"@id\":\"https:\/\/aerocool.io\/#website\",\"url\":\"https:\/\/aerocool.io\/\",\"name\":\"AeroCool\",\"description\":\"Be Cool. Get AeroCool.\",\"publisher\":{\"@id\":\"https:\/\/aerocool.io\/#organization\"},\"potentialAction\":[{\"@type\":\"SearchAction\",\"target\":{\"@type\":\"EntryPoint\",\"urlTemplate\":\"https:\/\/aerocool.io\/?s={search_term_string}\"},\"query-input\":{\"@type\":\"PropertyValueSpecification\",\"valueRequired\":true,\"valueName\":\"search_term_string\"}}],\"inLanguage\":\"la-LA\"},{\"@type\":\"Organization\",\"@id\":\"https:\/\/aerocool.io\/#organization\",\"name\":\"Aerocool\",\"url\":\"https:\/\/aerocool.io\/\",\"logo\":{\"@type\":\"ImageObject\",\"inLanguage\":\"la-LA\",\"@id\":\"https:\/\/aerocool.io\/#\/schema\/logo\/image\/\",\"url\":\"https:\/\/aerocool.io\/wp-content\/uploads\/2018\/03\/AeroCool-Web-White-Logo.png\",\"contentUrl\":\"https:\/\/aerocool.io\/wp-content\/uploads\/2018\/03\/AeroCool-Web-White-Logo.png\",\"width\":500,\"height\":291,\"caption\":\"Aerocool\"},\"image\":{\"@id\":\"https:\/\/aerocool.io\/#\/schema\/logo\/image\/\"}}]}<\/script>\n<!-- \/ Yoast SEO plugin. -->","yoast_head_json":{"title":"Aero One Eclipse - AeroCool","robots":{"index":"index","follow":"follow","max-snippet":"max-snippet:-1","max-image-preview":"max-image-preview:large","max-video-preview":"max-video-preview:-1"},"canonical":"https:\/\/aerocool.io\/la\/wp-json\/wp\/v2\/product\/108370\/","og_locale":"en_US","og_type":"article","og_title":"Aero One Eclipse - AeroCool","og_description":"CAJA MEDIA TORRE ARGB Incluye un panel lateral de vidrio templado para mostrar el interior del equipo. El dise\u00f1o del panel frontal en forma de malla proporciona una mejor circulaci\u00f3n del aire.  Se proporciona equipada con tres ventiladores direccionables RGB de 12 cm en la parte frontal de la carcasa y un ventilador direccionable RGB de 12 cm en la parte trasera de la carcasa. Tome el control total de sus ventiladores RGB direccionables utilizando uno de los siguientes m\u00e9todos: Bot\u00f3n de control LED RGB o Placa base RGB direccionable. Incluye un concentrador de control RGB de 6 puertos.   Incluye un concentrador de control RGB de 6 puertos  El dise\u00f1o del panel frontal en forma de malla proporciona una mejor circulaci\u00f3n del aire  Incluye un panel lateral de vidrio templado para mostrar el interior del equipo  Soporta refrigeraci\u00f3n l\u00edquida en los paneles frontal, superior y trasero  Dise\u00f1o de c\u00e1mara doble para una ventilaci\u00f3n mejorada  Disponible en 2 opciones de colores  Las especificaciones est\u00e1n sujetas a cambios sin previo aviso. Los productos y modelos pueden variar seg\u00fan la regi\u00f3n. P\u00f3ngase en contacto con su distribuidor local para obtener m\u00e1s informaci\u00f3n.","og_url":"https:\/\/aerocool.io\/la\/wp-json\/wp\/v2\/product\/108370\/","og_site_name":"AeroCool","article_modified_time":"2021-06-24T06:00:42+00:00","og_image":[{"width":700,"height":700,"url":"https:\/\/aerocool.io\/wp-content\/uploads\/2019\/11\/Aero-One-Eclipse-Infographic700x700px-1.jpg","type":"image\/jpeg"}],"twitter_card":"summary_large_image","schema":{"@context":"https:\/\/schema.org","@graph":[{"@type":"WebPage","@id":"https:\/\/aerocool.io\/la\/wp-json\/wp\/v2\/product\/108370\/","url":"https:\/\/aerocool.io\/la\/wp-json\/wp\/v2\/product\/108370\/","name":"Aero One Eclipse - AeroCool","isPartOf":{"@id":"https:\/\/aerocool.io\/#website"},"primaryImageOfPage":{"@id":"https:\/\/aerocool.io\/la\/product\/aero-one-eclipse\/#primaryimage"},"image":{"@id":"https:\/\/aerocool.io\/la\/product\/aero-one-eclipse\/#primaryimage"},"thumbnailUrl":"https:\/\/aerocool.io\/wp-content\/uploads\/2019\/11\/Aero-One-Eclipse-Infographic700x700px-1.jpg","datePublished":"2019-11-14T02:40:59+00:00","dateModified":"2021-06-24T06:00:42+00:00","breadcrumb":{"@id":"https:\/\/aerocool.io\/la\/product\/aero-one-eclipse\/#breadcrumb"},"inLanguage":"la-LA","potentialAction":[{"@type":"ReadAction","target":["https:\/\/aerocool.io\/la\/product\/aero-one-eclipse\/"]}]},{"@type":"ImageObject","inLanguage":"la-LA","@id":"https:\/\/aerocool.io\/la\/product\/aero-one-eclipse\/#primaryimage","url":"https:\/\/aerocool.io\/wp-content\/uploads\/2019\/11\/Aero-One-Eclipse-Infographic700x700px-1.jpg","contentUrl":"https:\/\/aerocool.io\/wp-content\/uploads\/2019\/11\/Aero-One-Eclipse-Infographic700x700px-1.jpg","width":700,"height":700},{"@type":"BreadcrumbList","@id":"https:\/\/aerocool.io\/la\/product\/aero-one-eclipse\/#breadcrumb","itemListElement":[{"@type":"ListItem","position":1,"name":"Home","item":"https:\/\/aerocool.io\/la\/"},{"@type":"ListItem","position":2,"name":"Shop","item":"https:\/\/aerocool.io\/shop\/"},{"@type":"ListItem","position":3,"name":"Aero One Eclipse"}]},{"@type":"WebSite","@id":"https:\/\/aerocool.io\/#website","url":"https:\/\/aerocool.io\/","name":"AeroCool","description":"Be Cool. Get AeroCool.","publisher":{"@id":"https:\/\/aerocool.io\/#organization"},"potentialAction":[{"@type":"SearchAction","target":{"@type":"EntryPoint","urlTemplate":"https:\/\/aerocool.io\/?s={search_term_string}"},"query-input":{"@type":"PropertyValueSpecification","valueRequired":true,"valueName":"search_term_string"}}],"inLanguage":"la-LA"},{"@type":"Organization","@id":"https:\/\/aerocool.io\/#organization","name":"Aerocool","url":"https:\/\/aerocool.io\/","logo":{"@type":"ImageObject","inLanguage":"la-LA","@id":"https:\/\/aerocool.io\/#\/schema\/logo\/image\/","url":"https:\/\/aerocool.io\/wp-content\/uploads\/2018\/03\/AeroCool-Web-White-Logo.png","contentUrl":"https:\/\/aerocool.io\/wp-content\/uploads\/2018\/03\/AeroCool-Web-White-Logo.png","width":500,"height":291,"caption":"Aerocool"},"image":{"@id":"https:\/\/aerocool.io\/#\/schema\/logo\/image\/"}}]}},"_links":{"self":[{"href":"https:\/\/aerocool.io\/la\/wp-json\/wp\/v2\/product\/108370"}],"collection":[{"href":"https:\/\/aerocool.io\/la\/wp-json\/wp\/v2\/product"}],"about":[{"href":"https:\/\/aerocool.io\/la\/wp-json\/wp\/v2\/types\/product"}],"version-history":[{"count":0,"href":"https:\/\/aerocool.io\/la\/wp-json\/wp\/v2\/product\/108370\/revisions"}],"wp:featuredmedia":[{"embeddable":true,"href":"https:\/\/aerocool.io\/la\/wp-json\/wp\/v2\/media\/106405"}],"wp:attachment":[{"href":"https:\/\/aerocool.io\/la\/wp-json\/wp\/v2\/media?parent=108370"}],"wp:term":[{"taxonomy":"product_brand","embeddable":true,"href":"https:\/\/aerocool.io\/la\/wp-json\/wp\/v2\/product_brand?post=108370"},{"taxonomy":"product_cat","embeddable":true,"href":"https:\/\/aerocool.io\/la\/wp-json\/wp\/v2\/product_cat?post=108370"},{"taxonomy":"product_tag","embeddable":true,"href":"https:\/\/aerocool.io\/la\/wp-json\/wp\/v2\/product_tag?post=108370"}],"curies":[{"name":"wp","href":"https:\/\/api.w.org\/{rel}","templated":true}]}}