{"id":108395,"date":"2019-04-08T06:24:00","date_gmt":"2019-04-08T06:24:00","guid":{"rendered":"https:\/\/aerocool.io\/product\/aeroengine-rgb-tempered-glass\/"},"modified":"2021-06-28T13:28:50","modified_gmt":"2021-06-28T05:28:50","slug":"aeroengine-rgb-tempered-glass","status":"publish","type":"product","link":"https:\/\/aerocool.io\/la\/product\/aeroengine-rgb-tempered-glass\/","title":{"rendered":"AeroEngine RGB Tempered Glass"},"content":{"rendered":"","protected":false},"excerpt":{"rendered":"<h3>CAJA MEDIA TORRE ARGB<\/h3>\n<p>Con un atrevido dise\u00f1o inspirado en una turbina en el panel frontal, esta carcasa a\u00f1ade un elemento de potencia a su equipo de juego a la vez que ofrece un rendimiento de m\u00e1xima calidad. El ventilador LED RGB integrado en el panel frontal de la carcasa le da un toque de modernidad a su equipo.<\/p>\n<p>Incorpora un lado de ventana de acr\u00edlico para mostrar el interior de su plataforma para que todos lo vean. El soporte del ventilador VGA proporciona refrigeraci\u00f3n adicional para su tarjeta gr\u00e1fica. Proporcione vida a su caja con 14 modos de iluminaci\u00f3n predeterminados que pueden controlarse f\u00e1cilmente mediante el bot\u00f3n de control LED.<\/p>\n<ul>\n<li>Equipada con un ventilador LED RGB incorporado en el panel frontal<\/li>\n<li>Viene equipada con 14 modos \u00fanicos predeterminados de iluminaci\u00f3n<\/li>\n<li>Incluye un panel lateral de vidrio templado para mostrar el interior del equipo<\/li>\n<li>Las rejillas de ventilaci\u00f3n en el panel frontal aumentan el flujo de aire<\/li>\n<li>Dise\u00f1o de c\u00e1mara doble para una ventilaci\u00f3n mejorada<\/li>\n<li>Soporta cooler de CPU de hasta 155 mm de altura<\/li>\n<li>Soporta tarjetas gr\u00e1ficas adicionales de calidad superior de hasta 371 mm<\/li>\n<\/ul>\n<p><em>Las especificaciones est\u00e1n sujetas a cambios sin previo aviso.<br \/>\nLos productos y modelos pueden variar seg\u00fan la regi\u00f3n.<br \/>\nP\u00f3ngase en contacto con su distribuidor local para obtener m\u00e1s informaci\u00f3n.<br \/>\n[us_btn label=\"Donde comprar\" link=\"url:https%3A%2F%2Faerocool.io%2Fwhere-to-buy%2F|title:Where%20to%20Buy|target:%20_blank|\" text=\"Download\"]<br \/>\n<\/em><\/p>\n","protected":false},"featured_media":102565,"template":"","meta":{"_acf_changed":false,"footnotes":""},"product_brand":[],"product_cat":[1549,1530,1526,1555,1520,1558,1559,1716,1547,1541,1565],"product_tag":[],"class_list":{"0":"post-108395","1":"product","2":"type-product","3":"status-publish","4":"has-post-thumbnail","6":"product_cat-120mm-la","7":"product_cat-2-3-5-drive-bays-la","8":"product_cat-5-2-5-drive-bays-la","9":"product_cat-atx-la","10":"product_cat-cases-la","11":"product_cat-micro-atx-la","12":"product_cat-mini-itx-la","13":"product_cat-pgs-v-la","14":"product_cat-cases-led-rgb-la","15":"product_cat-mid-tower-la","16":"product_cat-full-tempered-glass-la","18":"first","19":"instock","20":"shipping-taxable","21":"product-type-simple"},"acf":[],"yoast_head":"<!-- This site is optimized with the Yoast SEO plugin v25.6 - https:\/\/yoast.com\/wordpress\/plugins\/seo\/ -->\n<title>AeroEngine RGB Tempered Glass - AeroCool<\/title>\n<meta name=\"robots\" content=\"index, follow, max-snippet:-1, max-image-preview:large, max-video-preview:-1\" \/>\n<link rel=\"canonical\" href=\"https:\/\/aerocool.io\/la\/wp-json\/wp\/v2\/product\/108395\/\" \/>\n<meta property=\"og:locale\" content=\"en_US\" \/>\n<meta property=\"og:type\" content=\"article\" \/>\n<meta property=\"og:title\" content=\"AeroEngine RGB Tempered Glass - AeroCool\" \/>\n<meta property=\"og:description\" content=\"CAJA MEDIA TORRE ARGB Con un atrevido dise\u00f1o inspirado en una turbina en el panel frontal, esta carcasa a\u00f1ade un elemento de potencia a su equipo de juego a la vez que ofrece un rendimiento de m\u00e1xima calidad. El ventilador LED RGB integrado en el panel frontal de la carcasa le da un toque de modernidad a su equipo.  Incorpora un lado de ventana de acr\u00edlico para mostrar el interior de su plataforma para que todos lo vean. El soporte del ventilador VGA proporciona refrigeraci\u00f3n adicional para su tarjeta gr\u00e1fica. Proporcione vida a su caja con 14 modos de iluminaci\u00f3n predeterminados que pueden controlarse f\u00e1cilmente mediante el bot\u00f3n de control LED.   Equipada con un ventilador LED RGB incorporado en el panel frontal  Viene equipada con 14 modos \u00fanicos predeterminados de iluminaci\u00f3n  Incluye un panel lateral de vidrio templado para mostrar el interior del equipo  Las rejillas de ventilaci\u00f3n en el panel frontal aumentan el flujo de aire  Dise\u00f1o de c\u00e1mara doble para una ventilaci\u00f3n mejorada  Soporta cooler de CPU de hasta 155 mm de altura  Soporta tarjetas gr\u00e1ficas adicionales de calidad superior de hasta 371 mm  Las especificaciones est\u00e1n sujetas a cambios sin previo aviso. Los productos y modelos pueden variar seg\u00fan la regi\u00f3n. P\u00f3ngase en contacto con su distribuidor local para obtener m\u00e1s informaci\u00f3n.\" \/>\n<meta property=\"og:url\" content=\"https:\/\/aerocool.io\/la\/wp-json\/wp\/v2\/product\/108395\/\" \/>\n<meta property=\"og:site_name\" content=\"AeroCool\" \/>\n<meta property=\"article:modified_time\" content=\"2021-06-28T05:28:50+00:00\" \/>\n<meta property=\"og:image\" content=\"https:\/\/aerocool.io\/wp-content\/uploads\/2019\/04\/Aero-Engine-RGB-Infographic700x700-01.jpg\" \/>\n\t<meta property=\"og:image:width\" content=\"700\" \/>\n\t<meta property=\"og:image:height\" content=\"700\" \/>\n\t<meta property=\"og:image:type\" content=\"image\/jpeg\" \/>\n<meta name=\"twitter:card\" content=\"summary_large_image\" \/>\n<script type=\"application\/ld+json\" class=\"yoast-schema-graph\">{\"@context\":\"https:\/\/schema.org\",\"@graph\":[{\"@type\":\"WebPage\",\"@id\":\"https:\/\/aerocool.io\/la\/wp-json\/wp\/v2\/product\/108395\/\",\"url\":\"https:\/\/aerocool.io\/la\/wp-json\/wp\/v2\/product\/108395\/\",\"name\":\"AeroEngine RGB Tempered Glass - AeroCool\",\"isPartOf\":{\"@id\":\"https:\/\/aerocool.io\/#website\"},\"primaryImageOfPage\":{\"@id\":\"https:\/\/aerocool.io\/la\/product\/aeroengine-rgb-tempered-glass\/#primaryimage\"},\"image\":{\"@id\":\"https:\/\/aerocool.io\/la\/product\/aeroengine-rgb-tempered-glass\/#primaryimage\"},\"thumbnailUrl\":\"https:\/\/aerocool.io\/wp-content\/uploads\/2019\/04\/Aero-Engine-RGB-Infographic700x700-01.jpg\",\"datePublished\":\"2019-04-08T06:24:00+00:00\",\"dateModified\":\"2021-06-28T05:28:50+00:00\",\"breadcrumb\":{\"@id\":\"https:\/\/aerocool.io\/la\/product\/aeroengine-rgb-tempered-glass\/#breadcrumb\"},\"inLanguage\":\"la-LA\",\"potentialAction\":[{\"@type\":\"ReadAction\",\"target\":[\"https:\/\/aerocool.io\/la\/product\/aeroengine-rgb-tempered-glass\/\"]}]},{\"@type\":\"ImageObject\",\"inLanguage\":\"la-LA\",\"@id\":\"https:\/\/aerocool.io\/la\/product\/aeroengine-rgb-tempered-glass\/#primaryimage\",\"url\":\"https:\/\/aerocool.io\/wp-content\/uploads\/2019\/04\/Aero-Engine-RGB-Infographic700x700-01.jpg\",\"contentUrl\":\"https:\/\/aerocool.io\/wp-content\/uploads\/2019\/04\/Aero-Engine-RGB-Infographic700x700-01.jpg\",\"width\":700,\"height\":700},{\"@type\":\"BreadcrumbList\",\"@id\":\"https:\/\/aerocool.io\/la\/product\/aeroengine-rgb-tempered-glass\/#breadcrumb\",\"itemListElement\":[{\"@type\":\"ListItem\",\"position\":1,\"name\":\"Home\",\"item\":\"https:\/\/aerocool.io\/la\/\"},{\"@type\":\"ListItem\",\"position\":2,\"name\":\"Shop\",\"item\":\"https:\/\/aerocool.io\/shop\/\"},{\"@type\":\"ListItem\",\"position\":3,\"name\":\"AeroEngine RGB Tempered Glass\"}]},{\"@type\":\"WebSite\",\"@id\":\"https:\/\/aerocool.io\/#website\",\"url\":\"https:\/\/aerocool.io\/\",\"name\":\"AeroCool\",\"description\":\"Be Cool. Get AeroCool.\",\"publisher\":{\"@id\":\"https:\/\/aerocool.io\/#organization\"},\"potentialAction\":[{\"@type\":\"SearchAction\",\"target\":{\"@type\":\"EntryPoint\",\"urlTemplate\":\"https:\/\/aerocool.io\/?s={search_term_string}\"},\"query-input\":{\"@type\":\"PropertyValueSpecification\",\"valueRequired\":true,\"valueName\":\"search_term_string\"}}],\"inLanguage\":\"la-LA\"},{\"@type\":\"Organization\",\"@id\":\"https:\/\/aerocool.io\/#organization\",\"name\":\"Aerocool\",\"url\":\"https:\/\/aerocool.io\/\",\"logo\":{\"@type\":\"ImageObject\",\"inLanguage\":\"la-LA\",\"@id\":\"https:\/\/aerocool.io\/#\/schema\/logo\/image\/\",\"url\":\"https:\/\/aerocool.io\/wp-content\/uploads\/2018\/03\/AeroCool-Web-White-Logo.png\",\"contentUrl\":\"https:\/\/aerocool.io\/wp-content\/uploads\/2018\/03\/AeroCool-Web-White-Logo.png\",\"width\":500,\"height\":291,\"caption\":\"Aerocool\"},\"image\":{\"@id\":\"https:\/\/aerocool.io\/#\/schema\/logo\/image\/\"}}]}<\/script>\n<!-- \/ Yoast SEO plugin. -->","yoast_head_json":{"title":"AeroEngine RGB Tempered Glass - AeroCool","robots":{"index":"index","follow":"follow","max-snippet":"max-snippet:-1","max-image-preview":"max-image-preview:large","max-video-preview":"max-video-preview:-1"},"canonical":"https:\/\/aerocool.io\/la\/wp-json\/wp\/v2\/product\/108395\/","og_locale":"en_US","og_type":"article","og_title":"AeroEngine RGB Tempered Glass - AeroCool","og_description":"CAJA MEDIA TORRE ARGB Con un atrevido dise\u00f1o inspirado en una turbina en el panel frontal, esta carcasa a\u00f1ade un elemento de potencia a su equipo de juego a la vez que ofrece un rendimiento de m\u00e1xima calidad. El ventilador LED RGB integrado en el panel frontal de la carcasa le da un toque de modernidad a su equipo.  Incorpora un lado de ventana de acr\u00edlico para mostrar el interior de su plataforma para que todos lo vean. El soporte del ventilador VGA proporciona refrigeraci\u00f3n adicional para su tarjeta gr\u00e1fica. Proporcione vida a su caja con 14 modos de iluminaci\u00f3n predeterminados que pueden controlarse f\u00e1cilmente mediante el bot\u00f3n de control LED.   Equipada con un ventilador LED RGB incorporado en el panel frontal  Viene equipada con 14 modos \u00fanicos predeterminados de iluminaci\u00f3n  Incluye un panel lateral de vidrio templado para mostrar el interior del equipo  Las rejillas de ventilaci\u00f3n en el panel frontal aumentan el flujo de aire  Dise\u00f1o de c\u00e1mara doble para una ventilaci\u00f3n mejorada  Soporta cooler de CPU de hasta 155 mm de altura  Soporta tarjetas gr\u00e1ficas adicionales de calidad superior de hasta 371 mm  Las especificaciones est\u00e1n sujetas a cambios sin previo aviso. Los productos y modelos pueden variar seg\u00fan la regi\u00f3n. P\u00f3ngase en contacto con su distribuidor local para obtener m\u00e1s informaci\u00f3n.","og_url":"https:\/\/aerocool.io\/la\/wp-json\/wp\/v2\/product\/108395\/","og_site_name":"AeroCool","article_modified_time":"2021-06-28T05:28:50+00:00","og_image":[{"width":700,"height":700,"url":"https:\/\/aerocool.io\/wp-content\/uploads\/2019\/04\/Aero-Engine-RGB-Infographic700x700-01.jpg","type":"image\/jpeg"}],"twitter_card":"summary_large_image","schema":{"@context":"https:\/\/schema.org","@graph":[{"@type":"WebPage","@id":"https:\/\/aerocool.io\/la\/wp-json\/wp\/v2\/product\/108395\/","url":"https:\/\/aerocool.io\/la\/wp-json\/wp\/v2\/product\/108395\/","name":"AeroEngine RGB Tempered Glass - AeroCool","isPartOf":{"@id":"https:\/\/aerocool.io\/#website"},"primaryImageOfPage":{"@id":"https:\/\/aerocool.io\/la\/product\/aeroengine-rgb-tempered-glass\/#primaryimage"},"image":{"@id":"https:\/\/aerocool.io\/la\/product\/aeroengine-rgb-tempered-glass\/#primaryimage"},"thumbnailUrl":"https:\/\/aerocool.io\/wp-content\/uploads\/2019\/04\/Aero-Engine-RGB-Infographic700x700-01.jpg","datePublished":"2019-04-08T06:24:00+00:00","dateModified":"2021-06-28T05:28:50+00:00","breadcrumb":{"@id":"https:\/\/aerocool.io\/la\/product\/aeroengine-rgb-tempered-glass\/#breadcrumb"},"inLanguage":"la-LA","potentialAction":[{"@type":"ReadAction","target":["https:\/\/aerocool.io\/la\/product\/aeroengine-rgb-tempered-glass\/"]}]},{"@type":"ImageObject","inLanguage":"la-LA","@id":"https:\/\/aerocool.io\/la\/product\/aeroengine-rgb-tempered-glass\/#primaryimage","url":"https:\/\/aerocool.io\/wp-content\/uploads\/2019\/04\/Aero-Engine-RGB-Infographic700x700-01.jpg","contentUrl":"https:\/\/aerocool.io\/wp-content\/uploads\/2019\/04\/Aero-Engine-RGB-Infographic700x700-01.jpg","width":700,"height":700},{"@type":"BreadcrumbList","@id":"https:\/\/aerocool.io\/la\/product\/aeroengine-rgb-tempered-glass\/#breadcrumb","itemListElement":[{"@type":"ListItem","position":1,"name":"Home","item":"https:\/\/aerocool.io\/la\/"},{"@type":"ListItem","position":2,"name":"Shop","item":"https:\/\/aerocool.io\/shop\/"},{"@type":"ListItem","position":3,"name":"AeroEngine RGB Tempered Glass"}]},{"@type":"WebSite","@id":"https:\/\/aerocool.io\/#website","url":"https:\/\/aerocool.io\/","name":"AeroCool","description":"Be Cool. Get AeroCool.","publisher":{"@id":"https:\/\/aerocool.io\/#organization"},"potentialAction":[{"@type":"SearchAction","target":{"@type":"EntryPoint","urlTemplate":"https:\/\/aerocool.io\/?s={search_term_string}"},"query-input":{"@type":"PropertyValueSpecification","valueRequired":true,"valueName":"search_term_string"}}],"inLanguage":"la-LA"},{"@type":"Organization","@id":"https:\/\/aerocool.io\/#organization","name":"Aerocool","url":"https:\/\/aerocool.io\/","logo":{"@type":"ImageObject","inLanguage":"la-LA","@id":"https:\/\/aerocool.io\/#\/schema\/logo\/image\/","url":"https:\/\/aerocool.io\/wp-content\/uploads\/2018\/03\/AeroCool-Web-White-Logo.png","contentUrl":"https:\/\/aerocool.io\/wp-content\/uploads\/2018\/03\/AeroCool-Web-White-Logo.png","width":500,"height":291,"caption":"Aerocool"},"image":{"@id":"https:\/\/aerocool.io\/#\/schema\/logo\/image\/"}}]}},"_links":{"self":[{"href":"https:\/\/aerocool.io\/la\/wp-json\/wp\/v2\/product\/108395"}],"collection":[{"href":"https:\/\/aerocool.io\/la\/wp-json\/wp\/v2\/product"}],"about":[{"href":"https:\/\/aerocool.io\/la\/wp-json\/wp\/v2\/types\/product"}],"version-history":[{"count":0,"href":"https:\/\/aerocool.io\/la\/wp-json\/wp\/v2\/product\/108395\/revisions"}],"wp:featuredmedia":[{"embeddable":true,"href":"https:\/\/aerocool.io\/la\/wp-json\/wp\/v2\/media\/102565"}],"wp:attachment":[{"href":"https:\/\/aerocool.io\/la\/wp-json\/wp\/v2\/media?parent=108395"}],"wp:term":[{"taxonomy":"product_brand","embeddable":true,"href":"https:\/\/aerocool.io\/la\/wp-json\/wp\/v2\/product_brand?post=108395"},{"taxonomy":"product_cat","embeddable":true,"href":"https:\/\/aerocool.io\/la\/wp-json\/wp\/v2\/product_cat?post=108395"},{"taxonomy":"product_tag","embeddable":true,"href":"https:\/\/aerocool.io\/la\/wp-json\/wp\/v2\/product_tag?post=108395"}],"curies":[{"name":"wp","href":"https:\/\/api.w.org\/{rel}","templated":true}]}}