{"id":108422,"date":"2019-11-08T04:01:11","date_gmt":"2019-11-08T04:01:11","guid":{"rendered":"https:\/\/aerocool.io\/product\/airhawk-duo\/"},"modified":"2021-04-28T11:19:25","modified_gmt":"2021-04-28T03:19:25","slug":"airhawk-duo","status":"publish","type":"product","link":"https:\/\/aerocool.io\/la\/product\/airhawk-duo\/","title":{"rendered":"AirHawk Duo"},"content":{"rendered":"","protected":false},"excerpt":{"rendered":"<h3>CAJA MEDIA TORRE ARGB<\/h3>\n<p><span style=\"font-weight: 400;\">Incluye un panel lateral de vidrio templado para mostrar el interior del equipo. El dise\u00f1o del panel frontal en forma de malla proporciona una mejor circulaci\u00f3n del aire. Compatible con placas base E-ATX, esta carcasa se ha dise\u00f1ado para conseguir el m\u00e1ximo rendimiento.<\/span><\/p>\n<p><span style=\"font-weight: 400;\">Se proporciona equipada con 2 ventiladores direccionables RGB de 20 cm en la parte frontal de la carcasa y un ventilador direccionable RGB de 12 cm en la parte trasera de la carcasa. Tome el control total de sus ventiladores RGB direccionables utilizando uno de los siguientes m\u00e9todos: Bot\u00f3n de control LED RGB o Placa base RGB direccionable. Incluye un concentrador de control RGB de 6 puertos.<\/span><\/p>\n<ul>\n<li>Incluye un concentrador de control RGB de 6 puertos<\/li>\n<li>El dise\u00f1o del panel frontal en forma de malla proporciona una mejor circulaci\u00f3n del aire<\/li>\n<li>Incluye un panel lateral de vidrio templado para mostrar el interior del equipo<\/li>\n<li>Compatible con placas base E-ATX<\/li>\n<li>Soporta refrigeraci\u00f3n l\u00edquida en los paneles frontal, superior y trasero<\/li>\n<li>Dise\u00f1o de c\u00e1mara doble para una ventilaci\u00f3n mejorada<\/li>\n<\/ul>\n<p><em>Las especificaciones est\u00e1n sujetas a cambios sin previo aviso.<br \/>\nLos productos y modelos pueden variar seg\u00fan la regi\u00f3n.<br \/>\nP\u00f3ngase en contacto con su distribuidor local para obtener m\u00e1s informaci\u00f3n.<br \/>\n[us_btn label=\"Donde comprar\" link=\"url:https%3A%2F%2Faerocool.io%2Fwhere-to-buy%2F|title:Where%20to%20Buy|target:%20_blank|\" text=\"Download\"]<\/em><\/p>\n","protected":false},"featured_media":156682,"template":"","meta":{"_acf_changed":false,"footnotes":""},"product_brand":[],"product_cat":[1549,1530,1551,1552,1553,1525,1555,1520,1556,1558,1559,1547,1541,1565],"product_tag":[],"class_list":{"0":"post-108422","1":"product","2":"type-product","3":"status-publish","4":"has-post-thumbnail","6":"product_cat-120mm-la","7":"product_cat-2-3-5-drive-bays-la","8":"product_cat-240mm-la","9":"product_cat-280mm-la","10":"product_cat-360mm-la","11":"product_cat-4-2-5-drive-bays-la","12":"product_cat-atx-la","13":"product_cat-cases-la","14":"product_cat-e-atx-la","15":"product_cat-micro-atx-la","16":"product_cat-mini-itx-la","17":"product_cat-cases-led-rgb-la","18":"product_cat-mid-tower-la","19":"product_cat-full-tempered-glass-la","21":"first","22":"instock","23":"shipping-taxable","24":"product-type-simple"},"acf":[],"yoast_head":"<!-- This site is optimized with the Yoast SEO plugin v25.6 - https:\/\/yoast.com\/wordpress\/plugins\/seo\/ -->\n<title>AirHawk Duo - AeroCool<\/title>\n<meta name=\"description\" content=\"High-performance mid tower case with full tempered glass side panel to showcase the inside of your rig. Mesh front panel design allows for clear viewing of your front LED fans while providing superior air flow and circulation. With support for E-ATX motherboards, this case is built for maximum performance.Comes equipped with two 20cm Addressable RGB fans in the front and one 12cm Addressable RGB fan in the rear of the case. Addressable RGB fans can be controlled using one of two ways: RGB LED control button or Addressable RGB motherboard. Comes equipped with 6-Port RGB Control Hub.\" \/>\n<meta name=\"robots\" content=\"index, follow, max-snippet:-1, max-image-preview:large, max-video-preview:-1\" \/>\n<link rel=\"canonical\" href=\"https:\/\/aerocool.io\/la\/wp-json\/wp\/v2\/product\/108422\/\" \/>\n<meta property=\"og:locale\" content=\"en_US\" \/>\n<meta property=\"og:type\" content=\"article\" \/>\n<meta property=\"og:title\" content=\"AirHawk Duo - AeroCool\" \/>\n<meta property=\"og:description\" content=\"High-performance mid tower case with full tempered glass side panel to showcase the inside of your rig. Mesh front panel design allows for clear viewing of your front LED fans while providing superior air flow and circulation. With support for E-ATX motherboards, this case is built for maximum performance.Comes equipped with two 20cm Addressable RGB fans in the front and one 12cm Addressable RGB fan in the rear of the case. Addressable RGB fans can be controlled using one of two ways: RGB LED control button or Addressable RGB motherboard. Comes equipped with 6-Port RGB Control Hub.\" \/>\n<meta property=\"og:url\" content=\"https:\/\/aerocool.io\/la\/wp-json\/wp\/v2\/product\/108422\/\" \/>\n<meta property=\"og:site_name\" content=\"AeroCool\" \/>\n<meta property=\"article:modified_time\" content=\"2021-04-28T03:19:25+00:00\" \/>\n<meta property=\"og:image\" content=\"https:\/\/aerocool.io\/wp-content\/uploads\/2019\/11\/AirHawk-Duo-Infographic700x700px-001.png\" \/>\n\t<meta property=\"og:image:width\" content=\"700\" \/>\n\t<meta property=\"og:image:height\" content=\"700\" \/>\n\t<meta property=\"og:image:type\" content=\"image\/png\" \/>\n<meta name=\"twitter:card\" content=\"summary_large_image\" \/>\n<script type=\"application\/ld+json\" class=\"yoast-schema-graph\">{\"@context\":\"https:\/\/schema.org\",\"@graph\":[{\"@type\":\"WebPage\",\"@id\":\"https:\/\/aerocool.io\/la\/wp-json\/wp\/v2\/product\/108422\/\",\"url\":\"https:\/\/aerocool.io\/la\/wp-json\/wp\/v2\/product\/108422\/\",\"name\":\"AirHawk Duo - AeroCool\",\"isPartOf\":{\"@id\":\"https:\/\/aerocool.io\/#website\"},\"primaryImageOfPage\":{\"@id\":\"https:\/\/aerocool.io\/la\/product\/airhawk-duo\/#primaryimage\"},\"image\":{\"@id\":\"https:\/\/aerocool.io\/la\/product\/airhawk-duo\/#primaryimage\"},\"thumbnailUrl\":\"https:\/\/aerocool.io\/wp-content\/uploads\/2019\/11\/AirHawk-Duo-Infographic700x700px-001.png\",\"datePublished\":\"2019-11-08T04:01:11+00:00\",\"dateModified\":\"2021-04-28T03:19:25+00:00\",\"description\":\"High-performance mid tower case with full tempered glass side panel to showcase the inside of your rig. Mesh front panel design allows for clear viewing of your front LED fans while providing superior air flow and circulation. With support for E-ATX motherboards, this case is built for maximum performance.Comes equipped with two 20cm Addressable RGB fans in the front and one 12cm Addressable RGB fan in the rear of the case. Addressable RGB fans can be controlled using one of two ways: RGB LED control button or Addressable RGB motherboard. Comes equipped with 6-Port RGB Control Hub.\",\"breadcrumb\":{\"@id\":\"https:\/\/aerocool.io\/la\/product\/airhawk-duo\/#breadcrumb\"},\"inLanguage\":\"la-LA\",\"potentialAction\":[{\"@type\":\"ReadAction\",\"target\":[\"https:\/\/aerocool.io\/la\/product\/airhawk-duo\/\"]}]},{\"@type\":\"ImageObject\",\"inLanguage\":\"la-LA\",\"@id\":\"https:\/\/aerocool.io\/la\/product\/airhawk-duo\/#primaryimage\",\"url\":\"https:\/\/aerocool.io\/wp-content\/uploads\/2019\/11\/AirHawk-Duo-Infographic700x700px-001.png\",\"contentUrl\":\"https:\/\/aerocool.io\/wp-content\/uploads\/2019\/11\/AirHawk-Duo-Infographic700x700px-001.png\",\"width\":700,\"height\":700},{\"@type\":\"BreadcrumbList\",\"@id\":\"https:\/\/aerocool.io\/la\/product\/airhawk-duo\/#breadcrumb\",\"itemListElement\":[{\"@type\":\"ListItem\",\"position\":1,\"name\":\"Home\",\"item\":\"https:\/\/aerocool.io\/la\/\"},{\"@type\":\"ListItem\",\"position\":2,\"name\":\"Shop\",\"item\":\"https:\/\/aerocool.io\/shop\/\"},{\"@type\":\"ListItem\",\"position\":3,\"name\":\"AirHawk Duo\"}]},{\"@type\":\"WebSite\",\"@id\":\"https:\/\/aerocool.io\/#website\",\"url\":\"https:\/\/aerocool.io\/\",\"name\":\"AeroCool\",\"description\":\"Be Cool. Get AeroCool.\",\"publisher\":{\"@id\":\"https:\/\/aerocool.io\/#organization\"},\"potentialAction\":[{\"@type\":\"SearchAction\",\"target\":{\"@type\":\"EntryPoint\",\"urlTemplate\":\"https:\/\/aerocool.io\/?s={search_term_string}\"},\"query-input\":{\"@type\":\"PropertyValueSpecification\",\"valueRequired\":true,\"valueName\":\"search_term_string\"}}],\"inLanguage\":\"la-LA\"},{\"@type\":\"Organization\",\"@id\":\"https:\/\/aerocool.io\/#organization\",\"name\":\"Aerocool\",\"url\":\"https:\/\/aerocool.io\/\",\"logo\":{\"@type\":\"ImageObject\",\"inLanguage\":\"la-LA\",\"@id\":\"https:\/\/aerocool.io\/#\/schema\/logo\/image\/\",\"url\":\"https:\/\/aerocool.io\/wp-content\/uploads\/2018\/03\/AeroCool-Web-White-Logo.png\",\"contentUrl\":\"https:\/\/aerocool.io\/wp-content\/uploads\/2018\/03\/AeroCool-Web-White-Logo.png\",\"width\":500,\"height\":291,\"caption\":\"Aerocool\"},\"image\":{\"@id\":\"https:\/\/aerocool.io\/#\/schema\/logo\/image\/\"}}]}<\/script>\n<!-- \/ Yoast SEO plugin. -->","yoast_head_json":{"title":"AirHawk Duo - AeroCool","description":"High-performance mid tower case with full tempered glass side panel to showcase the inside of your rig. Mesh front panel design allows for clear viewing of your front LED fans while providing superior air flow and circulation. With support for E-ATX motherboards, this case is built for maximum performance.Comes equipped with two 20cm Addressable RGB fans in the front and one 12cm Addressable RGB fan in the rear of the case. Addressable RGB fans can be controlled using one of two ways: RGB LED control button or Addressable RGB motherboard. Comes equipped with 6-Port RGB Control Hub.","robots":{"index":"index","follow":"follow","max-snippet":"max-snippet:-1","max-image-preview":"max-image-preview:large","max-video-preview":"max-video-preview:-1"},"canonical":"https:\/\/aerocool.io\/la\/wp-json\/wp\/v2\/product\/108422\/","og_locale":"en_US","og_type":"article","og_title":"AirHawk Duo - AeroCool","og_description":"High-performance mid tower case with full tempered glass side panel to showcase the inside of your rig. Mesh front panel design allows for clear viewing of your front LED fans while providing superior air flow and circulation. With support for E-ATX motherboards, this case is built for maximum performance.Comes equipped with two 20cm Addressable RGB fans in the front and one 12cm Addressable RGB fan in the rear of the case. Addressable RGB fans can be controlled using one of two ways: RGB LED control button or Addressable RGB motherboard. Comes equipped with 6-Port RGB Control Hub.","og_url":"https:\/\/aerocool.io\/la\/wp-json\/wp\/v2\/product\/108422\/","og_site_name":"AeroCool","article_modified_time":"2021-04-28T03:19:25+00:00","og_image":[{"width":700,"height":700,"url":"https:\/\/aerocool.io\/wp-content\/uploads\/2019\/11\/AirHawk-Duo-Infographic700x700px-001.png","type":"image\/png"}],"twitter_card":"summary_large_image","schema":{"@context":"https:\/\/schema.org","@graph":[{"@type":"WebPage","@id":"https:\/\/aerocool.io\/la\/wp-json\/wp\/v2\/product\/108422\/","url":"https:\/\/aerocool.io\/la\/wp-json\/wp\/v2\/product\/108422\/","name":"AirHawk Duo - AeroCool","isPartOf":{"@id":"https:\/\/aerocool.io\/#website"},"primaryImageOfPage":{"@id":"https:\/\/aerocool.io\/la\/product\/airhawk-duo\/#primaryimage"},"image":{"@id":"https:\/\/aerocool.io\/la\/product\/airhawk-duo\/#primaryimage"},"thumbnailUrl":"https:\/\/aerocool.io\/wp-content\/uploads\/2019\/11\/AirHawk-Duo-Infographic700x700px-001.png","datePublished":"2019-11-08T04:01:11+00:00","dateModified":"2021-04-28T03:19:25+00:00","description":"High-performance mid tower case with full tempered glass side panel to showcase the inside of your rig. Mesh front panel design allows for clear viewing of your front LED fans while providing superior air flow and circulation. With support for E-ATX motherboards, this case is built for maximum performance.Comes equipped with two 20cm Addressable RGB fans in the front and one 12cm Addressable RGB fan in the rear of the case. Addressable RGB fans can be controlled using one of two ways: RGB LED control button or Addressable RGB motherboard. Comes equipped with 6-Port RGB Control Hub.","breadcrumb":{"@id":"https:\/\/aerocool.io\/la\/product\/airhawk-duo\/#breadcrumb"},"inLanguage":"la-LA","potentialAction":[{"@type":"ReadAction","target":["https:\/\/aerocool.io\/la\/product\/airhawk-duo\/"]}]},{"@type":"ImageObject","inLanguage":"la-LA","@id":"https:\/\/aerocool.io\/la\/product\/airhawk-duo\/#primaryimage","url":"https:\/\/aerocool.io\/wp-content\/uploads\/2019\/11\/AirHawk-Duo-Infographic700x700px-001.png","contentUrl":"https:\/\/aerocool.io\/wp-content\/uploads\/2019\/11\/AirHawk-Duo-Infographic700x700px-001.png","width":700,"height":700},{"@type":"BreadcrumbList","@id":"https:\/\/aerocool.io\/la\/product\/airhawk-duo\/#breadcrumb","itemListElement":[{"@type":"ListItem","position":1,"name":"Home","item":"https:\/\/aerocool.io\/la\/"},{"@type":"ListItem","position":2,"name":"Shop","item":"https:\/\/aerocool.io\/shop\/"},{"@type":"ListItem","position":3,"name":"AirHawk Duo"}]},{"@type":"WebSite","@id":"https:\/\/aerocool.io\/#website","url":"https:\/\/aerocool.io\/","name":"AeroCool","description":"Be Cool. Get AeroCool.","publisher":{"@id":"https:\/\/aerocool.io\/#organization"},"potentialAction":[{"@type":"SearchAction","target":{"@type":"EntryPoint","urlTemplate":"https:\/\/aerocool.io\/?s={search_term_string}"},"query-input":{"@type":"PropertyValueSpecification","valueRequired":true,"valueName":"search_term_string"}}],"inLanguage":"la-LA"},{"@type":"Organization","@id":"https:\/\/aerocool.io\/#organization","name":"Aerocool","url":"https:\/\/aerocool.io\/","logo":{"@type":"ImageObject","inLanguage":"la-LA","@id":"https:\/\/aerocool.io\/#\/schema\/logo\/image\/","url":"https:\/\/aerocool.io\/wp-content\/uploads\/2018\/03\/AeroCool-Web-White-Logo.png","contentUrl":"https:\/\/aerocool.io\/wp-content\/uploads\/2018\/03\/AeroCool-Web-White-Logo.png","width":500,"height":291,"caption":"Aerocool"},"image":{"@id":"https:\/\/aerocool.io\/#\/schema\/logo\/image\/"}}]}},"_links":{"self":[{"href":"https:\/\/aerocool.io\/la\/wp-json\/wp\/v2\/product\/108422"}],"collection":[{"href":"https:\/\/aerocool.io\/la\/wp-json\/wp\/v2\/product"}],"about":[{"href":"https:\/\/aerocool.io\/la\/wp-json\/wp\/v2\/types\/product"}],"version-history":[{"count":0,"href":"https:\/\/aerocool.io\/la\/wp-json\/wp\/v2\/product\/108422\/revisions"}],"wp:featuredmedia":[{"embeddable":true,"href":"https:\/\/aerocool.io\/la\/wp-json\/wp\/v2\/media\/156682"}],"wp:attachment":[{"href":"https:\/\/aerocool.io\/la\/wp-json\/wp\/v2\/media?parent=108422"}],"wp:term":[{"taxonomy":"product_brand","embeddable":true,"href":"https:\/\/aerocool.io\/la\/wp-json\/wp\/v2\/product_brand?post=108422"},{"taxonomy":"product_cat","embeddable":true,"href":"https:\/\/aerocool.io\/la\/wp-json\/wp\/v2\/product_cat?post=108422"},{"taxonomy":"product_tag","embeddable":true,"href":"https:\/\/aerocool.io\/la\/wp-json\/wp\/v2\/product_tag?post=108422"}],"curies":[{"name":"wp","href":"https:\/\/api.w.org\/{rel}","templated":true}]}}