{"id":108424,"date":"2019-03-05T03:11:11","date_gmt":"2019-03-05T03:11:11","guid":{"rendered":"https:\/\/aerocool.io\/product\/bolt-tempered-glass\/"},"modified":"2021-06-28T16:15:15","modified_gmt":"2021-06-28T08:15:15","slug":"bolt-tempered-glass","status":"publish","type":"product","link":"https:\/\/aerocool.io\/la\/product\/bolt-tempered-glass\/","title":{"rendered":"Bolt Tempered Glass"},"content":{"rendered":"","protected":false},"excerpt":{"rendered":"<h3>CAJA MEDIA TORRE RGB<\/h3>\n<p><span style=\"font-weight: 400;\">El exclusivo dise\u00f1o RGB LED en el panel frontal ofrece una elegante apariencia. Incluye un panel lateral de vidrio templado para mostrar el interior del equipo. Gracias a su elegante acabado en fibra de carbono en el panel frontal, esta carcasa aporta un toque futurista a su equipo de juego.<\/span><\/p>\n<p>Proporcione vida a su caja con 13 modos de iluminaci\u00f3n predeterminados que pueden controlarse f\u00e1cilmente mediante el bot\u00f3n de control LED.<\/p>\n<ul>\n<li>El exclusivo dise\u00f1o RGB LED en el panel frontal<\/li>\n<li>Equipado con 13 modos de iluminaci\u00f3n preestablecidos<\/li>\n<li>Incluye un panel lateral de vidrio templado para mostrar el interior del equipo<\/li>\n<li style=\"font-weight: 400;\">Acabado en fibra de carbono en el panel frontal<\/li>\n<li>Dise\u00f1o de c\u00e1mara doble para una ventilaci\u00f3n mejorada<\/li>\n<li>Soporta cooler de CPU de hasta 155 mm de altura<\/li>\n<li>Soporta tarjetas gr\u00e1ficas adicionales de calidad superior de hasta 355 mm<\/li>\n<\/ul>\n<p><em>Las especificaciones est\u00e1n sujetas a cambios sin previo aviso.<br \/>\nLos productos y modelos pueden variar seg\u00fan la regi\u00f3n.<br \/>\nP\u00f3ngase en contacto con su distribuidor local para obtener m\u00e1s informaci\u00f3n.<br \/>\n[us_btn label=\"Donde comprar\" link=\"url:https%3A%2F%2Faerocool.io%2Fwhere-to-buy%2F|title:Where%20to%20Buy|target:%20_blank|\" text=\"Download\"]<\/em><\/p>\n","protected":false},"featured_media":97740,"template":"","meta":{"_acf_changed":false,"footnotes":""},"product_brand":[],"product_cat":[1523,1530,1551,1555,1520,1558,1559,1716,1547,1541,1565],"product_tag":[],"class_list":{"0":"post-108424","1":"product","2":"type-product","3":"status-publish","4":"has-post-thumbnail","6":"product_cat-2-2-5-drive-bays-la","7":"product_cat-2-3-5-drive-bays-la","8":"product_cat-240mm-la","9":"product_cat-atx-la","10":"product_cat-cases-la","11":"product_cat-micro-atx-la","12":"product_cat-mini-itx-la","13":"product_cat-pgs-v-la","14":"product_cat-cases-led-rgb-la","15":"product_cat-mid-tower-la","16":"product_cat-full-tempered-glass-la","18":"first","19":"instock","20":"shipping-taxable","21":"product-type-simple"},"acf":[],"yoast_head":"<!-- This site is optimized with the Yoast SEO plugin v25.6 - https:\/\/yoast.com\/wordpress\/plugins\/seo\/ -->\n<title>Bolt Tempered Glass - AeroCool<\/title>\n<meta name=\"robots\" content=\"index, follow, max-snippet:-1, max-image-preview:large, max-video-preview:-1\" \/>\n<link rel=\"canonical\" href=\"https:\/\/aerocool.io\/la\/wp-json\/wp\/v2\/product\/108424\/\" \/>\n<meta property=\"og:locale\" content=\"en_US\" \/>\n<meta property=\"og:type\" content=\"article\" \/>\n<meta property=\"og:title\" content=\"Bolt Tempered Glass - AeroCool\" \/>\n<meta property=\"og:description\" content=\"CAJA MEDIA TORRE RGB El exclusivo dise\u00f1o RGB LED en el panel frontal ofrece una elegante apariencia. Incluye un panel lateral de vidrio templado para mostrar el interior del equipo. Gracias a su elegante acabado en fibra de carbono en el panel frontal, esta carcasa aporta un toque futurista a su equipo de juego.  Proporcione vida a su caja con 13 modos de iluminaci\u00f3n predeterminados que pueden controlarse f\u00e1cilmente mediante el bot\u00f3n de control LED.   El exclusivo dise\u00f1o RGB LED en el panel frontal  Equipado con 13 modos de iluminaci\u00f3n preestablecidos  Incluye un panel lateral de vidrio templado para mostrar el interior del equipo  Acabado en fibra de carbono en el panel frontal  Dise\u00f1o de c\u00e1mara doble para una ventilaci\u00f3n mejorada  Soporta cooler de CPU de hasta 155 mm de altura  Soporta tarjetas gr\u00e1ficas adicionales de calidad superior de hasta 355 mm  Las especificaciones est\u00e1n sujetas a cambios sin previo aviso. Los productos y modelos pueden variar seg\u00fan la regi\u00f3n. P\u00f3ngase en contacto con su distribuidor local para obtener m\u00e1s informaci\u00f3n.\" \/>\n<meta property=\"og:url\" content=\"https:\/\/aerocool.io\/la\/wp-json\/wp\/v2\/product\/108424\/\" \/>\n<meta property=\"og:site_name\" content=\"AeroCool\" \/>\n<meta property=\"article:modified_time\" content=\"2021-06-28T08:15:15+00:00\" \/>\n<meta property=\"og:image\" content=\"https:\/\/aerocool.io\/wp-content\/uploads\/2019\/02\/Bolt-Infographic700x700-01.jpg\" \/>\n\t<meta property=\"og:image:width\" content=\"700\" \/>\n\t<meta property=\"og:image:height\" content=\"700\" \/>\n\t<meta property=\"og:image:type\" content=\"image\/jpeg\" \/>\n<meta name=\"twitter:card\" content=\"summary_large_image\" \/>\n<script type=\"application\/ld+json\" class=\"yoast-schema-graph\">{\"@context\":\"https:\/\/schema.org\",\"@graph\":[{\"@type\":\"WebPage\",\"@id\":\"https:\/\/aerocool.io\/la\/wp-json\/wp\/v2\/product\/108424\/\",\"url\":\"https:\/\/aerocool.io\/la\/wp-json\/wp\/v2\/product\/108424\/\",\"name\":\"Bolt Tempered Glass - AeroCool\",\"isPartOf\":{\"@id\":\"https:\/\/aerocool.io\/#website\"},\"primaryImageOfPage\":{\"@id\":\"https:\/\/aerocool.io\/la\/product\/bolt-tempered-glass\/#primaryimage\"},\"image\":{\"@id\":\"https:\/\/aerocool.io\/la\/product\/bolt-tempered-glass\/#primaryimage\"},\"thumbnailUrl\":\"https:\/\/aerocool.io\/wp-content\/uploads\/2019\/02\/Bolt-Infographic700x700-01.jpg\",\"datePublished\":\"2019-03-05T03:11:11+00:00\",\"dateModified\":\"2021-06-28T08:15:15+00:00\",\"breadcrumb\":{\"@id\":\"https:\/\/aerocool.io\/la\/product\/bolt-tempered-glass\/#breadcrumb\"},\"inLanguage\":\"la-LA\",\"potentialAction\":[{\"@type\":\"ReadAction\",\"target\":[\"https:\/\/aerocool.io\/la\/product\/bolt-tempered-glass\/\"]}]},{\"@type\":\"ImageObject\",\"inLanguage\":\"la-LA\",\"@id\":\"https:\/\/aerocool.io\/la\/product\/bolt-tempered-glass\/#primaryimage\",\"url\":\"https:\/\/aerocool.io\/wp-content\/uploads\/2019\/02\/Bolt-Infographic700x700-01.jpg\",\"contentUrl\":\"https:\/\/aerocool.io\/wp-content\/uploads\/2019\/02\/Bolt-Infographic700x700-01.jpg\",\"width\":700,\"height\":700},{\"@type\":\"BreadcrumbList\",\"@id\":\"https:\/\/aerocool.io\/la\/product\/bolt-tempered-glass\/#breadcrumb\",\"itemListElement\":[{\"@type\":\"ListItem\",\"position\":1,\"name\":\"Home\",\"item\":\"https:\/\/aerocool.io\/la\/\"},{\"@type\":\"ListItem\",\"position\":2,\"name\":\"Shop\",\"item\":\"https:\/\/aerocool.io\/shop\/\"},{\"@type\":\"ListItem\",\"position\":3,\"name\":\"Bolt Tempered Glass\"}]},{\"@type\":\"WebSite\",\"@id\":\"https:\/\/aerocool.io\/#website\",\"url\":\"https:\/\/aerocool.io\/\",\"name\":\"AeroCool\",\"description\":\"Be Cool. Get AeroCool.\",\"publisher\":{\"@id\":\"https:\/\/aerocool.io\/#organization\"},\"potentialAction\":[{\"@type\":\"SearchAction\",\"target\":{\"@type\":\"EntryPoint\",\"urlTemplate\":\"https:\/\/aerocool.io\/?s={search_term_string}\"},\"query-input\":{\"@type\":\"PropertyValueSpecification\",\"valueRequired\":true,\"valueName\":\"search_term_string\"}}],\"inLanguage\":\"la-LA\"},{\"@type\":\"Organization\",\"@id\":\"https:\/\/aerocool.io\/#organization\",\"name\":\"Aerocool\",\"url\":\"https:\/\/aerocool.io\/\",\"logo\":{\"@type\":\"ImageObject\",\"inLanguage\":\"la-LA\",\"@id\":\"https:\/\/aerocool.io\/#\/schema\/logo\/image\/\",\"url\":\"https:\/\/aerocool.io\/wp-content\/uploads\/2018\/03\/AeroCool-Web-White-Logo.png\",\"contentUrl\":\"https:\/\/aerocool.io\/wp-content\/uploads\/2018\/03\/AeroCool-Web-White-Logo.png\",\"width\":500,\"height\":291,\"caption\":\"Aerocool\"},\"image\":{\"@id\":\"https:\/\/aerocool.io\/#\/schema\/logo\/image\/\"}}]}<\/script>\n<!-- \/ Yoast SEO plugin. -->","yoast_head_json":{"title":"Bolt Tempered Glass - AeroCool","robots":{"index":"index","follow":"follow","max-snippet":"max-snippet:-1","max-image-preview":"max-image-preview:large","max-video-preview":"max-video-preview:-1"},"canonical":"https:\/\/aerocool.io\/la\/wp-json\/wp\/v2\/product\/108424\/","og_locale":"en_US","og_type":"article","og_title":"Bolt Tempered Glass - AeroCool","og_description":"CAJA MEDIA TORRE RGB El exclusivo dise\u00f1o RGB LED en el panel frontal ofrece una elegante apariencia. Incluye un panel lateral de vidrio templado para mostrar el interior del equipo. Gracias a su elegante acabado en fibra de carbono en el panel frontal, esta carcasa aporta un toque futurista a su equipo de juego.  Proporcione vida a su caja con 13 modos de iluminaci\u00f3n predeterminados que pueden controlarse f\u00e1cilmente mediante el bot\u00f3n de control LED.   El exclusivo dise\u00f1o RGB LED en el panel frontal  Equipado con 13 modos de iluminaci\u00f3n preestablecidos  Incluye un panel lateral de vidrio templado para mostrar el interior del equipo  Acabado en fibra de carbono en el panel frontal  Dise\u00f1o de c\u00e1mara doble para una ventilaci\u00f3n mejorada  Soporta cooler de CPU de hasta 155 mm de altura  Soporta tarjetas gr\u00e1ficas adicionales de calidad superior de hasta 355 mm  Las especificaciones est\u00e1n sujetas a cambios sin previo aviso. Los productos y modelos pueden variar seg\u00fan la regi\u00f3n. P\u00f3ngase en contacto con su distribuidor local para obtener m\u00e1s informaci\u00f3n.","og_url":"https:\/\/aerocool.io\/la\/wp-json\/wp\/v2\/product\/108424\/","og_site_name":"AeroCool","article_modified_time":"2021-06-28T08:15:15+00:00","og_image":[{"width":700,"height":700,"url":"https:\/\/aerocool.io\/wp-content\/uploads\/2019\/02\/Bolt-Infographic700x700-01.jpg","type":"image\/jpeg"}],"twitter_card":"summary_large_image","schema":{"@context":"https:\/\/schema.org","@graph":[{"@type":"WebPage","@id":"https:\/\/aerocool.io\/la\/wp-json\/wp\/v2\/product\/108424\/","url":"https:\/\/aerocool.io\/la\/wp-json\/wp\/v2\/product\/108424\/","name":"Bolt Tempered Glass - AeroCool","isPartOf":{"@id":"https:\/\/aerocool.io\/#website"},"primaryImageOfPage":{"@id":"https:\/\/aerocool.io\/la\/product\/bolt-tempered-glass\/#primaryimage"},"image":{"@id":"https:\/\/aerocool.io\/la\/product\/bolt-tempered-glass\/#primaryimage"},"thumbnailUrl":"https:\/\/aerocool.io\/wp-content\/uploads\/2019\/02\/Bolt-Infographic700x700-01.jpg","datePublished":"2019-03-05T03:11:11+00:00","dateModified":"2021-06-28T08:15:15+00:00","breadcrumb":{"@id":"https:\/\/aerocool.io\/la\/product\/bolt-tempered-glass\/#breadcrumb"},"inLanguage":"la-LA","potentialAction":[{"@type":"ReadAction","target":["https:\/\/aerocool.io\/la\/product\/bolt-tempered-glass\/"]}]},{"@type":"ImageObject","inLanguage":"la-LA","@id":"https:\/\/aerocool.io\/la\/product\/bolt-tempered-glass\/#primaryimage","url":"https:\/\/aerocool.io\/wp-content\/uploads\/2019\/02\/Bolt-Infographic700x700-01.jpg","contentUrl":"https:\/\/aerocool.io\/wp-content\/uploads\/2019\/02\/Bolt-Infographic700x700-01.jpg","width":700,"height":700},{"@type":"BreadcrumbList","@id":"https:\/\/aerocool.io\/la\/product\/bolt-tempered-glass\/#breadcrumb","itemListElement":[{"@type":"ListItem","position":1,"name":"Home","item":"https:\/\/aerocool.io\/la\/"},{"@type":"ListItem","position":2,"name":"Shop","item":"https:\/\/aerocool.io\/shop\/"},{"@type":"ListItem","position":3,"name":"Bolt Tempered Glass"}]},{"@type":"WebSite","@id":"https:\/\/aerocool.io\/#website","url":"https:\/\/aerocool.io\/","name":"AeroCool","description":"Be Cool. Get AeroCool.","publisher":{"@id":"https:\/\/aerocool.io\/#organization"},"potentialAction":[{"@type":"SearchAction","target":{"@type":"EntryPoint","urlTemplate":"https:\/\/aerocool.io\/?s={search_term_string}"},"query-input":{"@type":"PropertyValueSpecification","valueRequired":true,"valueName":"search_term_string"}}],"inLanguage":"la-LA"},{"@type":"Organization","@id":"https:\/\/aerocool.io\/#organization","name":"Aerocool","url":"https:\/\/aerocool.io\/","logo":{"@type":"ImageObject","inLanguage":"la-LA","@id":"https:\/\/aerocool.io\/#\/schema\/logo\/image\/","url":"https:\/\/aerocool.io\/wp-content\/uploads\/2018\/03\/AeroCool-Web-White-Logo.png","contentUrl":"https:\/\/aerocool.io\/wp-content\/uploads\/2018\/03\/AeroCool-Web-White-Logo.png","width":500,"height":291,"caption":"Aerocool"},"image":{"@id":"https:\/\/aerocool.io\/#\/schema\/logo\/image\/"}}]}},"_links":{"self":[{"href":"https:\/\/aerocool.io\/la\/wp-json\/wp\/v2\/product\/108424"}],"collection":[{"href":"https:\/\/aerocool.io\/la\/wp-json\/wp\/v2\/product"}],"about":[{"href":"https:\/\/aerocool.io\/la\/wp-json\/wp\/v2\/types\/product"}],"version-history":[{"count":0,"href":"https:\/\/aerocool.io\/la\/wp-json\/wp\/v2\/product\/108424\/revisions"}],"wp:featuredmedia":[{"embeddable":true,"href":"https:\/\/aerocool.io\/la\/wp-json\/wp\/v2\/media\/97740"}],"wp:attachment":[{"href":"https:\/\/aerocool.io\/la\/wp-json\/wp\/v2\/media?parent=108424"}],"wp:term":[{"taxonomy":"product_brand","embeddable":true,"href":"https:\/\/aerocool.io\/la\/wp-json\/wp\/v2\/product_brand?post=108424"},{"taxonomy":"product_cat","embeddable":true,"href":"https:\/\/aerocool.io\/la\/wp-json\/wp\/v2\/product_cat?post=108424"},{"taxonomy":"product_tag","embeddable":true,"href":"https:\/\/aerocool.io\/la\/wp-json\/wp\/v2\/product_tag?post=108424"}],"curies":[{"name":"wp","href":"https:\/\/api.w.org\/{rel}","templated":true}]}}