{"id":108437,"date":"2019-04-16T03:13:55","date_gmt":"2019-04-16T03:13:55","guid":{"rendered":"https:\/\/aerocool.io\/product\/cs-1103\/"},"modified":"2022-10-26T14:32:49","modified_gmt":"2022-10-26T06:32:49","slug":"cs-1103","status":"publish","type":"product","link":"https:\/\/aerocool.io\/la\/product\/cs-1103\/","title":{"rendered":"CS-1103"},"content":{"rendered":"","protected":false},"excerpt":{"rendered":"<h3>CAJA MEDIA TORRE<\/h3>\n<p><span style=\"font-weight: 400;\">La CS1103 es una semitorre de dise\u00f1o sobrio, profesional y compacto, perfecta para usos dom\u00e9sticos y de oficina. Est\u00e1 equipada con un panel frontal de tipo aluminio pulido que ofrece una est\u00e9tica elegante para encajar en cualquier setup. Soporta refrigeraci\u00f3n por aire en la parte frontal, lateral y trasera de la caja para mejorar el rendimiento de la refrigeraci\u00f3n (incluido ventilador de 80 mm).\u00a0<\/span><\/p>\n<ul>\n<li>Panel frontal con dise\u00f1o de tipo aluminio pulido<\/li>\n<li>Soporte para ventilaci\u00f3n frontal, trasera y lateral<\/li>\n<li>Soporte para refrigeraci\u00f3n l\u00edquida delantera<\/li>\n<li>Soporte para disipadores de CPU de hasta 151mm<\/li>\n<li>Soporte para tarjetas gr\u00e1ficas de hasta 335mm<\/li>\n<li>Soporte para hasta 1 x 5.25\u2033 ODD, 3 x 3.5\u2033 HDDs ( 2 x 3.5\u2033 \/ 2.5\u2033) y 4 x 2.5\u2033 SSDs<\/li>\n<\/ul>\n<p><em>Las especificaciones est\u00e1n sujetas a cambios sin previo aviso.<br \/>\nLos productos y modelos pueden variar seg\u00fan la regi\u00f3n.<br \/>\nP\u00f3ngase en contacto con su distribuidor local para obtener m\u00e1s informaci\u00f3n.<br \/>\n[us_btn label=\"Donde comprar\" link=\"url:https%3A%2F%2Faerocool.io%2Fwhere-to-buy%2F|title:Where%20to%20Buy|target:%20_blank|\" text=\"Download\"]<\/em><\/p>\n","protected":false},"featured_media":102615,"template":"","meta":{"_acf_changed":false,"footnotes":""},"product_brand":[],"product_cat":[1536,1551,1531,1525,1566,1555,1520,1717,1558,1559,1546,1718,1541],"product_tag":[],"class_list":{"0":"post-108437","1":"product","2":"type-product","3":"status-publish","4":"has-post-thumbnail","6":"product_cat-1-5-25-drive-bays-la","7":"product_cat-240mm-la","8":"product_cat-3-3-5-drive-bays-la","9":"product_cat-4-2-5-drive-bays-la","10":"product_cat-steel-la","11":"product_cat-atx-la","12":"product_cat-cases-la","13":"product_cat-cs-la","14":"product_cat-micro-atx-la","15":"product_cat-mini-itx-la","16":"product_cat-cases-led-none-la","17":"product_cat-pgs-c-la","18":"product_cat-mid-tower-la","20":"first","21":"instock","22":"shipping-taxable","23":"product-type-simple"},"acf":[],"yoast_head":"<!-- This site is optimized with the Yoast SEO plugin v25.6 - https:\/\/yoast.com\/wordpress\/plugins\/seo\/ -->\n<title>CS-1103 - AeroCool<\/title>\n<meta name=\"robots\" content=\"index, follow, max-snippet:-1, max-image-preview:large, max-video-preview:-1\" \/>\n<link rel=\"canonical\" href=\"https:\/\/aerocool.io\/la\/wp-json\/wp\/v2\/product\/108437\/\" \/>\n<meta property=\"og:locale\" content=\"en_US\" \/>\n<meta property=\"og:type\" content=\"article\" \/>\n<meta property=\"og:title\" content=\"CS-1103 - AeroCool\" \/>\n<meta property=\"og:description\" content=\"CAJA MEDIA TORRE La CS1103 es una semitorre de dise\u00f1o sobrio, profesional y compacto, perfecta para usos dom\u00e9sticos y de oficina. Est\u00e1 equipada con un panel frontal de tipo aluminio pulido que ofrece una est\u00e9tica elegante para encajar en cualquier setup. Soporta refrigeraci\u00f3n por aire en la parte frontal, lateral y trasera de la caja para mejorar el rendimiento de la refrigeraci\u00f3n (incluido ventilador de 80 mm).\u00a0   Panel frontal con dise\u00f1o de tipo aluminio pulido  Soporte para ventilaci\u00f3n frontal, trasera y lateral  Soporte para refrigeraci\u00f3n l\u00edquida delantera  Soporte para disipadores de CPU de hasta 151mm  Soporte para tarjetas gr\u00e1ficas de hasta 335mm  Soporte para hasta 1 x 5.25\u2033 ODD, 3 x 3.5\u2033 HDDs ( 2 x 3.5\u2033 \/ 2.5\u2033) y 4 x 2.5\u2033 SSDs  Las especificaciones est\u00e1n sujetas a cambios sin previo aviso. Los productos y modelos pueden variar seg\u00fan la regi\u00f3n. P\u00f3ngase en contacto con su distribuidor local para obtener m\u00e1s informaci\u00f3n.\" \/>\n<meta property=\"og:url\" content=\"https:\/\/aerocool.io\/la\/wp-json\/wp\/v2\/product\/108437\/\" \/>\n<meta property=\"og:site_name\" content=\"AeroCool\" \/>\n<meta property=\"article:modified_time\" content=\"2022-10-26T06:32:49+00:00\" \/>\n<meta property=\"og:image\" content=\"https:\/\/aerocool.io\/wp-content\/uploads\/2019\/04\/CS-1103-Infographic700x700-01.jpg\" \/>\n\t<meta property=\"og:image:width\" content=\"700\" \/>\n\t<meta property=\"og:image:height\" content=\"700\" \/>\n\t<meta property=\"og:image:type\" content=\"image\/jpeg\" \/>\n<meta name=\"twitter:card\" content=\"summary_large_image\" \/>\n<script type=\"application\/ld+json\" class=\"yoast-schema-graph\">{\"@context\":\"https:\/\/schema.org\",\"@graph\":[{\"@type\":\"WebPage\",\"@id\":\"https:\/\/aerocool.io\/la\/wp-json\/wp\/v2\/product\/108437\/\",\"url\":\"https:\/\/aerocool.io\/la\/wp-json\/wp\/v2\/product\/108437\/\",\"name\":\"CS-1103 - AeroCool\",\"isPartOf\":{\"@id\":\"https:\/\/aerocool.io\/#website\"},\"primaryImageOfPage\":{\"@id\":\"https:\/\/aerocool.io\/la\/product\/cs-1103\/#primaryimage\"},\"image\":{\"@id\":\"https:\/\/aerocool.io\/la\/product\/cs-1103\/#primaryimage\"},\"thumbnailUrl\":\"https:\/\/aerocool.io\/wp-content\/uploads\/2019\/04\/CS-1103-Infographic700x700-01.jpg\",\"datePublished\":\"2019-04-16T03:13:55+00:00\",\"dateModified\":\"2022-10-26T06:32:49+00:00\",\"breadcrumb\":{\"@id\":\"https:\/\/aerocool.io\/la\/product\/cs-1103\/#breadcrumb\"},\"inLanguage\":\"la-LA\",\"potentialAction\":[{\"@type\":\"ReadAction\",\"target\":[\"https:\/\/aerocool.io\/la\/product\/cs-1103\/\"]}]},{\"@type\":\"ImageObject\",\"inLanguage\":\"la-LA\",\"@id\":\"https:\/\/aerocool.io\/la\/product\/cs-1103\/#primaryimage\",\"url\":\"https:\/\/aerocool.io\/wp-content\/uploads\/2019\/04\/CS-1103-Infographic700x700-01.jpg\",\"contentUrl\":\"https:\/\/aerocool.io\/wp-content\/uploads\/2019\/04\/CS-1103-Infographic700x700-01.jpg\",\"width\":700,\"height\":700},{\"@type\":\"BreadcrumbList\",\"@id\":\"https:\/\/aerocool.io\/la\/product\/cs-1103\/#breadcrumb\",\"itemListElement\":[{\"@type\":\"ListItem\",\"position\":1,\"name\":\"Home\",\"item\":\"https:\/\/aerocool.io\/la\/\"},{\"@type\":\"ListItem\",\"position\":2,\"name\":\"Shop\",\"item\":\"https:\/\/aerocool.io\/shop\/\"},{\"@type\":\"ListItem\",\"position\":3,\"name\":\"CS-1103\"}]},{\"@type\":\"WebSite\",\"@id\":\"https:\/\/aerocool.io\/#website\",\"url\":\"https:\/\/aerocool.io\/\",\"name\":\"AeroCool\",\"description\":\"Be Cool. Get AeroCool.\",\"publisher\":{\"@id\":\"https:\/\/aerocool.io\/#organization\"},\"potentialAction\":[{\"@type\":\"SearchAction\",\"target\":{\"@type\":\"EntryPoint\",\"urlTemplate\":\"https:\/\/aerocool.io\/?s={search_term_string}\"},\"query-input\":{\"@type\":\"PropertyValueSpecification\",\"valueRequired\":true,\"valueName\":\"search_term_string\"}}],\"inLanguage\":\"la-LA\"},{\"@type\":\"Organization\",\"@id\":\"https:\/\/aerocool.io\/#organization\",\"name\":\"Aerocool\",\"url\":\"https:\/\/aerocool.io\/\",\"logo\":{\"@type\":\"ImageObject\",\"inLanguage\":\"la-LA\",\"@id\":\"https:\/\/aerocool.io\/#\/schema\/logo\/image\/\",\"url\":\"https:\/\/aerocool.io\/wp-content\/uploads\/2018\/03\/AeroCool-Web-White-Logo.png\",\"contentUrl\":\"https:\/\/aerocool.io\/wp-content\/uploads\/2018\/03\/AeroCool-Web-White-Logo.png\",\"width\":500,\"height\":291,\"caption\":\"Aerocool\"},\"image\":{\"@id\":\"https:\/\/aerocool.io\/#\/schema\/logo\/image\/\"}}]}<\/script>\n<!-- \/ Yoast SEO plugin. -->","yoast_head_json":{"title":"CS-1103 - AeroCool","robots":{"index":"index","follow":"follow","max-snippet":"max-snippet:-1","max-image-preview":"max-image-preview:large","max-video-preview":"max-video-preview:-1"},"canonical":"https:\/\/aerocool.io\/la\/wp-json\/wp\/v2\/product\/108437\/","og_locale":"en_US","og_type":"article","og_title":"CS-1103 - AeroCool","og_description":"CAJA MEDIA TORRE La CS1103 es una semitorre de dise\u00f1o sobrio, profesional y compacto, perfecta para usos dom\u00e9sticos y de oficina. Est\u00e1 equipada con un panel frontal de tipo aluminio pulido que ofrece una est\u00e9tica elegante para encajar en cualquier setup. Soporta refrigeraci\u00f3n por aire en la parte frontal, lateral y trasera de la caja para mejorar el rendimiento de la refrigeraci\u00f3n (incluido ventilador de 80 mm).\u00a0   Panel frontal con dise\u00f1o de tipo aluminio pulido  Soporte para ventilaci\u00f3n frontal, trasera y lateral  Soporte para refrigeraci\u00f3n l\u00edquida delantera  Soporte para disipadores de CPU de hasta 151mm  Soporte para tarjetas gr\u00e1ficas de hasta 335mm  Soporte para hasta 1 x 5.25\u2033 ODD, 3 x 3.5\u2033 HDDs ( 2 x 3.5\u2033 \/ 2.5\u2033) y 4 x 2.5\u2033 SSDs  Las especificaciones est\u00e1n sujetas a cambios sin previo aviso. Los productos y modelos pueden variar seg\u00fan la regi\u00f3n. P\u00f3ngase en contacto con su distribuidor local para obtener m\u00e1s informaci\u00f3n.","og_url":"https:\/\/aerocool.io\/la\/wp-json\/wp\/v2\/product\/108437\/","og_site_name":"AeroCool","article_modified_time":"2022-10-26T06:32:49+00:00","og_image":[{"width":700,"height":700,"url":"https:\/\/aerocool.io\/wp-content\/uploads\/2019\/04\/CS-1103-Infographic700x700-01.jpg","type":"image\/jpeg"}],"twitter_card":"summary_large_image","schema":{"@context":"https:\/\/schema.org","@graph":[{"@type":"WebPage","@id":"https:\/\/aerocool.io\/la\/wp-json\/wp\/v2\/product\/108437\/","url":"https:\/\/aerocool.io\/la\/wp-json\/wp\/v2\/product\/108437\/","name":"CS-1103 - AeroCool","isPartOf":{"@id":"https:\/\/aerocool.io\/#website"},"primaryImageOfPage":{"@id":"https:\/\/aerocool.io\/la\/product\/cs-1103\/#primaryimage"},"image":{"@id":"https:\/\/aerocool.io\/la\/product\/cs-1103\/#primaryimage"},"thumbnailUrl":"https:\/\/aerocool.io\/wp-content\/uploads\/2019\/04\/CS-1103-Infographic700x700-01.jpg","datePublished":"2019-04-16T03:13:55+00:00","dateModified":"2022-10-26T06:32:49+00:00","breadcrumb":{"@id":"https:\/\/aerocool.io\/la\/product\/cs-1103\/#breadcrumb"},"inLanguage":"la-LA","potentialAction":[{"@type":"ReadAction","target":["https:\/\/aerocool.io\/la\/product\/cs-1103\/"]}]},{"@type":"ImageObject","inLanguage":"la-LA","@id":"https:\/\/aerocool.io\/la\/product\/cs-1103\/#primaryimage","url":"https:\/\/aerocool.io\/wp-content\/uploads\/2019\/04\/CS-1103-Infographic700x700-01.jpg","contentUrl":"https:\/\/aerocool.io\/wp-content\/uploads\/2019\/04\/CS-1103-Infographic700x700-01.jpg","width":700,"height":700},{"@type":"BreadcrumbList","@id":"https:\/\/aerocool.io\/la\/product\/cs-1103\/#breadcrumb","itemListElement":[{"@type":"ListItem","position":1,"name":"Home","item":"https:\/\/aerocool.io\/la\/"},{"@type":"ListItem","position":2,"name":"Shop","item":"https:\/\/aerocool.io\/shop\/"},{"@type":"ListItem","position":3,"name":"CS-1103"}]},{"@type":"WebSite","@id":"https:\/\/aerocool.io\/#website","url":"https:\/\/aerocool.io\/","name":"AeroCool","description":"Be Cool. Get AeroCool.","publisher":{"@id":"https:\/\/aerocool.io\/#organization"},"potentialAction":[{"@type":"SearchAction","target":{"@type":"EntryPoint","urlTemplate":"https:\/\/aerocool.io\/?s={search_term_string}"},"query-input":{"@type":"PropertyValueSpecification","valueRequired":true,"valueName":"search_term_string"}}],"inLanguage":"la-LA"},{"@type":"Organization","@id":"https:\/\/aerocool.io\/#organization","name":"Aerocool","url":"https:\/\/aerocool.io\/","logo":{"@type":"ImageObject","inLanguage":"la-LA","@id":"https:\/\/aerocool.io\/#\/schema\/logo\/image\/","url":"https:\/\/aerocool.io\/wp-content\/uploads\/2018\/03\/AeroCool-Web-White-Logo.png","contentUrl":"https:\/\/aerocool.io\/wp-content\/uploads\/2018\/03\/AeroCool-Web-White-Logo.png","width":500,"height":291,"caption":"Aerocool"},"image":{"@id":"https:\/\/aerocool.io\/#\/schema\/logo\/image\/"}}]}},"_links":{"self":[{"href":"https:\/\/aerocool.io\/la\/wp-json\/wp\/v2\/product\/108437"}],"collection":[{"href":"https:\/\/aerocool.io\/la\/wp-json\/wp\/v2\/product"}],"about":[{"href":"https:\/\/aerocool.io\/la\/wp-json\/wp\/v2\/types\/product"}],"version-history":[{"count":0,"href":"https:\/\/aerocool.io\/la\/wp-json\/wp\/v2\/product\/108437\/revisions"}],"wp:featuredmedia":[{"embeddable":true,"href":"https:\/\/aerocool.io\/la\/wp-json\/wp\/v2\/media\/102615"}],"wp:attachment":[{"href":"https:\/\/aerocool.io\/la\/wp-json\/wp\/v2\/media?parent=108437"}],"wp:term":[{"taxonomy":"product_brand","embeddable":true,"href":"https:\/\/aerocool.io\/la\/wp-json\/wp\/v2\/product_brand?post=108437"},{"taxonomy":"product_cat","embeddable":true,"href":"https:\/\/aerocool.io\/la\/wp-json\/wp\/v2\/product_cat?post=108437"},{"taxonomy":"product_tag","embeddable":true,"href":"https:\/\/aerocool.io\/la\/wp-json\/wp\/v2\/product_tag?post=108437"}],"curies":[{"name":"wp","href":"https:\/\/api.w.org\/{rel}","templated":true}]}}