{"id":108511,"date":"2018-05-13T15:19:50","date_gmt":"2018-05-13T15:19:50","guid":{"rendered":"https:\/\/aerocool.io\/product\/cylon\/"},"modified":"2023-02-06T16:53:18","modified_gmt":"2023-02-06T08:53:18","slug":"cylon","status":"publish","type":"product","link":"https:\/\/aerocool.io\/la\/product\/cylon\/","title":{"rendered":"Cylon"},"content":{"rendered":"","protected":false},"excerpt":{"rendered":"<h3>GABINETE MEDIA TORRE RGB<\/h3>\n<p>Cylon es una espectacular semitorre gaming con ventana lateral total y una franja frontal LED RGB de hasta 13 modos de iluminaci\u00f3n, atravesando su dise\u00f1o y ofreci\u00e9ndote un look inimitable. Disponible en dos versiones, blanca y negra, Cylon eleva la est\u00e9tica de tu setup de forma incre\u00edble con una estructura s\u00f3lida e innovadora.<\/p>\n<ul>\n<li>Iluminaci\u00f3n frontal LED RGB<\/li>\n<li>Hasta 13 modos de iluminaci\u00f3n: 6 efectos y 7 colores s\u00f3lidos<\/li>\n<li>Panel lateral total acr\u00edlico para mostrar el interior de tu caja<\/li>\n<li>Capacidad para 5 ventiladores de 120mm (ventilador posterior incluido)<\/li>\n<li>Ranura para tarjeta de memoria SD<\/li>\n<li>Soporte para 2 discos SSD y 2 HDD<\/li>\n<li>Disponible en 2 colores<\/li>\n<\/ul>\n<p><em>Las especificaciones est\u00e1n sujetas a cambios sin previo aviso.<br \/>\nLos productos y modelos pueden variar seg\u00fan la regi\u00f3n.<br \/>\nP\u00f3ngase en contacto con su distribuidor local para obtener m\u00e1s informaci\u00f3n.<br \/>\n[us_btn label=\"Donde comprar\" link=\"url:https%3A%2F%2Faerocool.io%2Fwhere-to-buy%2F|title:Where%20to%20Buy|target:%20_blank|\" text=\"Download\"]<\/em><\/p>\n","protected":false},"featured_media":94219,"template":"","meta":{"_acf_changed":false,"footnotes":""},"product_brand":[],"product_cat":[1549,1530,1526,1564,1555,1520,1558,1559,1716,1547,1541],"product_tag":[],"class_list":{"0":"post-108511","1":"product","2":"type-product","3":"status-publish","4":"has-post-thumbnail","6":"product_cat-120mm-la","7":"product_cat-2-3-5-drive-bays-la","8":"product_cat-5-2-5-drive-bays-la","9":"product_cat-full-acrylic-la","10":"product_cat-atx-la","11":"product_cat-cases-la","12":"product_cat-micro-atx-la","13":"product_cat-mini-itx-la","14":"product_cat-pgs-v-la","15":"product_cat-cases-led-rgb-la","16":"product_cat-mid-tower-la","18":"first","19":"instock","20":"shipping-taxable","21":"product-type-simple"},"acf":[],"yoast_head":"<!-- This site is optimized with the Yoast SEO plugin v25.6 - https:\/\/yoast.com\/wordpress\/plugins\/seo\/ -->\n<title>Cylon - AeroCool<\/title>\n<meta name=\"robots\" content=\"index, follow, max-snippet:-1, max-image-preview:large, max-video-preview:-1\" \/>\n<link rel=\"canonical\" href=\"https:\/\/aerocool.io\/la\/wp-json\/wp\/v2\/product\/108511\/\" \/>\n<meta property=\"og:locale\" content=\"en_US\" \/>\n<meta property=\"og:type\" content=\"article\" \/>\n<meta property=\"og:title\" content=\"Cylon - AeroCool\" \/>\n<meta property=\"og:description\" content=\"GABINETE MEDIA TORRE RGB Cylon es una espectacular semitorre gaming con ventana lateral total y una franja frontal LED RGB de hasta 13 modos de iluminaci\u00f3n, atravesando su dise\u00f1o y ofreci\u00e9ndote un look inimitable. Disponible en dos versiones, blanca y negra, Cylon eleva la est\u00e9tica de tu setup de forma incre\u00edble con una estructura s\u00f3lida e innovadora.   Iluminaci\u00f3n frontal LED RGB  Hasta 13 modos de iluminaci\u00f3n: 6 efectos y 7 colores s\u00f3lidos  Panel lateral total acr\u00edlico para mostrar el interior de tu caja  Capacidad para 5 ventiladores de 120mm (ventilador posterior incluido)  Ranura para tarjeta de memoria SD  Soporte para 2 discos SSD y 2 HDD  Disponible en 2 colores  Las especificaciones est\u00e1n sujetas a cambios sin previo aviso. Los productos y modelos pueden variar seg\u00fan la regi\u00f3n. P\u00f3ngase en contacto con su distribuidor local para obtener m\u00e1s informaci\u00f3n.\" \/>\n<meta property=\"og:url\" content=\"https:\/\/aerocool.io\/la\/wp-json\/wp\/v2\/product\/108511\/\" \/>\n<meta property=\"og:site_name\" content=\"AeroCool\" \/>\n<meta property=\"article:modified_time\" content=\"2023-02-06T08:53:18+00:00\" \/>\n<meta property=\"og:image\" content=\"https:\/\/aerocool.io\/wp-content\/uploads\/2018\/05\/AeroCool-Cylon-Product-Gallery.png\" \/>\n\t<meta property=\"og:image:width\" content=\"700\" \/>\n\t<meta property=\"og:image:height\" content=\"700\" \/>\n\t<meta property=\"og:image:type\" content=\"image\/png\" \/>\n<meta name=\"twitter:card\" content=\"summary_large_image\" \/>\n<script type=\"application\/ld+json\" class=\"yoast-schema-graph\">{\"@context\":\"https:\/\/schema.org\",\"@graph\":[{\"@type\":\"WebPage\",\"@id\":\"https:\/\/aerocool.io\/la\/wp-json\/wp\/v2\/product\/108511\/\",\"url\":\"https:\/\/aerocool.io\/la\/wp-json\/wp\/v2\/product\/108511\/\",\"name\":\"Cylon - AeroCool\",\"isPartOf\":{\"@id\":\"https:\/\/aerocool.io\/#website\"},\"primaryImageOfPage\":{\"@id\":\"https:\/\/aerocool.io\/la\/product\/cylon\/#primaryimage\"},\"image\":{\"@id\":\"https:\/\/aerocool.io\/la\/product\/cylon\/#primaryimage\"},\"thumbnailUrl\":\"https:\/\/aerocool.io\/wp-content\/uploads\/2018\/05\/AeroCool-Cylon-Product-Gallery.png\",\"datePublished\":\"2018-05-13T15:19:50+00:00\",\"dateModified\":\"2023-02-06T08:53:18+00:00\",\"breadcrumb\":{\"@id\":\"https:\/\/aerocool.io\/la\/product\/cylon\/#breadcrumb\"},\"inLanguage\":\"la-LA\",\"potentialAction\":[{\"@type\":\"ReadAction\",\"target\":[\"https:\/\/aerocool.io\/la\/product\/cylon\/\"]}]},{\"@type\":\"ImageObject\",\"inLanguage\":\"la-LA\",\"@id\":\"https:\/\/aerocool.io\/la\/product\/cylon\/#primaryimage\",\"url\":\"https:\/\/aerocool.io\/wp-content\/uploads\/2018\/05\/AeroCool-Cylon-Product-Gallery.png\",\"contentUrl\":\"https:\/\/aerocool.io\/wp-content\/uploads\/2018\/05\/AeroCool-Cylon-Product-Gallery.png\",\"width\":700,\"height\":700},{\"@type\":\"BreadcrumbList\",\"@id\":\"https:\/\/aerocool.io\/la\/product\/cylon\/#breadcrumb\",\"itemListElement\":[{\"@type\":\"ListItem\",\"position\":1,\"name\":\"Home\",\"item\":\"https:\/\/aerocool.io\/la\/\"},{\"@type\":\"ListItem\",\"position\":2,\"name\":\"Shop\",\"item\":\"https:\/\/aerocool.io\/shop\/\"},{\"@type\":\"ListItem\",\"position\":3,\"name\":\"Cylon\"}]},{\"@type\":\"WebSite\",\"@id\":\"https:\/\/aerocool.io\/#website\",\"url\":\"https:\/\/aerocool.io\/\",\"name\":\"AeroCool\",\"description\":\"Be Cool. Get AeroCool.\",\"publisher\":{\"@id\":\"https:\/\/aerocool.io\/#organization\"},\"potentialAction\":[{\"@type\":\"SearchAction\",\"target\":{\"@type\":\"EntryPoint\",\"urlTemplate\":\"https:\/\/aerocool.io\/?s={search_term_string}\"},\"query-input\":{\"@type\":\"PropertyValueSpecification\",\"valueRequired\":true,\"valueName\":\"search_term_string\"}}],\"inLanguage\":\"la-LA\"},{\"@type\":\"Organization\",\"@id\":\"https:\/\/aerocool.io\/#organization\",\"name\":\"Aerocool\",\"url\":\"https:\/\/aerocool.io\/\",\"logo\":{\"@type\":\"ImageObject\",\"inLanguage\":\"la-LA\",\"@id\":\"https:\/\/aerocool.io\/#\/schema\/logo\/image\/\",\"url\":\"https:\/\/aerocool.io\/wp-content\/uploads\/2018\/03\/AeroCool-Web-White-Logo.png\",\"contentUrl\":\"https:\/\/aerocool.io\/wp-content\/uploads\/2018\/03\/AeroCool-Web-White-Logo.png\",\"width\":500,\"height\":291,\"caption\":\"Aerocool\"},\"image\":{\"@id\":\"https:\/\/aerocool.io\/#\/schema\/logo\/image\/\"}}]}<\/script>\n<!-- \/ Yoast SEO plugin. -->","yoast_head_json":{"title":"Cylon - AeroCool","robots":{"index":"index","follow":"follow","max-snippet":"max-snippet:-1","max-image-preview":"max-image-preview:large","max-video-preview":"max-video-preview:-1"},"canonical":"https:\/\/aerocool.io\/la\/wp-json\/wp\/v2\/product\/108511\/","og_locale":"en_US","og_type":"article","og_title":"Cylon - AeroCool","og_description":"GABINETE MEDIA TORRE RGB Cylon es una espectacular semitorre gaming con ventana lateral total y una franja frontal LED RGB de hasta 13 modos de iluminaci\u00f3n, atravesando su dise\u00f1o y ofreci\u00e9ndote un look inimitable. Disponible en dos versiones, blanca y negra, Cylon eleva la est\u00e9tica de tu setup de forma incre\u00edble con una estructura s\u00f3lida e innovadora.   Iluminaci\u00f3n frontal LED RGB  Hasta 13 modos de iluminaci\u00f3n: 6 efectos y 7 colores s\u00f3lidos  Panel lateral total acr\u00edlico para mostrar el interior de tu caja  Capacidad para 5 ventiladores de 120mm (ventilador posterior incluido)  Ranura para tarjeta de memoria SD  Soporte para 2 discos SSD y 2 HDD  Disponible en 2 colores  Las especificaciones est\u00e1n sujetas a cambios sin previo aviso. Los productos y modelos pueden variar seg\u00fan la regi\u00f3n. P\u00f3ngase en contacto con su distribuidor local para obtener m\u00e1s informaci\u00f3n.","og_url":"https:\/\/aerocool.io\/la\/wp-json\/wp\/v2\/product\/108511\/","og_site_name":"AeroCool","article_modified_time":"2023-02-06T08:53:18+00:00","og_image":[{"width":700,"height":700,"url":"https:\/\/aerocool.io\/wp-content\/uploads\/2018\/05\/AeroCool-Cylon-Product-Gallery.png","type":"image\/png"}],"twitter_card":"summary_large_image","schema":{"@context":"https:\/\/schema.org","@graph":[{"@type":"WebPage","@id":"https:\/\/aerocool.io\/la\/wp-json\/wp\/v2\/product\/108511\/","url":"https:\/\/aerocool.io\/la\/wp-json\/wp\/v2\/product\/108511\/","name":"Cylon - AeroCool","isPartOf":{"@id":"https:\/\/aerocool.io\/#website"},"primaryImageOfPage":{"@id":"https:\/\/aerocool.io\/la\/product\/cylon\/#primaryimage"},"image":{"@id":"https:\/\/aerocool.io\/la\/product\/cylon\/#primaryimage"},"thumbnailUrl":"https:\/\/aerocool.io\/wp-content\/uploads\/2018\/05\/AeroCool-Cylon-Product-Gallery.png","datePublished":"2018-05-13T15:19:50+00:00","dateModified":"2023-02-06T08:53:18+00:00","breadcrumb":{"@id":"https:\/\/aerocool.io\/la\/product\/cylon\/#breadcrumb"},"inLanguage":"la-LA","potentialAction":[{"@type":"ReadAction","target":["https:\/\/aerocool.io\/la\/product\/cylon\/"]}]},{"@type":"ImageObject","inLanguage":"la-LA","@id":"https:\/\/aerocool.io\/la\/product\/cylon\/#primaryimage","url":"https:\/\/aerocool.io\/wp-content\/uploads\/2018\/05\/AeroCool-Cylon-Product-Gallery.png","contentUrl":"https:\/\/aerocool.io\/wp-content\/uploads\/2018\/05\/AeroCool-Cylon-Product-Gallery.png","width":700,"height":700},{"@type":"BreadcrumbList","@id":"https:\/\/aerocool.io\/la\/product\/cylon\/#breadcrumb","itemListElement":[{"@type":"ListItem","position":1,"name":"Home","item":"https:\/\/aerocool.io\/la\/"},{"@type":"ListItem","position":2,"name":"Shop","item":"https:\/\/aerocool.io\/shop\/"},{"@type":"ListItem","position":3,"name":"Cylon"}]},{"@type":"WebSite","@id":"https:\/\/aerocool.io\/#website","url":"https:\/\/aerocool.io\/","name":"AeroCool","description":"Be Cool. Get AeroCool.","publisher":{"@id":"https:\/\/aerocool.io\/#organization"},"potentialAction":[{"@type":"SearchAction","target":{"@type":"EntryPoint","urlTemplate":"https:\/\/aerocool.io\/?s={search_term_string}"},"query-input":{"@type":"PropertyValueSpecification","valueRequired":true,"valueName":"search_term_string"}}],"inLanguage":"la-LA"},{"@type":"Organization","@id":"https:\/\/aerocool.io\/#organization","name":"Aerocool","url":"https:\/\/aerocool.io\/","logo":{"@type":"ImageObject","inLanguage":"la-LA","@id":"https:\/\/aerocool.io\/#\/schema\/logo\/image\/","url":"https:\/\/aerocool.io\/wp-content\/uploads\/2018\/03\/AeroCool-Web-White-Logo.png","contentUrl":"https:\/\/aerocool.io\/wp-content\/uploads\/2018\/03\/AeroCool-Web-White-Logo.png","width":500,"height":291,"caption":"Aerocool"},"image":{"@id":"https:\/\/aerocool.io\/#\/schema\/logo\/image\/"}}]}},"_links":{"self":[{"href":"https:\/\/aerocool.io\/la\/wp-json\/wp\/v2\/product\/108511"}],"collection":[{"href":"https:\/\/aerocool.io\/la\/wp-json\/wp\/v2\/product"}],"about":[{"href":"https:\/\/aerocool.io\/la\/wp-json\/wp\/v2\/types\/product"}],"version-history":[{"count":0,"href":"https:\/\/aerocool.io\/la\/wp-json\/wp\/v2\/product\/108511\/revisions"}],"wp:featuredmedia":[{"embeddable":true,"href":"https:\/\/aerocool.io\/la\/wp-json\/wp\/v2\/media\/94219"}],"wp:attachment":[{"href":"https:\/\/aerocool.io\/la\/wp-json\/wp\/v2\/media?parent=108511"}],"wp:term":[{"taxonomy":"product_brand","embeddable":true,"href":"https:\/\/aerocool.io\/la\/wp-json\/wp\/v2\/product_brand?post=108511"},{"taxonomy":"product_cat","embeddable":true,"href":"https:\/\/aerocool.io\/la\/wp-json\/wp\/v2\/product_cat?post=108511"},{"taxonomy":"product_tag","embeddable":true,"href":"https:\/\/aerocool.io\/la\/wp-json\/wp\/v2\/product_tag?post=108511"}],"curies":[{"name":"wp","href":"https:\/\/api.w.org\/{rel}","templated":true}]}}