{"id":108523,"date":"2018-11-07T09:17:08","date_gmt":"2018-11-07T09:17:08","guid":{"rendered":"https:\/\/aerocool.io\/product\/cylon-mini\/"},"modified":"2023-02-17T11:02:28","modified_gmt":"2023-02-17T03:02:28","slug":"cylon-mini","status":"publish","type":"product","link":"https:\/\/aerocool.io\/la\/product\/cylon-mini\/","title":{"rendered":"Cylon Mini"},"content":{"rendered":"","protected":false},"excerpt":{"rendered":"<h3>GABINETE MINI TORRE RGB<\/h3>\n<p>Cylon Mini es una caja microATX\/mini-ITX cuenta con iluminaci\u00f3n LED RGB, un dise\u00f1o gaming moderno y elegante, y una estructura optimizada para aprovechar el espacio al m\u00e1ximo. Disfruta de las ventajas de una caja compacta, con la mejor iluminaci\u00f3n gaming y las prestaciones necesarias para conseguir una estaci\u00f3n de juego de \u00faltima generaci\u00f3n.<\/p>\n<ul>\n<li>Elegante franja LED en el panel frontal con hasta 13 modos de iluminaci\u00f3n<\/li>\n<li>Panel lateral total acr\u00edlico para mostrar el interior de tu caja<\/li>\n<li>Soporta ventilaci\u00f3n en la parte frontal y trasera de la caja<\/li>\n<li>Soporta tarjetas gr\u00e1ficas de gama alta de hasta 300mm<\/li>\n<li>Soporta disipadores de hasta 147mm<\/li>\n<li>Soporta 2 HDDs de 3.5\u2033 y 3 HDDs\/SSDs de 2.5\u2033<\/li>\n<\/ul>\n<p><em>Las especificaciones est\u00e1n sujetas a cambios sin previo aviso.<br \/>\nLos productos y modelos pueden variar seg\u00fan la regi\u00f3n.<br \/>\nP\u00f3ngase en contacto con su distribuidor local para obtener m\u00e1s informaci\u00f3n.<br \/>\n[us_btn label=\"Donde comprar\" link=\"url:https%3A%2F%2Faerocool.io%2Fwhere-to-buy%2F|title:Where%20to%20Buy|target:%20_blank|\" text=\"Download\"]<\/em><\/p>\n","protected":false},"featured_media":95283,"template":"","meta":{"_acf_changed":false,"footnotes":""},"product_brand":[],"product_cat":[1530,1524,1564,1520,1558,1559,1542,1716,1547],"product_tag":[],"class_list":{"0":"post-108523","1":"product","2":"type-product","3":"status-publish","4":"has-post-thumbnail","6":"product_cat-2-3-5-drive-bays-la","7":"product_cat-3-2-5-drive-bays-la","8":"product_cat-full-acrylic-la","9":"product_cat-cases-la","10":"product_cat-micro-atx-la","11":"product_cat-mini-itx-la","12":"product_cat-mini-tower-la","13":"product_cat-pgs-v-la","14":"product_cat-cases-led-rgb-la","16":"first","17":"instock","18":"shipping-taxable","19":"product-type-simple"},"acf":[],"yoast_head":"<!-- This site is optimized with the Yoast SEO plugin v25.6 - https:\/\/yoast.com\/wordpress\/plugins\/seo\/ -->\n<title>Cylon Mini - AeroCool<\/title>\n<meta name=\"robots\" content=\"index, follow, max-snippet:-1, max-image-preview:large, max-video-preview:-1\" \/>\n<link rel=\"canonical\" href=\"https:\/\/aerocool.io\/la\/wp-json\/wp\/v2\/product\/108523\/\" \/>\n<meta property=\"og:locale\" content=\"en_US\" \/>\n<meta property=\"og:type\" content=\"article\" \/>\n<meta property=\"og:title\" content=\"Cylon Mini - AeroCool\" \/>\n<meta property=\"og:description\" content=\"GABINETE MINI TORRE RGB Cylon Mini es una caja microATX\/mini-ITX cuenta con iluminaci\u00f3n LED RGB, un dise\u00f1o gaming moderno y elegante, y una estructura optimizada para aprovechar el espacio al m\u00e1ximo. Disfruta de las ventajas de una caja compacta, con la mejor iluminaci\u00f3n gaming y las prestaciones necesarias para conseguir una estaci\u00f3n de juego de \u00faltima generaci\u00f3n.   Elegante franja LED en el panel frontal con hasta 13 modos de iluminaci\u00f3n  Panel lateral total acr\u00edlico para mostrar el interior de tu caja  Soporta ventilaci\u00f3n en la parte frontal y trasera de la caja  Soporta tarjetas gr\u00e1ficas de gama alta de hasta 300mm  Soporta disipadores de hasta 147mm  Soporta 2 HDDs de 3.5\u2033 y 3 HDDs\/SSDs de 2.5\u2033  Las especificaciones est\u00e1n sujetas a cambios sin previo aviso. Los productos y modelos pueden variar seg\u00fan la regi\u00f3n. P\u00f3ngase en contacto con su distribuidor local para obtener m\u00e1s informaci\u00f3n.\" \/>\n<meta property=\"og:url\" content=\"https:\/\/aerocool.io\/la\/wp-json\/wp\/v2\/product\/108523\/\" \/>\n<meta property=\"og:site_name\" content=\"AeroCool\" \/>\n<meta property=\"article:modified_time\" content=\"2023-02-17T03:02:28+00:00\" \/>\n<meta property=\"og:image\" content=\"https:\/\/aerocool.io\/wp-content\/uploads\/2018\/11\/Cylon-Mini-Tempered-Glass-Infographics-700x700px.jpg\" \/>\n\t<meta property=\"og:image:width\" content=\"700\" \/>\n\t<meta property=\"og:image:height\" content=\"700\" \/>\n\t<meta property=\"og:image:type\" content=\"image\/jpeg\" \/>\n<meta name=\"twitter:card\" content=\"summary_large_image\" \/>\n<meta name=\"twitter:label1\" content=\"Est. reading time\" \/>\n\t<meta name=\"twitter:data1\" content=\"2 minutes\" \/>\n<script type=\"application\/ld+json\" class=\"yoast-schema-graph\">{\"@context\":\"https:\/\/schema.org\",\"@graph\":[{\"@type\":\"WebPage\",\"@id\":\"https:\/\/aerocool.io\/la\/wp-json\/wp\/v2\/product\/108523\/\",\"url\":\"https:\/\/aerocool.io\/la\/wp-json\/wp\/v2\/product\/108523\/\",\"name\":\"Cylon Mini - AeroCool\",\"isPartOf\":{\"@id\":\"https:\/\/aerocool.io\/#website\"},\"primaryImageOfPage\":{\"@id\":\"https:\/\/aerocool.io\/la\/product\/cylon-mini\/#primaryimage\"},\"image\":{\"@id\":\"https:\/\/aerocool.io\/la\/product\/cylon-mini\/#primaryimage\"},\"thumbnailUrl\":\"https:\/\/aerocool.io\/wp-content\/uploads\/2018\/11\/Cylon-Mini-Tempered-Glass-Infographics-700x700px.jpg\",\"datePublished\":\"2018-11-07T09:17:08+00:00\",\"dateModified\":\"2023-02-17T03:02:28+00:00\",\"breadcrumb\":{\"@id\":\"https:\/\/aerocool.io\/la\/product\/cylon-mini\/#breadcrumb\"},\"inLanguage\":\"la-LA\",\"potentialAction\":[{\"@type\":\"ReadAction\",\"target\":[\"https:\/\/aerocool.io\/la\/product\/cylon-mini\/\"]}]},{\"@type\":\"ImageObject\",\"inLanguage\":\"la-LA\",\"@id\":\"https:\/\/aerocool.io\/la\/product\/cylon-mini\/#primaryimage\",\"url\":\"https:\/\/aerocool.io\/wp-content\/uploads\/2018\/11\/Cylon-Mini-Tempered-Glass-Infographics-700x700px.jpg\",\"contentUrl\":\"https:\/\/aerocool.io\/wp-content\/uploads\/2018\/11\/Cylon-Mini-Tempered-Glass-Infographics-700x700px.jpg\",\"width\":700,\"height\":700},{\"@type\":\"BreadcrumbList\",\"@id\":\"https:\/\/aerocool.io\/la\/product\/cylon-mini\/#breadcrumb\",\"itemListElement\":[{\"@type\":\"ListItem\",\"position\":1,\"name\":\"Home\",\"item\":\"https:\/\/aerocool.io\/la\/\"},{\"@type\":\"ListItem\",\"position\":2,\"name\":\"Shop\",\"item\":\"https:\/\/aerocool.io\/shop\/\"},{\"@type\":\"ListItem\",\"position\":3,\"name\":\"Cylon Mini\"}]},{\"@type\":\"WebSite\",\"@id\":\"https:\/\/aerocool.io\/#website\",\"url\":\"https:\/\/aerocool.io\/\",\"name\":\"AeroCool\",\"description\":\"Be Cool. Get AeroCool.\",\"publisher\":{\"@id\":\"https:\/\/aerocool.io\/#organization\"},\"potentialAction\":[{\"@type\":\"SearchAction\",\"target\":{\"@type\":\"EntryPoint\",\"urlTemplate\":\"https:\/\/aerocool.io\/?s={search_term_string}\"},\"query-input\":{\"@type\":\"PropertyValueSpecification\",\"valueRequired\":true,\"valueName\":\"search_term_string\"}}],\"inLanguage\":\"la-LA\"},{\"@type\":\"Organization\",\"@id\":\"https:\/\/aerocool.io\/#organization\",\"name\":\"Aerocool\",\"url\":\"https:\/\/aerocool.io\/\",\"logo\":{\"@type\":\"ImageObject\",\"inLanguage\":\"la-LA\",\"@id\":\"https:\/\/aerocool.io\/#\/schema\/logo\/image\/\",\"url\":\"https:\/\/aerocool.io\/wp-content\/uploads\/2018\/03\/AeroCool-Web-White-Logo.png\",\"contentUrl\":\"https:\/\/aerocool.io\/wp-content\/uploads\/2018\/03\/AeroCool-Web-White-Logo.png\",\"width\":500,\"height\":291,\"caption\":\"Aerocool\"},\"image\":{\"@id\":\"https:\/\/aerocool.io\/#\/schema\/logo\/image\/\"}}]}<\/script>\n<!-- \/ Yoast SEO plugin. -->","yoast_head_json":{"title":"Cylon Mini - AeroCool","robots":{"index":"index","follow":"follow","max-snippet":"max-snippet:-1","max-image-preview":"max-image-preview:large","max-video-preview":"max-video-preview:-1"},"canonical":"https:\/\/aerocool.io\/la\/wp-json\/wp\/v2\/product\/108523\/","og_locale":"en_US","og_type":"article","og_title":"Cylon Mini - AeroCool","og_description":"GABINETE MINI TORRE RGB Cylon Mini es una caja microATX\/mini-ITX cuenta con iluminaci\u00f3n LED RGB, un dise\u00f1o gaming moderno y elegante, y una estructura optimizada para aprovechar el espacio al m\u00e1ximo. Disfruta de las ventajas de una caja compacta, con la mejor iluminaci\u00f3n gaming y las prestaciones necesarias para conseguir una estaci\u00f3n de juego de \u00faltima generaci\u00f3n.   Elegante franja LED en el panel frontal con hasta 13 modos de iluminaci\u00f3n  Panel lateral total acr\u00edlico para mostrar el interior de tu caja  Soporta ventilaci\u00f3n en la parte frontal y trasera de la caja  Soporta tarjetas gr\u00e1ficas de gama alta de hasta 300mm  Soporta disipadores de hasta 147mm  Soporta 2 HDDs de 3.5\u2033 y 3 HDDs\/SSDs de 2.5\u2033  Las especificaciones est\u00e1n sujetas a cambios sin previo aviso. Los productos y modelos pueden variar seg\u00fan la regi\u00f3n. P\u00f3ngase en contacto con su distribuidor local para obtener m\u00e1s informaci\u00f3n.","og_url":"https:\/\/aerocool.io\/la\/wp-json\/wp\/v2\/product\/108523\/","og_site_name":"AeroCool","article_modified_time":"2023-02-17T03:02:28+00:00","og_image":[{"width":700,"height":700,"url":"https:\/\/aerocool.io\/wp-content\/uploads\/2018\/11\/Cylon-Mini-Tempered-Glass-Infographics-700x700px.jpg","type":"image\/jpeg"}],"twitter_card":"summary_large_image","twitter_misc":{"Est. reading time":"2 minutes"},"schema":{"@context":"https:\/\/schema.org","@graph":[{"@type":"WebPage","@id":"https:\/\/aerocool.io\/la\/wp-json\/wp\/v2\/product\/108523\/","url":"https:\/\/aerocool.io\/la\/wp-json\/wp\/v2\/product\/108523\/","name":"Cylon Mini - AeroCool","isPartOf":{"@id":"https:\/\/aerocool.io\/#website"},"primaryImageOfPage":{"@id":"https:\/\/aerocool.io\/la\/product\/cylon-mini\/#primaryimage"},"image":{"@id":"https:\/\/aerocool.io\/la\/product\/cylon-mini\/#primaryimage"},"thumbnailUrl":"https:\/\/aerocool.io\/wp-content\/uploads\/2018\/11\/Cylon-Mini-Tempered-Glass-Infographics-700x700px.jpg","datePublished":"2018-11-07T09:17:08+00:00","dateModified":"2023-02-17T03:02:28+00:00","breadcrumb":{"@id":"https:\/\/aerocool.io\/la\/product\/cylon-mini\/#breadcrumb"},"inLanguage":"la-LA","potentialAction":[{"@type":"ReadAction","target":["https:\/\/aerocool.io\/la\/product\/cylon-mini\/"]}]},{"@type":"ImageObject","inLanguage":"la-LA","@id":"https:\/\/aerocool.io\/la\/product\/cylon-mini\/#primaryimage","url":"https:\/\/aerocool.io\/wp-content\/uploads\/2018\/11\/Cylon-Mini-Tempered-Glass-Infographics-700x700px.jpg","contentUrl":"https:\/\/aerocool.io\/wp-content\/uploads\/2018\/11\/Cylon-Mini-Tempered-Glass-Infographics-700x700px.jpg","width":700,"height":700},{"@type":"BreadcrumbList","@id":"https:\/\/aerocool.io\/la\/product\/cylon-mini\/#breadcrumb","itemListElement":[{"@type":"ListItem","position":1,"name":"Home","item":"https:\/\/aerocool.io\/la\/"},{"@type":"ListItem","position":2,"name":"Shop","item":"https:\/\/aerocool.io\/shop\/"},{"@type":"ListItem","position":3,"name":"Cylon Mini"}]},{"@type":"WebSite","@id":"https:\/\/aerocool.io\/#website","url":"https:\/\/aerocool.io\/","name":"AeroCool","description":"Be Cool. Get AeroCool.","publisher":{"@id":"https:\/\/aerocool.io\/#organization"},"potentialAction":[{"@type":"SearchAction","target":{"@type":"EntryPoint","urlTemplate":"https:\/\/aerocool.io\/?s={search_term_string}"},"query-input":{"@type":"PropertyValueSpecification","valueRequired":true,"valueName":"search_term_string"}}],"inLanguage":"la-LA"},{"@type":"Organization","@id":"https:\/\/aerocool.io\/#organization","name":"Aerocool","url":"https:\/\/aerocool.io\/","logo":{"@type":"ImageObject","inLanguage":"la-LA","@id":"https:\/\/aerocool.io\/#\/schema\/logo\/image\/","url":"https:\/\/aerocool.io\/wp-content\/uploads\/2018\/03\/AeroCool-Web-White-Logo.png","contentUrl":"https:\/\/aerocool.io\/wp-content\/uploads\/2018\/03\/AeroCool-Web-White-Logo.png","width":500,"height":291,"caption":"Aerocool"},"image":{"@id":"https:\/\/aerocool.io\/#\/schema\/logo\/image\/"}}]}},"_links":{"self":[{"href":"https:\/\/aerocool.io\/la\/wp-json\/wp\/v2\/product\/108523"}],"collection":[{"href":"https:\/\/aerocool.io\/la\/wp-json\/wp\/v2\/product"}],"about":[{"href":"https:\/\/aerocool.io\/la\/wp-json\/wp\/v2\/types\/product"}],"version-history":[{"count":0,"href":"https:\/\/aerocool.io\/la\/wp-json\/wp\/v2\/product\/108523\/revisions"}],"wp:featuredmedia":[{"embeddable":true,"href":"https:\/\/aerocool.io\/la\/wp-json\/wp\/v2\/media\/95283"}],"wp:attachment":[{"href":"https:\/\/aerocool.io\/la\/wp-json\/wp\/v2\/media?parent=108523"}],"wp:term":[{"taxonomy":"product_brand","embeddable":true,"href":"https:\/\/aerocool.io\/la\/wp-json\/wp\/v2\/product_brand?post=108523"},{"taxonomy":"product_cat","embeddable":true,"href":"https:\/\/aerocool.io\/la\/wp-json\/wp\/v2\/product_cat?post=108523"},{"taxonomy":"product_tag","embeddable":true,"href":"https:\/\/aerocool.io\/la\/wp-json\/wp\/v2\/product_tag?post=108523"}],"curies":[{"name":"wp","href":"https:\/\/api.w.org\/{rel}","templated":true}]}}