{"id":108530,"date":"2019-04-02T06:54:27","date_gmt":"2019-04-02T06:54:27","guid":{"rendered":"https:\/\/aerocool.io\/product\/cylon-pro\/"},"modified":"2021-06-28T16:06:48","modified_gmt":"2021-06-28T08:06:48","slug":"cylon-pro","status":"publish","type":"product","link":"https:\/\/aerocool.io\/la\/product\/cylon-pro\/","title":{"rendered":"Cylon Pro"},"content":{"rendered":"","protected":false},"excerpt":{"rendered":"<h3>CAJA MEDIA TORRE RGB<\/h3>\n<p><span style=\"font-weight: 400;\">El exclusivo dise\u00f1o RGB LED en el panel frontal ofrece una elegante apariencia. Incorpora un lado de ventana de acr\u00edlico para mostrar el interior de su plataforma para que todos lo vean. Las rejillas de ventilaci\u00f3n en el panel frontal aumentan el flujo de aire y la ventilaci\u00f3n para obtener un rendimiento superior de refrigeraci\u00f3n.<\/span><\/p>\n<p>Proporcione vida a su caja con 13 modos de iluminaci\u00f3n predeterminados que pueden controlarse f\u00e1cilmente mediante el bot\u00f3n de control LED.<\/p>\n<ul>\n<li>El exclusivo dise\u00f1o RGB LED en el panel frontal<\/li>\n<li>Equipado con 13 modos de iluminaci\u00f3n preestablecidos<\/li>\n<li>Panel lateral completamente acr\u00edlico<\/li>\n<li>Las rejillas de ventilaci\u00f3n en el panel frontal aumentan el flujo de aire<\/li>\n<li>Dise\u00f1o de c\u00e1mara doble para una ventilaci\u00f3n mejorada<\/li>\n<li>Soporta cooler de CPU de hasta 167 mm de altura<\/li>\n<li>Soporta tarjetas gr\u00e1ficas adicionales de calidad superior de hasta 359 mm<\/li>\n<\/ul>\n<p><em>Las especificaciones est\u00e1n sujetas a cambios sin previo aviso.<br \/>\nLos productos y modelos pueden variar seg\u00fan la regi\u00f3n.<br \/>\nP\u00f3ngase en contacto con su distribuidor local para obtener m\u00e1s informaci\u00f3n.<br \/>\n[us_btn label=\"Donde comprar\" link=\"url:https%3A%2F%2Faerocool.io%2Fwhere-to-buy%2F|title:Where%20to%20Buy|target:%20_blank|\" text=\"Download\"]<\/em><\/p>\n","protected":false},"featured_media":102493,"template":"","meta":{"_acf_changed":false,"footnotes":""},"product_brand":[],"product_cat":[1549,1530,1551,1525,1564,1555,1520,1558,1559,1719,1547,1541],"product_tag":[],"class_list":{"0":"post-108530","1":"product","2":"type-product","3":"status-publish","4":"has-post-thumbnail","6":"product_cat-120mm-la","7":"product_cat-2-3-5-drive-bays-la","8":"product_cat-240mm-la","9":"product_cat-4-2-5-drive-bays-la","10":"product_cat-full-acrylic-la","11":"product_cat-atx-la","12":"product_cat-cases-la","13":"product_cat-micro-atx-la","14":"product_cat-mini-itx-la","15":"product_cat-pgs-b-la","16":"product_cat-cases-led-rgb-la","17":"product_cat-mid-tower-la","19":"first","20":"instock","21":"shipping-taxable","22":"product-type-simple"},"acf":[],"yoast_head":"<!-- This site is optimized with the Yoast SEO plugin v25.6 - https:\/\/yoast.com\/wordpress\/plugins\/seo\/ -->\n<title>Cylon Pro - AeroCool<\/title>\n<meta name=\"robots\" content=\"index, follow, max-snippet:-1, max-image-preview:large, max-video-preview:-1\" \/>\n<link rel=\"canonical\" href=\"https:\/\/aerocool.io\/la\/wp-json\/wp\/v2\/product\/108530\/\" \/>\n<meta property=\"og:locale\" content=\"en_US\" \/>\n<meta property=\"og:type\" content=\"article\" \/>\n<meta property=\"og:title\" content=\"Cylon Pro - AeroCool\" \/>\n<meta property=\"og:description\" content=\"CAJA MEDIA TORRE RGB El exclusivo dise\u00f1o RGB LED en el panel frontal ofrece una elegante apariencia. Incorpora un lado de ventana de acr\u00edlico para mostrar el interior de su plataforma para que todos lo vean. Las rejillas de ventilaci\u00f3n en el panel frontal aumentan el flujo de aire y la ventilaci\u00f3n para obtener un rendimiento superior de refrigeraci\u00f3n.  Proporcione vida a su caja con 13 modos de iluminaci\u00f3n predeterminados que pueden controlarse f\u00e1cilmente mediante el bot\u00f3n de control LED.   El exclusivo dise\u00f1o RGB LED en el panel frontal  Equipado con 13 modos de iluminaci\u00f3n preestablecidos  Panel lateral completamente acr\u00edlico  Las rejillas de ventilaci\u00f3n en el panel frontal aumentan el flujo de aire  Dise\u00f1o de c\u00e1mara doble para una ventilaci\u00f3n mejorada  Soporta cooler de CPU de hasta 167 mm de altura  Soporta tarjetas gr\u00e1ficas adicionales de calidad superior de hasta 359 mm  Las especificaciones est\u00e1n sujetas a cambios sin previo aviso. Los productos y modelos pueden variar seg\u00fan la regi\u00f3n. P\u00f3ngase en contacto con su distribuidor local para obtener m\u00e1s informaci\u00f3n.\" \/>\n<meta property=\"og:url\" content=\"https:\/\/aerocool.io\/la\/wp-json\/wp\/v2\/product\/108530\/\" \/>\n<meta property=\"og:site_name\" content=\"AeroCool\" \/>\n<meta property=\"article:modified_time\" content=\"2021-06-28T08:06:48+00:00\" \/>\n<meta property=\"og:image\" content=\"https:\/\/aerocool.io\/wp-content\/uploads\/2019\/04\/Cylon-Pro-Infographic700x700-01.jpg\" \/>\n\t<meta property=\"og:image:width\" content=\"700\" \/>\n\t<meta property=\"og:image:height\" content=\"700\" \/>\n\t<meta property=\"og:image:type\" content=\"image\/jpeg\" \/>\n<meta name=\"twitter:card\" content=\"summary_large_image\" \/>\n<script type=\"application\/ld+json\" class=\"yoast-schema-graph\">{\"@context\":\"https:\/\/schema.org\",\"@graph\":[{\"@type\":\"WebPage\",\"@id\":\"https:\/\/aerocool.io\/la\/wp-json\/wp\/v2\/product\/108530\/\",\"url\":\"https:\/\/aerocool.io\/la\/wp-json\/wp\/v2\/product\/108530\/\",\"name\":\"Cylon Pro - AeroCool\",\"isPartOf\":{\"@id\":\"https:\/\/aerocool.io\/#website\"},\"primaryImageOfPage\":{\"@id\":\"https:\/\/aerocool.io\/la\/product\/cylon-pro\/#primaryimage\"},\"image\":{\"@id\":\"https:\/\/aerocool.io\/la\/product\/cylon-pro\/#primaryimage\"},\"thumbnailUrl\":\"https:\/\/aerocool.io\/wp-content\/uploads\/2019\/04\/Cylon-Pro-Infographic700x700-01.jpg\",\"datePublished\":\"2019-04-02T06:54:27+00:00\",\"dateModified\":\"2021-06-28T08:06:48+00:00\",\"breadcrumb\":{\"@id\":\"https:\/\/aerocool.io\/la\/product\/cylon-pro\/#breadcrumb\"},\"inLanguage\":\"la-LA\",\"potentialAction\":[{\"@type\":\"ReadAction\",\"target\":[\"https:\/\/aerocool.io\/la\/product\/cylon-pro\/\"]}]},{\"@type\":\"ImageObject\",\"inLanguage\":\"la-LA\",\"@id\":\"https:\/\/aerocool.io\/la\/product\/cylon-pro\/#primaryimage\",\"url\":\"https:\/\/aerocool.io\/wp-content\/uploads\/2019\/04\/Cylon-Pro-Infographic700x700-01.jpg\",\"contentUrl\":\"https:\/\/aerocool.io\/wp-content\/uploads\/2019\/04\/Cylon-Pro-Infographic700x700-01.jpg\",\"width\":700,\"height\":700},{\"@type\":\"BreadcrumbList\",\"@id\":\"https:\/\/aerocool.io\/la\/product\/cylon-pro\/#breadcrumb\",\"itemListElement\":[{\"@type\":\"ListItem\",\"position\":1,\"name\":\"Home\",\"item\":\"https:\/\/aerocool.io\/la\/\"},{\"@type\":\"ListItem\",\"position\":2,\"name\":\"Shop\",\"item\":\"https:\/\/aerocool.io\/shop\/\"},{\"@type\":\"ListItem\",\"position\":3,\"name\":\"Cylon Pro\"}]},{\"@type\":\"WebSite\",\"@id\":\"https:\/\/aerocool.io\/#website\",\"url\":\"https:\/\/aerocool.io\/\",\"name\":\"AeroCool\",\"description\":\"Be Cool. Get AeroCool.\",\"publisher\":{\"@id\":\"https:\/\/aerocool.io\/#organization\"},\"potentialAction\":[{\"@type\":\"SearchAction\",\"target\":{\"@type\":\"EntryPoint\",\"urlTemplate\":\"https:\/\/aerocool.io\/?s={search_term_string}\"},\"query-input\":{\"@type\":\"PropertyValueSpecification\",\"valueRequired\":true,\"valueName\":\"search_term_string\"}}],\"inLanguage\":\"la-LA\"},{\"@type\":\"Organization\",\"@id\":\"https:\/\/aerocool.io\/#organization\",\"name\":\"Aerocool\",\"url\":\"https:\/\/aerocool.io\/\",\"logo\":{\"@type\":\"ImageObject\",\"inLanguage\":\"la-LA\",\"@id\":\"https:\/\/aerocool.io\/#\/schema\/logo\/image\/\",\"url\":\"https:\/\/aerocool.io\/wp-content\/uploads\/2018\/03\/AeroCool-Web-White-Logo.png\",\"contentUrl\":\"https:\/\/aerocool.io\/wp-content\/uploads\/2018\/03\/AeroCool-Web-White-Logo.png\",\"width\":500,\"height\":291,\"caption\":\"Aerocool\"},\"image\":{\"@id\":\"https:\/\/aerocool.io\/#\/schema\/logo\/image\/\"}}]}<\/script>\n<!-- \/ Yoast SEO plugin. -->","yoast_head_json":{"title":"Cylon Pro - AeroCool","robots":{"index":"index","follow":"follow","max-snippet":"max-snippet:-1","max-image-preview":"max-image-preview:large","max-video-preview":"max-video-preview:-1"},"canonical":"https:\/\/aerocool.io\/la\/wp-json\/wp\/v2\/product\/108530\/","og_locale":"en_US","og_type":"article","og_title":"Cylon Pro - AeroCool","og_description":"CAJA MEDIA TORRE RGB El exclusivo dise\u00f1o RGB LED en el panel frontal ofrece una elegante apariencia. Incorpora un lado de ventana de acr\u00edlico para mostrar el interior de su plataforma para que todos lo vean. Las rejillas de ventilaci\u00f3n en el panel frontal aumentan el flujo de aire y la ventilaci\u00f3n para obtener un rendimiento superior de refrigeraci\u00f3n.  Proporcione vida a su caja con 13 modos de iluminaci\u00f3n predeterminados que pueden controlarse f\u00e1cilmente mediante el bot\u00f3n de control LED.   El exclusivo dise\u00f1o RGB LED en el panel frontal  Equipado con 13 modos de iluminaci\u00f3n preestablecidos  Panel lateral completamente acr\u00edlico  Las rejillas de ventilaci\u00f3n en el panel frontal aumentan el flujo de aire  Dise\u00f1o de c\u00e1mara doble para una ventilaci\u00f3n mejorada  Soporta cooler de CPU de hasta 167 mm de altura  Soporta tarjetas gr\u00e1ficas adicionales de calidad superior de hasta 359 mm  Las especificaciones est\u00e1n sujetas a cambios sin previo aviso. Los productos y modelos pueden variar seg\u00fan la regi\u00f3n. P\u00f3ngase en contacto con su distribuidor local para obtener m\u00e1s informaci\u00f3n.","og_url":"https:\/\/aerocool.io\/la\/wp-json\/wp\/v2\/product\/108530\/","og_site_name":"AeroCool","article_modified_time":"2021-06-28T08:06:48+00:00","og_image":[{"width":700,"height":700,"url":"https:\/\/aerocool.io\/wp-content\/uploads\/2019\/04\/Cylon-Pro-Infographic700x700-01.jpg","type":"image\/jpeg"}],"twitter_card":"summary_large_image","schema":{"@context":"https:\/\/schema.org","@graph":[{"@type":"WebPage","@id":"https:\/\/aerocool.io\/la\/wp-json\/wp\/v2\/product\/108530\/","url":"https:\/\/aerocool.io\/la\/wp-json\/wp\/v2\/product\/108530\/","name":"Cylon Pro - AeroCool","isPartOf":{"@id":"https:\/\/aerocool.io\/#website"},"primaryImageOfPage":{"@id":"https:\/\/aerocool.io\/la\/product\/cylon-pro\/#primaryimage"},"image":{"@id":"https:\/\/aerocool.io\/la\/product\/cylon-pro\/#primaryimage"},"thumbnailUrl":"https:\/\/aerocool.io\/wp-content\/uploads\/2019\/04\/Cylon-Pro-Infographic700x700-01.jpg","datePublished":"2019-04-02T06:54:27+00:00","dateModified":"2021-06-28T08:06:48+00:00","breadcrumb":{"@id":"https:\/\/aerocool.io\/la\/product\/cylon-pro\/#breadcrumb"},"inLanguage":"la-LA","potentialAction":[{"@type":"ReadAction","target":["https:\/\/aerocool.io\/la\/product\/cylon-pro\/"]}]},{"@type":"ImageObject","inLanguage":"la-LA","@id":"https:\/\/aerocool.io\/la\/product\/cylon-pro\/#primaryimage","url":"https:\/\/aerocool.io\/wp-content\/uploads\/2019\/04\/Cylon-Pro-Infographic700x700-01.jpg","contentUrl":"https:\/\/aerocool.io\/wp-content\/uploads\/2019\/04\/Cylon-Pro-Infographic700x700-01.jpg","width":700,"height":700},{"@type":"BreadcrumbList","@id":"https:\/\/aerocool.io\/la\/product\/cylon-pro\/#breadcrumb","itemListElement":[{"@type":"ListItem","position":1,"name":"Home","item":"https:\/\/aerocool.io\/la\/"},{"@type":"ListItem","position":2,"name":"Shop","item":"https:\/\/aerocool.io\/shop\/"},{"@type":"ListItem","position":3,"name":"Cylon Pro"}]},{"@type":"WebSite","@id":"https:\/\/aerocool.io\/#website","url":"https:\/\/aerocool.io\/","name":"AeroCool","description":"Be Cool. Get AeroCool.","publisher":{"@id":"https:\/\/aerocool.io\/#organization"},"potentialAction":[{"@type":"SearchAction","target":{"@type":"EntryPoint","urlTemplate":"https:\/\/aerocool.io\/?s={search_term_string}"},"query-input":{"@type":"PropertyValueSpecification","valueRequired":true,"valueName":"search_term_string"}}],"inLanguage":"la-LA"},{"@type":"Organization","@id":"https:\/\/aerocool.io\/#organization","name":"Aerocool","url":"https:\/\/aerocool.io\/","logo":{"@type":"ImageObject","inLanguage":"la-LA","@id":"https:\/\/aerocool.io\/#\/schema\/logo\/image\/","url":"https:\/\/aerocool.io\/wp-content\/uploads\/2018\/03\/AeroCool-Web-White-Logo.png","contentUrl":"https:\/\/aerocool.io\/wp-content\/uploads\/2018\/03\/AeroCool-Web-White-Logo.png","width":500,"height":291,"caption":"Aerocool"},"image":{"@id":"https:\/\/aerocool.io\/#\/schema\/logo\/image\/"}}]}},"_links":{"self":[{"href":"https:\/\/aerocool.io\/la\/wp-json\/wp\/v2\/product\/108530"}],"collection":[{"href":"https:\/\/aerocool.io\/la\/wp-json\/wp\/v2\/product"}],"about":[{"href":"https:\/\/aerocool.io\/la\/wp-json\/wp\/v2\/types\/product"}],"version-history":[{"count":0,"href":"https:\/\/aerocool.io\/la\/wp-json\/wp\/v2\/product\/108530\/revisions"}],"wp:featuredmedia":[{"embeddable":true,"href":"https:\/\/aerocool.io\/la\/wp-json\/wp\/v2\/media\/102493"}],"wp:attachment":[{"href":"https:\/\/aerocool.io\/la\/wp-json\/wp\/v2\/media?parent=108530"}],"wp:term":[{"taxonomy":"product_brand","embeddable":true,"href":"https:\/\/aerocool.io\/la\/wp-json\/wp\/v2\/product_brand?post=108530"},{"taxonomy":"product_cat","embeddable":true,"href":"https:\/\/aerocool.io\/la\/wp-json\/wp\/v2\/product_cat?post=108530"},{"taxonomy":"product_tag","embeddable":true,"href":"https:\/\/aerocool.io\/la\/wp-json\/wp\/v2\/product_tag?post=108530"}],"curies":[{"name":"wp","href":"https:\/\/api.w.org\/{rel}","templated":true}]}}