{"id":108537,"date":"2019-01-17T06:48:59","date_gmt":"2019-01-17T06:48:59","guid":{"rendered":"https:\/\/aerocool.io\/product\/klaw\/"},"modified":"2023-02-23T10:09:03","modified_gmt":"2023-02-23T02:09:03","slug":"klaw","status":"publish","type":"product","link":"https:\/\/aerocool.io\/la\/product\/klaw\/","title":{"rendered":"Klaw"},"content":{"rendered":"","protected":false},"excerpt":{"rendered":"<h3>CAJA MEDIA TORRE ARGB<\/h3>\n<p>La caja Klaw viene equipada con un panel frontal RGB de dise\u00f1o especial y tres ventiladores RGB de 120mm, dos superiores y uno trasero. Configura la iluminaci\u00f3n de tu Klaw de tres formas distintas: a trav\u00e9s del bot\u00f3n de control LED situado en el panel superior de la caja, mediante un mando a distancia infrarrojo o utilizando tu placa base RGB Addressable. Incluye un concentrador de 10 puertos con funciones de control PWM.<\/p>\n<ul>\n<li>Iluminaci\u00f3n frontal RGB Addressable<\/li>\n<li>3 ventiladores RGB Addressable de 120mm<\/li>\n<li>Soporte para refrigeraci\u00f3n l\u00edquida de hasta 280mm<\/li>\n<li>Soporte para hasta 6 ventiladores<\/li>\n<li>Hub de 10 puertos con funci\u00f3n de control PWM<\/li>\n<li>Dise\u00f1o de c\u00e1mara dual<\/li>\n<\/ul>\n<p><em>Las especificaciones est\u00e1n sujetas a cambios sin previo aviso.<br \/>\nLos productos y modelos pueden variar seg\u00fan la regi\u00f3n.<br \/>\nP\u00f3ngase en contacto con su distribuidor local para obtener m\u00e1s informaci\u00f3n.<br \/>\n[us_btn label=\"Donde comprar\" link=\"url:https%3A%2F%2Faerocool.io%2Fwhere-to-buy%2F|title:Where%20to%20Buy|target:%20_blank|\" text=\"Download\"]<br \/>\n<\/em><\/p>\n","protected":false},"featured_media":97453,"template":"","meta":{"_acf_changed":false,"footnotes":""},"product_brand":[],"product_cat":[1527,1549,1530,1551,1552,1555,1520,1558,1559,1719,1547,1541,1565],"product_tag":[],"class_list":{"0":"post-108537","1":"product","2":"type-product","3":"status-publish","4":"has-post-thumbnail","6":"product_cat-6-2-5-drive-bays-la","7":"product_cat-120mm-la","8":"product_cat-2-3-5-drive-bays-la","9":"product_cat-240mm-la","10":"product_cat-280mm-la","11":"product_cat-atx-la","12":"product_cat-cases-la","13":"product_cat-micro-atx-la","14":"product_cat-mini-itx-la","15":"product_cat-pgs-b-la","16":"product_cat-cases-led-rgb-la","17":"product_cat-mid-tower-la","18":"product_cat-full-tempered-glass-la","20":"first","21":"instock","22":"shipping-taxable","23":"product-type-simple"},"acf":[],"yoast_head":"<!-- This site is optimized with the Yoast SEO plugin v25.6 - https:\/\/yoast.com\/wordpress\/plugins\/seo\/ -->\n<title>Klaw - AeroCool<\/title>\n<meta name=\"robots\" content=\"index, follow, max-snippet:-1, max-image-preview:large, max-video-preview:-1\" \/>\n<link rel=\"canonical\" href=\"https:\/\/aerocool.io\/la\/wp-json\/wp\/v2\/product\/108537\/\" \/>\n<meta property=\"og:locale\" content=\"en_US\" \/>\n<meta property=\"og:type\" content=\"article\" \/>\n<meta property=\"og:title\" content=\"Klaw - AeroCool\" \/>\n<meta property=\"og:description\" content=\"CAJA MEDIA TORRE ARGB La caja Klaw viene equipada con un panel frontal RGB de dise\u00f1o especial y tres ventiladores RGB de 120mm, dos superiores y uno trasero. Configura la iluminaci\u00f3n de tu Klaw de tres formas distintas: a trav\u00e9s del bot\u00f3n de control LED situado en el panel superior de la caja, mediante un mando a distancia infrarrojo o utilizando tu placa base RGB Addressable. Incluye un concentrador de 10 puertos con funciones de control PWM.   Iluminaci\u00f3n frontal RGB Addressable  3 ventiladores RGB Addressable de 120mm  Soporte para refrigeraci\u00f3n l\u00edquida de hasta 280mm  Soporte para hasta 6 ventiladores  Hub de 10 puertos con funci\u00f3n de control PWM  Dise\u00f1o de c\u00e1mara dual  Las especificaciones est\u00e1n sujetas a cambios sin previo aviso. Los productos y modelos pueden variar seg\u00fan la regi\u00f3n. P\u00f3ngase en contacto con su distribuidor local para obtener m\u00e1s informaci\u00f3n.\" \/>\n<meta property=\"og:url\" content=\"https:\/\/aerocool.io\/la\/wp-json\/wp\/v2\/product\/108537\/\" \/>\n<meta property=\"og:site_name\" content=\"AeroCool\" \/>\n<meta property=\"article:modified_time\" content=\"2023-02-23T02:09:03+00:00\" \/>\n<meta property=\"og:image\" content=\"https:\/\/aerocool.io\/wp-content\/uploads\/2019\/01\/Klaw-Infographic700x700-01.jpg\" \/>\n\t<meta property=\"og:image:width\" content=\"700\" \/>\n\t<meta property=\"og:image:height\" content=\"700\" \/>\n\t<meta property=\"og:image:type\" content=\"image\/jpeg\" \/>\n<meta name=\"twitter:card\" content=\"summary_large_image\" \/>\n<script type=\"application\/ld+json\" class=\"yoast-schema-graph\">{\"@context\":\"https:\/\/schema.org\",\"@graph\":[{\"@type\":\"WebPage\",\"@id\":\"https:\/\/aerocool.io\/la\/wp-json\/wp\/v2\/product\/108537\/\",\"url\":\"https:\/\/aerocool.io\/la\/wp-json\/wp\/v2\/product\/108537\/\",\"name\":\"Klaw - AeroCool\",\"isPartOf\":{\"@id\":\"https:\/\/aerocool.io\/#website\"},\"primaryImageOfPage\":{\"@id\":\"https:\/\/aerocool.io\/la\/product\/klaw\/#primaryimage\"},\"image\":{\"@id\":\"https:\/\/aerocool.io\/la\/product\/klaw\/#primaryimage\"},\"thumbnailUrl\":\"https:\/\/aerocool.io\/wp-content\/uploads\/2019\/01\/Klaw-Infographic700x700-01.jpg\",\"datePublished\":\"2019-01-17T06:48:59+00:00\",\"dateModified\":\"2023-02-23T02:09:03+00:00\",\"breadcrumb\":{\"@id\":\"https:\/\/aerocool.io\/la\/product\/klaw\/#breadcrumb\"},\"inLanguage\":\"la-LA\",\"potentialAction\":[{\"@type\":\"ReadAction\",\"target\":[\"https:\/\/aerocool.io\/la\/product\/klaw\/\"]}]},{\"@type\":\"ImageObject\",\"inLanguage\":\"la-LA\",\"@id\":\"https:\/\/aerocool.io\/la\/product\/klaw\/#primaryimage\",\"url\":\"https:\/\/aerocool.io\/wp-content\/uploads\/2019\/01\/Klaw-Infographic700x700-01.jpg\",\"contentUrl\":\"https:\/\/aerocool.io\/wp-content\/uploads\/2019\/01\/Klaw-Infographic700x700-01.jpg\",\"width\":700,\"height\":700},{\"@type\":\"BreadcrumbList\",\"@id\":\"https:\/\/aerocool.io\/la\/product\/klaw\/#breadcrumb\",\"itemListElement\":[{\"@type\":\"ListItem\",\"position\":1,\"name\":\"Home\",\"item\":\"https:\/\/aerocool.io\/la\/\"},{\"@type\":\"ListItem\",\"position\":2,\"name\":\"Shop\",\"item\":\"https:\/\/aerocool.io\/shop\/\"},{\"@type\":\"ListItem\",\"position\":3,\"name\":\"Klaw\"}]},{\"@type\":\"WebSite\",\"@id\":\"https:\/\/aerocool.io\/#website\",\"url\":\"https:\/\/aerocool.io\/\",\"name\":\"AeroCool\",\"description\":\"Be Cool. Get AeroCool.\",\"publisher\":{\"@id\":\"https:\/\/aerocool.io\/#organization\"},\"potentialAction\":[{\"@type\":\"SearchAction\",\"target\":{\"@type\":\"EntryPoint\",\"urlTemplate\":\"https:\/\/aerocool.io\/?s={search_term_string}\"},\"query-input\":{\"@type\":\"PropertyValueSpecification\",\"valueRequired\":true,\"valueName\":\"search_term_string\"}}],\"inLanguage\":\"la-LA\"},{\"@type\":\"Organization\",\"@id\":\"https:\/\/aerocool.io\/#organization\",\"name\":\"Aerocool\",\"url\":\"https:\/\/aerocool.io\/\",\"logo\":{\"@type\":\"ImageObject\",\"inLanguage\":\"la-LA\",\"@id\":\"https:\/\/aerocool.io\/#\/schema\/logo\/image\/\",\"url\":\"https:\/\/aerocool.io\/wp-content\/uploads\/2018\/03\/AeroCool-Web-White-Logo.png\",\"contentUrl\":\"https:\/\/aerocool.io\/wp-content\/uploads\/2018\/03\/AeroCool-Web-White-Logo.png\",\"width\":500,\"height\":291,\"caption\":\"Aerocool\"},\"image\":{\"@id\":\"https:\/\/aerocool.io\/#\/schema\/logo\/image\/\"}}]}<\/script>\n<!-- \/ Yoast SEO plugin. -->","yoast_head_json":{"title":"Klaw - AeroCool","robots":{"index":"index","follow":"follow","max-snippet":"max-snippet:-1","max-image-preview":"max-image-preview:large","max-video-preview":"max-video-preview:-1"},"canonical":"https:\/\/aerocool.io\/la\/wp-json\/wp\/v2\/product\/108537\/","og_locale":"en_US","og_type":"article","og_title":"Klaw - AeroCool","og_description":"CAJA MEDIA TORRE ARGB La caja Klaw viene equipada con un panel frontal RGB de dise\u00f1o especial y tres ventiladores RGB de 120mm, dos superiores y uno trasero. Configura la iluminaci\u00f3n de tu Klaw de tres formas distintas: a trav\u00e9s del bot\u00f3n de control LED situado en el panel superior de la caja, mediante un mando a distancia infrarrojo o utilizando tu placa base RGB Addressable. Incluye un concentrador de 10 puertos con funciones de control PWM.   Iluminaci\u00f3n frontal RGB Addressable  3 ventiladores RGB Addressable de 120mm  Soporte para refrigeraci\u00f3n l\u00edquida de hasta 280mm  Soporte para hasta 6 ventiladores  Hub de 10 puertos con funci\u00f3n de control PWM  Dise\u00f1o de c\u00e1mara dual  Las especificaciones est\u00e1n sujetas a cambios sin previo aviso. Los productos y modelos pueden variar seg\u00fan la regi\u00f3n. P\u00f3ngase en contacto con su distribuidor local para obtener m\u00e1s informaci\u00f3n.","og_url":"https:\/\/aerocool.io\/la\/wp-json\/wp\/v2\/product\/108537\/","og_site_name":"AeroCool","article_modified_time":"2023-02-23T02:09:03+00:00","og_image":[{"width":700,"height":700,"url":"https:\/\/aerocool.io\/wp-content\/uploads\/2019\/01\/Klaw-Infographic700x700-01.jpg","type":"image\/jpeg"}],"twitter_card":"summary_large_image","schema":{"@context":"https:\/\/schema.org","@graph":[{"@type":"WebPage","@id":"https:\/\/aerocool.io\/la\/wp-json\/wp\/v2\/product\/108537\/","url":"https:\/\/aerocool.io\/la\/wp-json\/wp\/v2\/product\/108537\/","name":"Klaw - AeroCool","isPartOf":{"@id":"https:\/\/aerocool.io\/#website"},"primaryImageOfPage":{"@id":"https:\/\/aerocool.io\/la\/product\/klaw\/#primaryimage"},"image":{"@id":"https:\/\/aerocool.io\/la\/product\/klaw\/#primaryimage"},"thumbnailUrl":"https:\/\/aerocool.io\/wp-content\/uploads\/2019\/01\/Klaw-Infographic700x700-01.jpg","datePublished":"2019-01-17T06:48:59+00:00","dateModified":"2023-02-23T02:09:03+00:00","breadcrumb":{"@id":"https:\/\/aerocool.io\/la\/product\/klaw\/#breadcrumb"},"inLanguage":"la-LA","potentialAction":[{"@type":"ReadAction","target":["https:\/\/aerocool.io\/la\/product\/klaw\/"]}]},{"@type":"ImageObject","inLanguage":"la-LA","@id":"https:\/\/aerocool.io\/la\/product\/klaw\/#primaryimage","url":"https:\/\/aerocool.io\/wp-content\/uploads\/2019\/01\/Klaw-Infographic700x700-01.jpg","contentUrl":"https:\/\/aerocool.io\/wp-content\/uploads\/2019\/01\/Klaw-Infographic700x700-01.jpg","width":700,"height":700},{"@type":"BreadcrumbList","@id":"https:\/\/aerocool.io\/la\/product\/klaw\/#breadcrumb","itemListElement":[{"@type":"ListItem","position":1,"name":"Home","item":"https:\/\/aerocool.io\/la\/"},{"@type":"ListItem","position":2,"name":"Shop","item":"https:\/\/aerocool.io\/shop\/"},{"@type":"ListItem","position":3,"name":"Klaw"}]},{"@type":"WebSite","@id":"https:\/\/aerocool.io\/#website","url":"https:\/\/aerocool.io\/","name":"AeroCool","description":"Be Cool. Get AeroCool.","publisher":{"@id":"https:\/\/aerocool.io\/#organization"},"potentialAction":[{"@type":"SearchAction","target":{"@type":"EntryPoint","urlTemplate":"https:\/\/aerocool.io\/?s={search_term_string}"},"query-input":{"@type":"PropertyValueSpecification","valueRequired":true,"valueName":"search_term_string"}}],"inLanguage":"la-LA"},{"@type":"Organization","@id":"https:\/\/aerocool.io\/#organization","name":"Aerocool","url":"https:\/\/aerocool.io\/","logo":{"@type":"ImageObject","inLanguage":"la-LA","@id":"https:\/\/aerocool.io\/#\/schema\/logo\/image\/","url":"https:\/\/aerocool.io\/wp-content\/uploads\/2018\/03\/AeroCool-Web-White-Logo.png","contentUrl":"https:\/\/aerocool.io\/wp-content\/uploads\/2018\/03\/AeroCool-Web-White-Logo.png","width":500,"height":291,"caption":"Aerocool"},"image":{"@id":"https:\/\/aerocool.io\/#\/schema\/logo\/image\/"}}]}},"_links":{"self":[{"href":"https:\/\/aerocool.io\/la\/wp-json\/wp\/v2\/product\/108537"}],"collection":[{"href":"https:\/\/aerocool.io\/la\/wp-json\/wp\/v2\/product"}],"about":[{"href":"https:\/\/aerocool.io\/la\/wp-json\/wp\/v2\/types\/product"}],"version-history":[{"count":0,"href":"https:\/\/aerocool.io\/la\/wp-json\/wp\/v2\/product\/108537\/revisions"}],"wp:featuredmedia":[{"embeddable":true,"href":"https:\/\/aerocool.io\/la\/wp-json\/wp\/v2\/media\/97453"}],"wp:attachment":[{"href":"https:\/\/aerocool.io\/la\/wp-json\/wp\/v2\/media?parent=108537"}],"wp:term":[{"taxonomy":"product_brand","embeddable":true,"href":"https:\/\/aerocool.io\/la\/wp-json\/wp\/v2\/product_brand?post=108537"},{"taxonomy":"product_cat","embeddable":true,"href":"https:\/\/aerocool.io\/la\/wp-json\/wp\/v2\/product_cat?post=108537"},{"taxonomy":"product_tag","embeddable":true,"href":"https:\/\/aerocool.io\/la\/wp-json\/wp\/v2\/product_tag?post=108537"}],"curies":[{"name":"wp","href":"https:\/\/api.w.org\/{rel}","templated":true}]}}