{"id":108539,"date":"2019-11-08T07:52:11","date_gmt":"2019-11-08T07:52:11","guid":{"rendered":"https:\/\/aerocool.io\/product\/nighthawk-duo\/"},"modified":"2021-06-24T14:15:42","modified_gmt":"2021-06-24T06:15:42","slug":"nighthawk-duo","status":"publish","type":"product","link":"https:\/\/aerocool.io\/la\/product\/nighthawk-duo\/","title":{"rendered":"NightHawk Duo"},"content":{"rendered":"","protected":false},"excerpt":{"rendered":"<h3>GABINETE MEDIA TORRE ARGB<\/h3>\n<p><span style=\"font-weight: 400;\">Incluye un panel lateral de vidrio templado para mostrar el interior del equipo. <\/span><span style=\"font-weight: 400;\">Con un dise\u00f1o de Panel Frontal de Acr\u00edlico, este gabinete permite una vista clara de sus ventiladores LED frontales. Compatible con placas base E-ATX, esta carcasa se ha dise\u00f1ado para conseguir el m\u00e1ximo rendimiento.<\/span><\/p>\n<p><span style=\"font-weight: 400;\">Se proporciona equipada con 2 ventiladores direccionables RGB de 20 cm en la parte frontal de la carcasa y un ventilador direccionable RGB de 12 cm en la parte trasera de la carcasa. Tome el control total de sus ventiladores RGB direccionables utilizando uno de los siguientes m\u00e9todos: Bot\u00f3n de control LED RGB o Placa base RGB direccionable. Incluye un concentrador de control RGB de 6 puertos.<\/span><\/p>\n<ul>\n<li>Incluye un concentrador de control RGB de 6 puertos<\/li>\n<li>Dise\u00f1o de Panel Frontal de Acr\u00edlico<\/li>\n<li>Incluye un panel lateral de vidrio templado para mostrar el interior del equipo<\/li>\n<li>Compatible con placas base E-ATX<\/li>\n<li>Soporta refrigeraci\u00f3n l\u00edquida en los paneles frontal, superior y trasero<\/li>\n<li>Dise\u00f1o de c\u00e1mara doble para una ventilaci\u00f3n mejorada<\/li>\n<\/ul>\n<p><em>Las especificaciones est\u00e1n sujetas a cambios sin previo aviso.<br \/>\nLos productos y modelos pueden variar seg\u00fan la regi\u00f3n.<br \/>\nP\u00f3ngase en contacto con su distribuidor local para obtener m\u00e1s informaci\u00f3n.<br \/>\n[us_btn label=\"Donde comprar\" link=\"url:https%3A%2F%2Faerocool.io%2Fwhere-to-buy%2F|title:Where%20to%20Buy|target:%20_blank|\" text=\"Download\"]<\/em><\/p>\n","protected":false},"featured_media":106313,"template":"","meta":{"_acf_changed":false,"footnotes":""},"product_brand":[],"product_cat":[1549,1530,1551,1552,1553,1525,1555,1520,1556,1558,1559,1547,1541,1565],"product_tag":[],"class_list":{"0":"post-108539","1":"product","2":"type-product","3":"status-publish","4":"has-post-thumbnail","6":"product_cat-120mm-la","7":"product_cat-2-3-5-drive-bays-la","8":"product_cat-240mm-la","9":"product_cat-280mm-la","10":"product_cat-360mm-la","11":"product_cat-4-2-5-drive-bays-la","12":"product_cat-atx-la","13":"product_cat-cases-la","14":"product_cat-e-atx-la","15":"product_cat-micro-atx-la","16":"product_cat-mini-itx-la","17":"product_cat-cases-led-rgb-la","18":"product_cat-mid-tower-la","19":"product_cat-full-tempered-glass-la","21":"first","22":"instock","23":"shipping-taxable","24":"product-type-simple"},"acf":[],"yoast_head":"<!-- This site is optimized with the Yoast SEO plugin v25.6 - https:\/\/yoast.com\/wordpress\/plugins\/seo\/ -->\n<title>NightHawk Duo - AeroCool<\/title>\n<meta name=\"robots\" content=\"index, follow, max-snippet:-1, max-image-preview:large, max-video-preview:-1\" \/>\n<link rel=\"canonical\" href=\"https:\/\/aerocool.io\/la\/wp-json\/wp\/v2\/product\/108539\/\" \/>\n<meta property=\"og:locale\" content=\"en_US\" \/>\n<meta property=\"og:type\" content=\"article\" \/>\n<meta property=\"og:title\" content=\"NightHawk Duo - AeroCool\" \/>\n<meta property=\"og:description\" content=\"GABINETE MEDIA TORRE ARGB Incluye un panel lateral de vidrio templado para mostrar el interior del equipo. Con un dise\u00f1o de Panel Frontal de Acr\u00edlico, este gabinete permite una vista clara de sus ventiladores LED frontales. Compatible con placas base E-ATX, esta carcasa se ha dise\u00f1ado para conseguir el m\u00e1ximo rendimiento.  Se proporciona equipada con 2 ventiladores direccionables RGB de 20 cm en la parte frontal de la carcasa y un ventilador direccionable RGB de 12 cm en la parte trasera de la carcasa. Tome el control total de sus ventiladores RGB direccionables utilizando uno de los siguientes m\u00e9todos: Bot\u00f3n de control LED RGB o Placa base RGB direccionable. Incluye un concentrador de control RGB de 6 puertos.   Incluye un concentrador de control RGB de 6 puertos  Dise\u00f1o de Panel Frontal de Acr\u00edlico  Incluye un panel lateral de vidrio templado para mostrar el interior del equipo  Compatible con placas base E-ATX  Soporta refrigeraci\u00f3n l\u00edquida en los paneles frontal, superior y trasero  Dise\u00f1o de c\u00e1mara doble para una ventilaci\u00f3n mejorada  Las especificaciones est\u00e1n sujetas a cambios sin previo aviso. Los productos y modelos pueden variar seg\u00fan la regi\u00f3n. P\u00f3ngase en contacto con su distribuidor local para obtener m\u00e1s informaci\u00f3n.\" \/>\n<meta property=\"og:url\" content=\"https:\/\/aerocool.io\/la\/wp-json\/wp\/v2\/product\/108539\/\" \/>\n<meta property=\"og:site_name\" content=\"AeroCool\" \/>\n<meta property=\"article:modified_time\" content=\"2021-06-24T06:15:42+00:00\" \/>\n<meta property=\"og:image\" content=\"https:\/\/aerocool.io\/wp-content\/uploads\/2019\/11\/NightHawk-Duo-Infographic700x700px-01.jpg\" \/>\n\t<meta property=\"og:image:width\" content=\"700\" \/>\n\t<meta property=\"og:image:height\" content=\"700\" \/>\n\t<meta property=\"og:image:type\" content=\"image\/jpeg\" \/>\n<meta name=\"twitter:card\" content=\"summary_large_image\" \/>\n<script type=\"application\/ld+json\" class=\"yoast-schema-graph\">{\"@context\":\"https:\/\/schema.org\",\"@graph\":[{\"@type\":\"WebPage\",\"@id\":\"https:\/\/aerocool.io\/la\/wp-json\/wp\/v2\/product\/108539\/\",\"url\":\"https:\/\/aerocool.io\/la\/wp-json\/wp\/v2\/product\/108539\/\",\"name\":\"NightHawk Duo - AeroCool\",\"isPartOf\":{\"@id\":\"https:\/\/aerocool.io\/#website\"},\"primaryImageOfPage\":{\"@id\":\"https:\/\/aerocool.io\/la\/product\/nighthawk-duo\/#primaryimage\"},\"image\":{\"@id\":\"https:\/\/aerocool.io\/la\/product\/nighthawk-duo\/#primaryimage\"},\"thumbnailUrl\":\"https:\/\/aerocool.io\/wp-content\/uploads\/2019\/11\/NightHawk-Duo-Infographic700x700px-01.jpg\",\"datePublished\":\"2019-11-08T07:52:11+00:00\",\"dateModified\":\"2021-06-24T06:15:42+00:00\",\"breadcrumb\":{\"@id\":\"https:\/\/aerocool.io\/la\/product\/nighthawk-duo\/#breadcrumb\"},\"inLanguage\":\"la-LA\",\"potentialAction\":[{\"@type\":\"ReadAction\",\"target\":[\"https:\/\/aerocool.io\/la\/product\/nighthawk-duo\/\"]}]},{\"@type\":\"ImageObject\",\"inLanguage\":\"la-LA\",\"@id\":\"https:\/\/aerocool.io\/la\/product\/nighthawk-duo\/#primaryimage\",\"url\":\"https:\/\/aerocool.io\/wp-content\/uploads\/2019\/11\/NightHawk-Duo-Infographic700x700px-01.jpg\",\"contentUrl\":\"https:\/\/aerocool.io\/wp-content\/uploads\/2019\/11\/NightHawk-Duo-Infographic700x700px-01.jpg\",\"width\":700,\"height\":700},{\"@type\":\"BreadcrumbList\",\"@id\":\"https:\/\/aerocool.io\/la\/product\/nighthawk-duo\/#breadcrumb\",\"itemListElement\":[{\"@type\":\"ListItem\",\"position\":1,\"name\":\"Home\",\"item\":\"https:\/\/aerocool.io\/la\/\"},{\"@type\":\"ListItem\",\"position\":2,\"name\":\"Shop\",\"item\":\"https:\/\/aerocool.io\/shop\/\"},{\"@type\":\"ListItem\",\"position\":3,\"name\":\"NightHawk Duo\"}]},{\"@type\":\"WebSite\",\"@id\":\"https:\/\/aerocool.io\/#website\",\"url\":\"https:\/\/aerocool.io\/\",\"name\":\"AeroCool\",\"description\":\"Be Cool. Get AeroCool.\",\"publisher\":{\"@id\":\"https:\/\/aerocool.io\/#organization\"},\"potentialAction\":[{\"@type\":\"SearchAction\",\"target\":{\"@type\":\"EntryPoint\",\"urlTemplate\":\"https:\/\/aerocool.io\/?s={search_term_string}\"},\"query-input\":{\"@type\":\"PropertyValueSpecification\",\"valueRequired\":true,\"valueName\":\"search_term_string\"}}],\"inLanguage\":\"la-LA\"},{\"@type\":\"Organization\",\"@id\":\"https:\/\/aerocool.io\/#organization\",\"name\":\"Aerocool\",\"url\":\"https:\/\/aerocool.io\/\",\"logo\":{\"@type\":\"ImageObject\",\"inLanguage\":\"la-LA\",\"@id\":\"https:\/\/aerocool.io\/#\/schema\/logo\/image\/\",\"url\":\"https:\/\/aerocool.io\/wp-content\/uploads\/2018\/03\/AeroCool-Web-White-Logo.png\",\"contentUrl\":\"https:\/\/aerocool.io\/wp-content\/uploads\/2018\/03\/AeroCool-Web-White-Logo.png\",\"width\":500,\"height\":291,\"caption\":\"Aerocool\"},\"image\":{\"@id\":\"https:\/\/aerocool.io\/#\/schema\/logo\/image\/\"}}]}<\/script>\n<!-- \/ Yoast SEO plugin. -->","yoast_head_json":{"title":"NightHawk Duo - AeroCool","robots":{"index":"index","follow":"follow","max-snippet":"max-snippet:-1","max-image-preview":"max-image-preview:large","max-video-preview":"max-video-preview:-1"},"canonical":"https:\/\/aerocool.io\/la\/wp-json\/wp\/v2\/product\/108539\/","og_locale":"en_US","og_type":"article","og_title":"NightHawk Duo - AeroCool","og_description":"GABINETE MEDIA TORRE ARGB Incluye un panel lateral de vidrio templado para mostrar el interior del equipo. Con un dise\u00f1o de Panel Frontal de Acr\u00edlico, este gabinete permite una vista clara de sus ventiladores LED frontales. Compatible con placas base E-ATX, esta carcasa se ha dise\u00f1ado para conseguir el m\u00e1ximo rendimiento.  Se proporciona equipada con 2 ventiladores direccionables RGB de 20 cm en la parte frontal de la carcasa y un ventilador direccionable RGB de 12 cm en la parte trasera de la carcasa. Tome el control total de sus ventiladores RGB direccionables utilizando uno de los siguientes m\u00e9todos: Bot\u00f3n de control LED RGB o Placa base RGB direccionable. Incluye un concentrador de control RGB de 6 puertos.   Incluye un concentrador de control RGB de 6 puertos  Dise\u00f1o de Panel Frontal de Acr\u00edlico  Incluye un panel lateral de vidrio templado para mostrar el interior del equipo  Compatible con placas base E-ATX  Soporta refrigeraci\u00f3n l\u00edquida en los paneles frontal, superior y trasero  Dise\u00f1o de c\u00e1mara doble para una ventilaci\u00f3n mejorada  Las especificaciones est\u00e1n sujetas a cambios sin previo aviso. Los productos y modelos pueden variar seg\u00fan la regi\u00f3n. P\u00f3ngase en contacto con su distribuidor local para obtener m\u00e1s informaci\u00f3n.","og_url":"https:\/\/aerocool.io\/la\/wp-json\/wp\/v2\/product\/108539\/","og_site_name":"AeroCool","article_modified_time":"2021-06-24T06:15:42+00:00","og_image":[{"width":700,"height":700,"url":"https:\/\/aerocool.io\/wp-content\/uploads\/2019\/11\/NightHawk-Duo-Infographic700x700px-01.jpg","type":"image\/jpeg"}],"twitter_card":"summary_large_image","schema":{"@context":"https:\/\/schema.org","@graph":[{"@type":"WebPage","@id":"https:\/\/aerocool.io\/la\/wp-json\/wp\/v2\/product\/108539\/","url":"https:\/\/aerocool.io\/la\/wp-json\/wp\/v2\/product\/108539\/","name":"NightHawk Duo - AeroCool","isPartOf":{"@id":"https:\/\/aerocool.io\/#website"},"primaryImageOfPage":{"@id":"https:\/\/aerocool.io\/la\/product\/nighthawk-duo\/#primaryimage"},"image":{"@id":"https:\/\/aerocool.io\/la\/product\/nighthawk-duo\/#primaryimage"},"thumbnailUrl":"https:\/\/aerocool.io\/wp-content\/uploads\/2019\/11\/NightHawk-Duo-Infographic700x700px-01.jpg","datePublished":"2019-11-08T07:52:11+00:00","dateModified":"2021-06-24T06:15:42+00:00","breadcrumb":{"@id":"https:\/\/aerocool.io\/la\/product\/nighthawk-duo\/#breadcrumb"},"inLanguage":"la-LA","potentialAction":[{"@type":"ReadAction","target":["https:\/\/aerocool.io\/la\/product\/nighthawk-duo\/"]}]},{"@type":"ImageObject","inLanguage":"la-LA","@id":"https:\/\/aerocool.io\/la\/product\/nighthawk-duo\/#primaryimage","url":"https:\/\/aerocool.io\/wp-content\/uploads\/2019\/11\/NightHawk-Duo-Infographic700x700px-01.jpg","contentUrl":"https:\/\/aerocool.io\/wp-content\/uploads\/2019\/11\/NightHawk-Duo-Infographic700x700px-01.jpg","width":700,"height":700},{"@type":"BreadcrumbList","@id":"https:\/\/aerocool.io\/la\/product\/nighthawk-duo\/#breadcrumb","itemListElement":[{"@type":"ListItem","position":1,"name":"Home","item":"https:\/\/aerocool.io\/la\/"},{"@type":"ListItem","position":2,"name":"Shop","item":"https:\/\/aerocool.io\/shop\/"},{"@type":"ListItem","position":3,"name":"NightHawk Duo"}]},{"@type":"WebSite","@id":"https:\/\/aerocool.io\/#website","url":"https:\/\/aerocool.io\/","name":"AeroCool","description":"Be Cool. Get AeroCool.","publisher":{"@id":"https:\/\/aerocool.io\/#organization"},"potentialAction":[{"@type":"SearchAction","target":{"@type":"EntryPoint","urlTemplate":"https:\/\/aerocool.io\/?s={search_term_string}"},"query-input":{"@type":"PropertyValueSpecification","valueRequired":true,"valueName":"search_term_string"}}],"inLanguage":"la-LA"},{"@type":"Organization","@id":"https:\/\/aerocool.io\/#organization","name":"Aerocool","url":"https:\/\/aerocool.io\/","logo":{"@type":"ImageObject","inLanguage":"la-LA","@id":"https:\/\/aerocool.io\/#\/schema\/logo\/image\/","url":"https:\/\/aerocool.io\/wp-content\/uploads\/2018\/03\/AeroCool-Web-White-Logo.png","contentUrl":"https:\/\/aerocool.io\/wp-content\/uploads\/2018\/03\/AeroCool-Web-White-Logo.png","width":500,"height":291,"caption":"Aerocool"},"image":{"@id":"https:\/\/aerocool.io\/#\/schema\/logo\/image\/"}}]}},"_links":{"self":[{"href":"https:\/\/aerocool.io\/la\/wp-json\/wp\/v2\/product\/108539"}],"collection":[{"href":"https:\/\/aerocool.io\/la\/wp-json\/wp\/v2\/product"}],"about":[{"href":"https:\/\/aerocool.io\/la\/wp-json\/wp\/v2\/types\/product"}],"version-history":[{"count":0,"href":"https:\/\/aerocool.io\/la\/wp-json\/wp\/v2\/product\/108539\/revisions"}],"wp:featuredmedia":[{"embeddable":true,"href":"https:\/\/aerocool.io\/la\/wp-json\/wp\/v2\/media\/106313"}],"wp:attachment":[{"href":"https:\/\/aerocool.io\/la\/wp-json\/wp\/v2\/media?parent=108539"}],"wp:term":[{"taxonomy":"product_brand","embeddable":true,"href":"https:\/\/aerocool.io\/la\/wp-json\/wp\/v2\/product_brand?post=108539"},{"taxonomy":"product_cat","embeddable":true,"href":"https:\/\/aerocool.io\/la\/wp-json\/wp\/v2\/product_cat?post=108539"},{"taxonomy":"product_tag","embeddable":true,"href":"https:\/\/aerocool.io\/la\/wp-json\/wp\/v2\/product_tag?post=108539"}],"curies":[{"name":"wp","href":"https:\/\/api.w.org\/{rel}","templated":true}]}}