{"id":108742,"date":"2019-03-05T02:57:06","date_gmt":"2019-03-05T02:57:06","guid":{"rendered":"https:\/\/aerocool.io\/product\/shard-tempered-glass\/"},"modified":"2021-06-28T16:32:25","modified_gmt":"2021-06-28T08:32:25","slug":"shard-tempered-glass","status":"publish","type":"product","link":"https:\/\/aerocool.io\/la\/product\/shard-tempered-glass\/","title":{"rendered":"Shard Tempered Glass"},"content":{"rendered":"","protected":false},"excerpt":{"rendered":"<h3><span style=\"font-weight: 400;\">Semitorre RGB<\/span><\/h3>\n<p>La caja SHARD viene equipada con un frontal LED RGB con 13 modos de iluminaci\u00f3n controlables a trav\u00e9s de un bot\u00f3n. Escoge entre 6 modos RGB Flow y 7 colores est\u00e1ticos para configurar tu caja seg\u00fan tu estado de \u00e1nimo al m\u00e1s puro estilo gaming.<\/p>\n<p>Equipada con paneles laterales que permiten el flujo del aire, la SHARD ofrece una refrigeraci\u00f3n y ventilaci\u00f3n superiores para mantener tus componentes a la temperatura perfecta.<\/p>\n<ul>\n<li>Iluminaci\u00f3n frontal RGB<\/li>\n<li><span style=\"font-weight: 400; color: #000000;\"><span style=\"font-weight: 400;\">Access 13 preset lighting modes via conveniently located LED control button<\/span><\/span><\/li>\n<li>Hasta 13 modos de iluminaci\u00f3n: 6 RGB Flow y 7 colores est\u00e1ticos<\/li>\n<li>Incluye un ventilador trasero de 120mm<\/li>\n<li>Panel vidrio templado para m\u00e1xima visualizaci\u00f3n<\/li>\n<li>Dise\u00f1o de c\u00e1mara dual para mayor ventilaci\u00f3n<\/li>\n<li>\u00a0Filtros antipolvo superior e inferior extra\u00edbles<\/li>\n<\/ul>\n<p>Las especificaciones est\u00e1n sujetas a cambios sin previo aviso.<br \/>\nLos productos y modelos pueden variar seg\u00fan la regi\u00f3n.<br \/>\nP\u00f3ngase en contacto con su distribuidor local para obtener m\u00e1s informaci\u00f3n.<\/p>\n","protected":false},"featured_media":97617,"template":"","meta":{"_acf_changed":false,"footnotes":""},"product_brand":[],"product_cat":[1523,1530,1551,1555,1520,1558,1559,1716,1547,1541,1565],"product_tag":[],"class_list":{"0":"post-108742","1":"product","2":"type-product","3":"status-publish","4":"has-post-thumbnail","6":"product_cat-2-2-5-drive-bays-la","7":"product_cat-2-3-5-drive-bays-la","8":"product_cat-240mm-la","9":"product_cat-atx-la","10":"product_cat-cases-la","11":"product_cat-micro-atx-la","12":"product_cat-mini-itx-la","13":"product_cat-pgs-v-la","14":"product_cat-cases-led-rgb-la","15":"product_cat-mid-tower-la","16":"product_cat-full-tempered-glass-la","18":"first","19":"instock","20":"shipping-taxable","21":"product-type-simple"},"acf":[],"yoast_head":"<!-- This site is optimized with the Yoast SEO plugin v25.6 - https:\/\/yoast.com\/wordpress\/plugins\/seo\/ -->\n<title>Shard Tempered Glass - AeroCool<\/title>\n<meta name=\"robots\" content=\"index, follow, max-snippet:-1, max-image-preview:large, max-video-preview:-1\" \/>\n<link rel=\"canonical\" href=\"https:\/\/aerocool.io\/la\/wp-json\/wp\/v2\/product\/108742\/\" \/>\n<meta property=\"og:locale\" content=\"en_US\" \/>\n<meta property=\"og:type\" content=\"article\" \/>\n<meta property=\"og:title\" content=\"Shard Tempered Glass - AeroCool\" \/>\n<meta property=\"og:description\" content=\"Semitorre RGB La caja SHARD viene equipada con un frontal LED RGB con 13 modos de iluminaci\u00f3n controlables a trav\u00e9s de un bot\u00f3n. Escoge entre 6 modos RGB Flow y 7 colores est\u00e1ticos para configurar tu caja seg\u00fan tu estado de \u00e1nimo al m\u00e1s puro estilo gaming.  Equipada con paneles laterales que permiten el flujo del aire, la SHARD ofrece una refrigeraci\u00f3n y ventilaci\u00f3n superiores para mantener tus componentes a la temperatura perfecta.   Iluminaci\u00f3n frontal RGB  Access 13 preset lighting modes via conveniently located LED control button  Hasta 13 modos de iluminaci\u00f3n: 6 RGB Flow y 7 colores est\u00e1ticos  Incluye un ventilador trasero de 120mm  Panel vidrio templado para m\u00e1xima visualizaci\u00f3n  Dise\u00f1o de c\u00e1mara dual para mayor ventilaci\u00f3n  \u00a0Filtros antipolvo superior e inferior extra\u00edbles  Las especificaciones est\u00e1n sujetas a cambios sin previo aviso. Los productos y modelos pueden variar seg\u00fan la regi\u00f3n. P\u00f3ngase en contacto con su distribuidor local para obtener m\u00e1s informaci\u00f3n.\" \/>\n<meta property=\"og:url\" content=\"https:\/\/aerocool.io\/la\/wp-json\/wp\/v2\/product\/108742\/\" \/>\n<meta property=\"og:site_name\" content=\"AeroCool\" \/>\n<meta property=\"article:modified_time\" content=\"2021-06-28T08:32:25+00:00\" \/>\n<meta property=\"og:image\" content=\"https:\/\/aerocool.io\/wp-content\/uploads\/2019\/01\/Shard-Infographic700x700-01.jpg\" \/>\n\t<meta property=\"og:image:width\" content=\"700\" \/>\n\t<meta property=\"og:image:height\" content=\"700\" \/>\n\t<meta property=\"og:image:type\" content=\"image\/jpeg\" \/>\n<meta name=\"twitter:card\" content=\"summary_large_image\" \/>\n<script type=\"application\/ld+json\" class=\"yoast-schema-graph\">{\"@context\":\"https:\/\/schema.org\",\"@graph\":[{\"@type\":\"WebPage\",\"@id\":\"https:\/\/aerocool.io\/la\/wp-json\/wp\/v2\/product\/108742\/\",\"url\":\"https:\/\/aerocool.io\/la\/wp-json\/wp\/v2\/product\/108742\/\",\"name\":\"Shard Tempered Glass - AeroCool\",\"isPartOf\":{\"@id\":\"https:\/\/aerocool.io\/#website\"},\"primaryImageOfPage\":{\"@id\":\"https:\/\/aerocool.io\/la\/product\/shard-tempered-glass\/#primaryimage\"},\"image\":{\"@id\":\"https:\/\/aerocool.io\/la\/product\/shard-tempered-glass\/#primaryimage\"},\"thumbnailUrl\":\"https:\/\/aerocool.io\/wp-content\/uploads\/2019\/01\/Shard-Infographic700x700-01.jpg\",\"datePublished\":\"2019-03-05T02:57:06+00:00\",\"dateModified\":\"2021-06-28T08:32:25+00:00\",\"breadcrumb\":{\"@id\":\"https:\/\/aerocool.io\/la\/product\/shard-tempered-glass\/#breadcrumb\"},\"inLanguage\":\"la-LA\",\"potentialAction\":[{\"@type\":\"ReadAction\",\"target\":[\"https:\/\/aerocool.io\/la\/product\/shard-tempered-glass\/\"]}]},{\"@type\":\"ImageObject\",\"inLanguage\":\"la-LA\",\"@id\":\"https:\/\/aerocool.io\/la\/product\/shard-tempered-glass\/#primaryimage\",\"url\":\"https:\/\/aerocool.io\/wp-content\/uploads\/2019\/01\/Shard-Infographic700x700-01.jpg\",\"contentUrl\":\"https:\/\/aerocool.io\/wp-content\/uploads\/2019\/01\/Shard-Infographic700x700-01.jpg\",\"width\":700,\"height\":700},{\"@type\":\"BreadcrumbList\",\"@id\":\"https:\/\/aerocool.io\/la\/product\/shard-tempered-glass\/#breadcrumb\",\"itemListElement\":[{\"@type\":\"ListItem\",\"position\":1,\"name\":\"Home\",\"item\":\"https:\/\/aerocool.io\/la\/\"},{\"@type\":\"ListItem\",\"position\":2,\"name\":\"Shop\",\"item\":\"https:\/\/aerocool.io\/shop\/\"},{\"@type\":\"ListItem\",\"position\":3,\"name\":\"Shard Tempered Glass\"}]},{\"@type\":\"WebSite\",\"@id\":\"https:\/\/aerocool.io\/#website\",\"url\":\"https:\/\/aerocool.io\/\",\"name\":\"AeroCool\",\"description\":\"Be Cool. Get AeroCool.\",\"publisher\":{\"@id\":\"https:\/\/aerocool.io\/#organization\"},\"potentialAction\":[{\"@type\":\"SearchAction\",\"target\":{\"@type\":\"EntryPoint\",\"urlTemplate\":\"https:\/\/aerocool.io\/?s={search_term_string}\"},\"query-input\":{\"@type\":\"PropertyValueSpecification\",\"valueRequired\":true,\"valueName\":\"search_term_string\"}}],\"inLanguage\":\"la-LA\"},{\"@type\":\"Organization\",\"@id\":\"https:\/\/aerocool.io\/#organization\",\"name\":\"Aerocool\",\"url\":\"https:\/\/aerocool.io\/\",\"logo\":{\"@type\":\"ImageObject\",\"inLanguage\":\"la-LA\",\"@id\":\"https:\/\/aerocool.io\/#\/schema\/logo\/image\/\",\"url\":\"https:\/\/aerocool.io\/wp-content\/uploads\/2018\/03\/AeroCool-Web-White-Logo.png\",\"contentUrl\":\"https:\/\/aerocool.io\/wp-content\/uploads\/2018\/03\/AeroCool-Web-White-Logo.png\",\"width\":500,\"height\":291,\"caption\":\"Aerocool\"},\"image\":{\"@id\":\"https:\/\/aerocool.io\/#\/schema\/logo\/image\/\"}}]}<\/script>\n<!-- \/ Yoast SEO plugin. -->","yoast_head_json":{"title":"Shard Tempered Glass - AeroCool","robots":{"index":"index","follow":"follow","max-snippet":"max-snippet:-1","max-image-preview":"max-image-preview:large","max-video-preview":"max-video-preview:-1"},"canonical":"https:\/\/aerocool.io\/la\/wp-json\/wp\/v2\/product\/108742\/","og_locale":"en_US","og_type":"article","og_title":"Shard Tempered Glass - AeroCool","og_description":"Semitorre RGB La caja SHARD viene equipada con un frontal LED RGB con 13 modos de iluminaci\u00f3n controlables a trav\u00e9s de un bot\u00f3n. Escoge entre 6 modos RGB Flow y 7 colores est\u00e1ticos para configurar tu caja seg\u00fan tu estado de \u00e1nimo al m\u00e1s puro estilo gaming.  Equipada con paneles laterales que permiten el flujo del aire, la SHARD ofrece una refrigeraci\u00f3n y ventilaci\u00f3n superiores para mantener tus componentes a la temperatura perfecta.   Iluminaci\u00f3n frontal RGB  Access 13 preset lighting modes via conveniently located LED control button  Hasta 13 modos de iluminaci\u00f3n: 6 RGB Flow y 7 colores est\u00e1ticos  Incluye un ventilador trasero de 120mm  Panel vidrio templado para m\u00e1xima visualizaci\u00f3n  Dise\u00f1o de c\u00e1mara dual para mayor ventilaci\u00f3n  \u00a0Filtros antipolvo superior e inferior extra\u00edbles  Las especificaciones est\u00e1n sujetas a cambios sin previo aviso. Los productos y modelos pueden variar seg\u00fan la regi\u00f3n. P\u00f3ngase en contacto con su distribuidor local para obtener m\u00e1s informaci\u00f3n.","og_url":"https:\/\/aerocool.io\/la\/wp-json\/wp\/v2\/product\/108742\/","og_site_name":"AeroCool","article_modified_time":"2021-06-28T08:32:25+00:00","og_image":[{"width":700,"height":700,"url":"https:\/\/aerocool.io\/wp-content\/uploads\/2019\/01\/Shard-Infographic700x700-01.jpg","type":"image\/jpeg"}],"twitter_card":"summary_large_image","schema":{"@context":"https:\/\/schema.org","@graph":[{"@type":"WebPage","@id":"https:\/\/aerocool.io\/la\/wp-json\/wp\/v2\/product\/108742\/","url":"https:\/\/aerocool.io\/la\/wp-json\/wp\/v2\/product\/108742\/","name":"Shard Tempered Glass - AeroCool","isPartOf":{"@id":"https:\/\/aerocool.io\/#website"},"primaryImageOfPage":{"@id":"https:\/\/aerocool.io\/la\/product\/shard-tempered-glass\/#primaryimage"},"image":{"@id":"https:\/\/aerocool.io\/la\/product\/shard-tempered-glass\/#primaryimage"},"thumbnailUrl":"https:\/\/aerocool.io\/wp-content\/uploads\/2019\/01\/Shard-Infographic700x700-01.jpg","datePublished":"2019-03-05T02:57:06+00:00","dateModified":"2021-06-28T08:32:25+00:00","breadcrumb":{"@id":"https:\/\/aerocool.io\/la\/product\/shard-tempered-glass\/#breadcrumb"},"inLanguage":"la-LA","potentialAction":[{"@type":"ReadAction","target":["https:\/\/aerocool.io\/la\/product\/shard-tempered-glass\/"]}]},{"@type":"ImageObject","inLanguage":"la-LA","@id":"https:\/\/aerocool.io\/la\/product\/shard-tempered-glass\/#primaryimage","url":"https:\/\/aerocool.io\/wp-content\/uploads\/2019\/01\/Shard-Infographic700x700-01.jpg","contentUrl":"https:\/\/aerocool.io\/wp-content\/uploads\/2019\/01\/Shard-Infographic700x700-01.jpg","width":700,"height":700},{"@type":"BreadcrumbList","@id":"https:\/\/aerocool.io\/la\/product\/shard-tempered-glass\/#breadcrumb","itemListElement":[{"@type":"ListItem","position":1,"name":"Home","item":"https:\/\/aerocool.io\/la\/"},{"@type":"ListItem","position":2,"name":"Shop","item":"https:\/\/aerocool.io\/shop\/"},{"@type":"ListItem","position":3,"name":"Shard Tempered Glass"}]},{"@type":"WebSite","@id":"https:\/\/aerocool.io\/#website","url":"https:\/\/aerocool.io\/","name":"AeroCool","description":"Be Cool. Get AeroCool.","publisher":{"@id":"https:\/\/aerocool.io\/#organization"},"potentialAction":[{"@type":"SearchAction","target":{"@type":"EntryPoint","urlTemplate":"https:\/\/aerocool.io\/?s={search_term_string}"},"query-input":{"@type":"PropertyValueSpecification","valueRequired":true,"valueName":"search_term_string"}}],"inLanguage":"la-LA"},{"@type":"Organization","@id":"https:\/\/aerocool.io\/#organization","name":"Aerocool","url":"https:\/\/aerocool.io\/","logo":{"@type":"ImageObject","inLanguage":"la-LA","@id":"https:\/\/aerocool.io\/#\/schema\/logo\/image\/","url":"https:\/\/aerocool.io\/wp-content\/uploads\/2018\/03\/AeroCool-Web-White-Logo.png","contentUrl":"https:\/\/aerocool.io\/wp-content\/uploads\/2018\/03\/AeroCool-Web-White-Logo.png","width":500,"height":291,"caption":"Aerocool"},"image":{"@id":"https:\/\/aerocool.io\/#\/schema\/logo\/image\/"}}]}},"_links":{"self":[{"href":"https:\/\/aerocool.io\/la\/wp-json\/wp\/v2\/product\/108742"}],"collection":[{"href":"https:\/\/aerocool.io\/la\/wp-json\/wp\/v2\/product"}],"about":[{"href":"https:\/\/aerocool.io\/la\/wp-json\/wp\/v2\/types\/product"}],"version-history":[{"count":0,"href":"https:\/\/aerocool.io\/la\/wp-json\/wp\/v2\/product\/108742\/revisions"}],"wp:featuredmedia":[{"embeddable":true,"href":"https:\/\/aerocool.io\/la\/wp-json\/wp\/v2\/media\/97617"}],"wp:attachment":[{"href":"https:\/\/aerocool.io\/la\/wp-json\/wp\/v2\/media?parent=108742"}],"wp:term":[{"taxonomy":"product_brand","embeddable":true,"href":"https:\/\/aerocool.io\/la\/wp-json\/wp\/v2\/product_brand?post=108742"},{"taxonomy":"product_cat","embeddable":true,"href":"https:\/\/aerocool.io\/la\/wp-json\/wp\/v2\/product_cat?post=108742"},{"taxonomy":"product_tag","embeddable":true,"href":"https:\/\/aerocool.io\/la\/wp-json\/wp\/v2\/product_tag?post=108742"}],"curies":[{"name":"wp","href":"https:\/\/api.w.org\/{rel}","templated":true}]}}