{"id":108744,"date":"2018-11-12T05:52:54","date_gmt":"2018-11-12T05:52:54","guid":{"rendered":"https:\/\/aerocool.io\/product\/si-5200-rgb\/"},"modified":"2023-04-10T10:52:45","modified_gmt":"2023-04-10T02:52:45","slug":"si-5200-rgb","status":"publish","type":"product","link":"https:\/\/aerocool.io\/la\/product\/si-5200-rgb\/","title":{"rendered":"SI-5200 RGB"},"content":{"rendered":"","protected":false},"excerpt":{"rendered":"<h3><span style=\"font-weight: 400;\">Semitorre RGB<\/span><\/h3>\n<p>La SI5200RGB te ofrece un panel frontal con 3 ventiladores RGB de 12cm con hasta 14 efectos de iluminaci\u00f3n a trav\u00e9s de su bot\u00f3n de control LED, garantizando una refrigeraci\u00f3n \u00f3ptima en todo momento.<\/p>\n<p>La estructura de la caja cuenta con m\u00faltiples prestaciones que garantizan el m\u00e1ximo rendimiento y durabilidad, adem\u00e1s de un dise\u00f1o moderno.<\/p>\n<p><span style=\"font-weight: 400;\"><br \/>\n<\/span><span style=\"font-weight: 400; color: #000000;\">\u2022 3 ventiladores RGB frontales de 120mm<\/span><br \/>\n<span style=\"font-weight: 400; color: #000000;\">\u2022 Hasta 14 modos de iluminaci\u00f3n: 7 efectos RGB Flow y 7 colores est\u00e1ticos<\/span><br \/>\n<span style=\"font-weight: 400; color: #000000;\">\u2022 Soporte para refrigeraci\u00f3n l\u00edquida frontal de hasta 240mm<\/span><br \/>\n<span style=\"font-weight: 400; color: #000000;\">\u2022 Panel lateral total para mostrar el interior de tu PC<\/span><br \/>\n<span style=\"font-weight: 400; color: #000000;\">\u2022 Dise\u00f1o de c\u00e1mara dual para maximizar la ventilaci\u00f3n<\/span><br \/>\n<span style=\"font-weight: 400; color: #000000;\">\u2022 Filtro antipolvo inferior extra\u00edble<\/span><\/p>\n<p><em>Las especificaciones est\u00e1n sujetas a cambios sin previo aviso.<\/em><br \/>\n<em>Los productos y modelos pueden variar seg\u00fan la regi\u00f3n.<\/em><br \/>\n<em>P\u00f3ngase en contacto con su distribuidor local para obtener m\u00e1s informaci\u00f3n.<br \/>\n[us_btn label=\"Donde comprar\" link=\"url:https%3A%2F%2Faerocool.io%2Fwhere-to-buy%2F|title:Where%20to%20Buy|target:%20_blank|\" text=\"Download\"]<br \/>\n<\/em><\/p>\n","protected":false},"featured_media":97081,"template":"","meta":{"_acf_changed":false,"footnotes":""},"product_brand":[],"product_cat":[1530,1551,1524,1564,1555,1520,1558,1559,1547,1722,1541],"product_tag":[],"class_list":{"0":"post-108744","1":"product","2":"type-product","3":"status-publish","4":"has-post-thumbnail","6":"product_cat-2-3-5-drive-bays-la","7":"product_cat-240mm-la","8":"product_cat-3-2-5-drive-bays-la","9":"product_cat-full-acrylic-la","10":"product_cat-atx-la","11":"product_cat-cases-la","12":"product_cat-micro-atx-la","13":"product_cat-mini-itx-la","14":"product_cat-cases-led-rgb-la","15":"product_cat-si-la","16":"product_cat-mid-tower-la","18":"first","19":"instock","20":"shipping-taxable","21":"product-type-simple"},"acf":[],"yoast_head":"<!-- This site is optimized with the Yoast SEO plugin v25.6 - https:\/\/yoast.com\/wordpress\/plugins\/seo\/ -->\n<title>SI-5200 RGB - AeroCool<\/title>\n<meta name=\"robots\" content=\"index, follow, max-snippet:-1, max-image-preview:large, max-video-preview:-1\" \/>\n<link rel=\"canonical\" href=\"https:\/\/aerocool.io\/la\/wp-json\/wp\/v2\/product\/108744\/\" \/>\n<meta property=\"og:locale\" content=\"en_US\" \/>\n<meta property=\"og:type\" content=\"article\" \/>\n<meta property=\"og:title\" content=\"SI-5200 RGB - AeroCool\" \/>\n<meta property=\"og:description\" content=\"Semitorre RGB La SI5200RGB te ofrece un panel frontal con 3 ventiladores RGB de 12cm con hasta 14 efectos de iluminaci\u00f3n a trav\u00e9s de su bot\u00f3n de control LED, garantizando una refrigeraci\u00f3n \u00f3ptima en todo momento.  La estructura de la caja cuenta con m\u00faltiples prestaciones que garantizan el m\u00e1ximo rendimiento y durabilidad, adem\u00e1s de un dise\u00f1o moderno.   \u2022 3 ventiladores RGB frontales de 120mm \u2022 Hasta 14 modos de iluminaci\u00f3n: 7 efectos RGB Flow y 7 colores est\u00e1ticos \u2022 Soporte para refrigeraci\u00f3n l\u00edquida frontal de hasta 240mm \u2022 Panel lateral total para mostrar el interior de tu PC \u2022 Dise\u00f1o de c\u00e1mara dual para maximizar la ventilaci\u00f3n \u2022 Filtro antipolvo inferior extra\u00edble  Las especificaciones est\u00e1n sujetas a cambios sin previo aviso. Los productos y modelos pueden variar seg\u00fan la regi\u00f3n. P\u00f3ngase en contacto con su distribuidor local para obtener m\u00e1s informaci\u00f3n.\" \/>\n<meta property=\"og:url\" content=\"https:\/\/aerocool.io\/la\/wp-json\/wp\/v2\/product\/108744\/\" \/>\n<meta property=\"og:site_name\" content=\"AeroCool\" \/>\n<meta property=\"article:modified_time\" content=\"2023-04-10T02:52:45+00:00\" \/>\n<meta property=\"og:image\" content=\"https:\/\/aerocool.io\/wp-content\/uploads\/2018\/11\/SI-5200-Window-Infographic700x700px.jpg\" \/>\n\t<meta property=\"og:image:width\" content=\"700\" \/>\n\t<meta property=\"og:image:height\" content=\"700\" \/>\n\t<meta property=\"og:image:type\" content=\"image\/jpeg\" \/>\n<meta name=\"twitter:card\" content=\"summary_large_image\" \/>\n<script type=\"application\/ld+json\" class=\"yoast-schema-graph\">{\"@context\":\"https:\/\/schema.org\",\"@graph\":[{\"@type\":\"WebPage\",\"@id\":\"https:\/\/aerocool.io\/la\/wp-json\/wp\/v2\/product\/108744\/\",\"url\":\"https:\/\/aerocool.io\/la\/wp-json\/wp\/v2\/product\/108744\/\",\"name\":\"SI-5200 RGB - AeroCool\",\"isPartOf\":{\"@id\":\"https:\/\/aerocool.io\/#website\"},\"primaryImageOfPage\":{\"@id\":\"https:\/\/aerocool.io\/la\/product\/si-5200-rgb\/#primaryimage\"},\"image\":{\"@id\":\"https:\/\/aerocool.io\/la\/product\/si-5200-rgb\/#primaryimage\"},\"thumbnailUrl\":\"https:\/\/aerocool.io\/wp-content\/uploads\/2018\/11\/SI-5200-Window-Infographic700x700px.jpg\",\"datePublished\":\"2018-11-12T05:52:54+00:00\",\"dateModified\":\"2023-04-10T02:52:45+00:00\",\"breadcrumb\":{\"@id\":\"https:\/\/aerocool.io\/la\/product\/si-5200-rgb\/#breadcrumb\"},\"inLanguage\":\"la-LA\",\"potentialAction\":[{\"@type\":\"ReadAction\",\"target\":[\"https:\/\/aerocool.io\/la\/product\/si-5200-rgb\/\"]}]},{\"@type\":\"ImageObject\",\"inLanguage\":\"la-LA\",\"@id\":\"https:\/\/aerocool.io\/la\/product\/si-5200-rgb\/#primaryimage\",\"url\":\"https:\/\/aerocool.io\/wp-content\/uploads\/2018\/11\/SI-5200-Window-Infographic700x700px.jpg\",\"contentUrl\":\"https:\/\/aerocool.io\/wp-content\/uploads\/2018\/11\/SI-5200-Window-Infographic700x700px.jpg\",\"width\":700,\"height\":700},{\"@type\":\"BreadcrumbList\",\"@id\":\"https:\/\/aerocool.io\/la\/product\/si-5200-rgb\/#breadcrumb\",\"itemListElement\":[{\"@type\":\"ListItem\",\"position\":1,\"name\":\"Home\",\"item\":\"https:\/\/aerocool.io\/la\/\"},{\"@type\":\"ListItem\",\"position\":2,\"name\":\"Shop\",\"item\":\"https:\/\/aerocool.io\/shop\/\"},{\"@type\":\"ListItem\",\"position\":3,\"name\":\"SI-5200 RGB\"}]},{\"@type\":\"WebSite\",\"@id\":\"https:\/\/aerocool.io\/#website\",\"url\":\"https:\/\/aerocool.io\/\",\"name\":\"AeroCool\",\"description\":\"Be Cool. Get AeroCool.\",\"publisher\":{\"@id\":\"https:\/\/aerocool.io\/#organization\"},\"potentialAction\":[{\"@type\":\"SearchAction\",\"target\":{\"@type\":\"EntryPoint\",\"urlTemplate\":\"https:\/\/aerocool.io\/?s={search_term_string}\"},\"query-input\":{\"@type\":\"PropertyValueSpecification\",\"valueRequired\":true,\"valueName\":\"search_term_string\"}}],\"inLanguage\":\"la-LA\"},{\"@type\":\"Organization\",\"@id\":\"https:\/\/aerocool.io\/#organization\",\"name\":\"Aerocool\",\"url\":\"https:\/\/aerocool.io\/\",\"logo\":{\"@type\":\"ImageObject\",\"inLanguage\":\"la-LA\",\"@id\":\"https:\/\/aerocool.io\/#\/schema\/logo\/image\/\",\"url\":\"https:\/\/aerocool.io\/wp-content\/uploads\/2018\/03\/AeroCool-Web-White-Logo.png\",\"contentUrl\":\"https:\/\/aerocool.io\/wp-content\/uploads\/2018\/03\/AeroCool-Web-White-Logo.png\",\"width\":500,\"height\":291,\"caption\":\"Aerocool\"},\"image\":{\"@id\":\"https:\/\/aerocool.io\/#\/schema\/logo\/image\/\"}}]}<\/script>\n<!-- \/ Yoast SEO plugin. -->","yoast_head_json":{"title":"SI-5200 RGB - AeroCool","robots":{"index":"index","follow":"follow","max-snippet":"max-snippet:-1","max-image-preview":"max-image-preview:large","max-video-preview":"max-video-preview:-1"},"canonical":"https:\/\/aerocool.io\/la\/wp-json\/wp\/v2\/product\/108744\/","og_locale":"en_US","og_type":"article","og_title":"SI-5200 RGB - AeroCool","og_description":"Semitorre RGB La SI5200RGB te ofrece un panel frontal con 3 ventiladores RGB de 12cm con hasta 14 efectos de iluminaci\u00f3n a trav\u00e9s de su bot\u00f3n de control LED, garantizando una refrigeraci\u00f3n \u00f3ptima en todo momento.  La estructura de la caja cuenta con m\u00faltiples prestaciones que garantizan el m\u00e1ximo rendimiento y durabilidad, adem\u00e1s de un dise\u00f1o moderno.   \u2022 3 ventiladores RGB frontales de 120mm \u2022 Hasta 14 modos de iluminaci\u00f3n: 7 efectos RGB Flow y 7 colores est\u00e1ticos \u2022 Soporte para refrigeraci\u00f3n l\u00edquida frontal de hasta 240mm \u2022 Panel lateral total para mostrar el interior de tu PC \u2022 Dise\u00f1o de c\u00e1mara dual para maximizar la ventilaci\u00f3n \u2022 Filtro antipolvo inferior extra\u00edble  Las especificaciones est\u00e1n sujetas a cambios sin previo aviso. Los productos y modelos pueden variar seg\u00fan la regi\u00f3n. P\u00f3ngase en contacto con su distribuidor local para obtener m\u00e1s informaci\u00f3n.","og_url":"https:\/\/aerocool.io\/la\/wp-json\/wp\/v2\/product\/108744\/","og_site_name":"AeroCool","article_modified_time":"2023-04-10T02:52:45+00:00","og_image":[{"width":700,"height":700,"url":"https:\/\/aerocool.io\/wp-content\/uploads\/2018\/11\/SI-5200-Window-Infographic700x700px.jpg","type":"image\/jpeg"}],"twitter_card":"summary_large_image","schema":{"@context":"https:\/\/schema.org","@graph":[{"@type":"WebPage","@id":"https:\/\/aerocool.io\/la\/wp-json\/wp\/v2\/product\/108744\/","url":"https:\/\/aerocool.io\/la\/wp-json\/wp\/v2\/product\/108744\/","name":"SI-5200 RGB - AeroCool","isPartOf":{"@id":"https:\/\/aerocool.io\/#website"},"primaryImageOfPage":{"@id":"https:\/\/aerocool.io\/la\/product\/si-5200-rgb\/#primaryimage"},"image":{"@id":"https:\/\/aerocool.io\/la\/product\/si-5200-rgb\/#primaryimage"},"thumbnailUrl":"https:\/\/aerocool.io\/wp-content\/uploads\/2018\/11\/SI-5200-Window-Infographic700x700px.jpg","datePublished":"2018-11-12T05:52:54+00:00","dateModified":"2023-04-10T02:52:45+00:00","breadcrumb":{"@id":"https:\/\/aerocool.io\/la\/product\/si-5200-rgb\/#breadcrumb"},"inLanguage":"la-LA","potentialAction":[{"@type":"ReadAction","target":["https:\/\/aerocool.io\/la\/product\/si-5200-rgb\/"]}]},{"@type":"ImageObject","inLanguage":"la-LA","@id":"https:\/\/aerocool.io\/la\/product\/si-5200-rgb\/#primaryimage","url":"https:\/\/aerocool.io\/wp-content\/uploads\/2018\/11\/SI-5200-Window-Infographic700x700px.jpg","contentUrl":"https:\/\/aerocool.io\/wp-content\/uploads\/2018\/11\/SI-5200-Window-Infographic700x700px.jpg","width":700,"height":700},{"@type":"BreadcrumbList","@id":"https:\/\/aerocool.io\/la\/product\/si-5200-rgb\/#breadcrumb","itemListElement":[{"@type":"ListItem","position":1,"name":"Home","item":"https:\/\/aerocool.io\/la\/"},{"@type":"ListItem","position":2,"name":"Shop","item":"https:\/\/aerocool.io\/shop\/"},{"@type":"ListItem","position":3,"name":"SI-5200 RGB"}]},{"@type":"WebSite","@id":"https:\/\/aerocool.io\/#website","url":"https:\/\/aerocool.io\/","name":"AeroCool","description":"Be Cool. Get AeroCool.","publisher":{"@id":"https:\/\/aerocool.io\/#organization"},"potentialAction":[{"@type":"SearchAction","target":{"@type":"EntryPoint","urlTemplate":"https:\/\/aerocool.io\/?s={search_term_string}"},"query-input":{"@type":"PropertyValueSpecification","valueRequired":true,"valueName":"search_term_string"}}],"inLanguage":"la-LA"},{"@type":"Organization","@id":"https:\/\/aerocool.io\/#organization","name":"Aerocool","url":"https:\/\/aerocool.io\/","logo":{"@type":"ImageObject","inLanguage":"la-LA","@id":"https:\/\/aerocool.io\/#\/schema\/logo\/image\/","url":"https:\/\/aerocool.io\/wp-content\/uploads\/2018\/03\/AeroCool-Web-White-Logo.png","contentUrl":"https:\/\/aerocool.io\/wp-content\/uploads\/2018\/03\/AeroCool-Web-White-Logo.png","width":500,"height":291,"caption":"Aerocool"},"image":{"@id":"https:\/\/aerocool.io\/#\/schema\/logo\/image\/"}}]}},"_links":{"self":[{"href":"https:\/\/aerocool.io\/la\/wp-json\/wp\/v2\/product\/108744"}],"collection":[{"href":"https:\/\/aerocool.io\/la\/wp-json\/wp\/v2\/product"}],"about":[{"href":"https:\/\/aerocool.io\/la\/wp-json\/wp\/v2\/types\/product"}],"version-history":[{"count":0,"href":"https:\/\/aerocool.io\/la\/wp-json\/wp\/v2\/product\/108744\/revisions"}],"wp:featuredmedia":[{"embeddable":true,"href":"https:\/\/aerocool.io\/la\/wp-json\/wp\/v2\/media\/97081"}],"wp:attachment":[{"href":"https:\/\/aerocool.io\/la\/wp-json\/wp\/v2\/media?parent=108744"}],"wp:term":[{"taxonomy":"product_brand","embeddable":true,"href":"https:\/\/aerocool.io\/la\/wp-json\/wp\/v2\/product_brand?post=108744"},{"taxonomy":"product_cat","embeddable":true,"href":"https:\/\/aerocool.io\/la\/wp-json\/wp\/v2\/product_cat?post=108744"},{"taxonomy":"product_tag","embeddable":true,"href":"https:\/\/aerocool.io\/la\/wp-json\/wp\/v2\/product_tag?post=108744"}],"curies":[{"name":"wp","href":"https:\/\/api.w.org\/{rel}","templated":true}]}}