{"id":108753,"date":"2019-02-11T02:59:44","date_gmt":"2019-02-11T02:59:44","guid":{"rendered":"https:\/\/aerocool.io\/product\/tomahawk\/"},"modified":"2023-01-18T12:37:48","modified_gmt":"2023-01-18T04:37:48","slug":"tomahawk","status":"publish","type":"product","link":"https:\/\/aerocool.io\/la\/product\/tomahawk\/","title":{"rendered":"Tomahawk"},"content":{"rendered":"","protected":false},"excerpt":{"rendered":"<h3>GABINETE MEDIA TORRE<\/h3>\n<ul>\n<li>El dise\u00f1o del panel frontal en forma de malla proporciona una mejor circulaci\u00f3n del aire<\/li>\n<li>Indicador Led En Forma De V<\/li>\n<li style=\"font-weight: 400;\"><span style=\"font-weight: 400;\">Soporta refrigeraci\u00f3n por aire en la parte frontal, lateral y trasera de la caja<\/span><\/li>\n<li>Dise\u00f1o de c\u00e1mara dual para una mejor ventilaci\u00f3n<\/li>\n<li>Soporte para disipadores de CPU de hasta 167 mm<\/li>\n<li>Soporte para tarjetas gr\u00e1ficas de hasta 324 mm<\/li>\n<li><span style=\"font-weight: 400;\">Soporta hasta 1 x 3.5\u201d HDD y 4 x 2.5\u201d SSD\u00a0<\/span><\/li>\n<\/ul>\n<p><em>Las especificaciones est\u00e1n sujetas a cambios sin previo aviso.<br \/>\nLos productos y modelos pueden variar seg\u00fan la regi\u00f3n.<br \/>\nP\u00f3ngase en contacto con su distribuidor local para obtener m\u00e1s informaci\u00f3n.<br \/>\n[us_btn label=\"Donde comprar\" link=\"url:https%3A%2F%2Faerocool.io%2Fwhere-to-buy%2F|title:Where%20to%20Buy|target:%20_blank|\" text=\"Download\"]<\/em><\/p>\n","protected":false},"featured_media":97689,"template":"","meta":{"_acf_changed":false,"footnotes":""},"product_brand":[],"product_cat":[1529,1525,1566,1555,1520,1545,1558,1559,1716,1541],"product_tag":[],"class_list":{"0":"post-108753","1":"product","2":"type-product","3":"status-publish","4":"has-post-thumbnail","6":"product_cat-1-3-5-drive-bays-la","7":"product_cat-4-2-5-drive-bays-la","8":"product_cat-steel-la","9":"product_cat-atx-la","10":"product_cat-cases-la","11":"product_cat-cases-led-led-la","12":"product_cat-micro-atx-la","13":"product_cat-mini-itx-la","14":"product_cat-pgs-v-la","15":"product_cat-mid-tower-la","17":"first","18":"instock","19":"shipping-taxable","20":"product-type-simple"},"acf":[],"yoast_head":"<!-- This site is optimized with the Yoast SEO plugin v25.6 - https:\/\/yoast.com\/wordpress\/plugins\/seo\/ -->\n<title>Tomahawk - AeroCool<\/title>\n<meta name=\"robots\" content=\"index, follow, max-snippet:-1, max-image-preview:large, max-video-preview:-1\" \/>\n<link rel=\"canonical\" href=\"https:\/\/aerocool.io\/la\/wp-json\/wp\/v2\/product\/108753\/\" \/>\n<meta property=\"og:locale\" content=\"en_US\" \/>\n<meta property=\"og:type\" content=\"article\" \/>\n<meta property=\"og:title\" content=\"Tomahawk - AeroCool\" \/>\n<meta property=\"og:description\" content=\"GABINETE MEDIA TORRE   El dise\u00f1o del panel frontal en forma de malla proporciona una mejor circulaci\u00f3n del aire  Indicador Led En Forma De V  Soporta refrigeraci\u00f3n por aire en la parte frontal, lateral y trasera de la caja  Dise\u00f1o de c\u00e1mara dual para una mejor ventilaci\u00f3n  Soporte para disipadores de CPU de hasta 167 mm  Soporte para tarjetas gr\u00e1ficas de hasta 324 mm  Soporta hasta 1 x 3.5\u201d HDD y 4 x 2.5\u201d SSD\u00a0  Las especificaciones est\u00e1n sujetas a cambios sin previo aviso. Los productos y modelos pueden variar seg\u00fan la regi\u00f3n. P\u00f3ngase en contacto con su distribuidor local para obtener m\u00e1s informaci\u00f3n.\" \/>\n<meta property=\"og:url\" content=\"https:\/\/aerocool.io\/la\/wp-json\/wp\/v2\/product\/108753\/\" \/>\n<meta property=\"og:site_name\" content=\"AeroCool\" \/>\n<meta property=\"article:modified_time\" content=\"2023-01-18T04:37:48+00:00\" \/>\n<meta property=\"og:image\" content=\"https:\/\/aerocool.io\/wp-content\/uploads\/2019\/02\/Tomahawk-Infographic700x700-01.jpg\" \/>\n\t<meta property=\"og:image:width\" content=\"700\" \/>\n\t<meta property=\"og:image:height\" content=\"700\" \/>\n\t<meta property=\"og:image:type\" content=\"image\/jpeg\" \/>\n<meta name=\"twitter:card\" content=\"summary_large_image\" \/>\n<script type=\"application\/ld+json\" class=\"yoast-schema-graph\">{\"@context\":\"https:\/\/schema.org\",\"@graph\":[{\"@type\":\"WebPage\",\"@id\":\"https:\/\/aerocool.io\/la\/wp-json\/wp\/v2\/product\/108753\/\",\"url\":\"https:\/\/aerocool.io\/la\/wp-json\/wp\/v2\/product\/108753\/\",\"name\":\"Tomahawk - AeroCool\",\"isPartOf\":{\"@id\":\"https:\/\/aerocool.io\/#website\"},\"primaryImageOfPage\":{\"@id\":\"https:\/\/aerocool.io\/la\/product\/tomahawk\/#primaryimage\"},\"image\":{\"@id\":\"https:\/\/aerocool.io\/la\/product\/tomahawk\/#primaryimage\"},\"thumbnailUrl\":\"https:\/\/aerocool.io\/wp-content\/uploads\/2019\/02\/Tomahawk-Infographic700x700-01.jpg\",\"datePublished\":\"2019-02-11T02:59:44+00:00\",\"dateModified\":\"2023-01-18T04:37:48+00:00\",\"breadcrumb\":{\"@id\":\"https:\/\/aerocool.io\/la\/product\/tomahawk\/#breadcrumb\"},\"inLanguage\":\"la-LA\",\"potentialAction\":[{\"@type\":\"ReadAction\",\"target\":[\"https:\/\/aerocool.io\/la\/product\/tomahawk\/\"]}]},{\"@type\":\"ImageObject\",\"inLanguage\":\"la-LA\",\"@id\":\"https:\/\/aerocool.io\/la\/product\/tomahawk\/#primaryimage\",\"url\":\"https:\/\/aerocool.io\/wp-content\/uploads\/2019\/02\/Tomahawk-Infographic700x700-01.jpg\",\"contentUrl\":\"https:\/\/aerocool.io\/wp-content\/uploads\/2019\/02\/Tomahawk-Infographic700x700-01.jpg\",\"width\":700,\"height\":700},{\"@type\":\"BreadcrumbList\",\"@id\":\"https:\/\/aerocool.io\/la\/product\/tomahawk\/#breadcrumb\",\"itemListElement\":[{\"@type\":\"ListItem\",\"position\":1,\"name\":\"Home\",\"item\":\"https:\/\/aerocool.io\/la\/\"},{\"@type\":\"ListItem\",\"position\":2,\"name\":\"Shop\",\"item\":\"https:\/\/aerocool.io\/shop\/\"},{\"@type\":\"ListItem\",\"position\":3,\"name\":\"Tomahawk\"}]},{\"@type\":\"WebSite\",\"@id\":\"https:\/\/aerocool.io\/#website\",\"url\":\"https:\/\/aerocool.io\/\",\"name\":\"AeroCool\",\"description\":\"Be Cool. Get AeroCool.\",\"publisher\":{\"@id\":\"https:\/\/aerocool.io\/#organization\"},\"potentialAction\":[{\"@type\":\"SearchAction\",\"target\":{\"@type\":\"EntryPoint\",\"urlTemplate\":\"https:\/\/aerocool.io\/?s={search_term_string}\"},\"query-input\":{\"@type\":\"PropertyValueSpecification\",\"valueRequired\":true,\"valueName\":\"search_term_string\"}}],\"inLanguage\":\"la-LA\"},{\"@type\":\"Organization\",\"@id\":\"https:\/\/aerocool.io\/#organization\",\"name\":\"Aerocool\",\"url\":\"https:\/\/aerocool.io\/\",\"logo\":{\"@type\":\"ImageObject\",\"inLanguage\":\"la-LA\",\"@id\":\"https:\/\/aerocool.io\/#\/schema\/logo\/image\/\",\"url\":\"https:\/\/aerocool.io\/wp-content\/uploads\/2018\/03\/AeroCool-Web-White-Logo.png\",\"contentUrl\":\"https:\/\/aerocool.io\/wp-content\/uploads\/2018\/03\/AeroCool-Web-White-Logo.png\",\"width\":500,\"height\":291,\"caption\":\"Aerocool\"},\"image\":{\"@id\":\"https:\/\/aerocool.io\/#\/schema\/logo\/image\/\"}}]}<\/script>\n<!-- \/ Yoast SEO plugin. -->","yoast_head_json":{"title":"Tomahawk - AeroCool","robots":{"index":"index","follow":"follow","max-snippet":"max-snippet:-1","max-image-preview":"max-image-preview:large","max-video-preview":"max-video-preview:-1"},"canonical":"https:\/\/aerocool.io\/la\/wp-json\/wp\/v2\/product\/108753\/","og_locale":"en_US","og_type":"article","og_title":"Tomahawk - AeroCool","og_description":"GABINETE MEDIA TORRE   El dise\u00f1o del panel frontal en forma de malla proporciona una mejor circulaci\u00f3n del aire  Indicador Led En Forma De V  Soporta refrigeraci\u00f3n por aire en la parte frontal, lateral y trasera de la caja  Dise\u00f1o de c\u00e1mara dual para una mejor ventilaci\u00f3n  Soporte para disipadores de CPU de hasta 167 mm  Soporte para tarjetas gr\u00e1ficas de hasta 324 mm  Soporta hasta 1 x 3.5\u201d HDD y 4 x 2.5\u201d SSD\u00a0  Las especificaciones est\u00e1n sujetas a cambios sin previo aviso. Los productos y modelos pueden variar seg\u00fan la regi\u00f3n. P\u00f3ngase en contacto con su distribuidor local para obtener m\u00e1s informaci\u00f3n.","og_url":"https:\/\/aerocool.io\/la\/wp-json\/wp\/v2\/product\/108753\/","og_site_name":"AeroCool","article_modified_time":"2023-01-18T04:37:48+00:00","og_image":[{"width":700,"height":700,"url":"https:\/\/aerocool.io\/wp-content\/uploads\/2019\/02\/Tomahawk-Infographic700x700-01.jpg","type":"image\/jpeg"}],"twitter_card":"summary_large_image","schema":{"@context":"https:\/\/schema.org","@graph":[{"@type":"WebPage","@id":"https:\/\/aerocool.io\/la\/wp-json\/wp\/v2\/product\/108753\/","url":"https:\/\/aerocool.io\/la\/wp-json\/wp\/v2\/product\/108753\/","name":"Tomahawk - AeroCool","isPartOf":{"@id":"https:\/\/aerocool.io\/#website"},"primaryImageOfPage":{"@id":"https:\/\/aerocool.io\/la\/product\/tomahawk\/#primaryimage"},"image":{"@id":"https:\/\/aerocool.io\/la\/product\/tomahawk\/#primaryimage"},"thumbnailUrl":"https:\/\/aerocool.io\/wp-content\/uploads\/2019\/02\/Tomahawk-Infographic700x700-01.jpg","datePublished":"2019-02-11T02:59:44+00:00","dateModified":"2023-01-18T04:37:48+00:00","breadcrumb":{"@id":"https:\/\/aerocool.io\/la\/product\/tomahawk\/#breadcrumb"},"inLanguage":"la-LA","potentialAction":[{"@type":"ReadAction","target":["https:\/\/aerocool.io\/la\/product\/tomahawk\/"]}]},{"@type":"ImageObject","inLanguage":"la-LA","@id":"https:\/\/aerocool.io\/la\/product\/tomahawk\/#primaryimage","url":"https:\/\/aerocool.io\/wp-content\/uploads\/2019\/02\/Tomahawk-Infographic700x700-01.jpg","contentUrl":"https:\/\/aerocool.io\/wp-content\/uploads\/2019\/02\/Tomahawk-Infographic700x700-01.jpg","width":700,"height":700},{"@type":"BreadcrumbList","@id":"https:\/\/aerocool.io\/la\/product\/tomahawk\/#breadcrumb","itemListElement":[{"@type":"ListItem","position":1,"name":"Home","item":"https:\/\/aerocool.io\/la\/"},{"@type":"ListItem","position":2,"name":"Shop","item":"https:\/\/aerocool.io\/shop\/"},{"@type":"ListItem","position":3,"name":"Tomahawk"}]},{"@type":"WebSite","@id":"https:\/\/aerocool.io\/#website","url":"https:\/\/aerocool.io\/","name":"AeroCool","description":"Be Cool. Get AeroCool.","publisher":{"@id":"https:\/\/aerocool.io\/#organization"},"potentialAction":[{"@type":"SearchAction","target":{"@type":"EntryPoint","urlTemplate":"https:\/\/aerocool.io\/?s={search_term_string}"},"query-input":{"@type":"PropertyValueSpecification","valueRequired":true,"valueName":"search_term_string"}}],"inLanguage":"la-LA"},{"@type":"Organization","@id":"https:\/\/aerocool.io\/#organization","name":"Aerocool","url":"https:\/\/aerocool.io\/","logo":{"@type":"ImageObject","inLanguage":"la-LA","@id":"https:\/\/aerocool.io\/#\/schema\/logo\/image\/","url":"https:\/\/aerocool.io\/wp-content\/uploads\/2018\/03\/AeroCool-Web-White-Logo.png","contentUrl":"https:\/\/aerocool.io\/wp-content\/uploads\/2018\/03\/AeroCool-Web-White-Logo.png","width":500,"height":291,"caption":"Aerocool"},"image":{"@id":"https:\/\/aerocool.io\/#\/schema\/logo\/image\/"}}]}},"_links":{"self":[{"href":"https:\/\/aerocool.io\/la\/wp-json\/wp\/v2\/product\/108753"}],"collection":[{"href":"https:\/\/aerocool.io\/la\/wp-json\/wp\/v2\/product"}],"about":[{"href":"https:\/\/aerocool.io\/la\/wp-json\/wp\/v2\/types\/product"}],"version-history":[{"count":0,"href":"https:\/\/aerocool.io\/la\/wp-json\/wp\/v2\/product\/108753\/revisions"}],"wp:featuredmedia":[{"embeddable":true,"href":"https:\/\/aerocool.io\/la\/wp-json\/wp\/v2\/media\/97689"}],"wp:attachment":[{"href":"https:\/\/aerocool.io\/la\/wp-json\/wp\/v2\/media?parent=108753"}],"wp:term":[{"taxonomy":"product_brand","embeddable":true,"href":"https:\/\/aerocool.io\/la\/wp-json\/wp\/v2\/product_brand?post=108753"},{"taxonomy":"product_cat","embeddable":true,"href":"https:\/\/aerocool.io\/la\/wp-json\/wp\/v2\/product_cat?post=108753"},{"taxonomy":"product_tag","embeddable":true,"href":"https:\/\/aerocool.io\/la\/wp-json\/wp\/v2\/product_tag?post=108753"}],"curies":[{"name":"wp","href":"https:\/\/api.w.org\/{rel}","templated":true}]}}