{"id":108762,"date":"2019-02-13T06:09:48","date_gmt":"2019-02-13T06:09:48","guid":{"rendered":"https:\/\/aerocool.io\/product\/tor-pro\/"},"modified":"2022-07-13T11:38:01","modified_gmt":"2022-07-13T03:38:01","slug":"tor-pro","status":"publish","type":"product","link":"https:\/\/aerocool.io\/la\/product\/tor-pro\/","title":{"rendered":"Tor Pro"},"content":{"rendered":"","protected":false},"excerpt":{"rendered":"<h3>CAJA TORRE ARGB<\/h3>\n<p>La caja TOR PRO viene equipada con cuatro espectaculares ventiladores RGB de 140mm y dise\u00f1o Square: tres frontales y uno trasero. Configura la iluminaci\u00f3n de tu TOR PRO de tres formas distintas: a trav\u00e9s del bot\u00f3n de control LED situado en el panel superior de la caja, mediante un mando a distancia por infrarrojos o utilizando tu placa base RGB Addressable. Incluye un concentrador de 10 puertos con funciones de control PWM. Compatible con placas base E-ATX, esta carcasa se ha dise\u00f1ado para conseguir el m\u00e1ximo rendimiento.<\/p>\n<ul>\n<li>4 ventiladores RGB Addressable de 140mm<\/li>\n<li>Iluminaci\u00f3n controlable por bot\u00f3n LED superior, control remoto o placa base ARGB<\/li>\n<li>Compatible con placas base E-ATX<\/li>\n<li style=\"font-weight: 400;\">Panel lateral y frontal totales de cristal templado<\/li>\n<li>Hub de 10 puertos con funci\u00f3n de control PWM<\/li>\n<li>Soporte para refrigeraci\u00f3n l\u00edquida de hasta 480mm<\/li>\n<li>Soporte para hasta 12 ventiladores ARGB<\/li>\n<\/ul>\n<p><em>Las especificaciones est\u00e1n sujetas a cambios sin previo aviso.<br \/>\nLos productos y modelos pueden variar seg\u00fan la regi\u00f3n.<br \/>\nP\u00f3ngase en contacto con su distribuidor local para obtener m\u00e1s informaci\u00f3n.<br \/>\n[us_btn label=\"Donde comprar\" link=\"url:https%3A%2F%2Faerocool.io%2Fwhere-to-buy%2F|title:Where%20to%20Buy|target:%20_blank|\" text=\"Download\"]<\/em><\/p>\n","protected":false},"featured_media":97823,"template":"","meta":{"_acf_changed":false,"footnotes":""},"product_brand":[],"product_cat":[1530,1551,1552,1553,1525,1555,1520,1556,1558,1559,1719,1547,1540,1565],"product_tag":[],"class_list":{"0":"post-108762","1":"product","2":"type-product","3":"status-publish","4":"has-post-thumbnail","6":"product_cat-2-3-5-drive-bays-la","7":"product_cat-240mm-la","8":"product_cat-280mm-la","9":"product_cat-360mm-la","10":"product_cat-4-2-5-drive-bays-la","11":"product_cat-atx-la","12":"product_cat-cases-la","13":"product_cat-e-atx-la","14":"product_cat-micro-atx-la","15":"product_cat-mini-itx-la","16":"product_cat-pgs-b-la","17":"product_cat-cases-led-rgb-la","18":"product_cat-full-tower-la","19":"product_cat-full-tempered-glass-la","21":"first","22":"instock","23":"shipping-taxable","24":"product-type-simple"},"acf":[],"yoast_head":"<!-- This site is optimized with the Yoast SEO plugin v25.6 - https:\/\/yoast.com\/wordpress\/plugins\/seo\/ -->\n<title>Tor Pro - AeroCool<\/title>\n<meta name=\"robots\" content=\"index, follow, max-snippet:-1, max-image-preview:large, max-video-preview:-1\" \/>\n<link rel=\"canonical\" href=\"https:\/\/aerocool.io\/la\/wp-json\/wp\/v2\/product\/108762\/\" \/>\n<meta property=\"og:locale\" content=\"en_US\" \/>\n<meta property=\"og:type\" content=\"article\" \/>\n<meta property=\"og:title\" content=\"Tor Pro - AeroCool\" \/>\n<meta property=\"og:description\" content=\"CAJA TORRE ARGB La caja TOR PRO viene equipada con cuatro espectaculares ventiladores RGB de 140mm y dise\u00f1o Square: tres frontales y uno trasero. Configura la iluminaci\u00f3n de tu TOR PRO de tres formas distintas: a trav\u00e9s del bot\u00f3n de control LED situado en el panel superior de la caja, mediante un mando a distancia por infrarrojos o utilizando tu placa base RGB Addressable. Incluye un concentrador de 10 puertos con funciones de control PWM. Compatible con placas base E-ATX, esta carcasa se ha dise\u00f1ado para conseguir el m\u00e1ximo rendimiento.   4 ventiladores RGB Addressable de 140mm  Iluminaci\u00f3n controlable por bot\u00f3n LED superior, control remoto o placa base ARGB  Compatible con placas base E-ATX  Panel lateral y frontal totales de cristal templado  Hub de 10 puertos con funci\u00f3n de control PWM  Soporte para refrigeraci\u00f3n l\u00edquida de hasta 480mm  Soporte para hasta 12 ventiladores ARGB  Las especificaciones est\u00e1n sujetas a cambios sin previo aviso. Los productos y modelos pueden variar seg\u00fan la regi\u00f3n. P\u00f3ngase en contacto con su distribuidor local para obtener m\u00e1s informaci\u00f3n.\" \/>\n<meta property=\"og:url\" content=\"https:\/\/aerocool.io\/la\/wp-json\/wp\/v2\/product\/108762\/\" \/>\n<meta property=\"og:site_name\" content=\"AeroCool\" \/>\n<meta property=\"article:modified_time\" content=\"2022-07-13T03:38:01+00:00\" \/>\n<meta property=\"og:image\" content=\"https:\/\/aerocool.io\/wp-content\/uploads\/2019\/02\/Tor-Pro-Infographic700x700-01.jpg\" \/>\n\t<meta property=\"og:image:width\" content=\"700\" \/>\n\t<meta property=\"og:image:height\" content=\"700\" \/>\n\t<meta property=\"og:image:type\" content=\"image\/jpeg\" \/>\n<meta name=\"twitter:card\" content=\"summary_large_image\" \/>\n<script type=\"application\/ld+json\" class=\"yoast-schema-graph\">{\"@context\":\"https:\/\/schema.org\",\"@graph\":[{\"@type\":\"WebPage\",\"@id\":\"https:\/\/aerocool.io\/la\/wp-json\/wp\/v2\/product\/108762\/\",\"url\":\"https:\/\/aerocool.io\/la\/wp-json\/wp\/v2\/product\/108762\/\",\"name\":\"Tor Pro - AeroCool\",\"isPartOf\":{\"@id\":\"https:\/\/aerocool.io\/#website\"},\"primaryImageOfPage\":{\"@id\":\"https:\/\/aerocool.io\/la\/product\/tor-pro\/#primaryimage\"},\"image\":{\"@id\":\"https:\/\/aerocool.io\/la\/product\/tor-pro\/#primaryimage\"},\"thumbnailUrl\":\"https:\/\/aerocool.io\/wp-content\/uploads\/2019\/02\/Tor-Pro-Infographic700x700-01.jpg\",\"datePublished\":\"2019-02-13T06:09:48+00:00\",\"dateModified\":\"2022-07-13T03:38:01+00:00\",\"breadcrumb\":{\"@id\":\"https:\/\/aerocool.io\/la\/product\/tor-pro\/#breadcrumb\"},\"inLanguage\":\"la-LA\",\"potentialAction\":[{\"@type\":\"ReadAction\",\"target\":[\"https:\/\/aerocool.io\/la\/product\/tor-pro\/\"]}]},{\"@type\":\"ImageObject\",\"inLanguage\":\"la-LA\",\"@id\":\"https:\/\/aerocool.io\/la\/product\/tor-pro\/#primaryimage\",\"url\":\"https:\/\/aerocool.io\/wp-content\/uploads\/2019\/02\/Tor-Pro-Infographic700x700-01.jpg\",\"contentUrl\":\"https:\/\/aerocool.io\/wp-content\/uploads\/2019\/02\/Tor-Pro-Infographic700x700-01.jpg\",\"width\":700,\"height\":700},{\"@type\":\"BreadcrumbList\",\"@id\":\"https:\/\/aerocool.io\/la\/product\/tor-pro\/#breadcrumb\",\"itemListElement\":[{\"@type\":\"ListItem\",\"position\":1,\"name\":\"Home\",\"item\":\"https:\/\/aerocool.io\/la\/\"},{\"@type\":\"ListItem\",\"position\":2,\"name\":\"Shop\",\"item\":\"https:\/\/aerocool.io\/shop\/\"},{\"@type\":\"ListItem\",\"position\":3,\"name\":\"Tor Pro\"}]},{\"@type\":\"WebSite\",\"@id\":\"https:\/\/aerocool.io\/#website\",\"url\":\"https:\/\/aerocool.io\/\",\"name\":\"AeroCool\",\"description\":\"Be Cool. Get AeroCool.\",\"publisher\":{\"@id\":\"https:\/\/aerocool.io\/#organization\"},\"potentialAction\":[{\"@type\":\"SearchAction\",\"target\":{\"@type\":\"EntryPoint\",\"urlTemplate\":\"https:\/\/aerocool.io\/?s={search_term_string}\"},\"query-input\":{\"@type\":\"PropertyValueSpecification\",\"valueRequired\":true,\"valueName\":\"search_term_string\"}}],\"inLanguage\":\"la-LA\"},{\"@type\":\"Organization\",\"@id\":\"https:\/\/aerocool.io\/#organization\",\"name\":\"Aerocool\",\"url\":\"https:\/\/aerocool.io\/\",\"logo\":{\"@type\":\"ImageObject\",\"inLanguage\":\"la-LA\",\"@id\":\"https:\/\/aerocool.io\/#\/schema\/logo\/image\/\",\"url\":\"https:\/\/aerocool.io\/wp-content\/uploads\/2018\/03\/AeroCool-Web-White-Logo.png\",\"contentUrl\":\"https:\/\/aerocool.io\/wp-content\/uploads\/2018\/03\/AeroCool-Web-White-Logo.png\",\"width\":500,\"height\":291,\"caption\":\"Aerocool\"},\"image\":{\"@id\":\"https:\/\/aerocool.io\/#\/schema\/logo\/image\/\"}}]}<\/script>\n<!-- \/ Yoast SEO plugin. -->","yoast_head_json":{"title":"Tor Pro - AeroCool","robots":{"index":"index","follow":"follow","max-snippet":"max-snippet:-1","max-image-preview":"max-image-preview:large","max-video-preview":"max-video-preview:-1"},"canonical":"https:\/\/aerocool.io\/la\/wp-json\/wp\/v2\/product\/108762\/","og_locale":"en_US","og_type":"article","og_title":"Tor Pro - AeroCool","og_description":"CAJA TORRE ARGB La caja TOR PRO viene equipada con cuatro espectaculares ventiladores RGB de 140mm y dise\u00f1o Square: tres frontales y uno trasero. Configura la iluminaci\u00f3n de tu TOR PRO de tres formas distintas: a trav\u00e9s del bot\u00f3n de control LED situado en el panel superior de la caja, mediante un mando a distancia por infrarrojos o utilizando tu placa base RGB Addressable. Incluye un concentrador de 10 puertos con funciones de control PWM. Compatible con placas base E-ATX, esta carcasa se ha dise\u00f1ado para conseguir el m\u00e1ximo rendimiento.   4 ventiladores RGB Addressable de 140mm  Iluminaci\u00f3n controlable por bot\u00f3n LED superior, control remoto o placa base ARGB  Compatible con placas base E-ATX  Panel lateral y frontal totales de cristal templado  Hub de 10 puertos con funci\u00f3n de control PWM  Soporte para refrigeraci\u00f3n l\u00edquida de hasta 480mm  Soporte para hasta 12 ventiladores ARGB  Las especificaciones est\u00e1n sujetas a cambios sin previo aviso. Los productos y modelos pueden variar seg\u00fan la regi\u00f3n. P\u00f3ngase en contacto con su distribuidor local para obtener m\u00e1s informaci\u00f3n.","og_url":"https:\/\/aerocool.io\/la\/wp-json\/wp\/v2\/product\/108762\/","og_site_name":"AeroCool","article_modified_time":"2022-07-13T03:38:01+00:00","og_image":[{"width":700,"height":700,"url":"https:\/\/aerocool.io\/wp-content\/uploads\/2019\/02\/Tor-Pro-Infographic700x700-01.jpg","type":"image\/jpeg"}],"twitter_card":"summary_large_image","schema":{"@context":"https:\/\/schema.org","@graph":[{"@type":"WebPage","@id":"https:\/\/aerocool.io\/la\/wp-json\/wp\/v2\/product\/108762\/","url":"https:\/\/aerocool.io\/la\/wp-json\/wp\/v2\/product\/108762\/","name":"Tor Pro - AeroCool","isPartOf":{"@id":"https:\/\/aerocool.io\/#website"},"primaryImageOfPage":{"@id":"https:\/\/aerocool.io\/la\/product\/tor-pro\/#primaryimage"},"image":{"@id":"https:\/\/aerocool.io\/la\/product\/tor-pro\/#primaryimage"},"thumbnailUrl":"https:\/\/aerocool.io\/wp-content\/uploads\/2019\/02\/Tor-Pro-Infographic700x700-01.jpg","datePublished":"2019-02-13T06:09:48+00:00","dateModified":"2022-07-13T03:38:01+00:00","breadcrumb":{"@id":"https:\/\/aerocool.io\/la\/product\/tor-pro\/#breadcrumb"},"inLanguage":"la-LA","potentialAction":[{"@type":"ReadAction","target":["https:\/\/aerocool.io\/la\/product\/tor-pro\/"]}]},{"@type":"ImageObject","inLanguage":"la-LA","@id":"https:\/\/aerocool.io\/la\/product\/tor-pro\/#primaryimage","url":"https:\/\/aerocool.io\/wp-content\/uploads\/2019\/02\/Tor-Pro-Infographic700x700-01.jpg","contentUrl":"https:\/\/aerocool.io\/wp-content\/uploads\/2019\/02\/Tor-Pro-Infographic700x700-01.jpg","width":700,"height":700},{"@type":"BreadcrumbList","@id":"https:\/\/aerocool.io\/la\/product\/tor-pro\/#breadcrumb","itemListElement":[{"@type":"ListItem","position":1,"name":"Home","item":"https:\/\/aerocool.io\/la\/"},{"@type":"ListItem","position":2,"name":"Shop","item":"https:\/\/aerocool.io\/shop\/"},{"@type":"ListItem","position":3,"name":"Tor Pro"}]},{"@type":"WebSite","@id":"https:\/\/aerocool.io\/#website","url":"https:\/\/aerocool.io\/","name":"AeroCool","description":"Be Cool. Get AeroCool.","publisher":{"@id":"https:\/\/aerocool.io\/#organization"},"potentialAction":[{"@type":"SearchAction","target":{"@type":"EntryPoint","urlTemplate":"https:\/\/aerocool.io\/?s={search_term_string}"},"query-input":{"@type":"PropertyValueSpecification","valueRequired":true,"valueName":"search_term_string"}}],"inLanguage":"la-LA"},{"@type":"Organization","@id":"https:\/\/aerocool.io\/#organization","name":"Aerocool","url":"https:\/\/aerocool.io\/","logo":{"@type":"ImageObject","inLanguage":"la-LA","@id":"https:\/\/aerocool.io\/#\/schema\/logo\/image\/","url":"https:\/\/aerocool.io\/wp-content\/uploads\/2018\/03\/AeroCool-Web-White-Logo.png","contentUrl":"https:\/\/aerocool.io\/wp-content\/uploads\/2018\/03\/AeroCool-Web-White-Logo.png","width":500,"height":291,"caption":"Aerocool"},"image":{"@id":"https:\/\/aerocool.io\/#\/schema\/logo\/image\/"}}]}},"_links":{"self":[{"href":"https:\/\/aerocool.io\/la\/wp-json\/wp\/v2\/product\/108762"}],"collection":[{"href":"https:\/\/aerocool.io\/la\/wp-json\/wp\/v2\/product"}],"about":[{"href":"https:\/\/aerocool.io\/la\/wp-json\/wp\/v2\/types\/product"}],"version-history":[{"count":0,"href":"https:\/\/aerocool.io\/la\/wp-json\/wp\/v2\/product\/108762\/revisions"}],"wp:featuredmedia":[{"embeddable":true,"href":"https:\/\/aerocool.io\/la\/wp-json\/wp\/v2\/media\/97823"}],"wp:attachment":[{"href":"https:\/\/aerocool.io\/la\/wp-json\/wp\/v2\/media?parent=108762"}],"wp:term":[{"taxonomy":"product_brand","embeddable":true,"href":"https:\/\/aerocool.io\/la\/wp-json\/wp\/v2\/product_brand?post=108762"},{"taxonomy":"product_cat","embeddable":true,"href":"https:\/\/aerocool.io\/la\/wp-json\/wp\/v2\/product_cat?post=108762"},{"taxonomy":"product_tag","embeddable":true,"href":"https:\/\/aerocool.io\/la\/wp-json\/wp\/v2\/product_tag?post=108762"}],"curies":[{"name":"wp","href":"https:\/\/api.w.org\/{rel}","templated":true}]}}