{"id":122896,"date":"2019-07-26T09:54:24","date_gmt":"2019-07-26T09:54:24","guid":{"rendered":"https:\/\/aerocool.io\/product\/si-5200-frost-tempered-glass\/"},"modified":"2021-06-25T11:43:30","modified_gmt":"2021-06-25T03:43:30","slug":"si-5200-frost-tempered-glass","status":"publish","type":"product","link":"https:\/\/aerocool.io\/la\/product\/si-5200-frost-tempered-glass\/","title":{"rendered":"SI-5200 Frost Tempered Glass"},"content":{"rendered":"","protected":false},"excerpt":{"rendered":"<h3><span style=\"font-weight: 400;\">Semitorre RGB<\/span><\/h3>\n<p>La SI5200FROST ofrece un panel frontal con 3 ventiladores Frost 12 con iluminaci\u00f3n LED RGB fija, combinando una perfecta refrigeraci\u00f3n con un look espectacular. Adem\u00e1s, la estructura de la caja cuenta con m\u00faltiples prestaciones que garantizan el m\u00e1ximo rendimiento y una durabilidad profesional con un dise\u00f1o moderno.<\/p>\n<ul>\n<li>Paneles frontal y lateral totales para mayor visualizaci\u00f3n interna<\/li>\n<li>3 ventiladores RGB Frost 12 de 120mm frontales<\/li>\n<li>Rejillas de ventilaci\u00f3n delanteras para mayor circulaci\u00f3n del aire<\/li>\n<li>Dise\u00f1o de c\u00e1mara dual<\/li>\n<li>Soporta refrigeraci\u00f3n l\u00edquida delantera<\/li>\n<\/ul>\n<p><em>Las especificaciones est\u00e1n sujetas a cambios sin previo aviso.<\/em><br \/>\n<em>Los productos y modelos pueden variar seg\u00fan la regi\u00f3n.<\/em><br \/>\n<em>P\u00f3ngase en contacto con su distribuidor local para obtener m\u00e1s informaci\u00f3n.<br \/>\n[us_btn label=\"Donde comprar\" link=\"url:https%3A%2F%2Faerocool.io%2Fwhere-to-buy%2F|title:Where%20to%20Buy|target:%20_blank|\" text=\"Download\"]<br \/>\n<\/em><\/p>\n","protected":false},"featured_media":105102,"template":"","meta":{"_acf_changed":false,"footnotes":""},"product_brand":[],"product_cat":[1530,1551,1524,1555,1520,1558,1559,1547,1722,1541,1565],"product_tag":[],"class_list":{"0":"post-122896","1":"product","2":"type-product","3":"status-publish","4":"has-post-thumbnail","6":"product_cat-2-3-5-drive-bays-la","7":"product_cat-240mm-la","8":"product_cat-3-2-5-drive-bays-la","9":"product_cat-atx-la","10":"product_cat-cases-la","11":"product_cat-micro-atx-la","12":"product_cat-mini-itx-la","13":"product_cat-cases-led-rgb-la","14":"product_cat-si-la","15":"product_cat-mid-tower-la","16":"product_cat-full-tempered-glass-la","18":"first","19":"instock","20":"shipping-taxable","21":"product-type-simple"},"acf":[],"yoast_head":"<!-- This site is optimized with the Yoast SEO plugin v25.6 - https:\/\/yoast.com\/wordpress\/plugins\/seo\/ -->\n<title>SI-5200 Frost Tempered Glass - AeroCool<\/title>\n<meta name=\"robots\" content=\"index, follow, max-snippet:-1, max-image-preview:large, max-video-preview:-1\" \/>\n<link rel=\"canonical\" href=\"https:\/\/aerocool.io\/la\/wp-json\/wp\/v2\/product\/122896\/\" \/>\n<meta property=\"og:locale\" content=\"en_US\" \/>\n<meta property=\"og:type\" content=\"article\" \/>\n<meta property=\"og:title\" content=\"SI-5200 Frost Tempered Glass - AeroCool\" \/>\n<meta property=\"og:description\" content=\"Semitorre RGB La SI5200FROST ofrece un panel frontal con 3 ventiladores Frost 12 con iluminaci\u00f3n LED RGB fija, combinando una perfecta refrigeraci\u00f3n con un look espectacular. Adem\u00e1s, la estructura de la caja cuenta con m\u00faltiples prestaciones que garantizan el m\u00e1ximo rendimiento y una durabilidad profesional con un dise\u00f1o moderno.   Paneles frontal y lateral totales para mayor visualizaci\u00f3n interna  3 ventiladores RGB Frost 12 de 120mm frontales  Rejillas de ventilaci\u00f3n delanteras para mayor circulaci\u00f3n del aire  Dise\u00f1o de c\u00e1mara dual  Soporta refrigeraci\u00f3n l\u00edquida delantera  Las especificaciones est\u00e1n sujetas a cambios sin previo aviso. Los productos y modelos pueden variar seg\u00fan la regi\u00f3n. P\u00f3ngase en contacto con su distribuidor local para obtener m\u00e1s informaci\u00f3n.\" \/>\n<meta property=\"og:url\" content=\"https:\/\/aerocool.io\/la\/wp-json\/wp\/v2\/product\/122896\/\" \/>\n<meta property=\"og:site_name\" content=\"AeroCool\" \/>\n<meta property=\"article:modified_time\" content=\"2021-06-25T03:43:30+00:00\" \/>\n<meta property=\"og:image\" content=\"https:\/\/aerocool.io\/wp-content\/uploads\/2019\/07\/SI-5200-Frost-Infographic700x700px-01.jpg\" \/>\n\t<meta property=\"og:image:width\" content=\"700\" \/>\n\t<meta property=\"og:image:height\" content=\"700\" \/>\n\t<meta property=\"og:image:type\" content=\"image\/jpeg\" \/>\n<meta name=\"twitter:card\" content=\"summary_large_image\" \/>\n<script type=\"application\/ld+json\" class=\"yoast-schema-graph\">{\"@context\":\"https:\/\/schema.org\",\"@graph\":[{\"@type\":\"WebPage\",\"@id\":\"https:\/\/aerocool.io\/la\/wp-json\/wp\/v2\/product\/122896\/\",\"url\":\"https:\/\/aerocool.io\/la\/wp-json\/wp\/v2\/product\/122896\/\",\"name\":\"SI-5200 Frost Tempered Glass - AeroCool\",\"isPartOf\":{\"@id\":\"https:\/\/aerocool.io\/#website\"},\"primaryImageOfPage\":{\"@id\":\"https:\/\/aerocool.io\/la\/product\/si-5200-frost-tempered-glass\/#primaryimage\"},\"image\":{\"@id\":\"https:\/\/aerocool.io\/la\/product\/si-5200-frost-tempered-glass\/#primaryimage\"},\"thumbnailUrl\":\"https:\/\/aerocool.io\/wp-content\/uploads\/2019\/07\/SI-5200-Frost-Infographic700x700px-01.jpg\",\"datePublished\":\"2019-07-26T09:54:24+00:00\",\"dateModified\":\"2021-06-25T03:43:30+00:00\",\"breadcrumb\":{\"@id\":\"https:\/\/aerocool.io\/la\/product\/si-5200-frost-tempered-glass\/#breadcrumb\"},\"inLanguage\":\"la-LA\",\"potentialAction\":[{\"@type\":\"ReadAction\",\"target\":[\"https:\/\/aerocool.io\/la\/product\/si-5200-frost-tempered-glass\/\"]}]},{\"@type\":\"ImageObject\",\"inLanguage\":\"la-LA\",\"@id\":\"https:\/\/aerocool.io\/la\/product\/si-5200-frost-tempered-glass\/#primaryimage\",\"url\":\"https:\/\/aerocool.io\/wp-content\/uploads\/2019\/07\/SI-5200-Frost-Infographic700x700px-01.jpg\",\"contentUrl\":\"https:\/\/aerocool.io\/wp-content\/uploads\/2019\/07\/SI-5200-Frost-Infographic700x700px-01.jpg\",\"width\":700,\"height\":700},{\"@type\":\"BreadcrumbList\",\"@id\":\"https:\/\/aerocool.io\/la\/product\/si-5200-frost-tempered-glass\/#breadcrumb\",\"itemListElement\":[{\"@type\":\"ListItem\",\"position\":1,\"name\":\"Home\",\"item\":\"https:\/\/aerocool.io\/la\/\"},{\"@type\":\"ListItem\",\"position\":2,\"name\":\"Shop\",\"item\":\"https:\/\/aerocool.io\/shop\/\"},{\"@type\":\"ListItem\",\"position\":3,\"name\":\"SI-5200 Frost Tempered Glass\"}]},{\"@type\":\"WebSite\",\"@id\":\"https:\/\/aerocool.io\/#website\",\"url\":\"https:\/\/aerocool.io\/\",\"name\":\"AeroCool\",\"description\":\"Be Cool. Get AeroCool.\",\"publisher\":{\"@id\":\"https:\/\/aerocool.io\/#organization\"},\"potentialAction\":[{\"@type\":\"SearchAction\",\"target\":{\"@type\":\"EntryPoint\",\"urlTemplate\":\"https:\/\/aerocool.io\/?s={search_term_string}\"},\"query-input\":{\"@type\":\"PropertyValueSpecification\",\"valueRequired\":true,\"valueName\":\"search_term_string\"}}],\"inLanguage\":\"la-LA\"},{\"@type\":\"Organization\",\"@id\":\"https:\/\/aerocool.io\/#organization\",\"name\":\"Aerocool\",\"url\":\"https:\/\/aerocool.io\/\",\"logo\":{\"@type\":\"ImageObject\",\"inLanguage\":\"la-LA\",\"@id\":\"https:\/\/aerocool.io\/#\/schema\/logo\/image\/\",\"url\":\"https:\/\/aerocool.io\/wp-content\/uploads\/2018\/03\/AeroCool-Web-White-Logo.png\",\"contentUrl\":\"https:\/\/aerocool.io\/wp-content\/uploads\/2018\/03\/AeroCool-Web-White-Logo.png\",\"width\":500,\"height\":291,\"caption\":\"Aerocool\"},\"image\":{\"@id\":\"https:\/\/aerocool.io\/#\/schema\/logo\/image\/\"}}]}<\/script>\n<!-- \/ Yoast SEO plugin. -->","yoast_head_json":{"title":"SI-5200 Frost Tempered Glass - AeroCool","robots":{"index":"index","follow":"follow","max-snippet":"max-snippet:-1","max-image-preview":"max-image-preview:large","max-video-preview":"max-video-preview:-1"},"canonical":"https:\/\/aerocool.io\/la\/wp-json\/wp\/v2\/product\/122896\/","og_locale":"en_US","og_type":"article","og_title":"SI-5200 Frost Tempered Glass - AeroCool","og_description":"Semitorre RGB La SI5200FROST ofrece un panel frontal con 3 ventiladores Frost 12 con iluminaci\u00f3n LED RGB fija, combinando una perfecta refrigeraci\u00f3n con un look espectacular. Adem\u00e1s, la estructura de la caja cuenta con m\u00faltiples prestaciones que garantizan el m\u00e1ximo rendimiento y una durabilidad profesional con un dise\u00f1o moderno.   Paneles frontal y lateral totales para mayor visualizaci\u00f3n interna  3 ventiladores RGB Frost 12 de 120mm frontales  Rejillas de ventilaci\u00f3n delanteras para mayor circulaci\u00f3n del aire  Dise\u00f1o de c\u00e1mara dual  Soporta refrigeraci\u00f3n l\u00edquida delantera  Las especificaciones est\u00e1n sujetas a cambios sin previo aviso. Los productos y modelos pueden variar seg\u00fan la regi\u00f3n. P\u00f3ngase en contacto con su distribuidor local para obtener m\u00e1s informaci\u00f3n.","og_url":"https:\/\/aerocool.io\/la\/wp-json\/wp\/v2\/product\/122896\/","og_site_name":"AeroCool","article_modified_time":"2021-06-25T03:43:30+00:00","og_image":[{"width":700,"height":700,"url":"https:\/\/aerocool.io\/wp-content\/uploads\/2019\/07\/SI-5200-Frost-Infographic700x700px-01.jpg","type":"image\/jpeg"}],"twitter_card":"summary_large_image","schema":{"@context":"https:\/\/schema.org","@graph":[{"@type":"WebPage","@id":"https:\/\/aerocool.io\/la\/wp-json\/wp\/v2\/product\/122896\/","url":"https:\/\/aerocool.io\/la\/wp-json\/wp\/v2\/product\/122896\/","name":"SI-5200 Frost Tempered Glass - AeroCool","isPartOf":{"@id":"https:\/\/aerocool.io\/#website"},"primaryImageOfPage":{"@id":"https:\/\/aerocool.io\/la\/product\/si-5200-frost-tempered-glass\/#primaryimage"},"image":{"@id":"https:\/\/aerocool.io\/la\/product\/si-5200-frost-tempered-glass\/#primaryimage"},"thumbnailUrl":"https:\/\/aerocool.io\/wp-content\/uploads\/2019\/07\/SI-5200-Frost-Infographic700x700px-01.jpg","datePublished":"2019-07-26T09:54:24+00:00","dateModified":"2021-06-25T03:43:30+00:00","breadcrumb":{"@id":"https:\/\/aerocool.io\/la\/product\/si-5200-frost-tempered-glass\/#breadcrumb"},"inLanguage":"la-LA","potentialAction":[{"@type":"ReadAction","target":["https:\/\/aerocool.io\/la\/product\/si-5200-frost-tempered-glass\/"]}]},{"@type":"ImageObject","inLanguage":"la-LA","@id":"https:\/\/aerocool.io\/la\/product\/si-5200-frost-tempered-glass\/#primaryimage","url":"https:\/\/aerocool.io\/wp-content\/uploads\/2019\/07\/SI-5200-Frost-Infographic700x700px-01.jpg","contentUrl":"https:\/\/aerocool.io\/wp-content\/uploads\/2019\/07\/SI-5200-Frost-Infographic700x700px-01.jpg","width":700,"height":700},{"@type":"BreadcrumbList","@id":"https:\/\/aerocool.io\/la\/product\/si-5200-frost-tempered-glass\/#breadcrumb","itemListElement":[{"@type":"ListItem","position":1,"name":"Home","item":"https:\/\/aerocool.io\/la\/"},{"@type":"ListItem","position":2,"name":"Shop","item":"https:\/\/aerocool.io\/shop\/"},{"@type":"ListItem","position":3,"name":"SI-5200 Frost Tempered Glass"}]},{"@type":"WebSite","@id":"https:\/\/aerocool.io\/#website","url":"https:\/\/aerocool.io\/","name":"AeroCool","description":"Be Cool. Get AeroCool.","publisher":{"@id":"https:\/\/aerocool.io\/#organization"},"potentialAction":[{"@type":"SearchAction","target":{"@type":"EntryPoint","urlTemplate":"https:\/\/aerocool.io\/?s={search_term_string}"},"query-input":{"@type":"PropertyValueSpecification","valueRequired":true,"valueName":"search_term_string"}}],"inLanguage":"la-LA"},{"@type":"Organization","@id":"https:\/\/aerocool.io\/#organization","name":"Aerocool","url":"https:\/\/aerocool.io\/","logo":{"@type":"ImageObject","inLanguage":"la-LA","@id":"https:\/\/aerocool.io\/#\/schema\/logo\/image\/","url":"https:\/\/aerocool.io\/wp-content\/uploads\/2018\/03\/AeroCool-Web-White-Logo.png","contentUrl":"https:\/\/aerocool.io\/wp-content\/uploads\/2018\/03\/AeroCool-Web-White-Logo.png","width":500,"height":291,"caption":"Aerocool"},"image":{"@id":"https:\/\/aerocool.io\/#\/schema\/logo\/image\/"}}]}},"_links":{"self":[{"href":"https:\/\/aerocool.io\/la\/wp-json\/wp\/v2\/product\/122896"}],"collection":[{"href":"https:\/\/aerocool.io\/la\/wp-json\/wp\/v2\/product"}],"about":[{"href":"https:\/\/aerocool.io\/la\/wp-json\/wp\/v2\/types\/product"}],"version-history":[{"count":0,"href":"https:\/\/aerocool.io\/la\/wp-json\/wp\/v2\/product\/122896\/revisions"}],"wp:featuredmedia":[{"embeddable":true,"href":"https:\/\/aerocool.io\/la\/wp-json\/wp\/v2\/media\/105102"}],"wp:attachment":[{"href":"https:\/\/aerocool.io\/la\/wp-json\/wp\/v2\/media?parent=122896"}],"wp:term":[{"taxonomy":"product_brand","embeddable":true,"href":"https:\/\/aerocool.io\/la\/wp-json\/wp\/v2\/product_brand?post=122896"},{"taxonomy":"product_cat","embeddable":true,"href":"https:\/\/aerocool.io\/la\/wp-json\/wp\/v2\/product_cat?post=122896"},{"taxonomy":"product_tag","embeddable":true,"href":"https:\/\/aerocool.io\/la\/wp-json\/wp\/v2\/product_tag?post=122896"}],"curies":[{"name":"wp","href":"https:\/\/api.w.org\/{rel}","templated":true}]}}