{"id":123904,"date":"2019-01-07T07:25:39","date_gmt":"2019-01-07T07:25:39","guid":{"rendered":"https:\/\/aerocool.io\/product\/cylon-500w\/"},"modified":"2023-08-18T12:20:00","modified_gmt":"2023-08-18T04:20:00","slug":"cylon-500w","status":"publish","type":"product","link":"https:\/\/aerocool.io\/la\/product\/cylon-500w\/","title":{"rendered":"Cylon 500W"},"content":{"rendered":"","protected":false},"excerpt":{"rendered":"<h3>Fuente de alimentaci\u00f3n RGB<\/h3>\n<p>Dise\u00f1ada para proporcionar energ\u00eda y espectacularidad a tu PC, la fuente de alimentaci\u00f3n Cylon te ofrece hasta 13 efectos de iluminaci\u00f3n \u00fanicos con su sistema LED RGB.<\/p>\n<ul>\n<li>APFC incorporado (Active Power Factor Collection; Colecci\u00f3n de Factor de Potencia Activa) con tasas &gt; 0,9<\/li>\n<li>Haga que su sistema cobre vida con 13 efectos de iluminaci\u00f3n \u00fanicos que se pueden controlar a trav\u00e9s del bot\u00f3n de control LED<\/li>\n<li>Esta fuente de alimentaci\u00f3n es compatible con las placas base RGB direccionables que usan un conector RGB direccionable de + 5V<\/li>\n<li>Certificado con el est\u00e1ndar EU 80Plus 230V para rendimiento de alta eficiencia<\/li>\n<li>Ventilador negro y silencioso de 12 cm con control optimizado de la velocidad de ventilaci\u00f3n t\u00e9rmica<\/li>\n<li>Compatible con todos los factores de forma de Intel hasta ATX12V Ver. 2.4<\/li>\n<li>Los cables blandos, negros y planos permiten una administraci\u00f3n de cables m\u00e1s conveniente y una instalaci\u00f3n m\u00e1s f\u00e1cil<\/li>\n<\/ul>\n<p><em>Las especificaciones est\u00e1n sujetas a cambios sin previo aviso.<\/em><br \/>\n<em>Los productos y modelos pueden variar seg\u00fan la regi\u00f3n.<\/em><br \/>\n<em>P\u00f3ngase en contacto con su distribuidor local para obtener m\u00e1s informaci\u00f3n.<\/em><\/p>\n","protected":false},"featured_media":97388,"template":"","meta":{"_acf_changed":false,"footnotes":""},"product_brand":[],"product_cat":[1672,1686,1669,1701,1690,1675,1900,1659,1694,1682,1679,1666],"product_tag":[],"class_list":{"0":"post-123904","1":"product","2":"type-product","3":"status-publish","4":"has-post-thumbnail","6":"product_cat-1-la","7":"product_cat-1-2-la","8":"product_cat-12cm-la","9":"product_cat-500-600w-la","10":"product_cat-active-la","11":"product_cat-atx12v-la","12":"product_cat-cylon-la","13":"product_cat-power-supply-la","14":"product_cat-gaming-la","15":"product_cat-none-modular-la","16":"product_cat-rgb-power-supply-la","17":"product_cat-standard-la","19":"first","20":"instock","21":"shipping-taxable","22":"product-type-simple"},"acf":[],"yoast_head":"<!-- This site is optimized with the Yoast SEO plugin v25.6 - https:\/\/yoast.com\/wordpress\/plugins\/seo\/ -->\n<title>Cylon 500W - AeroCool<\/title>\n<meta name=\"robots\" content=\"index, follow, max-snippet:-1, max-image-preview:large, max-video-preview:-1\" \/>\n<link rel=\"canonical\" href=\"https:\/\/aerocool.io\/la\/wp-json\/wp\/v2\/product\/123904\/\" \/>\n<meta property=\"og:locale\" content=\"en_US\" \/>\n<meta property=\"og:type\" content=\"article\" \/>\n<meta property=\"og:title\" content=\"Cylon 500W - AeroCool\" \/>\n<meta property=\"og:description\" content=\"Fuente de alimentaci\u00f3n RGB Dise\u00f1ada para proporcionar energ\u00eda y espectacularidad a tu PC, la fuente de alimentaci\u00f3n Cylon te ofrece hasta 13 efectos de iluminaci\u00f3n \u00fanicos con su sistema LED RGB.   APFC incorporado (Active Power Factor Collection; Colecci\u00f3n de Factor de Potencia Activa) con tasas &gt; 0,9  Haga que su sistema cobre vida con 13 efectos de iluminaci\u00f3n \u00fanicos que se pueden controlar a trav\u00e9s del bot\u00f3n de control LED  Esta fuente de alimentaci\u00f3n es compatible con las placas base RGB direccionables que usan un conector RGB direccionable de + 5V  Certificado con el est\u00e1ndar EU 80Plus 230V para rendimiento de alta eficiencia  Ventilador negro y silencioso de 12 cm con control optimizado de la velocidad de ventilaci\u00f3n t\u00e9rmica  Compatible con todos los factores de forma de Intel hasta ATX12V Ver. 2.4  Los cables blandos, negros y planos permiten una administraci\u00f3n de cables m\u00e1s conveniente y una instalaci\u00f3n m\u00e1s f\u00e1cil  Las especificaciones est\u00e1n sujetas a cambios sin previo aviso. Los productos y modelos pueden variar seg\u00fan la regi\u00f3n. P\u00f3ngase en contacto con su distribuidor local para obtener m\u00e1s informaci\u00f3n.\" \/>\n<meta property=\"og:url\" content=\"https:\/\/aerocool.io\/la\/wp-json\/wp\/v2\/product\/123904\/\" \/>\n<meta property=\"og:site_name\" content=\"AeroCool\" \/>\n<meta property=\"article:modified_time\" content=\"2023-08-18T04:20:00+00:00\" \/>\n<meta property=\"og:image\" content=\"https:\/\/aerocool.io\/wp-content\/uploads\/2019\/01\/AeroCool-Cylon-400W-Circle-Infographic-1-700x700px.jpg\" \/>\n\t<meta property=\"og:image:width\" content=\"700\" \/>\n\t<meta property=\"og:image:height\" content=\"700\" \/>\n\t<meta property=\"og:image:type\" content=\"image\/jpeg\" \/>\n<meta name=\"twitter:card\" content=\"summary_large_image\" \/>\n<script type=\"application\/ld+json\" class=\"yoast-schema-graph\">{\"@context\":\"https:\/\/schema.org\",\"@graph\":[{\"@type\":\"WebPage\",\"@id\":\"https:\/\/aerocool.io\/la\/wp-json\/wp\/v2\/product\/123904\/\",\"url\":\"https:\/\/aerocool.io\/la\/wp-json\/wp\/v2\/product\/123904\/\",\"name\":\"Cylon 500W - AeroCool\",\"isPartOf\":{\"@id\":\"https:\/\/aerocool.io\/#website\"},\"primaryImageOfPage\":{\"@id\":\"https:\/\/aerocool.io\/la\/product\/cylon-500w\/#primaryimage\"},\"image\":{\"@id\":\"https:\/\/aerocool.io\/la\/product\/cylon-500w\/#primaryimage\"},\"thumbnailUrl\":\"https:\/\/aerocool.io\/wp-content\/uploads\/2019\/01\/AeroCool-Cylon-400W-Circle-Infographic-1-700x700px.jpg\",\"datePublished\":\"2019-01-07T07:25:39+00:00\",\"dateModified\":\"2023-08-18T04:20:00+00:00\",\"breadcrumb\":{\"@id\":\"https:\/\/aerocool.io\/la\/product\/cylon-500w\/#breadcrumb\"},\"inLanguage\":\"la-LA\",\"potentialAction\":[{\"@type\":\"ReadAction\",\"target\":[\"https:\/\/aerocool.io\/la\/product\/cylon-500w\/\"]}]},{\"@type\":\"ImageObject\",\"inLanguage\":\"la-LA\",\"@id\":\"https:\/\/aerocool.io\/la\/product\/cylon-500w\/#primaryimage\",\"url\":\"https:\/\/aerocool.io\/wp-content\/uploads\/2019\/01\/AeroCool-Cylon-400W-Circle-Infographic-1-700x700px.jpg\",\"contentUrl\":\"https:\/\/aerocool.io\/wp-content\/uploads\/2019\/01\/AeroCool-Cylon-400W-Circle-Infographic-1-700x700px.jpg\",\"width\":700,\"height\":700},{\"@type\":\"BreadcrumbList\",\"@id\":\"https:\/\/aerocool.io\/la\/product\/cylon-500w\/#breadcrumb\",\"itemListElement\":[{\"@type\":\"ListItem\",\"position\":1,\"name\":\"Home\",\"item\":\"https:\/\/aerocool.io\/la\/\"},{\"@type\":\"ListItem\",\"position\":2,\"name\":\"Shop\",\"item\":\"https:\/\/aerocool.io\/shop\/\"},{\"@type\":\"ListItem\",\"position\":3,\"name\":\"Cylon 500W\"}]},{\"@type\":\"WebSite\",\"@id\":\"https:\/\/aerocool.io\/#website\",\"url\":\"https:\/\/aerocool.io\/\",\"name\":\"AeroCool\",\"description\":\"Be Cool. Get AeroCool.\",\"publisher\":{\"@id\":\"https:\/\/aerocool.io\/#organization\"},\"potentialAction\":[{\"@type\":\"SearchAction\",\"target\":{\"@type\":\"EntryPoint\",\"urlTemplate\":\"https:\/\/aerocool.io\/?s={search_term_string}\"},\"query-input\":{\"@type\":\"PropertyValueSpecification\",\"valueRequired\":true,\"valueName\":\"search_term_string\"}}],\"inLanguage\":\"la-LA\"},{\"@type\":\"Organization\",\"@id\":\"https:\/\/aerocool.io\/#organization\",\"name\":\"Aerocool\",\"url\":\"https:\/\/aerocool.io\/\",\"logo\":{\"@type\":\"ImageObject\",\"inLanguage\":\"la-LA\",\"@id\":\"https:\/\/aerocool.io\/#\/schema\/logo\/image\/\",\"url\":\"https:\/\/aerocool.io\/wp-content\/uploads\/2018\/03\/AeroCool-Web-White-Logo.png\",\"contentUrl\":\"https:\/\/aerocool.io\/wp-content\/uploads\/2018\/03\/AeroCool-Web-White-Logo.png\",\"width\":500,\"height\":291,\"caption\":\"Aerocool\"},\"image\":{\"@id\":\"https:\/\/aerocool.io\/#\/schema\/logo\/image\/\"}}]}<\/script>\n<!-- \/ Yoast SEO plugin. -->","yoast_head_json":{"title":"Cylon 500W - AeroCool","robots":{"index":"index","follow":"follow","max-snippet":"max-snippet:-1","max-image-preview":"max-image-preview:large","max-video-preview":"max-video-preview:-1"},"canonical":"https:\/\/aerocool.io\/la\/wp-json\/wp\/v2\/product\/123904\/","og_locale":"en_US","og_type":"article","og_title":"Cylon 500W - AeroCool","og_description":"Fuente de alimentaci\u00f3n RGB Dise\u00f1ada para proporcionar energ\u00eda y espectacularidad a tu PC, la fuente de alimentaci\u00f3n Cylon te ofrece hasta 13 efectos de iluminaci\u00f3n \u00fanicos con su sistema LED RGB.   APFC incorporado (Active Power Factor Collection; Colecci\u00f3n de Factor de Potencia Activa) con tasas &gt; 0,9  Haga que su sistema cobre vida con 13 efectos de iluminaci\u00f3n \u00fanicos que se pueden controlar a trav\u00e9s del bot\u00f3n de control LED  Esta fuente de alimentaci\u00f3n es compatible con las placas base RGB direccionables que usan un conector RGB direccionable de + 5V  Certificado con el est\u00e1ndar EU 80Plus 230V para rendimiento de alta eficiencia  Ventilador negro y silencioso de 12 cm con control optimizado de la velocidad de ventilaci\u00f3n t\u00e9rmica  Compatible con todos los factores de forma de Intel hasta ATX12V Ver. 2.4  Los cables blandos, negros y planos permiten una administraci\u00f3n de cables m\u00e1s conveniente y una instalaci\u00f3n m\u00e1s f\u00e1cil  Las especificaciones est\u00e1n sujetas a cambios sin previo aviso. Los productos y modelos pueden variar seg\u00fan la regi\u00f3n. P\u00f3ngase en contacto con su distribuidor local para obtener m\u00e1s informaci\u00f3n.","og_url":"https:\/\/aerocool.io\/la\/wp-json\/wp\/v2\/product\/123904\/","og_site_name":"AeroCool","article_modified_time":"2023-08-18T04:20:00+00:00","og_image":[{"width":700,"height":700,"url":"https:\/\/aerocool.io\/wp-content\/uploads\/2019\/01\/AeroCool-Cylon-400W-Circle-Infographic-1-700x700px.jpg","type":"image\/jpeg"}],"twitter_card":"summary_large_image","schema":{"@context":"https:\/\/schema.org","@graph":[{"@type":"WebPage","@id":"https:\/\/aerocool.io\/la\/wp-json\/wp\/v2\/product\/123904\/","url":"https:\/\/aerocool.io\/la\/wp-json\/wp\/v2\/product\/123904\/","name":"Cylon 500W - AeroCool","isPartOf":{"@id":"https:\/\/aerocool.io\/#website"},"primaryImageOfPage":{"@id":"https:\/\/aerocool.io\/la\/product\/cylon-500w\/#primaryimage"},"image":{"@id":"https:\/\/aerocool.io\/la\/product\/cylon-500w\/#primaryimage"},"thumbnailUrl":"https:\/\/aerocool.io\/wp-content\/uploads\/2019\/01\/AeroCool-Cylon-400W-Circle-Infographic-1-700x700px.jpg","datePublished":"2019-01-07T07:25:39+00:00","dateModified":"2023-08-18T04:20:00+00:00","breadcrumb":{"@id":"https:\/\/aerocool.io\/la\/product\/cylon-500w\/#breadcrumb"},"inLanguage":"la-LA","potentialAction":[{"@type":"ReadAction","target":["https:\/\/aerocool.io\/la\/product\/cylon-500w\/"]}]},{"@type":"ImageObject","inLanguage":"la-LA","@id":"https:\/\/aerocool.io\/la\/product\/cylon-500w\/#primaryimage","url":"https:\/\/aerocool.io\/wp-content\/uploads\/2019\/01\/AeroCool-Cylon-400W-Circle-Infographic-1-700x700px.jpg","contentUrl":"https:\/\/aerocool.io\/wp-content\/uploads\/2019\/01\/AeroCool-Cylon-400W-Circle-Infographic-1-700x700px.jpg","width":700,"height":700},{"@type":"BreadcrumbList","@id":"https:\/\/aerocool.io\/la\/product\/cylon-500w\/#breadcrumb","itemListElement":[{"@type":"ListItem","position":1,"name":"Home","item":"https:\/\/aerocool.io\/la\/"},{"@type":"ListItem","position":2,"name":"Shop","item":"https:\/\/aerocool.io\/shop\/"},{"@type":"ListItem","position":3,"name":"Cylon 500W"}]},{"@type":"WebSite","@id":"https:\/\/aerocool.io\/#website","url":"https:\/\/aerocool.io\/","name":"AeroCool","description":"Be Cool. Get AeroCool.","publisher":{"@id":"https:\/\/aerocool.io\/#organization"},"potentialAction":[{"@type":"SearchAction","target":{"@type":"EntryPoint","urlTemplate":"https:\/\/aerocool.io\/?s={search_term_string}"},"query-input":{"@type":"PropertyValueSpecification","valueRequired":true,"valueName":"search_term_string"}}],"inLanguage":"la-LA"},{"@type":"Organization","@id":"https:\/\/aerocool.io\/#organization","name":"Aerocool","url":"https:\/\/aerocool.io\/","logo":{"@type":"ImageObject","inLanguage":"la-LA","@id":"https:\/\/aerocool.io\/#\/schema\/logo\/image\/","url":"https:\/\/aerocool.io\/wp-content\/uploads\/2018\/03\/AeroCool-Web-White-Logo.png","contentUrl":"https:\/\/aerocool.io\/wp-content\/uploads\/2018\/03\/AeroCool-Web-White-Logo.png","width":500,"height":291,"caption":"Aerocool"},"image":{"@id":"https:\/\/aerocool.io\/#\/schema\/logo\/image\/"}}]}},"_links":{"self":[{"href":"https:\/\/aerocool.io\/la\/wp-json\/wp\/v2\/product\/123904"}],"collection":[{"href":"https:\/\/aerocool.io\/la\/wp-json\/wp\/v2\/product"}],"about":[{"href":"https:\/\/aerocool.io\/la\/wp-json\/wp\/v2\/types\/product"}],"version-history":[{"count":0,"href":"https:\/\/aerocool.io\/la\/wp-json\/wp\/v2\/product\/123904\/revisions"}],"wp:featuredmedia":[{"embeddable":true,"href":"https:\/\/aerocool.io\/la\/wp-json\/wp\/v2\/media\/97388"}],"wp:attachment":[{"href":"https:\/\/aerocool.io\/la\/wp-json\/wp\/v2\/media?parent=123904"}],"wp:term":[{"taxonomy":"product_brand","embeddable":true,"href":"https:\/\/aerocool.io\/la\/wp-json\/wp\/v2\/product_brand?post=123904"},{"taxonomy":"product_cat","embeddable":true,"href":"https:\/\/aerocool.io\/la\/wp-json\/wp\/v2\/product_cat?post=123904"},{"taxonomy":"product_tag","embeddable":true,"href":"https:\/\/aerocool.io\/la\/wp-json\/wp\/v2\/product_tag?post=123904"}],"curies":[{"name":"wp","href":"https:\/\/api.w.org\/{rel}","templated":true}]}}