{"id":123942,"date":"2019-06-25T04:01:21","date_gmt":"2019-06-25T04:01:21","guid":{"rendered":"https:\/\/aerocool.io\/product\/kcas-400w\/"},"modified":"2021-09-10T12:23:02","modified_gmt":"2021-09-10T04:23:02","slug":"kcas-400w-full-range","status":"publish","type":"product","link":"https:\/\/aerocool.io\/la\/product\/kcas-400w-full-range\/","title":{"rendered":"KCAS 400W Full Range"},"content":{"rendered":"","protected":false},"excerpt":{"rendered":"<h3>Fuente de alimentaci\u00f3n<\/h3>\n<ul>\n<li>APFC incorporado (Active Power Factor Collection; Colecci\u00f3n de Factor de Potencia Activa) con tasas &gt; 0,9<\/li>\n<li><span style=\"font-weight: 400; color: #000000;\">Hasta el 85% + de eficiencia con el certificado oficial 80PLUS Bronce<\/span><\/li>\n<li><span style=\"font-weight: 400; color: #000000;\">Todos los cables de DC mallados para optimizar el flujo de aire y la gesti\u00f3n<\/span><\/li>\n<li><span style=\"font-weight: 400; color: #000000;\">Ventilador silencioso de 12 cm negro con el circuito de control inteligente de velocidad del ventilador t\u00e9rmico<\/span><\/li>\n<li><span style=\"font-weight: 400; color: #000000;\">Carril de 12V simple para alta compatibilidad y salida extrema de corriente<\/span><span style=\"font-weight: 400; color: #000000;\"><br \/>\n<\/span><\/li>\n<\/ul>\n<p><em>Las especificaciones est\u00e1n sujetas a cambios sin previo aviso.<\/em><br \/>\n<em>Los productos y modelos pueden variar seg\u00fan la regi\u00f3n.<\/em><br \/>\n<em>P\u00f3ngase en contacto con su distribuidor local para obtener m\u00e1s informaci\u00f3n.<\/em><\/p>\n","protected":false},"featured_media":124847,"template":"","meta":{"_acf_changed":false,"footnotes":""},"product_brand":[],"product_cat":[1672,1686,1669,1700,1690,1675,1661,1659,1694,1901,1678,1682],"product_tag":[],"class_list":{"0":"post-123942","1":"product","2":"type-product","3":"status-publish","4":"has-post-thumbnail","6":"product_cat-1-la","7":"product_cat-1-2-la","8":"product_cat-12cm-la","9":"product_cat-350-500w-la","10":"product_cat-active-la","11":"product_cat-atx12v-la","12":"product_cat-bronze-la","13":"product_cat-power-supply-la","14":"product_cat-gaming-la","15":"product_cat-kcas-la","16":"product_cat-psu-lighting-none-la","17":"product_cat-none-modular-la","19":"first","20":"instock","21":"shipping-taxable","22":"product-type-simple"},"acf":[],"yoast_head":"<!-- This site is optimized with the Yoast SEO plugin v25.6 - https:\/\/yoast.com\/wordpress\/plugins\/seo\/ -->\n<title>KCAS 400W Full Range - AeroCool<\/title>\n<meta name=\"robots\" content=\"index, follow, max-snippet:-1, max-image-preview:large, max-video-preview:-1\" \/>\n<link rel=\"canonical\" href=\"https:\/\/aerocool.io\/la\/wp-json\/wp\/v2\/product\/123942\/\" \/>\n<meta property=\"og:locale\" content=\"en_US\" \/>\n<meta property=\"og:type\" content=\"article\" \/>\n<meta property=\"og:title\" content=\"KCAS 400W Full Range - AeroCool\" \/>\n<meta property=\"og:description\" content=\"Fuente de alimentaci\u00f3n   APFC incorporado (Active Power Factor Collection; Colecci\u00f3n de Factor de Potencia Activa) con tasas &gt; 0,9  Hasta el 85% + de eficiencia con el certificado oficial 80PLUS Bronce  Todos los cables de DC mallados para optimizar el flujo de aire y la gesti\u00f3n  Ventilador silencioso de 12 cm negro con el circuito de control inteligente de velocidad del ventilador t\u00e9rmico  Carril de 12V simple para alta compatibilidad y salida extrema de corriente   Las especificaciones est\u00e1n sujetas a cambios sin previo aviso. Los productos y modelos pueden variar seg\u00fan la regi\u00f3n. P\u00f3ngase en contacto con su distribuidor local para obtener m\u00e1s informaci\u00f3n.\" \/>\n<meta property=\"og:url\" content=\"https:\/\/aerocool.io\/la\/wp-json\/wp\/v2\/product\/123942\/\" \/>\n<meta property=\"og:site_name\" content=\"AeroCool\" \/>\n<meta property=\"article:modified_time\" content=\"2021-09-10T04:23:02+00:00\" \/>\n<meta property=\"og:image\" content=\"https:\/\/aerocool.io\/wp-content\/uploads\/2019\/06\/kcas-400f-gallery-1-1.png\" \/>\n\t<meta property=\"og:image:width\" content=\"723\" \/>\n\t<meta property=\"og:image:height\" content=\"700\" \/>\n\t<meta property=\"og:image:type\" content=\"image\/png\" \/>\n<meta name=\"twitter:card\" content=\"summary_large_image\" \/>\n<meta name=\"twitter:label1\" content=\"Est. reading time\" \/>\n\t<meta name=\"twitter:data1\" content=\"1 minute\" \/>\n<script type=\"application\/ld+json\" class=\"yoast-schema-graph\">{\"@context\":\"https:\/\/schema.org\",\"@graph\":[{\"@type\":\"WebPage\",\"@id\":\"https:\/\/aerocool.io\/la\/wp-json\/wp\/v2\/product\/123942\/\",\"url\":\"https:\/\/aerocool.io\/la\/wp-json\/wp\/v2\/product\/123942\/\",\"name\":\"KCAS 400W Full Range - AeroCool\",\"isPartOf\":{\"@id\":\"https:\/\/aerocool.io\/#website\"},\"primaryImageOfPage\":{\"@id\":\"https:\/\/aerocool.io\/la\/product\/kcas-400w-full-range\/#primaryimage\"},\"image\":{\"@id\":\"https:\/\/aerocool.io\/la\/product\/kcas-400w-full-range\/#primaryimage\"},\"thumbnailUrl\":\"https:\/\/aerocool.io\/wp-content\/uploads\/2019\/06\/kcas-400f-gallery-1-1.png\",\"datePublished\":\"2019-06-25T04:01:21+00:00\",\"dateModified\":\"2021-09-10T04:23:02+00:00\",\"breadcrumb\":{\"@id\":\"https:\/\/aerocool.io\/la\/product\/kcas-400w-full-range\/#breadcrumb\"},\"inLanguage\":\"la-LA\",\"potentialAction\":[{\"@type\":\"ReadAction\",\"target\":[\"https:\/\/aerocool.io\/la\/product\/kcas-400w-full-range\/\"]}]},{\"@type\":\"ImageObject\",\"inLanguage\":\"la-LA\",\"@id\":\"https:\/\/aerocool.io\/la\/product\/kcas-400w-full-range\/#primaryimage\",\"url\":\"https:\/\/aerocool.io\/wp-content\/uploads\/2019\/06\/kcas-400f-gallery-1-1.png\",\"contentUrl\":\"https:\/\/aerocool.io\/wp-content\/uploads\/2019\/06\/kcas-400f-gallery-1-1.png\",\"width\":723,\"height\":700},{\"@type\":\"BreadcrumbList\",\"@id\":\"https:\/\/aerocool.io\/la\/product\/kcas-400w-full-range\/#breadcrumb\",\"itemListElement\":[{\"@type\":\"ListItem\",\"position\":1,\"name\":\"Home\",\"item\":\"https:\/\/aerocool.io\/la\/\"},{\"@type\":\"ListItem\",\"position\":2,\"name\":\"Shop\",\"item\":\"https:\/\/aerocool.io\/shop\/\"},{\"@type\":\"ListItem\",\"position\":3,\"name\":\"KCAS 400W Full Range\"}]},{\"@type\":\"WebSite\",\"@id\":\"https:\/\/aerocool.io\/#website\",\"url\":\"https:\/\/aerocool.io\/\",\"name\":\"AeroCool\",\"description\":\"Be Cool. Get AeroCool.\",\"publisher\":{\"@id\":\"https:\/\/aerocool.io\/#organization\"},\"potentialAction\":[{\"@type\":\"SearchAction\",\"target\":{\"@type\":\"EntryPoint\",\"urlTemplate\":\"https:\/\/aerocool.io\/?s={search_term_string}\"},\"query-input\":{\"@type\":\"PropertyValueSpecification\",\"valueRequired\":true,\"valueName\":\"search_term_string\"}}],\"inLanguage\":\"la-LA\"},{\"@type\":\"Organization\",\"@id\":\"https:\/\/aerocool.io\/#organization\",\"name\":\"Aerocool\",\"url\":\"https:\/\/aerocool.io\/\",\"logo\":{\"@type\":\"ImageObject\",\"inLanguage\":\"la-LA\",\"@id\":\"https:\/\/aerocool.io\/#\/schema\/logo\/image\/\",\"url\":\"https:\/\/aerocool.io\/wp-content\/uploads\/2018\/03\/AeroCool-Web-White-Logo.png\",\"contentUrl\":\"https:\/\/aerocool.io\/wp-content\/uploads\/2018\/03\/AeroCool-Web-White-Logo.png\",\"width\":500,\"height\":291,\"caption\":\"Aerocool\"},\"image\":{\"@id\":\"https:\/\/aerocool.io\/#\/schema\/logo\/image\/\"}}]}<\/script>\n<!-- \/ Yoast SEO plugin. -->","yoast_head_json":{"title":"KCAS 400W Full Range - AeroCool","robots":{"index":"index","follow":"follow","max-snippet":"max-snippet:-1","max-image-preview":"max-image-preview:large","max-video-preview":"max-video-preview:-1"},"canonical":"https:\/\/aerocool.io\/la\/wp-json\/wp\/v2\/product\/123942\/","og_locale":"en_US","og_type":"article","og_title":"KCAS 400W Full Range - AeroCool","og_description":"Fuente de alimentaci\u00f3n   APFC incorporado (Active Power Factor Collection; Colecci\u00f3n de Factor de Potencia Activa) con tasas &gt; 0,9  Hasta el 85% + de eficiencia con el certificado oficial 80PLUS Bronce  Todos los cables de DC mallados para optimizar el flujo de aire y la gesti\u00f3n  Ventilador silencioso de 12 cm negro con el circuito de control inteligente de velocidad del ventilador t\u00e9rmico  Carril de 12V simple para alta compatibilidad y salida extrema de corriente   Las especificaciones est\u00e1n sujetas a cambios sin previo aviso. Los productos y modelos pueden variar seg\u00fan la regi\u00f3n. P\u00f3ngase en contacto con su distribuidor local para obtener m\u00e1s informaci\u00f3n.","og_url":"https:\/\/aerocool.io\/la\/wp-json\/wp\/v2\/product\/123942\/","og_site_name":"AeroCool","article_modified_time":"2021-09-10T04:23:02+00:00","og_image":[{"width":723,"height":700,"url":"https:\/\/aerocool.io\/wp-content\/uploads\/2019\/06\/kcas-400f-gallery-1-1.png","type":"image\/png"}],"twitter_card":"summary_large_image","twitter_misc":{"Est. reading time":"1 minute"},"schema":{"@context":"https:\/\/schema.org","@graph":[{"@type":"WebPage","@id":"https:\/\/aerocool.io\/la\/wp-json\/wp\/v2\/product\/123942\/","url":"https:\/\/aerocool.io\/la\/wp-json\/wp\/v2\/product\/123942\/","name":"KCAS 400W Full Range - AeroCool","isPartOf":{"@id":"https:\/\/aerocool.io\/#website"},"primaryImageOfPage":{"@id":"https:\/\/aerocool.io\/la\/product\/kcas-400w-full-range\/#primaryimage"},"image":{"@id":"https:\/\/aerocool.io\/la\/product\/kcas-400w-full-range\/#primaryimage"},"thumbnailUrl":"https:\/\/aerocool.io\/wp-content\/uploads\/2019\/06\/kcas-400f-gallery-1-1.png","datePublished":"2019-06-25T04:01:21+00:00","dateModified":"2021-09-10T04:23:02+00:00","breadcrumb":{"@id":"https:\/\/aerocool.io\/la\/product\/kcas-400w-full-range\/#breadcrumb"},"inLanguage":"la-LA","potentialAction":[{"@type":"ReadAction","target":["https:\/\/aerocool.io\/la\/product\/kcas-400w-full-range\/"]}]},{"@type":"ImageObject","inLanguage":"la-LA","@id":"https:\/\/aerocool.io\/la\/product\/kcas-400w-full-range\/#primaryimage","url":"https:\/\/aerocool.io\/wp-content\/uploads\/2019\/06\/kcas-400f-gallery-1-1.png","contentUrl":"https:\/\/aerocool.io\/wp-content\/uploads\/2019\/06\/kcas-400f-gallery-1-1.png","width":723,"height":700},{"@type":"BreadcrumbList","@id":"https:\/\/aerocool.io\/la\/product\/kcas-400w-full-range\/#breadcrumb","itemListElement":[{"@type":"ListItem","position":1,"name":"Home","item":"https:\/\/aerocool.io\/la\/"},{"@type":"ListItem","position":2,"name":"Shop","item":"https:\/\/aerocool.io\/shop\/"},{"@type":"ListItem","position":3,"name":"KCAS 400W Full Range"}]},{"@type":"WebSite","@id":"https:\/\/aerocool.io\/#website","url":"https:\/\/aerocool.io\/","name":"AeroCool","description":"Be Cool. Get AeroCool.","publisher":{"@id":"https:\/\/aerocool.io\/#organization"},"potentialAction":[{"@type":"SearchAction","target":{"@type":"EntryPoint","urlTemplate":"https:\/\/aerocool.io\/?s={search_term_string}"},"query-input":{"@type":"PropertyValueSpecification","valueRequired":true,"valueName":"search_term_string"}}],"inLanguage":"la-LA"},{"@type":"Organization","@id":"https:\/\/aerocool.io\/#organization","name":"Aerocool","url":"https:\/\/aerocool.io\/","logo":{"@type":"ImageObject","inLanguage":"la-LA","@id":"https:\/\/aerocool.io\/#\/schema\/logo\/image\/","url":"https:\/\/aerocool.io\/wp-content\/uploads\/2018\/03\/AeroCool-Web-White-Logo.png","contentUrl":"https:\/\/aerocool.io\/wp-content\/uploads\/2018\/03\/AeroCool-Web-White-Logo.png","width":500,"height":291,"caption":"Aerocool"},"image":{"@id":"https:\/\/aerocool.io\/#\/schema\/logo\/image\/"}}]}},"_links":{"self":[{"href":"https:\/\/aerocool.io\/la\/wp-json\/wp\/v2\/product\/123942"}],"collection":[{"href":"https:\/\/aerocool.io\/la\/wp-json\/wp\/v2\/product"}],"about":[{"href":"https:\/\/aerocool.io\/la\/wp-json\/wp\/v2\/types\/product"}],"version-history":[{"count":0,"href":"https:\/\/aerocool.io\/la\/wp-json\/wp\/v2\/product\/123942\/revisions"}],"wp:featuredmedia":[{"embeddable":true,"href":"https:\/\/aerocool.io\/la\/wp-json\/wp\/v2\/media\/124847"}],"wp:attachment":[{"href":"https:\/\/aerocool.io\/la\/wp-json\/wp\/v2\/media?parent=123942"}],"wp:term":[{"taxonomy":"product_brand","embeddable":true,"href":"https:\/\/aerocool.io\/la\/wp-json\/wp\/v2\/product_brand?post=123942"},{"taxonomy":"product_cat","embeddable":true,"href":"https:\/\/aerocool.io\/la\/wp-json\/wp\/v2\/product_cat?post=123942"},{"taxonomy":"product_tag","embeddable":true,"href":"https:\/\/aerocool.io\/la\/wp-json\/wp\/v2\/product_tag?post=123942"}],"curies":[{"name":"wp","href":"https:\/\/api.w.org\/{rel}","templated":true}]}}