{"id":123979,"date":"2018-11-19T08:42:08","date_gmt":"2018-11-19T08:42:08","guid":{"rendered":"https:\/\/aerocool.io\/product\/vx-plus-600\/"},"modified":"2024-02-07T10:51:07","modified_gmt":"2024-02-07T02:51:07","slug":"vx-plus-600","status":"publish","type":"product","link":"https:\/\/aerocool.io\/la\/product\/vx-plus-600\/","title":{"rendered":"VX PLUS 600"},"content":{"rendered":"","protected":false},"excerpt":{"rendered":"<h3>Fuente de alimentaci\u00f3n<\/h3>\n<p>La VX Plus de Aerocool est\u00e1 dise\u00f1ada para ofrecer las mejores prestaciones posibles de forma totalmente accesible, con una instalaci\u00f3n sencilla y un precio competitivo.<\/p>\n<ul>\n<li>La fuente de alimentaci\u00f3n mejor valorada por los constructores de sistemas de nivel de entrada.<\/li>\n<li>Compatible con ATX 12 V 2.3.<\/li>\n<li>El transformador actualizado mejora el equilibrio entre las regulaciones de voltaje de 12 V, 3,3 V y 5 V y mejora la estabilidad, permitiendo un soporte de un pesado sistema de carga de 12 V.<\/li>\n<li>El potente ra\u00edl simple de +12 V ofrece salida de CC m\u00e1s compatible para admitir tarjetas gr\u00e1ficas y CPU de alta gama.<\/li>\n<li>Ventilador silencioso de 12 cm con control de velocidad de ventilador inteligente optimizado.<\/li>\n<li>Incluye protecci\u00f3n el\u00e9ctrica OPP\/OVP\/UVP\/SCP\/SIP.<\/li>\n<\/ul>\n<p><em>Las especificaciones est\u00e1n sujetas a cambios sin previo aviso.<\/em><br \/>\n<em>Los productos y modelos pueden variar seg\u00fan la regi\u00f3n.<\/em><br \/>\n<em>P\u00f3ngase en contacto con su distribuidor local para obtener m\u00e1s informaci\u00f3n.<\/em><\/p>\n","protected":false},"featured_media":96043,"template":"","meta":{"_acf_changed":false,"footnotes":""},"product_brand":[],"product_cat":[1672,1686,1669,1702,1675,1659,1694,1678,1663,1682,1691,1902],"product_tag":[],"class_list":{"0":"post-123979","1":"product","2":"type-product","3":"status-publish","4":"has-post-thumbnail","6":"product_cat-1-la","7":"product_cat-1-2-la","8":"product_cat-12cm-la","9":"product_cat-600-700w-la","10":"product_cat-atx12v-la","11":"product_cat-power-supply-la","12":"product_cat-gaming-la","13":"product_cat-psu-lighting-none-la","14":"product_cat-psu80-none-la","15":"product_cat-none-modular-la","16":"product_cat-none-pfc-la","17":"product_cat-vx-la","19":"first","20":"instock","21":"shipping-taxable","22":"product-type-simple"},"acf":[],"yoast_head":"<!-- This site is optimized with the Yoast SEO plugin v25.6 - https:\/\/yoast.com\/wordpress\/plugins\/seo\/ -->\n<title>VX PLUS 600 - AeroCool<\/title>\n<meta name=\"robots\" content=\"index, follow, max-snippet:-1, max-image-preview:large, max-video-preview:-1\" \/>\n<link rel=\"canonical\" href=\"https:\/\/aerocool.io\/la\/wp-json\/wp\/v2\/product\/123979\/\" \/>\n<meta property=\"og:locale\" content=\"en_US\" \/>\n<meta property=\"og:type\" content=\"article\" \/>\n<meta property=\"og:title\" content=\"VX PLUS 600 - AeroCool\" \/>\n<meta property=\"og:description\" content=\"Fuente de alimentaci\u00f3n La VX Plus de Aerocool est\u00e1 dise\u00f1ada para ofrecer las mejores prestaciones posibles de forma totalmente accesible, con una instalaci\u00f3n sencilla y un precio competitivo.   La fuente de alimentaci\u00f3n mejor valorada por los constructores de sistemas de nivel de entrada.  Compatible con ATX 12 V 2.3.  El transformador actualizado mejora el equilibrio entre las regulaciones de voltaje de 12 V, 3,3 V y 5 V y mejora la estabilidad, permitiendo un soporte de un pesado sistema de carga de 12 V.  El potente ra\u00edl simple de +12 V ofrece salida de CC m\u00e1s compatible para admitir tarjetas gr\u00e1ficas y CPU de alta gama.  Ventilador silencioso de 12 cm con control de velocidad de ventilador inteligente optimizado.  Incluye protecci\u00f3n el\u00e9ctrica OPP\/OVP\/UVP\/SCP\/SIP.  Las especificaciones est\u00e1n sujetas a cambios sin previo aviso. Los productos y modelos pueden variar seg\u00fan la regi\u00f3n. P\u00f3ngase en contacto con su distribuidor local para obtener m\u00e1s informaci\u00f3n.\" \/>\n<meta property=\"og:url\" content=\"https:\/\/aerocool.io\/la\/wp-json\/wp\/v2\/product\/123979\/\" \/>\n<meta property=\"og:site_name\" content=\"AeroCool\" \/>\n<meta property=\"article:modified_time\" content=\"2024-02-07T02:51:07+00:00\" \/>\n<meta property=\"og:image\" content=\"https:\/\/aerocool.io\/wp-content\/uploads\/2018\/11\/VX-Plus-600W-Infographics-Product-Images-700x700px.jpg\" \/>\n\t<meta property=\"og:image:width\" content=\"700\" \/>\n\t<meta property=\"og:image:height\" content=\"700\" \/>\n\t<meta property=\"og:image:type\" content=\"image\/jpeg\" \/>\n<meta name=\"twitter:card\" content=\"summary_large_image\" \/>\n<meta name=\"twitter:label1\" content=\"Est. reading time\" \/>\n\t<meta name=\"twitter:data1\" content=\"1 minute\" \/>\n<script type=\"application\/ld+json\" class=\"yoast-schema-graph\">{\"@context\":\"https:\/\/schema.org\",\"@graph\":[{\"@type\":\"WebPage\",\"@id\":\"https:\/\/aerocool.io\/la\/wp-json\/wp\/v2\/product\/123979\/\",\"url\":\"https:\/\/aerocool.io\/la\/wp-json\/wp\/v2\/product\/123979\/\",\"name\":\"VX PLUS 600 - AeroCool\",\"isPartOf\":{\"@id\":\"https:\/\/aerocool.io\/#website\"},\"primaryImageOfPage\":{\"@id\":\"https:\/\/aerocool.io\/la\/product\/vx-plus-600\/#primaryimage\"},\"image\":{\"@id\":\"https:\/\/aerocool.io\/la\/product\/vx-plus-600\/#primaryimage\"},\"thumbnailUrl\":\"https:\/\/aerocool.io\/wp-content\/uploads\/2018\/11\/VX-Plus-600W-Infographics-Product-Images-700x700px.jpg\",\"datePublished\":\"2018-11-19T08:42:08+00:00\",\"dateModified\":\"2024-02-07T02:51:07+00:00\",\"breadcrumb\":{\"@id\":\"https:\/\/aerocool.io\/la\/product\/vx-plus-600\/#breadcrumb\"},\"inLanguage\":\"la-LA\",\"potentialAction\":[{\"@type\":\"ReadAction\",\"target\":[\"https:\/\/aerocool.io\/la\/product\/vx-plus-600\/\"]}]},{\"@type\":\"ImageObject\",\"inLanguage\":\"la-LA\",\"@id\":\"https:\/\/aerocool.io\/la\/product\/vx-plus-600\/#primaryimage\",\"url\":\"https:\/\/aerocool.io\/wp-content\/uploads\/2018\/11\/VX-Plus-600W-Infographics-Product-Images-700x700px.jpg\",\"contentUrl\":\"https:\/\/aerocool.io\/wp-content\/uploads\/2018\/11\/VX-Plus-600W-Infographics-Product-Images-700x700px.jpg\",\"width\":700,\"height\":700},{\"@type\":\"BreadcrumbList\",\"@id\":\"https:\/\/aerocool.io\/la\/product\/vx-plus-600\/#breadcrumb\",\"itemListElement\":[{\"@type\":\"ListItem\",\"position\":1,\"name\":\"Home\",\"item\":\"https:\/\/aerocool.io\/la\/\"},{\"@type\":\"ListItem\",\"position\":2,\"name\":\"Shop\",\"item\":\"https:\/\/aerocool.io\/shop\/\"},{\"@type\":\"ListItem\",\"position\":3,\"name\":\"VX PLUS 600\"}]},{\"@type\":\"WebSite\",\"@id\":\"https:\/\/aerocool.io\/#website\",\"url\":\"https:\/\/aerocool.io\/\",\"name\":\"AeroCool\",\"description\":\"Be Cool. Get AeroCool.\",\"publisher\":{\"@id\":\"https:\/\/aerocool.io\/#organization\"},\"potentialAction\":[{\"@type\":\"SearchAction\",\"target\":{\"@type\":\"EntryPoint\",\"urlTemplate\":\"https:\/\/aerocool.io\/?s={search_term_string}\"},\"query-input\":{\"@type\":\"PropertyValueSpecification\",\"valueRequired\":true,\"valueName\":\"search_term_string\"}}],\"inLanguage\":\"la-LA\"},{\"@type\":\"Organization\",\"@id\":\"https:\/\/aerocool.io\/#organization\",\"name\":\"Aerocool\",\"url\":\"https:\/\/aerocool.io\/\",\"logo\":{\"@type\":\"ImageObject\",\"inLanguage\":\"la-LA\",\"@id\":\"https:\/\/aerocool.io\/#\/schema\/logo\/image\/\",\"url\":\"https:\/\/aerocool.io\/wp-content\/uploads\/2018\/03\/AeroCool-Web-White-Logo.png\",\"contentUrl\":\"https:\/\/aerocool.io\/wp-content\/uploads\/2018\/03\/AeroCool-Web-White-Logo.png\",\"width\":500,\"height\":291,\"caption\":\"Aerocool\"},\"image\":{\"@id\":\"https:\/\/aerocool.io\/#\/schema\/logo\/image\/\"}}]}<\/script>\n<!-- \/ Yoast SEO plugin. -->","yoast_head_json":{"title":"VX PLUS 600 - AeroCool","robots":{"index":"index","follow":"follow","max-snippet":"max-snippet:-1","max-image-preview":"max-image-preview:large","max-video-preview":"max-video-preview:-1"},"canonical":"https:\/\/aerocool.io\/la\/wp-json\/wp\/v2\/product\/123979\/","og_locale":"en_US","og_type":"article","og_title":"VX PLUS 600 - AeroCool","og_description":"Fuente de alimentaci\u00f3n La VX Plus de Aerocool est\u00e1 dise\u00f1ada para ofrecer las mejores prestaciones posibles de forma totalmente accesible, con una instalaci\u00f3n sencilla y un precio competitivo.   La fuente de alimentaci\u00f3n mejor valorada por los constructores de sistemas de nivel de entrada.  Compatible con ATX 12 V 2.3.  El transformador actualizado mejora el equilibrio entre las regulaciones de voltaje de 12 V, 3,3 V y 5 V y mejora la estabilidad, permitiendo un soporte de un pesado sistema de carga de 12 V.  El potente ra\u00edl simple de +12 V ofrece salida de CC m\u00e1s compatible para admitir tarjetas gr\u00e1ficas y CPU de alta gama.  Ventilador silencioso de 12 cm con control de velocidad de ventilador inteligente optimizado.  Incluye protecci\u00f3n el\u00e9ctrica OPP\/OVP\/UVP\/SCP\/SIP.  Las especificaciones est\u00e1n sujetas a cambios sin previo aviso. Los productos y modelos pueden variar seg\u00fan la regi\u00f3n. P\u00f3ngase en contacto con su distribuidor local para obtener m\u00e1s informaci\u00f3n.","og_url":"https:\/\/aerocool.io\/la\/wp-json\/wp\/v2\/product\/123979\/","og_site_name":"AeroCool","article_modified_time":"2024-02-07T02:51:07+00:00","og_image":[{"width":700,"height":700,"url":"https:\/\/aerocool.io\/wp-content\/uploads\/2018\/11\/VX-Plus-600W-Infographics-Product-Images-700x700px.jpg","type":"image\/jpeg"}],"twitter_card":"summary_large_image","twitter_misc":{"Est. reading time":"1 minute"},"schema":{"@context":"https:\/\/schema.org","@graph":[{"@type":"WebPage","@id":"https:\/\/aerocool.io\/la\/wp-json\/wp\/v2\/product\/123979\/","url":"https:\/\/aerocool.io\/la\/wp-json\/wp\/v2\/product\/123979\/","name":"VX PLUS 600 - AeroCool","isPartOf":{"@id":"https:\/\/aerocool.io\/#website"},"primaryImageOfPage":{"@id":"https:\/\/aerocool.io\/la\/product\/vx-plus-600\/#primaryimage"},"image":{"@id":"https:\/\/aerocool.io\/la\/product\/vx-plus-600\/#primaryimage"},"thumbnailUrl":"https:\/\/aerocool.io\/wp-content\/uploads\/2018\/11\/VX-Plus-600W-Infographics-Product-Images-700x700px.jpg","datePublished":"2018-11-19T08:42:08+00:00","dateModified":"2024-02-07T02:51:07+00:00","breadcrumb":{"@id":"https:\/\/aerocool.io\/la\/product\/vx-plus-600\/#breadcrumb"},"inLanguage":"la-LA","potentialAction":[{"@type":"ReadAction","target":["https:\/\/aerocool.io\/la\/product\/vx-plus-600\/"]}]},{"@type":"ImageObject","inLanguage":"la-LA","@id":"https:\/\/aerocool.io\/la\/product\/vx-plus-600\/#primaryimage","url":"https:\/\/aerocool.io\/wp-content\/uploads\/2018\/11\/VX-Plus-600W-Infographics-Product-Images-700x700px.jpg","contentUrl":"https:\/\/aerocool.io\/wp-content\/uploads\/2018\/11\/VX-Plus-600W-Infographics-Product-Images-700x700px.jpg","width":700,"height":700},{"@type":"BreadcrumbList","@id":"https:\/\/aerocool.io\/la\/product\/vx-plus-600\/#breadcrumb","itemListElement":[{"@type":"ListItem","position":1,"name":"Home","item":"https:\/\/aerocool.io\/la\/"},{"@type":"ListItem","position":2,"name":"Shop","item":"https:\/\/aerocool.io\/shop\/"},{"@type":"ListItem","position":3,"name":"VX PLUS 600"}]},{"@type":"WebSite","@id":"https:\/\/aerocool.io\/#website","url":"https:\/\/aerocool.io\/","name":"AeroCool","description":"Be Cool. Get AeroCool.","publisher":{"@id":"https:\/\/aerocool.io\/#organization"},"potentialAction":[{"@type":"SearchAction","target":{"@type":"EntryPoint","urlTemplate":"https:\/\/aerocool.io\/?s={search_term_string}"},"query-input":{"@type":"PropertyValueSpecification","valueRequired":true,"valueName":"search_term_string"}}],"inLanguage":"la-LA"},{"@type":"Organization","@id":"https:\/\/aerocool.io\/#organization","name":"Aerocool","url":"https:\/\/aerocool.io\/","logo":{"@type":"ImageObject","inLanguage":"la-LA","@id":"https:\/\/aerocool.io\/#\/schema\/logo\/image\/","url":"https:\/\/aerocool.io\/wp-content\/uploads\/2018\/03\/AeroCool-Web-White-Logo.png","contentUrl":"https:\/\/aerocool.io\/wp-content\/uploads\/2018\/03\/AeroCool-Web-White-Logo.png","width":500,"height":291,"caption":"Aerocool"},"image":{"@id":"https:\/\/aerocool.io\/#\/schema\/logo\/image\/"}}]}},"_links":{"self":[{"href":"https:\/\/aerocool.io\/la\/wp-json\/wp\/v2\/product\/123979"}],"collection":[{"href":"https:\/\/aerocool.io\/la\/wp-json\/wp\/v2\/product"}],"about":[{"href":"https:\/\/aerocool.io\/la\/wp-json\/wp\/v2\/types\/product"}],"version-history":[{"count":0,"href":"https:\/\/aerocool.io\/la\/wp-json\/wp\/v2\/product\/123979\/revisions"}],"wp:featuredmedia":[{"embeddable":true,"href":"https:\/\/aerocool.io\/la\/wp-json\/wp\/v2\/media\/96043"}],"wp:attachment":[{"href":"https:\/\/aerocool.io\/la\/wp-json\/wp\/v2\/media?parent=123979"}],"wp:term":[{"taxonomy":"product_brand","embeddable":true,"href":"https:\/\/aerocool.io\/la\/wp-json\/wp\/v2\/product_brand?post=123979"},{"taxonomy":"product_cat","embeddable":true,"href":"https:\/\/aerocool.io\/la\/wp-json\/wp\/v2\/product_cat?post=123979"},{"taxonomy":"product_tag","embeddable":true,"href":"https:\/\/aerocool.io\/la\/wp-json\/wp\/v2\/product_tag?post=123979"}],"curies":[{"name":"wp","href":"https:\/\/api.w.org\/{rel}","templated":true}]}}