{"id":135340,"date":"2019-11-14T06:43:37","date_gmt":"2019-11-13T22:43:37","guid":{"rendered":"https:\/\/aerocool.io\/product\/aero-one-mini-eclipse\/"},"modified":"2020-11-17T11:54:28","modified_gmt":"2020-11-17T03:54:28","slug":"aero-one-mini-eclipse","status":"publish","type":"product","link":"https:\/\/aerocool.io\/la\/product\/aero-one-mini-eclipse\/","title":{"rendered":"Aero One Mini Eclipse"},"content":{"rendered":"","protected":false},"excerpt":{"rendered":"<h3><span style=\"font-weight: 400;\">Caja Mini Torre ARGB<\/span><\/h3>\n<p><span style=\"font-weight: 400;\">Caja mini torre de alto rendimiento con panel lateral de vidrio templado completo para mostrar el interior de su plataforma. El panel frontal de malla permite ver claramente sus ventiladores LED frontales al mismo tiempo que proporciona flujo y circulaci\u00f3n de aire superiores.<\/span><\/p>\n<p><span style=\"font-weight: 400;\">Viene equipado con 3 ventiladores Addressable RGB de 12cm en la parte frontal y 1 ventilador Addressable RGB en la parte trasera de la caja. Configura la iluminaci\u00f3n de los ventiladores RGB Direccionable de 2 formas distintas: Bot\u00f3n de control LED o utilizando tu placa base Addressable RGB. El hub de control RGB de 6 puertos te permite conectar tus ventiladores o accesorios ARGB.<\/span><\/p>\n<ul>\n<li>Viene equipado con tres ventiladores ARGB de 12 cm en la parte delantera y un ventilador ARGB de 12 cm en la parte trasera de la carcasa<\/li>\n<li>Los ventiladores RGB direccionables se pueden controlar mediante el bot\u00f3n de control LED o la placa base ARGB<\/li>\n<li>Incluye un 6-port hub para conectar tus ventiladores<\/li>\n<li>El dise\u00f1o del panel frontal de malla permite un flujo de aire y una ventilaci\u00f3n superiores<\/li>\n<li>Panel lateral de vidrio templado completo para mostrar todo lo que tu equipo tiene por ofrecer<\/li>\n<li>Admite refrigeraci\u00f3n l\u00edquida en la parte delantera, superior y trasera de la carcasa<\/li>\n<li>Dise\u00f1o de doble c\u00e1mara para una ventilaci\u00f3n mejorada<\/li>\n<\/ul>\n<p><em>Las especificaciones est\u00e1n sujetas a cambios sin previo aviso.<br \/>\nLos productos y modelos pueden variar seg\u00fan la regi\u00f3n.<br \/>\nP\u00f3ngase en contacto con su distribuidor local para obtener m\u00e1s informaci\u00f3n.<\/em><br \/>\n[us_btn label=\"Where to Buy\" link=\"url:https%3A%2F%2Faerocool.io%2Fwhere-to-buy%2F|title:Where%20to%20Buy|target:%20_blank|\" text=\"Download\"]<\/p>\n","protected":false},"featured_media":106460,"template":"","meta":{"_acf_changed":false,"footnotes":""},"product_brand":[],"product_cat":[1549,1530,1551,1524,1520,1558,1559,1542,1547,1565],"product_tag":[],"class_list":{"0":"post-135340","1":"product","2":"type-product","3":"status-publish","4":"has-post-thumbnail","6":"product_cat-120mm-la","7":"product_cat-2-3-5-drive-bays-la","8":"product_cat-240mm-la","9":"product_cat-3-2-5-drive-bays-la","10":"product_cat-cases-la","11":"product_cat-micro-atx-la","12":"product_cat-mini-itx-la","13":"product_cat-mini-tower-la","14":"product_cat-cases-led-rgb-la","15":"product_cat-full-tempered-glass-la","17":"first","18":"instock","19":"shipping-taxable","20":"product-type-simple"},"acf":[],"yoast_head":"<!-- This site is optimized with the Yoast SEO plugin v25.6 - https:\/\/yoast.com\/wordpress\/plugins\/seo\/ -->\n<title>Aero One Mini Eclipse - AeroCool<\/title>\n<meta name=\"robots\" content=\"index, follow, max-snippet:-1, max-image-preview:large, max-video-preview:-1\" \/>\n<link rel=\"canonical\" href=\"https:\/\/aerocool.io\/la\/wp-json\/wp\/v2\/product\/135340\/\" \/>\n<meta property=\"og:locale\" content=\"en_US\" \/>\n<meta property=\"og:type\" content=\"article\" \/>\n<meta property=\"og:title\" content=\"Aero One Mini Eclipse - AeroCool\" \/>\n<meta property=\"og:description\" content=\"Caja Mini Torre ARGB Caja mini torre de alto rendimiento con panel lateral de vidrio templado completo para mostrar el interior de su plataforma. El panel frontal de malla permite ver claramente sus ventiladores LED frontales al mismo tiempo que proporciona flujo y circulaci\u00f3n de aire superiores.  Viene equipado con 3 ventiladores Addressable RGB de 12cm en la parte frontal y 1 ventilador Addressable RGB en la parte trasera de la caja. Configura la iluminaci\u00f3n de los ventiladores RGB Direccionable de 2 formas distintas: Bot\u00f3n de control LED o utilizando tu placa base Addressable RGB. El hub de control RGB de 6 puertos te permite conectar tus ventiladores o accesorios ARGB.   Viene equipado con tres ventiladores ARGB de 12 cm en la parte delantera y un ventilador ARGB de 12 cm en la parte trasera de la carcasa  Los ventiladores RGB direccionables se pueden controlar mediante el bot\u00f3n de control LED o la placa base ARGB  Incluye un 6-port hub para conectar tus ventiladores  El dise\u00f1o del panel frontal de malla permite un flujo de aire y una ventilaci\u00f3n superiores  Panel lateral de vidrio templado completo para mostrar todo lo que tu equipo tiene por ofrecer  Admite refrigeraci\u00f3n l\u00edquida en la parte delantera, superior y trasera de la carcasa  Dise\u00f1o de doble c\u00e1mara para una ventilaci\u00f3n mejorada  Las especificaciones est\u00e1n sujetas a cambios sin previo aviso. Los productos y modelos pueden variar seg\u00fan la regi\u00f3n. P\u00f3ngase en contacto con su distribuidor local para obtener m\u00e1s informaci\u00f3n.\" \/>\n<meta property=\"og:url\" content=\"https:\/\/aerocool.io\/la\/wp-json\/wp\/v2\/product\/135340\/\" \/>\n<meta property=\"og:site_name\" content=\"AeroCool\" \/>\n<meta property=\"article:modified_time\" content=\"2020-11-17T03:54:28+00:00\" \/>\n<meta property=\"og:image\" content=\"https:\/\/aerocool.io\/wp-content\/uploads\/2019\/11\/Aero-One-Mini-Eclipes-Infographic700x700px-01.jpg\" \/>\n\t<meta property=\"og:image:width\" content=\"700\" \/>\n\t<meta property=\"og:image:height\" content=\"700\" \/>\n\t<meta property=\"og:image:type\" content=\"image\/jpeg\" \/>\n<meta name=\"twitter:card\" content=\"summary_large_image\" \/>\n<script type=\"application\/ld+json\" class=\"yoast-schema-graph\">{\"@context\":\"https:\/\/schema.org\",\"@graph\":[{\"@type\":\"WebPage\",\"@id\":\"https:\/\/aerocool.io\/la\/wp-json\/wp\/v2\/product\/135340\/\",\"url\":\"https:\/\/aerocool.io\/la\/wp-json\/wp\/v2\/product\/135340\/\",\"name\":\"Aero One Mini Eclipse - AeroCool\",\"isPartOf\":{\"@id\":\"https:\/\/aerocool.io\/#website\"},\"primaryImageOfPage\":{\"@id\":\"https:\/\/aerocool.io\/la\/product\/aero-one-mini-eclipse\/#primaryimage\"},\"image\":{\"@id\":\"https:\/\/aerocool.io\/la\/product\/aero-one-mini-eclipse\/#primaryimage\"},\"thumbnailUrl\":\"https:\/\/aerocool.io\/wp-content\/uploads\/2019\/11\/Aero-One-Mini-Eclipes-Infographic700x700px-01.jpg\",\"datePublished\":\"2019-11-13T22:43:37+00:00\",\"dateModified\":\"2020-11-17T03:54:28+00:00\",\"breadcrumb\":{\"@id\":\"https:\/\/aerocool.io\/la\/product\/aero-one-mini-eclipse\/#breadcrumb\"},\"inLanguage\":\"la-LA\",\"potentialAction\":[{\"@type\":\"ReadAction\",\"target\":[\"https:\/\/aerocool.io\/la\/product\/aero-one-mini-eclipse\/\"]}]},{\"@type\":\"ImageObject\",\"inLanguage\":\"la-LA\",\"@id\":\"https:\/\/aerocool.io\/la\/product\/aero-one-mini-eclipse\/#primaryimage\",\"url\":\"https:\/\/aerocool.io\/wp-content\/uploads\/2019\/11\/Aero-One-Mini-Eclipes-Infographic700x700px-01.jpg\",\"contentUrl\":\"https:\/\/aerocool.io\/wp-content\/uploads\/2019\/11\/Aero-One-Mini-Eclipes-Infographic700x700px-01.jpg\",\"width\":700,\"height\":700},{\"@type\":\"BreadcrumbList\",\"@id\":\"https:\/\/aerocool.io\/la\/product\/aero-one-mini-eclipse\/#breadcrumb\",\"itemListElement\":[{\"@type\":\"ListItem\",\"position\":1,\"name\":\"Home\",\"item\":\"https:\/\/aerocool.io\/la\/\"},{\"@type\":\"ListItem\",\"position\":2,\"name\":\"Shop\",\"item\":\"https:\/\/aerocool.io\/shop\/\"},{\"@type\":\"ListItem\",\"position\":3,\"name\":\"Aero One Mini Eclipse\"}]},{\"@type\":\"WebSite\",\"@id\":\"https:\/\/aerocool.io\/#website\",\"url\":\"https:\/\/aerocool.io\/\",\"name\":\"AeroCool\",\"description\":\"Be Cool. Get AeroCool.\",\"publisher\":{\"@id\":\"https:\/\/aerocool.io\/#organization\"},\"potentialAction\":[{\"@type\":\"SearchAction\",\"target\":{\"@type\":\"EntryPoint\",\"urlTemplate\":\"https:\/\/aerocool.io\/?s={search_term_string}\"},\"query-input\":{\"@type\":\"PropertyValueSpecification\",\"valueRequired\":true,\"valueName\":\"search_term_string\"}}],\"inLanguage\":\"la-LA\"},{\"@type\":\"Organization\",\"@id\":\"https:\/\/aerocool.io\/#organization\",\"name\":\"Aerocool\",\"url\":\"https:\/\/aerocool.io\/\",\"logo\":{\"@type\":\"ImageObject\",\"inLanguage\":\"la-LA\",\"@id\":\"https:\/\/aerocool.io\/#\/schema\/logo\/image\/\",\"url\":\"https:\/\/aerocool.io\/wp-content\/uploads\/2018\/03\/AeroCool-Web-White-Logo.png\",\"contentUrl\":\"https:\/\/aerocool.io\/wp-content\/uploads\/2018\/03\/AeroCool-Web-White-Logo.png\",\"width\":500,\"height\":291,\"caption\":\"Aerocool\"},\"image\":{\"@id\":\"https:\/\/aerocool.io\/#\/schema\/logo\/image\/\"}}]}<\/script>\n<!-- \/ Yoast SEO plugin. -->","yoast_head_json":{"title":"Aero One Mini Eclipse - AeroCool","robots":{"index":"index","follow":"follow","max-snippet":"max-snippet:-1","max-image-preview":"max-image-preview:large","max-video-preview":"max-video-preview:-1"},"canonical":"https:\/\/aerocool.io\/la\/wp-json\/wp\/v2\/product\/135340\/","og_locale":"en_US","og_type":"article","og_title":"Aero One Mini Eclipse - AeroCool","og_description":"Caja Mini Torre ARGB Caja mini torre de alto rendimiento con panel lateral de vidrio templado completo para mostrar el interior de su plataforma. El panel frontal de malla permite ver claramente sus ventiladores LED frontales al mismo tiempo que proporciona flujo y circulaci\u00f3n de aire superiores.  Viene equipado con 3 ventiladores Addressable RGB de 12cm en la parte frontal y 1 ventilador Addressable RGB en la parte trasera de la caja. Configura la iluminaci\u00f3n de los ventiladores RGB Direccionable de 2 formas distintas: Bot\u00f3n de control LED o utilizando tu placa base Addressable RGB. El hub de control RGB de 6 puertos te permite conectar tus ventiladores o accesorios ARGB.   Viene equipado con tres ventiladores ARGB de 12 cm en la parte delantera y un ventilador ARGB de 12 cm en la parte trasera de la carcasa  Los ventiladores RGB direccionables se pueden controlar mediante el bot\u00f3n de control LED o la placa base ARGB  Incluye un 6-port hub para conectar tus ventiladores  El dise\u00f1o del panel frontal de malla permite un flujo de aire y una ventilaci\u00f3n superiores  Panel lateral de vidrio templado completo para mostrar todo lo que tu equipo tiene por ofrecer  Admite refrigeraci\u00f3n l\u00edquida en la parte delantera, superior y trasera de la carcasa  Dise\u00f1o de doble c\u00e1mara para una ventilaci\u00f3n mejorada  Las especificaciones est\u00e1n sujetas a cambios sin previo aviso. Los productos y modelos pueden variar seg\u00fan la regi\u00f3n. P\u00f3ngase en contacto con su distribuidor local para obtener m\u00e1s informaci\u00f3n.","og_url":"https:\/\/aerocool.io\/la\/wp-json\/wp\/v2\/product\/135340\/","og_site_name":"AeroCool","article_modified_time":"2020-11-17T03:54:28+00:00","og_image":[{"width":700,"height":700,"url":"https:\/\/aerocool.io\/wp-content\/uploads\/2019\/11\/Aero-One-Mini-Eclipes-Infographic700x700px-01.jpg","type":"image\/jpeg"}],"twitter_card":"summary_large_image","schema":{"@context":"https:\/\/schema.org","@graph":[{"@type":"WebPage","@id":"https:\/\/aerocool.io\/la\/wp-json\/wp\/v2\/product\/135340\/","url":"https:\/\/aerocool.io\/la\/wp-json\/wp\/v2\/product\/135340\/","name":"Aero One Mini Eclipse - AeroCool","isPartOf":{"@id":"https:\/\/aerocool.io\/#website"},"primaryImageOfPage":{"@id":"https:\/\/aerocool.io\/la\/product\/aero-one-mini-eclipse\/#primaryimage"},"image":{"@id":"https:\/\/aerocool.io\/la\/product\/aero-one-mini-eclipse\/#primaryimage"},"thumbnailUrl":"https:\/\/aerocool.io\/wp-content\/uploads\/2019\/11\/Aero-One-Mini-Eclipes-Infographic700x700px-01.jpg","datePublished":"2019-11-13T22:43:37+00:00","dateModified":"2020-11-17T03:54:28+00:00","breadcrumb":{"@id":"https:\/\/aerocool.io\/la\/product\/aero-one-mini-eclipse\/#breadcrumb"},"inLanguage":"la-LA","potentialAction":[{"@type":"ReadAction","target":["https:\/\/aerocool.io\/la\/product\/aero-one-mini-eclipse\/"]}]},{"@type":"ImageObject","inLanguage":"la-LA","@id":"https:\/\/aerocool.io\/la\/product\/aero-one-mini-eclipse\/#primaryimage","url":"https:\/\/aerocool.io\/wp-content\/uploads\/2019\/11\/Aero-One-Mini-Eclipes-Infographic700x700px-01.jpg","contentUrl":"https:\/\/aerocool.io\/wp-content\/uploads\/2019\/11\/Aero-One-Mini-Eclipes-Infographic700x700px-01.jpg","width":700,"height":700},{"@type":"BreadcrumbList","@id":"https:\/\/aerocool.io\/la\/product\/aero-one-mini-eclipse\/#breadcrumb","itemListElement":[{"@type":"ListItem","position":1,"name":"Home","item":"https:\/\/aerocool.io\/la\/"},{"@type":"ListItem","position":2,"name":"Shop","item":"https:\/\/aerocool.io\/shop\/"},{"@type":"ListItem","position":3,"name":"Aero One Mini Eclipse"}]},{"@type":"WebSite","@id":"https:\/\/aerocool.io\/#website","url":"https:\/\/aerocool.io\/","name":"AeroCool","description":"Be Cool. Get AeroCool.","publisher":{"@id":"https:\/\/aerocool.io\/#organization"},"potentialAction":[{"@type":"SearchAction","target":{"@type":"EntryPoint","urlTemplate":"https:\/\/aerocool.io\/?s={search_term_string}"},"query-input":{"@type":"PropertyValueSpecification","valueRequired":true,"valueName":"search_term_string"}}],"inLanguage":"la-LA"},{"@type":"Organization","@id":"https:\/\/aerocool.io\/#organization","name":"Aerocool","url":"https:\/\/aerocool.io\/","logo":{"@type":"ImageObject","inLanguage":"la-LA","@id":"https:\/\/aerocool.io\/#\/schema\/logo\/image\/","url":"https:\/\/aerocool.io\/wp-content\/uploads\/2018\/03\/AeroCool-Web-White-Logo.png","contentUrl":"https:\/\/aerocool.io\/wp-content\/uploads\/2018\/03\/AeroCool-Web-White-Logo.png","width":500,"height":291,"caption":"Aerocool"},"image":{"@id":"https:\/\/aerocool.io\/#\/schema\/logo\/image\/"}}]}},"_links":{"self":[{"href":"https:\/\/aerocool.io\/la\/wp-json\/wp\/v2\/product\/135340"}],"collection":[{"href":"https:\/\/aerocool.io\/la\/wp-json\/wp\/v2\/product"}],"about":[{"href":"https:\/\/aerocool.io\/la\/wp-json\/wp\/v2\/types\/product"}],"version-history":[{"count":0,"href":"https:\/\/aerocool.io\/la\/wp-json\/wp\/v2\/product\/135340\/revisions"}],"wp:featuredmedia":[{"embeddable":true,"href":"https:\/\/aerocool.io\/la\/wp-json\/wp\/v2\/media\/106460"}],"wp:attachment":[{"href":"https:\/\/aerocool.io\/la\/wp-json\/wp\/v2\/media?parent=135340"}],"wp:term":[{"taxonomy":"product_brand","embeddable":true,"href":"https:\/\/aerocool.io\/la\/wp-json\/wp\/v2\/product_brand?post=135340"},{"taxonomy":"product_cat","embeddable":true,"href":"https:\/\/aerocool.io\/la\/wp-json\/wp\/v2\/product_cat?post=135340"},{"taxonomy":"product_tag","embeddable":true,"href":"https:\/\/aerocool.io\/la\/wp-json\/wp\/v2\/product_tag?post=135340"}],"curies":[{"name":"wp","href":"https:\/\/api.w.org\/{rel}","templated":true}]}}